{"id":946,"date":"2021-08-03T12:35:18","date_gmt":"2021-08-03T12:35:18","guid":{"rendered":"https:\/\/heationab.com\/?page_id=946"},"modified":"2025-10-07T10:16:44","modified_gmt":"2025-10-07T10:16:44","slug":"magnetite-in-heating-systems","status":"publish","type":"page","link":"https:\/\/heationab.com\/sv\/industrial-water-filters-application\/magnetite-in-heating-systems\/","title":{"rendered":"R\u00f6rreng\u00f6ring \u2013 magnetit i v\u00e4rmesystem"},"content":{"rendered":"<div class=\"wpb-content-wrapper\"><div class=\"vc_row wpb_row vc_row-fluid vc_row-o-content-middle vc_row-flex\"><div class=\"wpb_column vc_column_container vc_col-sm-12\"><div class=\"vc_column-inner\"><div class=\"wpb_wrapper\">\n\t<div class=\"wpb_text_column wpb_content_element\" >\n\t\t<div class=\"wpb_wrapper\">\n\t\t\t<h2 style=\"text-align: center;\">Partiklar och magnetit i v\u00e4rmesystem<\/h2>\n\n\t\t<\/div>\n\t<\/div>\n<\/div><\/div><\/div><\/div><div class=\"vc_row wpb_row vc_row-fluid vc_row-o-content-top vc_row-flex\"><div class=\"wpb_column vc_column_container vc_col-sm-8\"><div class=\"vc_column-inner\"><div class=\"wpb_wrapper\">\n\t<div class=\"wpb_text_column wpb_content_element\" >\n\t\t<div class=\"wpb_wrapper\">\n\t\t\t<p>Partiklar och rost \u00f6kar med tiden i v\u00e4rmesystemen. Detta h\u00e4nder eftersom luft kan l\u00e4cka in i systemet, vilket g\u00f6r att syre reagerar med r\u00f6ren och skapar rost som sedan blandas och reagerar med vattnet och skapar det som kallas v\u00e4rmeslam eller magnetit. Vanligtvis \u00e4r det mer sannolikt att det finns st\u00f6rre m\u00e4ngder slam och partiklar i systemet ju \u00e4ldre r\u00f6ren \u00e4r.<\/p>\n<p>Magnetit kan orsaka flera problem som:<\/p>\n<ul>\n<li>Skador p\u00e5 pumpar, ventiler och pannor<\/li>\n<li>Minskad v\u00e4rmeeffektivitet<\/li>\n<li>Blockering av r\u00f6r<\/li>\n<\/ul>\n<p>V\u00e5r <a href=\"https:\/\/heationab.com\/sv\/industrial-water-filters-in-stainless-steel\/bag-filter-housing\/\">P\u00e5sfilterhus<\/a> tar bort b\u00e5de magnetiska och icke-magnetiska f\u00f6roreningar fr\u00e5n r\u00f6rsystemet och v\u00e4rmeelementen, vilket \u00f6kar v\u00e4rme\u00f6verf\u00f6ringen och m\u00f6jligg\u00f6r en b\u00e4ttre funktion av de olika systemelementen.<\/p>\n<p>Denna l\u00f6sning kan appliceras oberoende av byggnadens v\u00e4rmek\u00e4lla och kan kombineras med andra underh\u00e5llstekniker.<\/p>\n\n\t\t<\/div>\n\t<\/div>\n<\/div><\/div><\/div><div class=\"wpb_column vc_column_container vc_col-sm-4\"><div class=\"vc_column-inner\"><div class=\"wpb_wrapper\">\n\t<div  class=\"wpb_single_image wpb_content_element vc_align_left wpb_content_element\">\n\t\t\n\t\t<figure class=\"wpb_wrapper vc_figure\">\n\t\t\t<a href=\"https:\/\/heationab.com\/sv\/industrial-water-filters-in-stainless-steel\/bag-filter-housing\/\" target=\"_blank\" class=\"vc_single_image-wrapper   vc_box_border_grey\"><img decoding=\"async\" width=\"768\" height=\"1024\" data-src=\"https:\/\/i0.wp.com\/heationab.com\/wp-content\/uploads\/Prime-skid-3_02-rotated.jpeg?fit=768%2C1024&amp;ssl=1\" class=\"vc_single_image-img attachment-large lazyload\" alt=\"Prime-phin System\" title=\"Prime-phin System\" data-srcset=\"https:\/\/i0.wp.com\/heationab.com\/wp-content\/uploads\/Prime-skid-3_02-rotated.jpeg?w=1500&amp;ssl=1 1500w, https:\/\/i0.wp.com\/heationab.com\/wp-content\/uploads\/Prime-skid-3_02-rotated.jpeg?resize=225%2C300&amp;ssl=1 225w, https:\/\/i0.wp.com\/heationab.com\/wp-content\/uploads\/Prime-skid-3_02-rotated.jpeg?resize=768%2C1024&amp;ssl=1 768w, https:\/\/i0.wp.com\/heationab.com\/wp-content\/uploads\/Prime-skid-3_02-rotated.jpeg?resize=113%2C150&amp;ssl=1 113w, https:\/\/i0.wp.com\/heationab.com\/wp-content\/uploads\/Prime-skid-3_02-rotated.jpeg?resize=1152%2C1536&amp;ssl=1 1152w, https:\/\/i0.wp.com\/heationab.com\/wp-content\/uploads\/Prime-skid-3_02-rotated.jpeg?resize=9%2C12&amp;ssl=1 9w\" data-sizes=\"(max-width: 768px) 100vw, 768px\" src=\"data:image\/svg+xml;base64,PHN2ZyB3aWR0aD0iMSIgaGVpZ2h0PSIxIiB4bWxucz0iaHR0cDovL3d3dy53My5vcmcvMjAwMC9zdmciPjwvc3ZnPg==\" style=\"--smush-placeholder-width: 768px; --smush-placeholder-aspect-ratio: 768\/1024;\" \/><\/a>\n\t\t<\/figure>\n\t<\/div>\n<\/div><\/div><\/div><\/div><div class=\"vc_row wpb_row vc_row-fluid\"><div class=\"wpb_column vc_column_container vc_col-sm-12\"><div class=\"vc_column-inner\"><div class=\"wpb_wrapper\">\n\t<div  class=\"wpb_single_image wpb_content_element vc_align_center wpb_content_element\">\n\t\t\n\t\t<figure class=\"wpb_wrapper vc_figure\">\n\t\t\t<div class=\"vc_single_image-wrapper   vc_box_border_grey\"><img decoding=\"async\" width=\"790\" height=\"593\" data-src=\"https:\/\/i0.wp.com\/heationab.com\/wp-content\/uploads\/Prime-skid-3_01.jpeg?fit=790%2C593&amp;ssl=1\" class=\"vc_single_image-img attachment-large lazyload\" alt=\"prime-phin\" title=\"prime-phin\" data-srcset=\"https:\/\/i0.wp.com\/heationab.com\/wp-content\/uploads\/Prime-skid-3_01.jpeg?w=2000&amp;ssl=1 2000w, https:\/\/i0.wp.com\/heationab.com\/wp-content\/uploads\/Prime-skid-3_01.jpeg?resize=300%2C225&amp;ssl=1 300w, https:\/\/i0.wp.com\/heationab.com\/wp-content\/uploads\/Prime-skid-3_01.jpeg?resize=1024%2C768&amp;ssl=1 1024w, https:\/\/i0.wp.com\/heationab.com\/wp-content\/uploads\/Prime-skid-3_01.jpeg?resize=150%2C113&amp;ssl=1 150w, https:\/\/i0.wp.com\/heationab.com\/wp-content\/uploads\/Prime-skid-3_01.jpeg?resize=768%2C576&amp;ssl=1 768w, https:\/\/i0.wp.com\/heationab.com\/wp-content\/uploads\/Prime-skid-3_01.jpeg?resize=1536%2C1152&amp;ssl=1 1536w, https:\/\/i0.wp.com\/heationab.com\/wp-content\/uploads\/Prime-skid-3_01.jpeg?resize=16%2C12&amp;ssl=1 16w\" data-sizes=\"(max-width: 790px) 100vw, 790px\" src=\"data:image\/svg+xml;base64,PHN2ZyB3aWR0aD0iMSIgaGVpZ2h0PSIxIiB4bWxucz0iaHR0cDovL3d3dy53My5vcmcvMjAwMC9zdmciPjwvc3ZnPg==\" style=\"--smush-placeholder-width: 790px; --smush-placeholder-aspect-ratio: 790\/593;\" \/><\/div>\n\t\t<\/figure>\n\t<\/div>\n<\/div><\/div><\/div><\/div>\n<\/div>","protected":false},"excerpt":{"rendered":"Particles and magnetite in heating systems Particles and rust increase over time in the heating systems. This happens because air can leak into the system, causing the oxygen to react with the pipes and create rust that then mixes and reacts with the water creating what is called heating sludge...","protected":false},"author":1,"featured_media":1546,"parent":1555,"menu_order":0,"comment_status":"closed","ping_status":"closed","template":"","meta":{"content-type":"","_monsterinsights_skip_tracking":false,"_monsterinsights_sitenote_active":false,"_monsterinsights_sitenote_note":"","_monsterinsights_sitenote_category":0,"footnotes":""},"categories":[10],"tags":[],"class_list":["post-946","page","type-page","status-publish","has-post-thumbnail","hentry","category-applications"],"yoast_head":"<!-- This site is optimized with the Yoast SEO plugin v27.3 - https:\/\/yoast.com\/product\/yoast-seo-wordpress\/ -->\n<title>Pipe cleaning - magnetite in heating systems - Heation<\/title>\n<meta name=\"description\" content=\"Our filter takes away both magnetic and non magnetic impurities from the piping system and heating elements.\" \/>\n<meta name=\"robots\" content=\"index, follow, max-snippet:-1, max-image-preview:large, max-video-preview:-1\" \/>\n<link rel=\"canonical\" href=\"https:\/\/heationab.com\/sv\/industrial-water-filters-application\/magnetite-in-heating-systems\/\" \/>\n<meta property=\"og:locale\" content=\"sv_SE\" \/>\n<meta property=\"og:type\" content=\"article\" \/>\n<meta property=\"og:title\" content=\"Pipe cleaning - magnetite in heating systems - Heation\" \/>\n<meta property=\"og:description\" content=\"Our filter takes away both magnetic and non magnetic impurities from the piping system and heating elements.\" \/>\n<meta property=\"og:url\" content=\"https:\/\/heationab.com\/sv\/industrial-water-filters-application\/magnetite-in-heating-systems\/\" \/>\n<meta property=\"og:site_name\" content=\"Heation\" \/>\n<meta property=\"article:modified_time\" content=\"2025-10-07T10:16:44+00:00\" \/>\n<meta property=\"og:image\" content=\"https:\/\/heationab.com\/wp-content\/uploads\/Prime-skid-3_02-rotated.jpeg\" \/>\n\t<meta property=\"og:image:width\" content=\"1500\" \/>\n\t<meta property=\"og:image:height\" content=\"2000\" \/>\n\t<meta property=\"og:image:type\" content=\"image\/jpeg\" \/>\n<meta name=\"twitter:card\" content=\"summary_large_image\" \/>\n<meta name=\"twitter:label1\" content=\"Ber\u00e4knad l\u00e4stid\" \/>\n\t<meta name=\"twitter:data1\" content=\"2 minuter\" \/>\n<script type=\"application\/ld+json\" class=\"yoast-schema-graph\">{\"@context\":\"https:\\\/\\\/schema.org\",\"@graph\":[{\"@type\":\"WebPage\",\"@id\":\"https:\\\/\\\/heationab.com\\\/industrial-water-filters-application\\\/magnetite-in-heating-systems\\\/\",\"url\":\"https:\\\/\\\/heationab.com\\\/industrial-water-filters-application\\\/magnetite-in-heating-systems\\\/\",\"name\":\"Pipe cleaning - magnetite in heating systems - Heation\",\"isPartOf\":{\"@id\":\"https:\\\/\\\/heationab.com\\\/#website\"},\"primaryImageOfPage\":{\"@id\":\"https:\\\/\\\/heationab.com\\\/industrial-water-filters-application\\\/magnetite-in-heating-systems\\\/#primaryimage\"},\"image\":{\"@id\":\"https:\\\/\\\/heationab.com\\\/industrial-water-filters-application\\\/magnetite-in-heating-systems\\\/#primaryimage\"},\"thumbnailUrl\":\"https:\\\/\\\/i0.wp.com\\\/heationab.com\\\/wp-content\\\/uploads\\\/Prime-skid-3_02-rotated.jpeg?fit=1500%2C2000&ssl=1\",\"datePublished\":\"2021-08-03T12:35:18+00:00\",\"dateModified\":\"2025-10-07T10:16:44+00:00\",\"description\":\"Our filter takes away both magnetic and non magnetic impurities from the piping system and heating elements.\",\"breadcrumb\":{\"@id\":\"https:\\\/\\\/heationab.com\\\/industrial-water-filters-application\\\/magnetite-in-heating-systems\\\/#breadcrumb\"},\"inLanguage\":\"sv-SE\",\"potentialAction\":[{\"@type\":\"ReadAction\",\"target\":[\"https:\\\/\\\/heationab.com\\\/industrial-water-filters-application\\\/magnetite-in-heating-systems\\\/\"]}]},{\"@type\":\"ImageObject\",\"inLanguage\":\"sv-SE\",\"@id\":\"https:\\\/\\\/heationab.com\\\/industrial-water-filters-application\\\/magnetite-in-heating-systems\\\/#primaryimage\",\"url\":\"https:\\\/\\\/i0.wp.com\\\/heationab.com\\\/wp-content\\\/uploads\\\/Prime-skid-3_02-rotated.jpeg?fit=1500%2C2000&ssl=1\",\"contentUrl\":\"https:\\\/\\\/i0.wp.com\\\/heationab.com\\\/wp-content\\\/uploads\\\/Prime-skid-3_02-rotated.jpeg?fit=1500%2C2000&ssl=1\",\"width\":1500,\"height\":2000,\"caption\":\"Prime-phin System\"},{\"@type\":\"BreadcrumbList\",\"@id\":\"https:\\\/\\\/heationab.com\\\/industrial-water-filters-application\\\/magnetite-in-heating-systems\\\/#breadcrumb\",\"itemListElement\":[{\"@type\":\"ListItem\",\"position\":1,\"name\":\"Home\",\"item\":\"https:\\\/\\\/heationab.com\\\/\"},{\"@type\":\"ListItem\",\"position\":2,\"name\":\"Applications\",\"item\":\"https:\\\/\\\/heationab.com\\\/industrial-water-filters-application\\\/\"},{\"@type\":\"ListItem\",\"position\":3,\"name\":\"Pipe cleaning &#8211; magnetite in heating systems\"}]},{\"@type\":\"WebSite\",\"@id\":\"https:\\\/\\\/heationab.com\\\/#website\",\"url\":\"https:\\\/\\\/heationab.com\\\/\",\"name\":\"Heation\",\"description\":\"We create your solution\",\"publisher\":{\"@id\":\"https:\\\/\\\/heationab.com\\\/#organization\"},\"potentialAction\":[{\"@type\":\"SearchAction\",\"target\":{\"@type\":\"EntryPoint\",\"urlTemplate\":\"https:\\\/\\\/heationab.com\\\/?s={search_term_string}\"},\"query-input\":{\"@type\":\"PropertyValueSpecification\",\"valueRequired\":true,\"valueName\":\"search_term_string\"}}],\"inLanguage\":\"sv-SE\"},{\"@type\":\"Organization\",\"@id\":\"https:\\\/\\\/heationab.com\\\/#organization\",\"name\":\"Heation AB\",\"url\":\"https:\\\/\\\/heationab.com\\\/\",\"logo\":{\"@type\":\"ImageObject\",\"inLanguage\":\"sv-SE\",\"@id\":\"https:\\\/\\\/heationab.com\\\/#\\\/schema\\\/logo\\\/image\\\/\",\"url\":\"https:\\\/\\\/i0.wp.com\\\/heationab.com\\\/wp-content\\\/uploads\\\/logo-heation_vector-4A768E-blue-greyish.jpg?fit=842%2C596&ssl=1\",\"contentUrl\":\"https:\\\/\\\/i0.wp.com\\\/heationab.com\\\/wp-content\\\/uploads\\\/logo-heation_vector-4A768E-blue-greyish.jpg?fit=842%2C596&ssl=1\",\"width\":842,\"height\":596,\"caption\":\"Heation AB\"},\"image\":{\"@id\":\"https:\\\/\\\/heationab.com\\\/#\\\/schema\\\/logo\\\/image\\\/\"}}]}<\/script>\n<!-- \/ Yoast SEO plugin. -->","yoast_head_json":{"title":"Pipe cleaning - magnetite in heating systems - Heation","description":"Our filter takes away both magnetic and non magnetic impurities from the piping system and heating elements.","robots":{"index":"index","follow":"follow","max-snippet":"max-snippet:-1","max-image-preview":"max-image-preview:large","max-video-preview":"max-video-preview:-1"},"canonical":"https:\/\/heationab.com\/sv\/industrial-water-filters-application\/magnetite-in-heating-systems\/","og_locale":"sv_SE","og_type":"article","og_title":"Pipe cleaning - magnetite in heating systems - Heation","og_description":"Our filter takes away both magnetic and non magnetic impurities from the piping system and heating elements.","og_url":"https:\/\/heationab.com\/sv\/industrial-water-filters-application\/magnetite-in-heating-systems\/","og_site_name":"Heation","article_modified_time":"2025-10-07T10:16:44+00:00","og_image":[{"width":1500,"height":2000,"url":"https:\/\/heationab.com\/wp-content\/uploads\/Prime-skid-3_02-rotated.jpeg","type":"image\/jpeg"}],"twitter_card":"summary_large_image","twitter_misc":{"Ber\u00e4knad l\u00e4stid":"2 minuter"},"schema":{"@context":"https:\/\/schema.org","@graph":[{"@type":"WebPage","@id":"https:\/\/heationab.com\/industrial-water-filters-application\/magnetite-in-heating-systems\/","url":"https:\/\/heationab.com\/industrial-water-filters-application\/magnetite-in-heating-systems\/","name":"Pipe cleaning - magnetite in heating systems - Heation","isPartOf":{"@id":"https:\/\/heationab.com\/#website"},"primaryImageOfPage":{"@id":"https:\/\/heationab.com\/industrial-water-filters-application\/magnetite-in-heating-systems\/#primaryimage"},"image":{"@id":"https:\/\/heationab.com\/industrial-water-filters-application\/magnetite-in-heating-systems\/#primaryimage"},"thumbnailUrl":"https:\/\/i0.wp.com\/heationab.com\/wp-content\/uploads\/Prime-skid-3_02-rotated.jpeg?fit=1500%2C2000&ssl=1","datePublished":"2021-08-03T12:35:18+00:00","dateModified":"2025-10-07T10:16:44+00:00","description":"Our filter takes away both magnetic and non magnetic impurities from the piping system and heating elements.","breadcrumb":{"@id":"https:\/\/heationab.com\/industrial-water-filters-application\/magnetite-in-heating-systems\/#breadcrumb"},"inLanguage":"sv-SE","potentialAction":[{"@type":"ReadAction","target":["https:\/\/heationab.com\/industrial-water-filters-application\/magnetite-in-heating-systems\/"]}]},{"@type":"ImageObject","inLanguage":"sv-SE","@id":"https:\/\/heationab.com\/industrial-water-filters-application\/magnetite-in-heating-systems\/#primaryimage","url":"https:\/\/i0.wp.com\/heationab.com\/wp-content\/uploads\/Prime-skid-3_02-rotated.jpeg?fit=1500%2C2000&ssl=1","contentUrl":"https:\/\/i0.wp.com\/heationab.com\/wp-content\/uploads\/Prime-skid-3_02-rotated.jpeg?fit=1500%2C2000&ssl=1","width":1500,"height":2000,"caption":"Prime-phin System"},{"@type":"BreadcrumbList","@id":"https:\/\/heationab.com\/industrial-water-filters-application\/magnetite-in-heating-systems\/#breadcrumb","itemListElement":[{"@type":"ListItem","position":1,"name":"Home","item":"https:\/\/heationab.com\/"},{"@type":"ListItem","position":2,"name":"Applications","item":"https:\/\/heationab.com\/industrial-water-filters-application\/"},{"@type":"ListItem","position":3,"name":"Pipe cleaning &#8211; magnetite in heating systems"}]},{"@type":"WebSite","@id":"https:\/\/heationab.com\/#website","url":"https:\/\/heationab.com\/","name":"Heation","description":"We create your solution","publisher":{"@id":"https:\/\/heationab.com\/#organization"},"potentialAction":[{"@type":"SearchAction","target":{"@type":"EntryPoint","urlTemplate":"https:\/\/heationab.com\/?s={search_term_string}"},"query-input":{"@type":"PropertyValueSpecification","valueRequired":true,"valueName":"search_term_string"}}],"inLanguage":"sv-SE"},{"@type":"Organization","@id":"https:\/\/heationab.com\/#organization","name":"Heation AB","url":"https:\/\/heationab.com\/","logo":{"@type":"ImageObject","inLanguage":"sv-SE","@id":"https:\/\/heationab.com\/#\/schema\/logo\/image\/","url":"https:\/\/i0.wp.com\/heationab.com\/wp-content\/uploads\/logo-heation_vector-4A768E-blue-greyish.jpg?fit=842%2C596&ssl=1","contentUrl":"https:\/\/i0.wp.com\/heationab.com\/wp-content\/uploads\/logo-heation_vector-4A768E-blue-greyish.jpg?fit=842%2C596&ssl=1","width":842,"height":596,"caption":"Heation AB"},"image":{"@id":"https:\/\/heationab.com\/#\/schema\/logo\/image\/"}}]}},"jetpack_sharing_enabled":true,"_links":{"self":[{"href":"https:\/\/heationab.com\/sv\/wp-json\/wp\/v2\/pages\/946","targetHints":{"allow":["GET"]}}],"collection":[{"href":"https:\/\/heationab.com\/sv\/wp-json\/wp\/v2\/pages"}],"about":[{"href":"https:\/\/heationab.com\/sv\/wp-json\/wp\/v2\/types\/page"}],"author":[{"embeddable":true,"href":"https:\/\/heationab.com\/sv\/wp-json\/wp\/v2\/users\/1"}],"replies":[{"embeddable":true,"href":"https:\/\/heationab.com\/sv\/wp-json\/wp\/v2\/comments?post=946"}],"version-history":[{"count":5,"href":"https:\/\/heationab.com\/sv\/wp-json\/wp\/v2\/pages\/946\/revisions"}],"predecessor-version":[{"id":2057,"href":"https:\/\/heationab.com\/sv\/wp-json\/wp\/v2\/pages\/946\/revisions\/2057"}],"up":[{"embeddable":true,"href":"https:\/\/heationab.com\/sv\/wp-json\/wp\/v2\/pages\/1555"}],"wp:featuredmedia":[{"embeddable":true,"href":"https:\/\/heationab.com\/sv\/wp-json\/wp\/v2\/media\/1546"}],"wp:attachment":[{"href":"https:\/\/heationab.com\/sv\/wp-json\/wp\/v2\/media?parent=946"}],"wp:term":[{"taxonomy":"category","embeddable":true,"href":"https:\/\/heationab.com\/sv\/wp-json\/wp\/v2\/categories?post=946"},{"taxonomy":"post_tag","embeddable":true,"href":"https:\/\/heationab.com\/sv\/wp-json\/wp\/v2\/tags?post=946"}],"curies":[{"name":"wp","href":"https:\/\/api.w.org\/{rel}","templated":true}]}}