{"id":939,"date":"2021-05-02T12:02:57","date_gmt":"2021-05-02T12:02:57","guid":{"rendered":"https:\/\/heationab.com\/?page_id=939"},"modified":"2026-03-12T15:58:11","modified_gmt":"2026-03-12T15:58:11","slug":"mebb","status":"publish","type":"page","link":"https:\/\/heationab.com\/sv\/articles\/mebb\/","title":{"rendered":"Minskad energif\u00f6rbrukning i fastigheter"},"content":{"rendered":"<div class=\"wpb-content-wrapper\"><div class=\"vc_row wpb_row vc_row-fluid\"><div class=\"wpb_column vc_column_container vc_col-sm-12\"><div class=\"vc_column-inner\"><div class=\"wpb_wrapper\">\n\t<div class=\"wpb_text_column wpb_content_element\" >\n\t\t<div class=\"wpb_wrapper\">\n\t\t\t<span><span><a href=\"https:\/\/heationab.com\/sv\/\">Hem<\/a><\/span><\/span>\n\n\t\t<\/div>\n\t<\/div>\n<\/div><\/div><\/div><\/div><div class=\"vc_row wpb_row vc_row-fluid\"><div class=\"wpb_column vc_column_container vc_col-sm-12\"><div class=\"vc_column-inner\"><div class=\"wpb_wrapper\">\n\t<div class=\"wpb_text_column wpb_content_element\" >\n\t\t<div class=\"wpb_wrapper\">\n\t\t\t<h3 style=\"text-align: left;\"><span style=\"font-weight: 400;\">Vi \u00e4r glada att kunna meddela att vi har beviljats ett bidrag f\u00f6r innovativa startups av <\/span><a href=\"https:\/\/www.vinnova.se\" target=\"_blank\" rel=\"noopener\"><b>Svenska innovationsmyndigheten Vinnova.<\/b><\/a><\/h3>\n\n\t\t<\/div>\n\t<\/div>\n<\/div><\/div><\/div><\/div><div class=\"vc_row wpb_row vc_row-fluid vc_row-o-content-middle vc_row-flex\"><div class=\"wpb_column vc_column_container vc_col-sm-3\"><div class=\"vc_column-inner\"><div class=\"wpb_wrapper\">\n\t<div  class=\"wpb_single_image wpb_content_element vc_align_center wpb_content_element\">\n\t\t\n\t\t<figure class=\"wpb_wrapper vc_figure\">\n\t\t\t<div class=\"vc_single_image-wrapper   vc_box_border_grey\"><img decoding=\"async\" data-src=\"https:\/\/i0.wp.com\/heationab.com\/wp-content\/uploads\/2021\/07\/IMG_2142-1.jpg?fit=1024%2C1024&amp;ssl=1\" class=\"vc_single_image-img attachment-large lazyload\" alt=\"\" title=\"IMG_2142\" src=\"data:image\/svg+xml;base64,PHN2ZyB3aWR0aD0iMSIgaGVpZ2h0PSIxIiB4bWxucz0iaHR0cDovL3d3dy53My5vcmcvMjAwMC9zdmciPjwvc3ZnPg==\" \/><\/div>\n\t\t<\/figure>\n\t<\/div>\n<\/div><\/div><\/div><div class=\"wpb_column vc_column_container vc_col-sm-9\"><div class=\"vc_column-inner\"><div class=\"wpb_wrapper\">\n\t<div class=\"wpb_text_column wpb_content_element\" >\n\t\t<div class=\"wpb_wrapper\">\n\t\t\t<h2>Bakgrund:<\/h2>\n<p>Vi p\u00e5 Heation har f\u00e5tt erfarenhet fr\u00e5n v\u00e5rt arbete inom industriell filtrering och till\u00e4mpar den p\u00e5 stora kommersiella och bostadsfastigheter. Specifikt arbetar vi med f\u00f6retag som betj\u00e4nar fastighetsmarknaden och direkt med fastighets\u00e4gare f\u00f6r att studera det b\u00e4sta s\u00e4ttet att f\u00f6rb\u00e4ttra v\u00e4rmeeffektiviteten genom att reng\u00f6ra v\u00e4rmesystem.<\/p>\n<p>Med tiden kan smuts och olika typer av partiklar samlas i r\u00f6r och gradvis minska deras inre diameter och skapa blockeringar. Denna ansamling kan hindra vattenfl\u00f6det, vilket leder till minskat vattentryck, ineffektiv systemprestanda och potentiella skador p\u00e5 r\u00f6rledningsinfrastrukturen. Regelbundet underh\u00e5ll och reng\u00f6ring \u00e4r n\u00f6dv\u00e4ndiga f\u00f6r att f\u00f6rhindra dessa problem och s\u00e4kerst\u00e4lla optimalt vattenfl\u00f6de och systemets livsl\u00e4ngd.<\/p>\n\n\t\t<\/div>\n\t<\/div>\n<\/div><\/div><\/div><\/div><div class=\"vc_row wpb_row vc_row-fluid vc_row-o-content-middle vc_row-flex\"><div class=\"wpb_column vc_column_container vc_col-sm-8\"><div class=\"vc_column-inner\"><div class=\"wpb_wrapper\">\n\t<div class=\"wpb_text_column wpb_content_element\" >\n\t\t<div class=\"wpb_wrapper\">\n\t\t\t<h2>Projektet<\/h2>\n<h3>Viktiga resultat fr\u00e5n projektet.<\/h3>\n<p>Projektet fokuserade p\u00e5 att validera och bed\u00f6ma den tekniska, kommersiella och finansiella genomf\u00f6rbarheten f\u00f6r en innovativ filterenhet \u2013 MEBB-prototypen. Filterenheten syftar till att reng\u00f6ra vattenbaserade v\u00e4rme- och kylsystem i befintliga byggnader medan v\u00e4rmesystemen \u00e4r i drift. Enheten tar bort f\u00f6roreningar fr\u00e5n r\u00f6rsystemet och v\u00e4rmeelementen, vilket \u00f6kar v\u00e4rme\u00f6verf\u00f6ringen och m\u00f6jligg\u00f6r en b\u00e4ttre funktion av de olika systemkomponenterna.<\/p>\n\n\t\t<\/div>\n\t<\/div>\n\n\t<div  class=\"wpb_single_image wpb_content_element vc_align_center wpb_content_element\">\n\t\t\n\t\t<figure class=\"wpb_wrapper vc_figure\">\n\t\t\t<div class=\"vc_single_image-wrapper   vc_box_border_grey\"><img decoding=\"async\" width=\"790\" height=\"259\" data-src=\"https:\/\/i0.wp.com\/heationab.com\/wp-content\/uploads\/cooling-system-cleaning.png?fit=790%2C259&amp;ssl=1\" class=\"vc_single_image-img attachment-large lazyload\" alt=\"\" title=\"cooling system cleaning\" data-srcset=\"https:\/\/i0.wp.com\/heationab.com\/wp-content\/uploads\/cooling-system-cleaning.png?w=1248&amp;ssl=1 1248w, https:\/\/i0.wp.com\/heationab.com\/wp-content\/uploads\/cooling-system-cleaning.png?resize=300%2C98&amp;ssl=1 300w, https:\/\/i0.wp.com\/heationab.com\/wp-content\/uploads\/cooling-system-cleaning.png?resize=1024%2C336&amp;ssl=1 1024w, https:\/\/i0.wp.com\/heationab.com\/wp-content\/uploads\/cooling-system-cleaning.png?resize=150%2C49&amp;ssl=1 150w, https:\/\/i0.wp.com\/heationab.com\/wp-content\/uploads\/cooling-system-cleaning.png?resize=768%2C252&amp;ssl=1 768w, https:\/\/i0.wp.com\/heationab.com\/wp-content\/uploads\/cooling-system-cleaning.png?resize=18%2C6&amp;ssl=1 18w\" data-sizes=\"(max-width: 790px) 100vw, 790px\" src=\"data:image\/svg+xml;base64,PHN2ZyB3aWR0aD0iMSIgaGVpZ2h0PSIxIiB4bWxucz0iaHR0cDovL3d3dy53My5vcmcvMjAwMC9zdmciPjwvc3ZnPg==\" style=\"--smush-placeholder-width: 790px; --smush-placeholder-aspect-ratio: 790\/259;\" \/><\/div>\n\t\t<\/figure>\n\t<\/div>\n<\/div><\/div><\/div><div class=\"wpb_column vc_column_container vc_col-sm-4\"><div class=\"vc_column-inner\"><div class=\"wpb_wrapper\">\n\t<div  class=\"wpb_single_image wpb_content_element vc_align_center wpb_content_element\">\n\t\t\n\t\t<figure class=\"wpb_wrapper vc_figure\">\n\t\t\t<a href=\"https:\/\/heationab.com\/sv\/products\/industrial-water-filters-in-stainless-steel\/bag-filter-housing\/\" target=\"_blank\" class=\"vc_single_image-wrapper   vc_box_border_grey\"><img decoding=\"async\" width=\"708\" height=\"716\" data-src=\"https:\/\/i0.wp.com\/heationab.com\/wp-content\/uploads\/rsz_pipe_cleaning.jpg?fit=708%2C716&amp;ssl=1\" class=\"vc_single_image-img attachment-large lazyload\" alt=\"MEBB_pipe_cleaning\" title=\"MEBB_pipe_cleaning\" data-srcset=\"https:\/\/i0.wp.com\/heationab.com\/wp-content\/uploads\/rsz_pipe_cleaning.jpg?w=708&amp;ssl=1 708w, https:\/\/i0.wp.com\/heationab.com\/wp-content\/uploads\/rsz_pipe_cleaning.jpg?resize=297%2C300&amp;ssl=1 297w, https:\/\/i0.wp.com\/heationab.com\/wp-content\/uploads\/rsz_pipe_cleaning.jpg?resize=148%2C150&amp;ssl=1 148w, https:\/\/i0.wp.com\/heationab.com\/wp-content\/uploads\/rsz_pipe_cleaning.jpg?resize=12%2C12&amp;ssl=1 12w\" data-sizes=\"(max-width: 708px) 100vw, 708px\" src=\"data:image\/svg+xml;base64,PHN2ZyB3aWR0aD0iMSIgaGVpZ2h0PSIxIiB4bWxucz0iaHR0cDovL3d3dy53My5vcmcvMjAwMC9zdmciPjwvc3ZnPg==\" style=\"--smush-placeholder-width: 708px; --smush-placeholder-aspect-ratio: 708\/716;\" \/><\/a>\n\t\t<\/figure>\n\t<\/div>\n<\/div><\/div><\/div><\/div><div class=\"vc_row wpb_row vc_row-fluid\"><div class=\"wpb_column vc_column_container vc_col-sm-12\"><div class=\"vc_column-inner\"><div class=\"wpb_wrapper\">\n\t<div class=\"wpb_text_column wpb_content_element\" >\n\t\t<div class=\"wpb_wrapper\">\n\t\t\t<h3>F\u00f6rv\u00e4ntade l\u00e5ngsiktiga effekter<\/h3>\n<ul>\n<li>Minskning av energibehovet: detta har en direkt p\u00e5verkan p\u00e5 uppv\u00e4rmnings-\/kylkostnaderna och de totala koldioxidutsl\u00e4ppen fr\u00e5n byggnaden.<\/li>\n<li>\u00d6kad vattenfl\u00f6de i v\u00e4rme- och kylsystem<\/li>\n<li>L\u00e4gre driftskostnader: Underh\u00e5llstj\u00e4nstleverant\u00f6rer kan minimera underh\u00e5lls\u00e5tg\u00e4rder och som en m\u00f6jlig konsekvens kan kostnaderna f\u00f6r fastighets\u00e4gare (och eventuellt hyror och avgifter f\u00f6r boende) minska.<\/li>\n<li>L\u00e4gre milj\u00f6p\u00e5verkan: v\u00e5r l\u00f6sning minskar drastiskt behovet av kemikalier och nya komponenter vid underh\u00e5ll.<\/li>\n<\/ul>\n\n\t\t<\/div>\n\t<\/div>\n\n\t<div class=\"wpb_text_column wpb_content_element\" >\n\t\t<div class=\"wpb_wrapper\">\n\t\t\t<p style=\"text-align: center;\"><strong>Med finansiering fr\u00e5n:<\/strong><\/p>\n\n\t\t<\/div>\n\t<\/div>\n\n\t<div  class=\"wpb_single_image wpb_content_element vc_align_center wpb_content_element\">\n\t\t\n\t\t<figure class=\"wpb_wrapper vc_figure\">\n\t\t\t<a href=\"https:\/\/www.vinnova.se\/\" target=\"_blank\" class=\"vc_single_image-wrapper   vc_box_border_grey\"><img decoding=\"async\" width=\"604\" height=\"130\" data-src=\"https:\/\/i0.wp.com\/heationab.com\/wp-content\/uploads\/2021\/08\/Vinnova_green_payoff_ENG_RGB.png?fit=604%2C130&amp;ssl=1\" class=\"vc_single_image-img attachment-large lazyload\" alt=\"\" title=\"Vinnova_green_payoff_ENG_RGB\" data-srcset=\"https:\/\/i0.wp.com\/heationab.com\/wp-content\/uploads\/2021\/08\/Vinnova_green_payoff_ENG_RGB.png?w=604&amp;ssl=1 604w, https:\/\/i0.wp.com\/heationab.com\/wp-content\/uploads\/2021\/08\/Vinnova_green_payoff_ENG_RGB.png?resize=300%2C65&amp;ssl=1 300w, https:\/\/i0.wp.com\/heationab.com\/wp-content\/uploads\/2021\/08\/Vinnova_green_payoff_ENG_RGB.png?resize=150%2C32&amp;ssl=1 150w, https:\/\/i0.wp.com\/heationab.com\/wp-content\/uploads\/2021\/08\/Vinnova_green_payoff_ENG_RGB.png?resize=18%2C4&amp;ssl=1 18w\" data-sizes=\"(max-width: 604px) 100vw, 604px\" src=\"data:image\/svg+xml;base64,PHN2ZyB3aWR0aD0iMSIgaGVpZ2h0PSIxIiB4bWxucz0iaHR0cDovL3d3dy53My5vcmcvMjAwMC9zdmciPjwvc3ZnPg==\" style=\"--smush-placeholder-width: 604px; --smush-placeholder-aspect-ratio: 604\/130;\" \/><\/a>\n\t\t<\/figure>\n\t<\/div>\n<\/div><\/div><\/div><\/div>\n<\/div>","protected":false},"excerpt":{"rendered":"Home We are happy to announce that we have been awarded a grant for Innovative Startups by the Swedish Innovation Agency Vinnova. Background: We at Heation have gained experience from our work within industrial filtration and are applying it to large commercial and residential real estates. Specifically, we are working...","protected":false},"author":1,"featured_media":1129,"parent":1855,"menu_order":0,"comment_status":"closed","ping_status":"closed","template":"","meta":{"content-type":"","_monsterinsights_skip_tracking":false,"_monsterinsights_sitenote_active":false,"_monsterinsights_sitenote_note":"","_monsterinsights_sitenote_category":0,"footnotes":""},"categories":[8],"tags":[],"class_list":["post-939","page","type-page","status-publish","has-post-thumbnail","hentry","category-article"],"yoast_head":"<!-- This site is optimized with the Yoast SEO plugin v27.3 - https:\/\/yoast.com\/product\/yoast-seo-wordpress\/ -->\n<title>Improved energy efficiency in heating systems - Heation<\/title>\n<meta name=\"robots\" content=\"index, follow, max-snippet:-1, max-image-preview:large, max-video-preview:-1\" \/>\n<link rel=\"canonical\" href=\"https:\/\/heationab.com\/sv\/articles\/mebb\/\" \/>\n<meta property=\"og:locale\" content=\"sv_SE\" \/>\n<meta property=\"og:type\" content=\"article\" \/>\n<meta property=\"og:title\" content=\"Improved energy efficiency in heating systems - Heation\" \/>\n<meta property=\"og:url\" content=\"https:\/\/heationab.com\/sv\/articles\/mebb\/\" \/>\n<meta property=\"og:site_name\" content=\"Heation\" \/>\n<meta property=\"article:modified_time\" content=\"2026-03-12T15:58:11+00:00\" \/>\n<meta property=\"og:image\" content=\"https:\/\/heationab.com\/wp-content\/uploads\/2021\/08\/Prime-skid_2.jpg\" \/>\n\t<meta property=\"og:image:width\" content=\"1536\" \/>\n\t<meta property=\"og:image:height\" content=\"1152\" \/>\n\t<meta property=\"og:image:type\" content=\"image\/jpeg\" \/>\n<meta name=\"twitter:card\" content=\"summary_large_image\" \/>\n<meta name=\"twitter:label1\" content=\"Ber\u00e4knad l\u00e4stid\" \/>\n\t<meta name=\"twitter:data1\" content=\"3 minuter\" \/>\n<script type=\"application\/ld+json\" class=\"yoast-schema-graph\">{\"@context\":\"https:\\\/\\\/schema.org\",\"@graph\":[{\"@type\":\"WebPage\",\"@id\":\"https:\\\/\\\/heationab.com\\\/articles\\\/mebb\\\/\",\"url\":\"https:\\\/\\\/heationab.com\\\/articles\\\/mebb\\\/\",\"name\":\"Improved energy efficiency in heating systems - Heation\",\"isPartOf\":{\"@id\":\"https:\\\/\\\/heationab.com\\\/#website\"},\"primaryImageOfPage\":{\"@id\":\"https:\\\/\\\/heationab.com\\\/articles\\\/mebb\\\/#primaryimage\"},\"image\":{\"@id\":\"https:\\\/\\\/heationab.com\\\/articles\\\/mebb\\\/#primaryimage\"},\"thumbnailUrl\":\"https:\\\/\\\/i0.wp.com\\\/heationab.com\\\/wp-content\\\/uploads\\\/2021\\\/08\\\/Prime-skid_2.jpg?fit=1536%2C1152&ssl=1\",\"datePublished\":\"2021-05-02T12:02:57+00:00\",\"dateModified\":\"2026-03-12T15:58:11+00:00\",\"breadcrumb\":{\"@id\":\"https:\\\/\\\/heationab.com\\\/articles\\\/mebb\\\/#breadcrumb\"},\"inLanguage\":\"sv-SE\",\"potentialAction\":[{\"@type\":\"ReadAction\",\"target\":[\"https:\\\/\\\/heationab.com\\\/articles\\\/mebb\\\/\"]}]},{\"@type\":\"ImageObject\",\"inLanguage\":\"sv-SE\",\"@id\":\"https:\\\/\\\/heationab.com\\\/articles\\\/mebb\\\/#primaryimage\",\"url\":\"https:\\\/\\\/i0.wp.com\\\/heationab.com\\\/wp-content\\\/uploads\\\/2021\\\/08\\\/Prime-skid_2.jpg?fit=1536%2C1152&ssl=1\",\"contentUrl\":\"https:\\\/\\\/i0.wp.com\\\/heationab.com\\\/wp-content\\\/uploads\\\/2021\\\/08\\\/Prime-skid_2.jpg?fit=1536%2C1152&ssl=1\",\"width\":1536,\"height\":1152,\"caption\":\"Prime-skid_02\"},{\"@type\":\"BreadcrumbList\",\"@id\":\"https:\\\/\\\/heationab.com\\\/articles\\\/mebb\\\/#breadcrumb\",\"itemListElement\":[{\"@type\":\"ListItem\",\"position\":1,\"name\":\"Home\",\"item\":\"https:\\\/\\\/heationab.com\\\/\"},{\"@type\":\"ListItem\",\"position\":2,\"name\":\"Articles\",\"item\":\"https:\\\/\\\/heationab.com\\\/articles\\\/\"},{\"@type\":\"ListItem\",\"position\":3,\"name\":\"Improved energy efficiency in heating systems\"}]},{\"@type\":\"WebSite\",\"@id\":\"https:\\\/\\\/heationab.com\\\/#website\",\"url\":\"https:\\\/\\\/heationab.com\\\/\",\"name\":\"Heation\",\"description\":\"We create your solution\",\"publisher\":{\"@id\":\"https:\\\/\\\/heationab.com\\\/#organization\"},\"potentialAction\":[{\"@type\":\"SearchAction\",\"target\":{\"@type\":\"EntryPoint\",\"urlTemplate\":\"https:\\\/\\\/heationab.com\\\/?s={search_term_string}\"},\"query-input\":{\"@type\":\"PropertyValueSpecification\",\"valueRequired\":true,\"valueName\":\"search_term_string\"}}],\"inLanguage\":\"sv-SE\"},{\"@type\":\"Organization\",\"@id\":\"https:\\\/\\\/heationab.com\\\/#organization\",\"name\":\"Heation AB\",\"url\":\"https:\\\/\\\/heationab.com\\\/\",\"logo\":{\"@type\":\"ImageObject\",\"inLanguage\":\"sv-SE\",\"@id\":\"https:\\\/\\\/heationab.com\\\/#\\\/schema\\\/logo\\\/image\\\/\",\"url\":\"https:\\\/\\\/i0.wp.com\\\/heationab.com\\\/wp-content\\\/uploads\\\/logo-heation_vector-4A768E-blue-greyish.jpg?fit=842%2C596&ssl=1\",\"contentUrl\":\"https:\\\/\\\/i0.wp.com\\\/heationab.com\\\/wp-content\\\/uploads\\\/logo-heation_vector-4A768E-blue-greyish.jpg?fit=842%2C596&ssl=1\",\"width\":842,\"height\":596,\"caption\":\"Heation AB\"},\"image\":{\"@id\":\"https:\\\/\\\/heationab.com\\\/#\\\/schema\\\/logo\\\/image\\\/\"}}]}<\/script>\n<!-- \/ Yoast SEO plugin. -->","yoast_head_json":{"title":"Improved energy efficiency in heating systems - Heation","robots":{"index":"index","follow":"follow","max-snippet":"max-snippet:-1","max-image-preview":"max-image-preview:large","max-video-preview":"max-video-preview:-1"},"canonical":"https:\/\/heationab.com\/sv\/articles\/mebb\/","og_locale":"sv_SE","og_type":"article","og_title":"Improved energy efficiency in heating systems - Heation","og_url":"https:\/\/heationab.com\/sv\/articles\/mebb\/","og_site_name":"Heation","article_modified_time":"2026-03-12T15:58:11+00:00","og_image":[{"width":1536,"height":1152,"url":"https:\/\/heationab.com\/wp-content\/uploads\/2021\/08\/Prime-skid_2.jpg","type":"image\/jpeg"}],"twitter_card":"summary_large_image","twitter_misc":{"Ber\u00e4knad l\u00e4stid":"3 minuter"},"schema":{"@context":"https:\/\/schema.org","@graph":[{"@type":"WebPage","@id":"https:\/\/heationab.com\/articles\/mebb\/","url":"https:\/\/heationab.com\/articles\/mebb\/","name":"Improved energy efficiency in heating systems - Heation","isPartOf":{"@id":"https:\/\/heationab.com\/#website"},"primaryImageOfPage":{"@id":"https:\/\/heationab.com\/articles\/mebb\/#primaryimage"},"image":{"@id":"https:\/\/heationab.com\/articles\/mebb\/#primaryimage"},"thumbnailUrl":"https:\/\/i0.wp.com\/heationab.com\/wp-content\/uploads\/2021\/08\/Prime-skid_2.jpg?fit=1536%2C1152&ssl=1","datePublished":"2021-05-02T12:02:57+00:00","dateModified":"2026-03-12T15:58:11+00:00","breadcrumb":{"@id":"https:\/\/heationab.com\/articles\/mebb\/#breadcrumb"},"inLanguage":"sv-SE","potentialAction":[{"@type":"ReadAction","target":["https:\/\/heationab.com\/articles\/mebb\/"]}]},{"@type":"ImageObject","inLanguage":"sv-SE","@id":"https:\/\/heationab.com\/articles\/mebb\/#primaryimage","url":"https:\/\/i0.wp.com\/heationab.com\/wp-content\/uploads\/2021\/08\/Prime-skid_2.jpg?fit=1536%2C1152&ssl=1","contentUrl":"https:\/\/i0.wp.com\/heationab.com\/wp-content\/uploads\/2021\/08\/Prime-skid_2.jpg?fit=1536%2C1152&ssl=1","width":1536,"height":1152,"caption":"Prime-skid_02"},{"@type":"BreadcrumbList","@id":"https:\/\/heationab.com\/articles\/mebb\/#breadcrumb","itemListElement":[{"@type":"ListItem","position":1,"name":"Home","item":"https:\/\/heationab.com\/"},{"@type":"ListItem","position":2,"name":"Articles","item":"https:\/\/heationab.com\/articles\/"},{"@type":"ListItem","position":3,"name":"Improved energy efficiency in heating systems"}]},{"@type":"WebSite","@id":"https:\/\/heationab.com\/#website","url":"https:\/\/heationab.com\/","name":"Heation","description":"We create your solution","publisher":{"@id":"https:\/\/heationab.com\/#organization"},"potentialAction":[{"@type":"SearchAction","target":{"@type":"EntryPoint","urlTemplate":"https:\/\/heationab.com\/?s={search_term_string}"},"query-input":{"@type":"PropertyValueSpecification","valueRequired":true,"valueName":"search_term_string"}}],"inLanguage":"sv-SE"},{"@type":"Organization","@id":"https:\/\/heationab.com\/#organization","name":"Heation AB","url":"https:\/\/heationab.com\/","logo":{"@type":"ImageObject","inLanguage":"sv-SE","@id":"https:\/\/heationab.com\/#\/schema\/logo\/image\/","url":"https:\/\/i0.wp.com\/heationab.com\/wp-content\/uploads\/logo-heation_vector-4A768E-blue-greyish.jpg?fit=842%2C596&ssl=1","contentUrl":"https:\/\/i0.wp.com\/heationab.com\/wp-content\/uploads\/logo-heation_vector-4A768E-blue-greyish.jpg?fit=842%2C596&ssl=1","width":842,"height":596,"caption":"Heation AB"},"image":{"@id":"https:\/\/heationab.com\/#\/schema\/logo\/image\/"}}]}},"jetpack_sharing_enabled":true,"_links":{"self":[{"href":"https:\/\/heationab.com\/sv\/wp-json\/wp\/v2\/pages\/939","targetHints":{"allow":["GET"]}}],"collection":[{"href":"https:\/\/heationab.com\/sv\/wp-json\/wp\/v2\/pages"}],"about":[{"href":"https:\/\/heationab.com\/sv\/wp-json\/wp\/v2\/types\/page"}],"author":[{"embeddable":true,"href":"https:\/\/heationab.com\/sv\/wp-json\/wp\/v2\/users\/1"}],"replies":[{"embeddable":true,"href":"https:\/\/heationab.com\/sv\/wp-json\/wp\/v2\/comments?post=939"}],"version-history":[{"count":6,"href":"https:\/\/heationab.com\/sv\/wp-json\/wp\/v2\/pages\/939\/revisions"}],"predecessor-version":[{"id":1913,"href":"https:\/\/heationab.com\/sv\/wp-json\/wp\/v2\/pages\/939\/revisions\/1913"}],"up":[{"embeddable":true,"href":"https:\/\/heationab.com\/sv\/wp-json\/wp\/v2\/pages\/1855"}],"wp:featuredmedia":[{"embeddable":true,"href":"https:\/\/heationab.com\/sv\/wp-json\/wp\/v2\/media\/1129"}],"wp:attachment":[{"href":"https:\/\/heationab.com\/sv\/wp-json\/wp\/v2\/media?parent=939"}],"wp:term":[{"taxonomy":"category","embeddable":true,"href":"https:\/\/heationab.com\/sv\/wp-json\/wp\/v2\/categories?post=939"},{"taxonomy":"post_tag","embeddable":true,"href":"https:\/\/heationab.com\/sv\/wp-json\/wp\/v2\/tags?post=939"}],"curies":[{"name":"wp","href":"https:\/\/api.w.org\/{rel}","templated":true}]}}