{"id":2130,"date":"2026-02-27T09:13:46","date_gmt":"2026-02-27T09:13:46","guid":{"rendered":"https:\/\/heationab.com\/?page_id=2130"},"modified":"2026-02-27T12:53:00","modified_gmt":"2026-02-27T12:53:00","slug":"catalyzo2-launches-new-do-sensor","status":"publish","type":"page","link":"https:\/\/heationab.com\/sv\/catalyzo2-launches-new-do-sensor\/","title":{"rendered":"CatalyzO2 lanserar ny DO-sensor"},"content":{"rendered":"<div class=\"wpb-content-wrapper\"><div class=\"vc_row wpb_row vc_row-fluid\"><div class=\"wpb_column vc_column_container vc_col-sm-3\"><div class=\"vc_column-inner\"><div class=\"wpb_wrapper\">\n\t<div  class=\"wpb_single_image wpb_content_element vc_align_center wpb_content_element\">\n\t\t\n\t\t<figure class=\"wpb_wrapper vc_figure\">\n\t\t\t<div class=\"vc_single_image-wrapper   vc_box_border_grey\"><img decoding=\"async\" width=\"67\" height=\"300\" data-src=\"https:\/\/i0.wp.com\/heationab.com\/wp-content\/uploads\/DO-sensor-HYDRO2.png?fit=67%2C300&amp;ssl=1\" class=\"vc_single_image-img attachment-medium lazyload\" alt=\"\" title=\"DO sensor HYDRO2\" src=\"data:image\/svg+xml;base64,PHN2ZyB3aWR0aD0iMSIgaGVpZ2h0PSIxIiB4bWxucz0iaHR0cDovL3d3dy53My5vcmcvMjAwMC9zdmciPjwvc3ZnPg==\" style=\"--smush-placeholder-width: 67px; --smush-placeholder-aspect-ratio: 67\/300;\" \/><\/div>\n\t\t<\/figure>\n\t<\/div>\n<\/div><\/div><\/div><div class=\"wpb_column vc_column_container vc_col-sm-9\"><div class=\"vc_column-inner\"><div class=\"wpb_wrapper\">\n\t<div class=\"wpb_text_column wpb_content_element\" >\n\t\t<div class=\"wpb_wrapper\">\n\t\t\t<p>P\u00e5\u00a0<b>Heation<\/b>, \u00e4r vi glada att kunna dela med oss \u200b\u200bav ett stort genombrott inom industriell processoptimering. V\u00e5r partner, det svenska teknikf\u00f6retaget CatalyzO2, med st\u00f6d av Energimyndigheten, har framg\u00e5ngsrikt avslutat utvecklingsfasen av en banbrytande ny\u00a0<b>elektrokemisk sensor f\u00f6r l\u00f6st syre (DO-sensor)<\/b>.<\/p>\n<p class=\"translation-block\">Som stolt partner till CatalyzO2 v\u00e4lkomnar vi p\u00e5 Heation varmt denna innovation. Den adresserar direkt processindustrins kritiska behov av <b>DO-sensorer med l\u00e5gt underh\u00e5llsbehov<\/b> och f\u00f6rb\u00e4ttrad <b>energieffektivitet<\/b>.<\/p>\n<h4><b>Varf\u00f6r \u00f6vervakning av l\u00f6st syre \u00e4r viktigt<\/b><\/h4>\n<p>Noggrann \u00f6vervakning av l\u00f6st syre i vatten \u00e4r en viktig parameter f\u00f6r exakt processkontroll och energibesparingar inom olika industriella till\u00e4mpningar. Tillf\u00f6rlitlig \u00f6vervakning av syre \u00e4r avg\u00f6rande f\u00f6r:<\/p>\n<ul>\n<li class=\"translation-block\">Optimering av luftningsprocesser i\u00a0<b>avloppsreningsverk<\/b>.<\/li>\n<li>Kontroll av k\u00e4nsliga kemiska produktionsmilj\u00f6er.<\/li>\n<li class=\"translation-block\">F\u00f6rebyggande av korrosion i <\/b>fj\u00e4rrv\u00e4rmen\u00e4t<\/b>.<\/li>\n<\/ul>\n<h4><b>L\u00f6sning av kostnads- och underh\u00e5llsutmaningen<\/b><\/h4>\n<p>Historiskt sett har tillf\u00f6rlitliga DO-m\u00e4tmetoder varit dyra, vilket begr\u00e4nsat deras anv\u00e4ndning fr\u00e4mst till sm\u00e5skaliga milj\u00f6er. Nyligen genomf\u00f6rda marknadsunders\u00f6kningar av CatalyzO2 bland tekniska beslutsfattare och ingenj\u00f6rer belyste ett utbrett missn\u00f6je med de h\u00f6ga kostnaderna och de omfattande underh\u00e5llskraven f\u00f6r befintliga l\u00f6sningar p\u00e5 marknaden.<\/p>\n<h4><b>HydroO2-projektet: En kostnadseffektiv l\u00f6sning<\/b><\/h4>\n<p class=\"translation-block\">Genom HydrO2-projektet har CatalyzO2 utvecklat det ultimata svaret p\u00e5 dessa branschutmaningar. De har framg\u00e5ngsrikt skapat och testat en fullt fungerande, 3D-printad laboratorieprototyp av en prisv\u00e4rd<b>elektrokemisk DO-sensor<\/b>. De rigor\u00f6sa testerna gav enast\u00e5ende resultat b\u00e5de vad g\u00e4ller stabilitet och reproducerbarhet.\nP\u00e5 Heation \u00e4r vi entusiastiska \u00f6ver framtiden f\u00f6r denna teknik och hur den kommer att ge v\u00e5ra kunder m\u00f6jlighet att uppn\u00e5 kostnadseffektiv, h\u00f6gpresterande vatten\u00f6vervakning utan den tunga underh\u00e5llsb\u00f6rdan.<\/p>\n\n\t\t<\/div>\n\t<\/div>\n<\/div><\/div><\/div><\/div>\n<\/div>","protected":false},"excerpt":{"rendered":"At\u00a0Heation, we are thrilled to share a major breakthrough in industrial process optimization. Our partner, the Swedish tech company CatalyzO2, backed by the Swedish Energy Agency, has successfully concluded the development phase of a groundbreaking new\u00a0electrochemical dissolved oxygen sensor (DO sensor). As a proud partner of CatalyzO2, we at Heation...","protected":false},"author":1,"featured_media":2131,"parent":0,"menu_order":0,"comment_status":"closed","ping_status":"closed","template":"","meta":{"content-type":"","_monsterinsights_skip_tracking":false,"_monsterinsights_sitenote_active":false,"_monsterinsights_sitenote_note":"","_monsterinsights_sitenote_category":0,"footnotes":""},"categories":[9],"tags":[],"class_list":["post-2130","page","type-page","status-publish","has-post-thumbnail","hentry","category-news"],"yoast_head":"<!-- This site is optimized with the Yoast SEO plugin v27.3 - https:\/\/yoast.com\/product\/yoast-seo-wordpress\/ -->\n<title>CatalyzO2 Launches New DO Sensor - Heation<\/title>\n<meta name=\"description\" content=\"Heation announces a new, cost-effective dissolved oxygen (DO) sensor developed by our partner CatalyzO2. Discover how it reduces maintenance and boosts energy efficiency\" \/>\n<meta name=\"robots\" content=\"index, follow, max-snippet:-1, max-image-preview:large, max-video-preview:-1\" \/>\n<link rel=\"canonical\" href=\"https:\/\/heationab.com\/sv\/catalyzo2-launches-new-do-sensor\/\" \/>\n<meta property=\"og:locale\" content=\"sv_SE\" \/>\n<meta property=\"og:type\" content=\"article\" \/>\n<meta property=\"og:title\" content=\"CatalyzO2 Launches New DO Sensor - Heation\" \/>\n<meta property=\"og:description\" content=\"Heation announces a new, cost-effective dissolved oxygen (DO) sensor developed by our partner CatalyzO2. Discover how it reduces maintenance and boosts energy efficiency\" \/>\n<meta property=\"og:url\" content=\"https:\/\/heationab.com\/sv\/catalyzo2-launches-new-do-sensor\/\" \/>\n<meta property=\"og:site_name\" content=\"Heation\" \/>\n<meta property=\"article:modified_time\" content=\"2026-02-27T12:53:00+00:00\" \/>\n<meta property=\"og:image\" content=\"https:\/\/heationab.com\/wp-content\/uploads\/DO-sensor-HYDRO2.png\" \/>\n\t<meta property=\"og:image:width\" content=\"270\" \/>\n\t<meta property=\"og:image:height\" content=\"1212\" \/>\n\t<meta property=\"og:image:type\" content=\"image\/png\" \/>\n<meta name=\"twitter:card\" content=\"summary_large_image\" \/>\n<meta name=\"twitter:label1\" content=\"Ber\u00e4knad l\u00e4stid\" \/>\n\t<meta name=\"twitter:data1\" content=\"2 minuter\" \/>\n<script type=\"application\/ld+json\" class=\"yoast-schema-graph\">{\"@context\":\"https:\\\/\\\/schema.org\",\"@graph\":[{\"@type\":\"WebPage\",\"@id\":\"https:\\\/\\\/heationab.com\\\/catalyzo2-launches-new-do-sensor\\\/\",\"url\":\"https:\\\/\\\/heationab.com\\\/catalyzo2-launches-new-do-sensor\\\/\",\"name\":\"CatalyzO2 Launches New DO Sensor - Heation\",\"isPartOf\":{\"@id\":\"https:\\\/\\\/heationab.com\\\/#website\"},\"primaryImageOfPage\":{\"@id\":\"https:\\\/\\\/heationab.com\\\/catalyzo2-launches-new-do-sensor\\\/#primaryimage\"},\"image\":{\"@id\":\"https:\\\/\\\/heationab.com\\\/catalyzo2-launches-new-do-sensor\\\/#primaryimage\"},\"thumbnailUrl\":\"https:\\\/\\\/i0.wp.com\\\/heationab.com\\\/wp-content\\\/uploads\\\/DO-sensor-HYDRO2.png?fit=270%2C1212&ssl=1\",\"datePublished\":\"2026-02-27T09:13:46+00:00\",\"dateModified\":\"2026-02-27T12:53:00+00:00\",\"description\":\"Heation announces a new, cost-effective dissolved oxygen (DO) sensor developed by our partner CatalyzO2. Discover how it reduces maintenance and boosts energy efficiency\",\"breadcrumb\":{\"@id\":\"https:\\\/\\\/heationab.com\\\/catalyzo2-launches-new-do-sensor\\\/#breadcrumb\"},\"inLanguage\":\"sv-SE\",\"potentialAction\":[{\"@type\":\"ReadAction\",\"target\":[\"https:\\\/\\\/heationab.com\\\/catalyzo2-launches-new-do-sensor\\\/\"]}]},{\"@type\":\"ImageObject\",\"inLanguage\":\"sv-SE\",\"@id\":\"https:\\\/\\\/heationab.com\\\/catalyzo2-launches-new-do-sensor\\\/#primaryimage\",\"url\":\"https:\\\/\\\/i0.wp.com\\\/heationab.com\\\/wp-content\\\/uploads\\\/DO-sensor-HYDRO2.png?fit=270%2C1212&ssl=1\",\"contentUrl\":\"https:\\\/\\\/i0.wp.com\\\/heationab.com\\\/wp-content\\\/uploads\\\/DO-sensor-HYDRO2.png?fit=270%2C1212&ssl=1\",\"width\":270,\"height\":1212},{\"@type\":\"BreadcrumbList\",\"@id\":\"https:\\\/\\\/heationab.com\\\/catalyzo2-launches-new-do-sensor\\\/#breadcrumb\",\"itemListElement\":[{\"@type\":\"ListItem\",\"position\":1,\"name\":\"Home\",\"item\":\"https:\\\/\\\/heationab.com\\\/\"},{\"@type\":\"ListItem\",\"position\":2,\"name\":\"CatalyzO2 Launches New DO Sensor\"}]},{\"@type\":\"WebSite\",\"@id\":\"https:\\\/\\\/heationab.com\\\/#website\",\"url\":\"https:\\\/\\\/heationab.com\\\/\",\"name\":\"Heation\",\"description\":\"We create your solution\",\"publisher\":{\"@id\":\"https:\\\/\\\/heationab.com\\\/#organization\"},\"potentialAction\":[{\"@type\":\"SearchAction\",\"target\":{\"@type\":\"EntryPoint\",\"urlTemplate\":\"https:\\\/\\\/heationab.com\\\/?s={search_term_string}\"},\"query-input\":{\"@type\":\"PropertyValueSpecification\",\"valueRequired\":true,\"valueName\":\"search_term_string\"}}],\"inLanguage\":\"sv-SE\"},{\"@type\":\"Organization\",\"@id\":\"https:\\\/\\\/heationab.com\\\/#organization\",\"name\":\"Heation AB\",\"url\":\"https:\\\/\\\/heationab.com\\\/\",\"logo\":{\"@type\":\"ImageObject\",\"inLanguage\":\"sv-SE\",\"@id\":\"https:\\\/\\\/heationab.com\\\/#\\\/schema\\\/logo\\\/image\\\/\",\"url\":\"https:\\\/\\\/i0.wp.com\\\/heationab.com\\\/wp-content\\\/uploads\\\/logo-heation_vector-4A768E-blue-greyish.jpg?fit=842%2C596&ssl=1\",\"contentUrl\":\"https:\\\/\\\/i0.wp.com\\\/heationab.com\\\/wp-content\\\/uploads\\\/logo-heation_vector-4A768E-blue-greyish.jpg?fit=842%2C596&ssl=1\",\"width\":842,\"height\":596,\"caption\":\"Heation AB\"},\"image\":{\"@id\":\"https:\\\/\\\/heationab.com\\\/#\\\/schema\\\/logo\\\/image\\\/\"}}]}<\/script>\n<!-- \/ Yoast SEO plugin. -->","yoast_head_json":{"title":"CatalyzO2 Launches New DO Sensor - Heation","description":"Heation announces a new, cost-effective dissolved oxygen (DO) sensor developed by our partner CatalyzO2. Discover how it reduces maintenance and boosts energy efficiency","robots":{"index":"index","follow":"follow","max-snippet":"max-snippet:-1","max-image-preview":"max-image-preview:large","max-video-preview":"max-video-preview:-1"},"canonical":"https:\/\/heationab.com\/sv\/catalyzo2-launches-new-do-sensor\/","og_locale":"sv_SE","og_type":"article","og_title":"CatalyzO2 Launches New DO Sensor - Heation","og_description":"Heation announces a new, cost-effective dissolved oxygen (DO) sensor developed by our partner CatalyzO2. Discover how it reduces maintenance and boosts energy efficiency","og_url":"https:\/\/heationab.com\/sv\/catalyzo2-launches-new-do-sensor\/","og_site_name":"Heation","article_modified_time":"2026-02-27T12:53:00+00:00","og_image":[{"width":270,"height":1212,"url":"https:\/\/heationab.com\/wp-content\/uploads\/DO-sensor-HYDRO2.png","type":"image\/png"}],"twitter_card":"summary_large_image","twitter_misc":{"Ber\u00e4knad l\u00e4stid":"2 minuter"},"schema":{"@context":"https:\/\/schema.org","@graph":[{"@type":"WebPage","@id":"https:\/\/heationab.com\/catalyzo2-launches-new-do-sensor\/","url":"https:\/\/heationab.com\/catalyzo2-launches-new-do-sensor\/","name":"CatalyzO2 Launches New DO Sensor - Heation","isPartOf":{"@id":"https:\/\/heationab.com\/#website"},"primaryImageOfPage":{"@id":"https:\/\/heationab.com\/catalyzo2-launches-new-do-sensor\/#primaryimage"},"image":{"@id":"https:\/\/heationab.com\/catalyzo2-launches-new-do-sensor\/#primaryimage"},"thumbnailUrl":"https:\/\/i0.wp.com\/heationab.com\/wp-content\/uploads\/DO-sensor-HYDRO2.png?fit=270%2C1212&ssl=1","datePublished":"2026-02-27T09:13:46+00:00","dateModified":"2026-02-27T12:53:00+00:00","description":"Heation announces a new, cost-effective dissolved oxygen (DO) sensor developed by our partner CatalyzO2. Discover how it reduces maintenance and boosts energy efficiency","breadcrumb":{"@id":"https:\/\/heationab.com\/catalyzo2-launches-new-do-sensor\/#breadcrumb"},"inLanguage":"sv-SE","potentialAction":[{"@type":"ReadAction","target":["https:\/\/heationab.com\/catalyzo2-launches-new-do-sensor\/"]}]},{"@type":"ImageObject","inLanguage":"sv-SE","@id":"https:\/\/heationab.com\/catalyzo2-launches-new-do-sensor\/#primaryimage","url":"https:\/\/i0.wp.com\/heationab.com\/wp-content\/uploads\/DO-sensor-HYDRO2.png?fit=270%2C1212&ssl=1","contentUrl":"https:\/\/i0.wp.com\/heationab.com\/wp-content\/uploads\/DO-sensor-HYDRO2.png?fit=270%2C1212&ssl=1","width":270,"height":1212},{"@type":"BreadcrumbList","@id":"https:\/\/heationab.com\/catalyzo2-launches-new-do-sensor\/#breadcrumb","itemListElement":[{"@type":"ListItem","position":1,"name":"Home","item":"https:\/\/heationab.com\/"},{"@type":"ListItem","position":2,"name":"CatalyzO2 Launches New DO Sensor"}]},{"@type":"WebSite","@id":"https:\/\/heationab.com\/#website","url":"https:\/\/heationab.com\/","name":"Heation","description":"We create your solution","publisher":{"@id":"https:\/\/heationab.com\/#organization"},"potentialAction":[{"@type":"SearchAction","target":{"@type":"EntryPoint","urlTemplate":"https:\/\/heationab.com\/?s={search_term_string}"},"query-input":{"@type":"PropertyValueSpecification","valueRequired":true,"valueName":"search_term_string"}}],"inLanguage":"sv-SE"},{"@type":"Organization","@id":"https:\/\/heationab.com\/#organization","name":"Heation AB","url":"https:\/\/heationab.com\/","logo":{"@type":"ImageObject","inLanguage":"sv-SE","@id":"https:\/\/heationab.com\/#\/schema\/logo\/image\/","url":"https:\/\/i0.wp.com\/heationab.com\/wp-content\/uploads\/logo-heation_vector-4A768E-blue-greyish.jpg?fit=842%2C596&ssl=1","contentUrl":"https:\/\/i0.wp.com\/heationab.com\/wp-content\/uploads\/logo-heation_vector-4A768E-blue-greyish.jpg?fit=842%2C596&ssl=1","width":842,"height":596,"caption":"Heation AB"},"image":{"@id":"https:\/\/heationab.com\/#\/schema\/logo\/image\/"}}]}},"jetpack_sharing_enabled":true,"_links":{"self":[{"href":"https:\/\/heationab.com\/sv\/wp-json\/wp\/v2\/pages\/2130","targetHints":{"allow":["GET"]}}],"collection":[{"href":"https:\/\/heationab.com\/sv\/wp-json\/wp\/v2\/pages"}],"about":[{"href":"https:\/\/heationab.com\/sv\/wp-json\/wp\/v2\/types\/page"}],"author":[{"embeddable":true,"href":"https:\/\/heationab.com\/sv\/wp-json\/wp\/v2\/users\/1"}],"replies":[{"embeddable":true,"href":"https:\/\/heationab.com\/sv\/wp-json\/wp\/v2\/comments?post=2130"}],"version-history":[{"count":5,"href":"https:\/\/heationab.com\/sv\/wp-json\/wp\/v2\/pages\/2130\/revisions"}],"predecessor-version":[{"id":2139,"href":"https:\/\/heationab.com\/sv\/wp-json\/wp\/v2\/pages\/2130\/revisions\/2139"}],"wp:featuredmedia":[{"embeddable":true,"href":"https:\/\/heationab.com\/sv\/wp-json\/wp\/v2\/media\/2131"}],"wp:attachment":[{"href":"https:\/\/heationab.com\/sv\/wp-json\/wp\/v2\/media?parent=2130"}],"wp:term":[{"taxonomy":"category","embeddable":true,"href":"https:\/\/heationab.com\/sv\/wp-json\/wp\/v2\/categories?post=2130"},{"taxonomy":"post_tag","embeddable":true,"href":"https:\/\/heationab.com\/sv\/wp-json\/wp\/v2\/tags?post=2130"}],"curies":[{"name":"wp","href":"https:\/\/api.w.org\/{rel}","templated":true}]}}