{"id":1919,"date":"2024-08-01T09:11:42","date_gmt":"2024-08-01T09:11:42","guid":{"rendered":"https:\/\/heationab.com\/?page_id=1919"},"modified":"2026-03-12T15:38:52","modified_gmt":"2026-03-12T15:38:52","slug":"energy-efficiency-and-dissolved-oxigen-monitoring","status":"publish","type":"page","link":"https:\/\/heationab.com\/sv\/articles\/energy-efficiency-and-dissolved-oxigen-monitoring\/","title":{"rendered":"Energieffektivitet och \u00f6vervakning av l\u00f6st syre"},"content":{"rendered":"<div class=\"wpb-content-wrapper\"><div class=\"vc_row wpb_row vc_row-fluid\"><div class=\"wpb_column vc_column_container vc_col-sm-12\"><div class=\"vc_column-inner\"><div class=\"wpb_wrapper\">\n\t<div class=\"wpb_text_column wpb_content_element\" >\n\t\t<div class=\"wpb_wrapper\">\n\t\t\t<span><span><a href=\"https:\/\/heationab.com\/sv\/\">Hem<\/a><\/span><\/span>\n\n\t\t<\/div>\n\t<\/div>\n<\/div><\/div><\/div><\/div><div class=\"vc_row wpb_row vc_row-fluid\"><div class=\"wpb_column vc_column_container vc_col-sm-12\"><div class=\"vc_column-inner\"><div class=\"wpb_wrapper\">\n\t<div class=\"wpb_text_column wpb_content_element\" >\n\t\t<div class=\"wpb_wrapper\">\n\t\t\t<h3 style=\"text-align: left;\"><span style=\"font-weight: 400;\">Vi \u00e4r glada att meddela att vi har tilldelats ett bidrag fr\u00e5n <a href=\"https:\/\/www.energimyndigheten.se\/\"><b>Energimyndigheten<\/b><\/a><\/span><\/h3>\n\n\t\t<\/div>\n\t<\/div>\n<\/div><\/div><\/div><\/div><div class=\"vc_row wpb_row vc_row-fluid vc_row-o-content-middle vc_row-flex\"><div class=\"wpb_column vc_column_container vc_col-sm-3\"><div class=\"vc_column-inner\"><div class=\"wpb_wrapper\">\n\t<div  class=\"wpb_single_image wpb_content_element vc_align_center wpb_content_element\">\n\t\t\n\t\t<figure class=\"wpb_wrapper vc_figure\">\n\t\t\t<div class=\"vc_single_image-wrapper   vc_box_border_grey\"><img decoding=\"async\" data-src=\"https:\/\/i0.wp.com\/heationab.com\/wp-content\/uploads\/2021\/07\/IMG_2138.jpg?fit=1024%2C1024&amp;ssl=1\" class=\"vc_single_image-img attachment-large lazyload\" alt=\"Heating sludge\" title=\"Heating sludge\" src=\"data:image\/svg+xml;base64,PHN2ZyB3aWR0aD0iMSIgaGVpZ2h0PSIxIiB4bWxucz0iaHR0cDovL3d3dy53My5vcmcvMjAwMC9zdmciPjwvc3ZnPg==\" \/><\/div>\n\t\t<\/figure>\n\t<\/div>\n<\/div><\/div><\/div><div class=\"wpb_column vc_column_container vc_col-sm-9\"><div class=\"vc_column-inner\"><div class=\"wpb_wrapper\">\n\t<div class=\"wpb_text_column wpb_content_element\" >\n\t\t<div class=\"wpb_wrapper\">\n\t\t\t<h2>Bakgrund:<\/h2>\n<p>Genom v\u00e5r l\u00e5nga erfarenhet av att tillhandah\u00e5lla vattenfiltreringsl\u00f6sningar till bostadsfastigheter har vi identifierat ett vanligt f\u00f6rekommande problem bland v\u00e5ra kunder: korrosion i deras r\u00f6r. Denna korrosion uppst\u00e5r fr\u00e4mst p\u00e5 grund av l\u00f6st syre som tr\u00e4nger in i vattensystemet, ofta genom l\u00e4ckage. Syreinducerad korrosion leder till ansamling av rost och j\u00e4rnpartiklar i olika komponenter s\u00e5som radiatorer, pannor och v\u00e4rmev\u00e4xlare. Som en f\u00f6ljd av detta minskar systemets v\u00e4rme\u00f6verf\u00f6ringseffektivitet och tryckf\u00f6rlusterna \u00f6kar, vilket i slut\u00e4ndan leder till en betydande minskning av systemets totala prestanda.<\/p>\n\n\t\t<\/div>\n\t<\/div>\n<\/div><\/div><\/div><\/div><div class=\"vc_row wpb_row vc_row-fluid vc_row-o-content-middle vc_row-flex\"><div class=\"wpb_column vc_column_container vc_col-sm-8\"><div class=\"vc_column-inner\"><div class=\"wpb_wrapper\">\n\t<div class=\"wpb_text_column wpb_content_element\" >\n\t\t<div class=\"wpb_wrapper\">\n\t\t\t<h2>Projektet<\/h2>\n<h3>Viktiga resultat fr\u00e5n projektet.<\/h3>\n<p><span style=\"font-weight: 400;\">F\u00f6r att m\u00f6ta utmaningen med korrosion och l\u00f6st syre i vattensystemet har projektet fokuserat p\u00e5 att f\u00f6rb\u00e4ttra v\u00e5r MEBB-l\u00f6sning f\u00f6r att gynna kunderna genom att \u00f6ka effektiviteten och h\u00e5llbarheten hos kyl- och v\u00e4rmesystemen. V\u00e5r MEBB+-l\u00f6sning integrerar v\u00e5r egenutvecklad teknik MEBB med Internet of Things (IoT)-teknik, vilket m\u00f6jligg\u00f6r realtids\u00f6vervakning av l\u00f6sta syreniv\u00e5er i systemet.<\/span><\/p>\n<p><span style=\"font-weight: 400;\">L\u00f6sningen har testats i tre byggnader som byggdes under olika decennier (1920-, 1990- och 2010-talet). I dessa experiment \u00f6vervakade vi niv\u00e5erna av l\u00f6st syre och genomf\u00f6rde omfattande analyser av vattenkvaliteten b\u00e5de f\u00f6re och efter filtrering.<\/span><\/p>\n<p><span style=\"font-weight: 400;\">Tidigare tester med <a href=\"https:\/\/heationab.com\/sv\/articles\/mebb\/\">MEBB<\/a> -projektet visade p\u00e5 energibesparingar i intervallet 4-7% n\u00e4r systemreng\u00f6ring g\u00f6rs efter n\u00e5gra \u00e5rs drift. Resultaten i MEBB+-projektet ligger i linje med detta resultat med att vi s\u00e5g i genomsnitt cirka 7,3 % energibesparing fr\u00e5n testerna.<\/span><\/p>\n\n\t\t<\/div>\n\t<\/div>\n<\/div><\/div><\/div><div class=\"wpb_column vc_column_container vc_col-sm-4\"><div class=\"vc_column-inner\"><div class=\"wpb_wrapper\">\n\t<div  class=\"wpb_single_image wpb_content_element vc_align_center wpb_content_element\">\n\t\t\n\t\t<figure class=\"wpb_wrapper vc_figure\">\n\t\t\t<a href=\"https:\/\/heationab.com\/sv\/products\/industrial-water-filters-in-stainless-steel\/bag-filter-housing\/\" target=\"_blank\" class=\"vc_single_image-wrapper   vc_box_border_grey\"><img decoding=\"async\" width=\"574\" height=\"1024\" data-src=\"https:\/\/i0.wp.com\/heationab.com\/wp-content\/uploads\/20231127_153200-min-1.jpg?fit=574%2C1024&amp;ssl=1\" class=\"vc_single_image-img attachment-large lazyload\" alt=\"MEBB+, Dissovled Oxigen monitoring system\" title=\"MEBB+, Dissovled Oxigen monitoring system\" data-srcset=\"https:\/\/i0.wp.com\/heationab.com\/wp-content\/uploads\/20231127_153200-min-1.jpg?w=750&amp;ssl=1 750w, https:\/\/i0.wp.com\/heationab.com\/wp-content\/uploads\/20231127_153200-min-1.jpg?resize=168%2C300&amp;ssl=1 168w, https:\/\/i0.wp.com\/heationab.com\/wp-content\/uploads\/20231127_153200-min-1.jpg?resize=574%2C1024&amp;ssl=1 574w, https:\/\/i0.wp.com\/heationab.com\/wp-content\/uploads\/20231127_153200-min-1.jpg?resize=84%2C150&amp;ssl=1 84w, https:\/\/i0.wp.com\/heationab.com\/wp-content\/uploads\/20231127_153200-min-1.jpg?resize=7%2C12&amp;ssl=1 7w\" data-sizes=\"(max-width: 574px) 100vw, 574px\" src=\"data:image\/svg+xml;base64,PHN2ZyB3aWR0aD0iMSIgaGVpZ2h0PSIxIiB4bWxucz0iaHR0cDovL3d3dy53My5vcmcvMjAwMC9zdmciPjwvc3ZnPg==\" style=\"--smush-placeholder-width: 574px; --smush-placeholder-aspect-ratio: 574\/1024;\" \/><\/a>\n\t\t<\/figure>\n\t<\/div>\n<\/div><\/div><\/div><\/div><div class=\"vc_row wpb_row vc_row-fluid\"><div class=\"wpb_column vc_column_container vc_col-sm-12\"><div class=\"vc_column-inner\"><div class=\"wpb_wrapper\">\n\t<div  class=\"wpb_single_image wpb_content_element vc_align_center wpb_content_element\">\n\t\t\n\t\t<figure class=\"wpb_wrapper vc_figure\">\n\t\t\t<div class=\"vc_single_image-wrapper   vc_box_border_grey\"><img decoding=\"async\" width=\"1473\" height=\"171\" data-src=\"https:\/\/i0.wp.com\/heationab.com\/wp-content\/uploads\/unnamed.jpg?fit=1473%2C171&amp;ssl=1\" class=\"vc_single_image-img attachment-full lazyload\" alt=\"Dissolved oxigen monitoring\" title=\"Dissolved oxigen monitoring\" data-srcset=\"https:\/\/i0.wp.com\/heationab.com\/wp-content\/uploads\/unnamed.jpg?w=1473&amp;ssl=1 1473w, https:\/\/i0.wp.com\/heationab.com\/wp-content\/uploads\/unnamed.jpg?resize=300%2C35&amp;ssl=1 300w, https:\/\/i0.wp.com\/heationab.com\/wp-content\/uploads\/unnamed.jpg?resize=1024%2C119&amp;ssl=1 1024w, https:\/\/i0.wp.com\/heationab.com\/wp-content\/uploads\/unnamed.jpg?resize=150%2C17&amp;ssl=1 150w, https:\/\/i0.wp.com\/heationab.com\/wp-content\/uploads\/unnamed.jpg?resize=768%2C89&amp;ssl=1 768w, https:\/\/i0.wp.com\/heationab.com\/wp-content\/uploads\/unnamed.jpg?resize=18%2C2&amp;ssl=1 18w\" data-sizes=\"(max-width: 790px) 100vw, 790px\" src=\"data:image\/svg+xml;base64,PHN2ZyB3aWR0aD0iMSIgaGVpZ2h0PSIxIiB4bWxucz0iaHR0cDovL3d3dy53My5vcmcvMjAwMC9zdmciPjwvc3ZnPg==\" style=\"--smush-placeholder-width: 1473px; --smush-placeholder-aspect-ratio: 1473\/171;\" \/><\/div>\n\t\t<\/figure>\n\t<\/div>\n<\/div><\/div><\/div><\/div><div class=\"vc_row wpb_row vc_row-fluid\"><div class=\"wpb_column vc_column_container vc_col-sm-12\"><div class=\"vc_column-inner\"><div class=\"wpb_wrapper\">\n\t<div class=\"wpb_text_column wpb_content_element\" >\n\t\t<div class=\"wpb_wrapper\">\n\t\t\t<h3>F\u00f6rv\u00e4ntade l\u00e5ngsiktiga effekter<\/h3>\n<ul>\n<li><strong>Minskning av energibehov:<\/strong><span style=\"font-weight: 400;\"><strong>\u00a0<\/strong>genom att minska korrosion och f\u00f6rl\u00e4nga livsl\u00e4ngden p\u00e5 vattensystemet kan energif\u00f6rbrukningen reduceras.<\/span><\/li>\n<li><b>L\u00e4gre driftskostnader:<\/b><span style=\"font-weight: 400;\"> Underh\u00e5llstj\u00e4nstleverant\u00f6rer kan minimera underh\u00e5lls\u00e5tg\u00e4rder genom att \u00f6vervaka syrev\u00e4rden och som en m\u00f6jlig konsekvens kan kostnaderna f\u00f6r fastighets\u00e4gare (och eventuellt hyror och avgifter f\u00f6r boende) minska.<\/span><\/li>\n<li><b>L\u00e4gre milj\u00f6p\u00e5verkan:<\/b><span style=\"font-weight: 400;\"> v\u00e5r l\u00f6sning minskar drastiskt behovet av kemikalier och nya komponenter vid underh\u00e5ll.<\/span><\/li>\n<\/ul>\n\n\t\t<\/div>\n\t<\/div>\n<\/div><\/div><\/div><\/div>\n<\/div>","protected":false},"excerpt":{"rendered":"Home We are happy to announce that we have been awarded a grant from Energimyndigheten Background: Through our extensive experience in providing water filtration solutions for residential properties, we have identified a common issue among our customers: corrosion in their pipes. This corrosion primarily occurs due to dissolved oxygen entering...","protected":false},"author":1,"featured_media":1923,"parent":1855,"menu_order":0,"comment_status":"closed","ping_status":"closed","template":"","meta":{"content-type":"","_monsterinsights_skip_tracking":false,"_monsterinsights_sitenote_active":false,"_monsterinsights_sitenote_note":"","_monsterinsights_sitenote_category":0,"footnotes":""},"categories":[8],"tags":[],"class_list":["post-1919","page","type-page","status-publish","has-post-thumbnail","hentry","category-article"],"yoast_head":"<!-- This site is optimized with the Yoast SEO plugin v27.3 - https:\/\/yoast.com\/product\/yoast-seo-wordpress\/ -->\n<title>Energy efficiency and Dissolved Oxygen monitoring - Heation<\/title>\n<meta name=\"robots\" content=\"index, follow, max-snippet:-1, max-image-preview:large, max-video-preview:-1\" \/>\n<link rel=\"canonical\" href=\"https:\/\/heationab.com\/sv\/articles\/energy-efficiency-and-dissolved-oxigen-monitoring\/\" \/>\n<meta property=\"og:locale\" content=\"sv_SE\" \/>\n<meta property=\"og:type\" content=\"article\" \/>\n<meta property=\"og:title\" content=\"Energy efficiency and Dissolved Oxygen monitoring - Heation\" \/>\n<meta property=\"og:url\" content=\"https:\/\/heationab.com\/sv\/articles\/energy-efficiency-and-dissolved-oxigen-monitoring\/\" \/>\n<meta property=\"og:site_name\" content=\"Heation\" \/>\n<meta property=\"article:modified_time\" content=\"2026-03-12T15:38:52+00:00\" \/>\n<meta property=\"og:image\" content=\"https:\/\/heationab.com\/wp-content\/uploads\/20231127_153200-min-1.jpg\" \/>\n\t<meta property=\"og:image:width\" content=\"750\" \/>\n\t<meta property=\"og:image:height\" content=\"1339\" \/>\n\t<meta property=\"og:image:type\" content=\"image\/jpeg\" \/>\n<meta name=\"twitter:card\" content=\"summary_large_image\" \/>\n<meta name=\"twitter:label1\" content=\"Ber\u00e4knad l\u00e4stid\" \/>\n\t<meta name=\"twitter:data1\" content=\"3 minuter\" \/>\n<script type=\"application\/ld+json\" class=\"yoast-schema-graph\">{\"@context\":\"https:\\\/\\\/schema.org\",\"@graph\":[{\"@type\":\"WebPage\",\"@id\":\"https:\\\/\\\/heationab.com\\\/articles\\\/energy-efficiency-and-dissolved-oxigen-monitoring\\\/\",\"url\":\"https:\\\/\\\/heationab.com\\\/articles\\\/energy-efficiency-and-dissolved-oxigen-monitoring\\\/\",\"name\":\"Energy efficiency and Dissolved Oxygen monitoring - Heation\",\"isPartOf\":{\"@id\":\"https:\\\/\\\/heationab.com\\\/#website\"},\"primaryImageOfPage\":{\"@id\":\"https:\\\/\\\/heationab.com\\\/articles\\\/energy-efficiency-and-dissolved-oxigen-monitoring\\\/#primaryimage\"},\"image\":{\"@id\":\"https:\\\/\\\/heationab.com\\\/articles\\\/energy-efficiency-and-dissolved-oxigen-monitoring\\\/#primaryimage\"},\"thumbnailUrl\":\"https:\\\/\\\/i0.wp.com\\\/heationab.com\\\/wp-content\\\/uploads\\\/20231127_153200-min-1.jpg?fit=750%2C1339&ssl=1\",\"datePublished\":\"2024-08-01T09:11:42+00:00\",\"dateModified\":\"2026-03-12T15:38:52+00:00\",\"breadcrumb\":{\"@id\":\"https:\\\/\\\/heationab.com\\\/articles\\\/energy-efficiency-and-dissolved-oxigen-monitoring\\\/#breadcrumb\"},\"inLanguage\":\"sv-SE\",\"potentialAction\":[{\"@type\":\"ReadAction\",\"target\":[\"https:\\\/\\\/heationab.com\\\/articles\\\/energy-efficiency-and-dissolved-oxigen-monitoring\\\/\"]}]},{\"@type\":\"ImageObject\",\"inLanguage\":\"sv-SE\",\"@id\":\"https:\\\/\\\/heationab.com\\\/articles\\\/energy-efficiency-and-dissolved-oxigen-monitoring\\\/#primaryimage\",\"url\":\"https:\\\/\\\/i0.wp.com\\\/heationab.com\\\/wp-content\\\/uploads\\\/20231127_153200-min-1.jpg?fit=750%2C1339&ssl=1\",\"contentUrl\":\"https:\\\/\\\/i0.wp.com\\\/heationab.com\\\/wp-content\\\/uploads\\\/20231127_153200-min-1.jpg?fit=750%2C1339&ssl=1\",\"width\":750,\"height\":1339,\"caption\":\"MEBB+, Dissovled Oxigen monitoring system\"},{\"@type\":\"BreadcrumbList\",\"@id\":\"https:\\\/\\\/heationab.com\\\/articles\\\/energy-efficiency-and-dissolved-oxigen-monitoring\\\/#breadcrumb\",\"itemListElement\":[{\"@type\":\"ListItem\",\"position\":1,\"name\":\"Home\",\"item\":\"https:\\\/\\\/heationab.com\\\/\"},{\"@type\":\"ListItem\",\"position\":2,\"name\":\"Articles\",\"item\":\"https:\\\/\\\/heationab.com\\\/articles\\\/\"},{\"@type\":\"ListItem\",\"position\":3,\"name\":\"Energy efficiency and Dissolved Oxygen monitoring\"}]},{\"@type\":\"WebSite\",\"@id\":\"https:\\\/\\\/heationab.com\\\/#website\",\"url\":\"https:\\\/\\\/heationab.com\\\/\",\"name\":\"Heation\",\"description\":\"We create your solution\",\"publisher\":{\"@id\":\"https:\\\/\\\/heationab.com\\\/#organization\"},\"potentialAction\":[{\"@type\":\"SearchAction\",\"target\":{\"@type\":\"EntryPoint\",\"urlTemplate\":\"https:\\\/\\\/heationab.com\\\/?s={search_term_string}\"},\"query-input\":{\"@type\":\"PropertyValueSpecification\",\"valueRequired\":true,\"valueName\":\"search_term_string\"}}],\"inLanguage\":\"sv-SE\"},{\"@type\":\"Organization\",\"@id\":\"https:\\\/\\\/heationab.com\\\/#organization\",\"name\":\"Heation AB\",\"url\":\"https:\\\/\\\/heationab.com\\\/\",\"logo\":{\"@type\":\"ImageObject\",\"inLanguage\":\"sv-SE\",\"@id\":\"https:\\\/\\\/heationab.com\\\/#\\\/schema\\\/logo\\\/image\\\/\",\"url\":\"https:\\\/\\\/i0.wp.com\\\/heationab.com\\\/wp-content\\\/uploads\\\/logo-heation_vector-4A768E-blue-greyish.jpg?fit=842%2C596&ssl=1\",\"contentUrl\":\"https:\\\/\\\/i0.wp.com\\\/heationab.com\\\/wp-content\\\/uploads\\\/logo-heation_vector-4A768E-blue-greyish.jpg?fit=842%2C596&ssl=1\",\"width\":842,\"height\":596,\"caption\":\"Heation AB\"},\"image\":{\"@id\":\"https:\\\/\\\/heationab.com\\\/#\\\/schema\\\/logo\\\/image\\\/\"}}]}<\/script>\n<!-- \/ Yoast SEO plugin. -->","yoast_head_json":{"title":"Energy efficiency and Dissolved Oxygen monitoring - Heation","robots":{"index":"index","follow":"follow","max-snippet":"max-snippet:-1","max-image-preview":"max-image-preview:large","max-video-preview":"max-video-preview:-1"},"canonical":"https:\/\/heationab.com\/sv\/articles\/energy-efficiency-and-dissolved-oxigen-monitoring\/","og_locale":"sv_SE","og_type":"article","og_title":"Energy efficiency and Dissolved Oxygen monitoring - Heation","og_url":"https:\/\/heationab.com\/sv\/articles\/energy-efficiency-and-dissolved-oxigen-monitoring\/","og_site_name":"Heation","article_modified_time":"2026-03-12T15:38:52+00:00","og_image":[{"width":750,"height":1339,"url":"https:\/\/heationab.com\/wp-content\/uploads\/20231127_153200-min-1.jpg","type":"image\/jpeg"}],"twitter_card":"summary_large_image","twitter_misc":{"Ber\u00e4knad l\u00e4stid":"3 minuter"},"schema":{"@context":"https:\/\/schema.org","@graph":[{"@type":"WebPage","@id":"https:\/\/heationab.com\/articles\/energy-efficiency-and-dissolved-oxigen-monitoring\/","url":"https:\/\/heationab.com\/articles\/energy-efficiency-and-dissolved-oxigen-monitoring\/","name":"Energy efficiency and Dissolved Oxygen monitoring - Heation","isPartOf":{"@id":"https:\/\/heationab.com\/#website"},"primaryImageOfPage":{"@id":"https:\/\/heationab.com\/articles\/energy-efficiency-and-dissolved-oxigen-monitoring\/#primaryimage"},"image":{"@id":"https:\/\/heationab.com\/articles\/energy-efficiency-and-dissolved-oxigen-monitoring\/#primaryimage"},"thumbnailUrl":"https:\/\/i0.wp.com\/heationab.com\/wp-content\/uploads\/20231127_153200-min-1.jpg?fit=750%2C1339&ssl=1","datePublished":"2024-08-01T09:11:42+00:00","dateModified":"2026-03-12T15:38:52+00:00","breadcrumb":{"@id":"https:\/\/heationab.com\/articles\/energy-efficiency-and-dissolved-oxigen-monitoring\/#breadcrumb"},"inLanguage":"sv-SE","potentialAction":[{"@type":"ReadAction","target":["https:\/\/heationab.com\/articles\/energy-efficiency-and-dissolved-oxigen-monitoring\/"]}]},{"@type":"ImageObject","inLanguage":"sv-SE","@id":"https:\/\/heationab.com\/articles\/energy-efficiency-and-dissolved-oxigen-monitoring\/#primaryimage","url":"https:\/\/i0.wp.com\/heationab.com\/wp-content\/uploads\/20231127_153200-min-1.jpg?fit=750%2C1339&ssl=1","contentUrl":"https:\/\/i0.wp.com\/heationab.com\/wp-content\/uploads\/20231127_153200-min-1.jpg?fit=750%2C1339&ssl=1","width":750,"height":1339,"caption":"MEBB+, Dissovled Oxigen monitoring system"},{"@type":"BreadcrumbList","@id":"https:\/\/heationab.com\/articles\/energy-efficiency-and-dissolved-oxigen-monitoring\/#breadcrumb","itemListElement":[{"@type":"ListItem","position":1,"name":"Home","item":"https:\/\/heationab.com\/"},{"@type":"ListItem","position":2,"name":"Articles","item":"https:\/\/heationab.com\/articles\/"},{"@type":"ListItem","position":3,"name":"Energy efficiency and Dissolved Oxygen monitoring"}]},{"@type":"WebSite","@id":"https:\/\/heationab.com\/#website","url":"https:\/\/heationab.com\/","name":"Heation","description":"We create your solution","publisher":{"@id":"https:\/\/heationab.com\/#organization"},"potentialAction":[{"@type":"SearchAction","target":{"@type":"EntryPoint","urlTemplate":"https:\/\/heationab.com\/?s={search_term_string}"},"query-input":{"@type":"PropertyValueSpecification","valueRequired":true,"valueName":"search_term_string"}}],"inLanguage":"sv-SE"},{"@type":"Organization","@id":"https:\/\/heationab.com\/#organization","name":"Heation AB","url":"https:\/\/heationab.com\/","logo":{"@type":"ImageObject","inLanguage":"sv-SE","@id":"https:\/\/heationab.com\/#\/schema\/logo\/image\/","url":"https:\/\/i0.wp.com\/heationab.com\/wp-content\/uploads\/logo-heation_vector-4A768E-blue-greyish.jpg?fit=842%2C596&ssl=1","contentUrl":"https:\/\/i0.wp.com\/heationab.com\/wp-content\/uploads\/logo-heation_vector-4A768E-blue-greyish.jpg?fit=842%2C596&ssl=1","width":842,"height":596,"caption":"Heation AB"},"image":{"@id":"https:\/\/heationab.com\/#\/schema\/logo\/image\/"}}]}},"jetpack_sharing_enabled":true,"_links":{"self":[{"href":"https:\/\/heationab.com\/sv\/wp-json\/wp\/v2\/pages\/1919","targetHints":{"allow":["GET"]}}],"collection":[{"href":"https:\/\/heationab.com\/sv\/wp-json\/wp\/v2\/pages"}],"about":[{"href":"https:\/\/heationab.com\/sv\/wp-json\/wp\/v2\/types\/page"}],"author":[{"embeddable":true,"href":"https:\/\/heationab.com\/sv\/wp-json\/wp\/v2\/users\/1"}],"replies":[{"embeddable":true,"href":"https:\/\/heationab.com\/sv\/wp-json\/wp\/v2\/comments?post=1919"}],"version-history":[{"count":6,"href":"https:\/\/heationab.com\/sv\/wp-json\/wp\/v2\/pages\/1919\/revisions"}],"predecessor-version":[{"id":2116,"href":"https:\/\/heationab.com\/sv\/wp-json\/wp\/v2\/pages\/1919\/revisions\/2116"}],"up":[{"embeddable":true,"href":"https:\/\/heationab.com\/sv\/wp-json\/wp\/v2\/pages\/1855"}],"wp:featuredmedia":[{"embeddable":true,"href":"https:\/\/heationab.com\/sv\/wp-json\/wp\/v2\/media\/1923"}],"wp:attachment":[{"href":"https:\/\/heationab.com\/sv\/wp-json\/wp\/v2\/media?parent=1919"}],"wp:term":[{"taxonomy":"category","embeddable":true,"href":"https:\/\/heationab.com\/sv\/wp-json\/wp\/v2\/categories?post=1919"},{"taxonomy":"post_tag","embeddable":true,"href":"https:\/\/heationab.com\/sv\/wp-json\/wp\/v2\/tags?post=1919"}],"curies":[{"name":"wp","href":"https:\/\/api.w.org\/{rel}","templated":true}]}}