{"id":1799,"date":"2024-07-25T23:34:41","date_gmt":"2024-07-25T23:34:41","guid":{"rendered":"https:\/\/heationab.com\/?page_id=1799"},"modified":"2026-03-12T15:49:19","modified_gmt":"2026-03-12T15:49:19","slug":"water-treatment-pools","status":"publish","type":"page","link":"https:\/\/heationab.com\/sv\/water-treatment-pools\/","title":{"rendered":"Simhallar och Spaanl\u00e4ggningar"},"content":{"rendered":"<div class=\"wpb-content-wrapper\"><div class=\"vc_row wpb_row vc_row-fluid vc_row-o-content-middle vc_row-flex\"><div class=\"wpb_column vc_column_container vc_col-sm-6\"><div class=\"vc_column-inner\"><div class=\"wpb_wrapper\">\n\t<div class=\"wpb_text_column wpb_content_element\" >\n\t\t<div class=\"wpb_wrapper\">\n\t\t\t<h2><span style=\"font-weight: 400;\">Traditionella l\u00f6sningar<\/span><\/h2>\n<p>Traditionella vattenbehandlingssystem f\u00f6r pooler och spaanl\u00e4ggningar involverar vanligtvis en kombination av filtrering, klorering, kemiska tillsatser och ultraviolett (UV) desinfektion. Filtrering tar bort stora partiklar och skr\u00e4p, medan klorering d\u00f6dar bakterier och alger. Ytterligare kemikalier, s\u00e5som pH-balansmedel och algicider, anv\u00e4nds f\u00f6r att bibeh\u00e5lla vattenkvaliteten. UV-desinfektion hj\u00e4lper ytterligare genom att inaktivera mikroorganismer. Dessa metoder har dock nackdelar: filtrering kan inte ta bort alla f\u00f6roreningar, klor kan orsaka hud- och \u00f6gonirritation och har en obehaglig lukt, \u00f6verdriven anv\u00e4ndning av kemikalier kan leda till vattenobalans och milj\u00f6skador, och UV-system kr\u00e4ver regelbundet underh\u00e5ll och ger ingen kvarvarande desinfektion.<\/p>\n\n\t\t<\/div>\n\t<\/div>\n<\/div><\/div><\/div><div class=\"wpb_column vc_column_container vc_col-sm-6\"><div class=\"vc_column-inner\"><div class=\"wpb_wrapper\">\n\t<div  class=\"wpb_single_image wpb_content_element vc_align_left wpb_content_element\">\n\t\t\n\t\t<figure class=\"wpb_wrapper vc_figure\">\n\t\t\t<a href=\"https:\/\/heationab.com\/sv\/industrial-water-filters-in-stainless-steel\/stainless-steel-inline-basket-filter\/\" target=\"_self\" class=\"vc_single_image-wrapper   vc_box_border_grey\"><img decoding=\"async\" width=\"790\" height=\"776\" data-src=\"https:\/\/i0.wp.com\/heationab.com\/wp-content\/uploads\/swimming-pool.jpg?fit=790%2C776&amp;ssl=1\" class=\"vc_single_image-img attachment-large lazyload\" alt=\"\" title=\"swimming pool\" data-srcset=\"https:\/\/i0.wp.com\/heationab.com\/wp-content\/uploads\/swimming-pool.jpg?w=1042&amp;ssl=1 1042w, https:\/\/i0.wp.com\/heationab.com\/wp-content\/uploads\/swimming-pool.jpg?resize=300%2C295&amp;ssl=1 300w, https:\/\/i0.wp.com\/heationab.com\/wp-content\/uploads\/swimming-pool.jpg?resize=1024%2C1006&amp;ssl=1 1024w, https:\/\/i0.wp.com\/heationab.com\/wp-content\/uploads\/swimming-pool.jpg?resize=150%2C147&amp;ssl=1 150w, https:\/\/i0.wp.com\/heationab.com\/wp-content\/uploads\/swimming-pool.jpg?resize=768%2C755&amp;ssl=1 768w, https:\/\/i0.wp.com\/heationab.com\/wp-content\/uploads\/swimming-pool.jpg?resize=12%2C12&amp;ssl=1 12w\" data-sizes=\"(max-width: 790px) 100vw, 790px\" src=\"data:image\/svg+xml;base64,PHN2ZyB3aWR0aD0iMSIgaGVpZ2h0PSIxIiB4bWxucz0iaHR0cDovL3d3dy53My5vcmcvMjAwMC9zdmciPjwvc3ZnPg==\" style=\"--smush-placeholder-width: 790px; --smush-placeholder-aspect-ratio: 790\/776;\" \/><\/a>\n\t\t<\/figure>\n\t<\/div>\n<\/div><\/div><\/div><\/div><div class=\"vc_row wpb_row vc_row-fluid vc_row-o-content-middle vc_row-flex\"><div class=\"wpb_column vc_column_container vc_col-sm-6\"><div class=\"vc_column-inner\"><div class=\"wpb_wrapper\">\n\t<div  class=\"wpb_single_image wpb_content_element vc_align_left wpb_content_element\">\n\t\t\n\t\t<figure class=\"wpb_wrapper vc_figure\">\n\t\t\t<a href=\"https:\/\/heationab.com\/sv\/industrial-water-filters-in-stainless-steel\/stainless-steel-inline-basket-filter\/\" target=\"_self\" class=\"vc_single_image-wrapper   vc_box_border_grey\"><img decoding=\"async\" width=\"707\" height=\"1024\" data-src=\"https:\/\/i0.wp.com\/heationab.com\/wp-content\/uploads\/swimming-pool-spa.jpg?fit=707%2C1024&amp;ssl=1\" class=\"vc_single_image-img attachment-large lazyload\" alt=\"\" title=\"swimming pool spa\" data-srcset=\"https:\/\/i0.wp.com\/heationab.com\/wp-content\/uploads\/swimming-pool-spa.jpg?w=707&amp;ssl=1 707w, https:\/\/i0.wp.com\/heationab.com\/wp-content\/uploads\/swimming-pool-spa.jpg?resize=207%2C300&amp;ssl=1 207w, https:\/\/i0.wp.com\/heationab.com\/wp-content\/uploads\/swimming-pool-spa.jpg?resize=104%2C150&amp;ssl=1 104w, https:\/\/i0.wp.com\/heationab.com\/wp-content\/uploads\/swimming-pool-spa.jpg?resize=8%2C12&amp;ssl=1 8w\" data-sizes=\"(max-width: 707px) 100vw, 707px\" src=\"data:image\/svg+xml;base64,PHN2ZyB3aWR0aD0iMSIgaGVpZ2h0PSIxIiB4bWxucz0iaHR0cDovL3d3dy53My5vcmcvMjAwMC9zdmciPjwvc3ZnPg==\" style=\"--smush-placeholder-width: 707px; --smush-placeholder-aspect-ratio: 707\/1024;\" \/><\/a>\n\t\t<\/figure>\n\t<\/div>\n<\/div><\/div><\/div><div class=\"wpb_column vc_column_container vc_col-sm-6\"><div class=\"vc_column-inner\"><div class=\"wpb_wrapper\">\n\t<div class=\"wpb_text_column wpb_content_element\" >\n\t\t<div class=\"wpb_wrapper\">\n\t\t\t<h2><span style=\"font-weight: 400;\">V\u00e5r l\u00f6sning<\/span><\/h2>\n<p>V\u00e5rt avancerade vattenreningssystem \u00f6vervakar kontinuerligt vattenparametrar och j\u00e4mf\u00f6r dem med f\u00f6rbest\u00e4mda gr\u00e4nser. Detta f\u00f6rebyggande system anv\u00e4nder dataanalys f\u00f6r att till\u00e4mpa den optimala kombinationen av avancerade tekniker, inklusive:<\/p>\n<ol>\n<li><strong>Elektroporering<\/strong>: Detta inneb\u00e4r att man applicerar en specifik sp\u00e4nning f\u00f6r att f\u00f6r\u00e4ndra den elektroosmotiska balansen i biologiska celler, vilket leder till inaktivering och d\u00f6d av mikroorganismer.<\/li>\n<li><strong>Avancerad oxidation<\/strong>: Anv\u00e4ndning av kraftiga oxidanter f\u00f6r att bryta ner organiska f\u00f6roreningar och desinficera vattnet.<\/li>\n<li><strong>Anodisk oxidation<\/strong>: Genererar starka oxidationsmedel direkt vid anoden, vilket f\u00f6rb\u00e4ttrar desinfektionsprocessen.<\/li>\n<li><strong>Oxidantproduktion<\/strong>: Producerar oxiderande medel som effektivt eliminerar patogener och organiska f\u00f6roreningar.<\/li>\n<\/ol>\n\n\t\t<\/div>\n\t<\/div>\n<\/div><\/div><\/div><\/div><div class=\"vc_row wpb_row vc_row-fluid\"><div class=\"wpb_column vc_column_container vc_col-sm-12\"><div class=\"vc_column-inner\"><div class=\"wpb_wrapper\">\n\t<div class=\"wpb_text_column wpb_content_element\" >\n\t\t<div class=\"wpb_wrapper\">\n\t\t\t<h2>\u00c4r du en anl\u00e4ggnings\u00e4gare eller sk\u00f6tare?<\/h2>\n<p>V\u00e5rt avancerade vattenreningssystem erbjuder m\u00e5nga f\u00f6rdelar:<\/p>\n<ul>\n<li><strong>Kemikaliefri behandling<\/strong>: Eliminerar behovet av att hantera, administrera och lagra kemikalier, vilket s\u00e4kerst\u00e4ller en s\u00e4krare och mer milj\u00f6v\u00e4nlig l\u00f6sning.<\/li>\n<li><strong>Vatten- och energibesparingar<\/strong>: Minskar vattenf\u00f6rbrukningen och den energi som kr\u00e4vs f\u00f6r uppv\u00e4rmning med 75-95%, vilket fr\u00e4mjar h\u00e5llbarhet och kostnadseffektivitet.<\/li>\n<li><strong>Arbetsminskning<\/strong>: Minskar arbetstiden f\u00f6r poolunderh\u00e5ll med 50%, vilket m\u00f6jligg\u00f6r mer effektiv och mindre tidskr\u00e4vande sk\u00f6tsel.<\/li>\n<li><strong>F\u00f6rb\u00e4ttrad vattenkvalitet<\/strong>: Avl\u00e4gsnar effektivt fett fr\u00e5n vattenlinjen och minskar grumlighet med 50-70%, vilket resulterar i renare och klarare vatten.<\/li>\n<li><strong>F\u00f6rb\u00e4ttrad sanitet och s\u00e4kerhet<\/strong>: Ger st\u00e4ndig kvalitetskontroll och automatiserade svar f\u00f6r att s\u00e4kerst\u00e4lla \u00f6verl\u00e4gsen sanitet och s\u00e4kerhet.<\/li>\n<li><strong>Fj\u00e4rrstyrning<\/strong>: Helt operativ i fj\u00e4rrl\u00e4ge, vilket m\u00f6jligg\u00f6r bekv\u00e4m \u00f6vervakning och hantering fr\u00e5n vilken plats som helst.<\/li>\n<\/ul>\n<h3>Vad s\u00e4gs om anv\u00e4ndarupplevelsen?<\/h3>\n<ul>\n<li><strong>Kristallklart vatten<\/strong>: Upplev en behaglig simupplevelse i vatten som \u00e4r exceptionellt klart och rent.<\/li>\n<li><strong>Optimal sanitet<\/strong>: Dra nytta av konsekvent h\u00f6g sanitet och hygieniska f\u00f6rh\u00e5llanden utan anv\u00e4ndning av starka kemikalier.<\/li>\n<li><strong>Ingen kemisk lukt eller smak<\/strong>: Simma i vatten som \u00e4r fritt fr\u00e5n obehagliga kemiska lukter och smaker.<\/li>\n<li><strong>Skonsam mot hud och \u00f6gon<\/strong>: Upplev ingen irritation, torrhet eller obehag p\u00e5 huden eller slemhinnorna.<\/li>\n<li><strong>Inga saltrester<\/strong>: Undvik saltavlagringar p\u00e5 hud, kl\u00e4der och h\u00e5r, vilket s\u00e4kerst\u00e4ller en mer bekv\u00e4m och njutbar simtur.<\/li>\n<\/ul>\n\n\t\t<\/div>\n\t<\/div>\n\n\t<div class=\"wpb_text_column wpb_content_element\" >\n\t\t<div class=\"wpb_wrapper\">\n\t\t\t<h2 style=\"text-align: center;\"><span style=\"font-weight: 400;\">Vill du veta mer?<\/span><\/h2>\n\n\t\t<\/div>\n\t<\/div>\n<div class=\"vc_btn3-container vc_btn3-center vc_do_btn\" ><a class=\"vc_general vc_btn3 vc_btn3-size-lg vc_btn3-shape-round vc_btn3-style-3d vc_btn3-color-primary\" href=\"https:\/\/share.hsforms.com\/1MIq_w1nhTKqJx9YtZ6GbbA3j7az\" title=\"F\u00c5 OFFERT\" target=\"_blank\">TA KONTAKT MED OSS !<\/a><\/div><\/div><\/div><\/div><\/div><div data-vc-full-width=\"true\" data-vc-full-width-init=\"false\" data-vc-stretch-content=\"true\" class=\"vc_row wpb_row vc_row-fluid\"><div class=\"wpb_column vc_column_container vc_col-sm-12\"><div class=\"vc_column-inner\"><div class=\"wpb_wrapper\">\n\t<div  class=\"wpb_single_image wpb_content_element vc_align_center wpb_content_element\">\n\t\t\n\t\t<figure class=\"wpb_wrapper vc_figure\">\n\t\t\t<a href=\"https:\/\/heationab.com\/sv\/industrial-water-filters-in-stainless-steel\/stainless-steel-inline-basket-filter\/\" target=\"_self\" class=\"vc_single_image-wrapper   vc_box_border_grey\"><img decoding=\"async\" width=\"790\" height=\"449\" data-src=\"https:\/\/i0.wp.com\/heationab.com\/wp-content\/uploads\/water-treatment-system_005-min.png?fit=790%2C449&amp;ssl=1\" class=\"vc_single_image-img attachment-large lazyload\" alt=\"\" title=\"water treatment system_005-min\" data-srcset=\"https:\/\/i0.wp.com\/heationab.com\/wp-content\/uploads\/water-treatment-system_005-min.png?w=2006&amp;ssl=1 2006w, https:\/\/i0.wp.com\/heationab.com\/wp-content\/uploads\/water-treatment-system_005-min.png?resize=300%2C170&amp;ssl=1 300w, https:\/\/i0.wp.com\/heationab.com\/wp-content\/uploads\/water-treatment-system_005-min.png?resize=1024%2C582&amp;ssl=1 1024w, https:\/\/i0.wp.com\/heationab.com\/wp-content\/uploads\/water-treatment-system_005-min.png?resize=150%2C85&amp;ssl=1 150w, https:\/\/i0.wp.com\/heationab.com\/wp-content\/uploads\/water-treatment-system_005-min.png?resize=768%2C436&amp;ssl=1 768w, https:\/\/i0.wp.com\/heationab.com\/wp-content\/uploads\/water-treatment-system_005-min.png?resize=1536%2C873&amp;ssl=1 1536w, https:\/\/i0.wp.com\/heationab.com\/wp-content\/uploads\/water-treatment-system_005-min.png?resize=18%2C10&amp;ssl=1 18w, https:\/\/i0.wp.com\/heationab.com\/wp-content\/uploads\/water-treatment-system_005-min.png?resize=350%2C200&amp;ssl=1 350w\" data-sizes=\"(max-width: 790px) 100vw, 790px\" src=\"data:image\/svg+xml;base64,PHN2ZyB3aWR0aD0iMSIgaGVpZ2h0PSIxIiB4bWxucz0iaHR0cDovL3d3dy53My5vcmcvMjAwMC9zdmciPjwvc3ZnPg==\" style=\"--smush-placeholder-width: 790px; --smush-placeholder-aspect-ratio: 790\/449;\" \/><\/a>\n\t\t<\/figure>\n\t<\/div>\n<\/div><\/div><\/div><\/div><div class=\"vc_row-full-width vc_clearfix\"><\/div>\n<\/div>","protected":false},"excerpt":{"rendered":"Traditional Solutions Traditional water treatment systems for pools and spas typically involve a combination of filtration, chlorination, chemical additives, and ultraviolet (UV) disinfection. Filtration removes large particles and debris, while chlorination kills bacteria and algae. Additional chemicals, such as pH balancers and algaecides, are used to maintain water quality. UV...","protected":false},"author":1,"featured_media":0,"parent":0,"menu_order":0,"comment_status":"closed","ping_status":"closed","template":"templates\/full-width-page.php","meta":{"content-type":"","_monsterinsights_skip_tracking":false,"_monsterinsights_sitenote_active":false,"_monsterinsights_sitenote_note":"","_monsterinsights_sitenote_category":0,"footnotes":""},"categories":[],"tags":[],"class_list":["post-1799","page","type-page","status-publish","hentry"],"yoast_head":"<!-- This site is optimized with the Yoast SEO plugin v27.3 - https:\/\/yoast.com\/product\/yoast-seo-wordpress\/ -->\n<title>Swimming Pools &amp; Spas - Heation<\/title>\n<meta name=\"robots\" content=\"index, follow, max-snippet:-1, max-image-preview:large, max-video-preview:-1\" \/>\n<link rel=\"canonical\" href=\"https:\/\/heationab.com\/sv\/water-treatment-pools\/\" \/>\n<meta property=\"og:locale\" content=\"sv_SE\" \/>\n<meta property=\"og:type\" content=\"article\" \/>\n<meta property=\"og:title\" content=\"Swimming Pools &amp; Spas - Heation\" \/>\n<meta property=\"og:url\" content=\"https:\/\/heationab.com\/sv\/water-treatment-pools\/\" \/>\n<meta property=\"og:site_name\" content=\"Heation\" \/>\n<meta property=\"article:modified_time\" content=\"2026-03-12T15:49:19+00:00\" \/>\n<meta name=\"twitter:card\" content=\"summary_large_image\" \/>\n<meta name=\"twitter:label1\" content=\"Ber\u00e4knad l\u00e4stid\" \/>\n\t<meta name=\"twitter:data1\" content=\"2 minuter\" \/>\n<script type=\"application\/ld+json\" class=\"yoast-schema-graph\">{\"@context\":\"https:\\\/\\\/schema.org\",\"@graph\":[{\"@type\":\"WebPage\",\"@id\":\"https:\\\/\\\/heationab.com\\\/water-treatment-pools\\\/\",\"url\":\"https:\\\/\\\/heationab.com\\\/water-treatment-pools\\\/\",\"name\":\"Swimming Pools & Spas - Heation\",\"isPartOf\":{\"@id\":\"https:\\\/\\\/heationab.com\\\/#website\"},\"datePublished\":\"2024-07-25T23:34:41+00:00\",\"dateModified\":\"2026-03-12T15:49:19+00:00\",\"breadcrumb\":{\"@id\":\"https:\\\/\\\/heationab.com\\\/water-treatment-pools\\\/#breadcrumb\"},\"inLanguage\":\"sv-SE\",\"potentialAction\":[{\"@type\":\"ReadAction\",\"target\":[\"https:\\\/\\\/heationab.com\\\/water-treatment-pools\\\/\"]}]},{\"@type\":\"BreadcrumbList\",\"@id\":\"https:\\\/\\\/heationab.com\\\/water-treatment-pools\\\/#breadcrumb\",\"itemListElement\":[{\"@type\":\"ListItem\",\"position\":1,\"name\":\"Home\",\"item\":\"https:\\\/\\\/heationab.com\\\/\"},{\"@type\":\"ListItem\",\"position\":2,\"name\":\"Swimming Pools &#038; Spas\"}]},{\"@type\":\"WebSite\",\"@id\":\"https:\\\/\\\/heationab.com\\\/#website\",\"url\":\"https:\\\/\\\/heationab.com\\\/\",\"name\":\"Heation\",\"description\":\"We create your solution\",\"publisher\":{\"@id\":\"https:\\\/\\\/heationab.com\\\/#organization\"},\"potentialAction\":[{\"@type\":\"SearchAction\",\"target\":{\"@type\":\"EntryPoint\",\"urlTemplate\":\"https:\\\/\\\/heationab.com\\\/?s={search_term_string}\"},\"query-input\":{\"@type\":\"PropertyValueSpecification\",\"valueRequired\":true,\"valueName\":\"search_term_string\"}}],\"inLanguage\":\"sv-SE\"},{\"@type\":\"Organization\",\"@id\":\"https:\\\/\\\/heationab.com\\\/#organization\",\"name\":\"Heation AB\",\"url\":\"https:\\\/\\\/heationab.com\\\/\",\"logo\":{\"@type\":\"ImageObject\",\"inLanguage\":\"sv-SE\",\"@id\":\"https:\\\/\\\/heationab.com\\\/#\\\/schema\\\/logo\\\/image\\\/\",\"url\":\"https:\\\/\\\/i0.wp.com\\\/heationab.com\\\/wp-content\\\/uploads\\\/logo-heation_vector-4A768E-blue-greyish.jpg?fit=842%2C596&ssl=1\",\"contentUrl\":\"https:\\\/\\\/i0.wp.com\\\/heationab.com\\\/wp-content\\\/uploads\\\/logo-heation_vector-4A768E-blue-greyish.jpg?fit=842%2C596&ssl=1\",\"width\":842,\"height\":596,\"caption\":\"Heation AB\"},\"image\":{\"@id\":\"https:\\\/\\\/heationab.com\\\/#\\\/schema\\\/logo\\\/image\\\/\"}}]}<\/script>\n<!-- \/ Yoast SEO plugin. -->","yoast_head_json":{"title":"Swimming Pools & Spas - Heation","robots":{"index":"index","follow":"follow","max-snippet":"max-snippet:-1","max-image-preview":"max-image-preview:large","max-video-preview":"max-video-preview:-1"},"canonical":"https:\/\/heationab.com\/sv\/water-treatment-pools\/","og_locale":"sv_SE","og_type":"article","og_title":"Swimming Pools & Spas - Heation","og_url":"https:\/\/heationab.com\/sv\/water-treatment-pools\/","og_site_name":"Heation","article_modified_time":"2026-03-12T15:49:19+00:00","twitter_card":"summary_large_image","twitter_misc":{"Ber\u00e4knad l\u00e4stid":"2 minuter"},"schema":{"@context":"https:\/\/schema.org","@graph":[{"@type":"WebPage","@id":"https:\/\/heationab.com\/water-treatment-pools\/","url":"https:\/\/heationab.com\/water-treatment-pools\/","name":"Swimming Pools & Spas - Heation","isPartOf":{"@id":"https:\/\/heationab.com\/#website"},"datePublished":"2024-07-25T23:34:41+00:00","dateModified":"2026-03-12T15:49:19+00:00","breadcrumb":{"@id":"https:\/\/heationab.com\/water-treatment-pools\/#breadcrumb"},"inLanguage":"sv-SE","potentialAction":[{"@type":"ReadAction","target":["https:\/\/heationab.com\/water-treatment-pools\/"]}]},{"@type":"BreadcrumbList","@id":"https:\/\/heationab.com\/water-treatment-pools\/#breadcrumb","itemListElement":[{"@type":"ListItem","position":1,"name":"Home","item":"https:\/\/heationab.com\/"},{"@type":"ListItem","position":2,"name":"Swimming Pools &#038; Spas"}]},{"@type":"WebSite","@id":"https:\/\/heationab.com\/#website","url":"https:\/\/heationab.com\/","name":"Heation","description":"We create your solution","publisher":{"@id":"https:\/\/heationab.com\/#organization"},"potentialAction":[{"@type":"SearchAction","target":{"@type":"EntryPoint","urlTemplate":"https:\/\/heationab.com\/?s={search_term_string}"},"query-input":{"@type":"PropertyValueSpecification","valueRequired":true,"valueName":"search_term_string"}}],"inLanguage":"sv-SE"},{"@type":"Organization","@id":"https:\/\/heationab.com\/#organization","name":"Heation AB","url":"https:\/\/heationab.com\/","logo":{"@type":"ImageObject","inLanguage":"sv-SE","@id":"https:\/\/heationab.com\/#\/schema\/logo\/image\/","url":"https:\/\/i0.wp.com\/heationab.com\/wp-content\/uploads\/logo-heation_vector-4A768E-blue-greyish.jpg?fit=842%2C596&ssl=1","contentUrl":"https:\/\/i0.wp.com\/heationab.com\/wp-content\/uploads\/logo-heation_vector-4A768E-blue-greyish.jpg?fit=842%2C596&ssl=1","width":842,"height":596,"caption":"Heation AB"},"image":{"@id":"https:\/\/heationab.com\/#\/schema\/logo\/image\/"}}]}},"jetpack_sharing_enabled":true,"_links":{"self":[{"href":"https:\/\/heationab.com\/sv\/wp-json\/wp\/v2\/pages\/1799","targetHints":{"allow":["GET"]}}],"collection":[{"href":"https:\/\/heationab.com\/sv\/wp-json\/wp\/v2\/pages"}],"about":[{"href":"https:\/\/heationab.com\/sv\/wp-json\/wp\/v2\/types\/page"}],"author":[{"embeddable":true,"href":"https:\/\/heationab.com\/sv\/wp-json\/wp\/v2\/users\/1"}],"replies":[{"embeddable":true,"href":"https:\/\/heationab.com\/sv\/wp-json\/wp\/v2\/comments?post=1799"}],"version-history":[{"count":6,"href":"https:\/\/heationab.com\/sv\/wp-json\/wp\/v2\/pages\/1799\/revisions"}],"predecessor-version":[{"id":2327,"href":"https:\/\/heationab.com\/sv\/wp-json\/wp\/v2\/pages\/1799\/revisions\/2327"}],"wp:attachment":[{"href":"https:\/\/heationab.com\/sv\/wp-json\/wp\/v2\/media?parent=1799"}],"wp:term":[{"taxonomy":"category","embeddable":true,"href":"https:\/\/heationab.com\/sv\/wp-json\/wp\/v2\/categories?post=1799"},{"taxonomy":"post_tag","embeddable":true,"href":"https:\/\/heationab.com\/sv\/wp-json\/wp\/v2\/tags?post=1799"}],"curies":[{"name":"wp","href":"https:\/\/api.w.org\/{rel}","templated":true}]}}