{"id":1759,"date":"2023-08-12T11:12:26","date_gmt":"2023-08-12T11:12:26","guid":{"rendered":"https:\/\/heationab.com\/?page_id=1759"},"modified":"2025-10-06T15:43:23","modified_gmt":"2025-10-06T15:43:23","slug":"we-are-in-metoree","status":"publish","type":"page","link":"https:\/\/heationab.com\/sv\/articles\/we-are-in-metoree\/","title":{"rendered":"Vi finns med i Metoree!"},"content":{"rendered":"<div class=\"wpb-content-wrapper\"><div class=\"vc_row wpb_row vc_row-fluid\"><div class=\"wpb_column vc_column_container vc_col-sm-12\"><div class=\"vc_column-inner\"><div class=\"wpb_wrapper\">\n\t<div  class=\"wpb_single_image wpb_content_element vc_align_left wpb_content_element\">\n\t\t\n\t\t<figure class=\"wpb_wrapper vc_figure\">\n\t\t\t<div class=\"vc_single_image-wrapper   vc_box_border_grey\"><img decoding=\"async\" width=\"150\" height=\"30\" data-src=\"https:\/\/i0.wp.com\/heationab.com\/wp-content\/uploads\/metoree-logo-all.png?fit=150%2C30&amp;ssl=1\" class=\"vc_single_image-img attachment-thumbnail lazyload\" alt=\"metoree\" title=\"metoree\" data-srcset=\"https:\/\/i0.wp.com\/heationab.com\/wp-content\/uploads\/metoree-logo-all.png?w=300&amp;ssl=1 300w, https:\/\/i0.wp.com\/heationab.com\/wp-content\/uploads\/metoree-logo-all.png?resize=150%2C30&amp;ssl=1 150w, https:\/\/i0.wp.com\/heationab.com\/wp-content\/uploads\/metoree-logo-all.png?resize=18%2C4&amp;ssl=1 18w\" data-sizes=\"(max-width: 150px) 100vw, 150px\" src=\"data:image\/svg+xml;base64,PHN2ZyB3aWR0aD0iMSIgaGVpZ2h0PSIxIiB4bWxucz0iaHR0cDovL3d3dy53My5vcmcvMjAwMC9zdmciPjwvc3ZnPg==\" style=\"--smush-placeholder-width: 150px; --smush-placeholder-aspect-ratio: 150\/30;\" \/><\/div>\n\t\t<\/figure>\n\t<\/div>\n<\/div><\/div><\/div><\/div><div class=\"vc_row wpb_row vc_row-fluid\"><div class=\"wpb_column vc_column_container vc_col-sm-12\"><div class=\"vc_column-inner\"><div class=\"wpb_wrapper\">\n\t<div class=\"wpb_text_column wpb_content_element\" >\n\t\t<div class=\"wpb_wrapper\">\n\t\t\t<h3>Vi finns med i Metoree!<\/h3>\n<p>Vi \u00e4r mycket glada att kunna meddela att v\u00e5rt h\u00f6gkvalitativa vattenfilter har visats p\u00e5\u00a0<a href=\"https:\/\/es.metoree.com\/companies\/5010084\/\" target=\"_blank\" rel=\"noopener\">Metoree website<\/a>.<\/p>\n<p>Metoree visar produkt- och tillverkardata och presenterar ett brett utbud av produkter, vilket ger anv\u00e4ndbar information som hj\u00e4lper dig att j\u00e4mf\u00f6ra och v\u00e4lja produkter och tillverkare.<\/p>\n<p>P\u00e5 Metorees hemsida hittar du v\u00e5ra:<\/p>\n<ul>\n<li><a href=\"https:\/\/es.metoree.com\/categories\/3074\/\" target=\"_blank\" rel=\"noopener\">Inline-filter<\/a><\/li>\n<li><a href=\"https:\/\/es.metoree.com\/categories\/4965\/\" target=\"_blank\" rel=\"noopener\">Filtreringsutrustning<\/a><\/li>\n<\/ul>\n\n\t\t<\/div>\n\t<\/div>\n<\/div><\/div><\/div><\/div>\n<\/div>","protected":false},"excerpt":{"rendered":"We are a featured company on Metoree! We are very pleased to announce that our high-quality water filters are featured on the\u00a0Metoree website. Metoree showcases product- and manufacturer data and features a wide variety of products, providing useful information that helps you compare and select products and manufacturers. In the...","protected":false},"author":1,"featured_media":1538,"parent":1855,"menu_order":0,"comment_status":"closed","ping_status":"closed","template":"","meta":{"content-type":"","_monsterinsights_skip_tracking":false,"_monsterinsights_sitenote_active":false,"_monsterinsights_sitenote_note":"","_monsterinsights_sitenote_category":0,"footnotes":""},"categories":[9],"tags":[],"class_list":["post-1759","page","type-page","status-publish","has-post-thumbnail","hentry","category-news"],"yoast_head":"<!-- This site is optimized with the Yoast SEO plugin v27.3 - https:\/\/yoast.com\/product\/yoast-seo-wordpress\/ -->\n<title>We are in Metoree! - Heation<\/title>\n<meta name=\"robots\" content=\"index, follow, max-snippet:-1, max-image-preview:large, max-video-preview:-1\" \/>\n<link rel=\"canonical\" href=\"https:\/\/heationab.com\/sv\/articles\/we-are-in-metoree\/\" \/>\n<meta property=\"og:locale\" content=\"sv_SE\" \/>\n<meta property=\"og:type\" content=\"article\" \/>\n<meta property=\"og:title\" content=\"We are in Metoree! - Heation\" \/>\n<meta property=\"og:url\" content=\"https:\/\/heationab.com\/sv\/articles\/we-are-in-metoree\/\" \/>\n<meta property=\"og:site_name\" content=\"Heation\" \/>\n<meta property=\"article:modified_time\" content=\"2025-10-06T15:43:23+00:00\" \/>\n<meta property=\"og:image\" content=\"https:\/\/heationab.com\/wp-content\/uploads\/a-swipe_001.png\" \/>\n\t<meta property=\"og:image:width\" content=\"1617\" \/>\n\t<meta property=\"og:image:height\" content=\"1639\" \/>\n\t<meta property=\"og:image:type\" content=\"image\/png\" \/>\n<meta name=\"twitter:card\" content=\"summary_large_image\" \/>\n<meta name=\"twitter:label1\" content=\"Ber\u00e4knad l\u00e4stid\" \/>\n\t<meta name=\"twitter:data1\" content=\"1 minut\" \/>\n<script type=\"application\/ld+json\" class=\"yoast-schema-graph\">{\"@context\":\"https:\\\/\\\/schema.org\",\"@graph\":[{\"@type\":\"WebPage\",\"@id\":\"https:\\\/\\\/heationab.com\\\/articles\\\/we-are-in-metoree\\\/\",\"url\":\"https:\\\/\\\/heationab.com\\\/articles\\\/we-are-in-metoree\\\/\",\"name\":\"We are in Metoree! - Heation\",\"isPartOf\":{\"@id\":\"https:\\\/\\\/heationab.com\\\/#website\"},\"primaryImageOfPage\":{\"@id\":\"https:\\\/\\\/heationab.com\\\/articles\\\/we-are-in-metoree\\\/#primaryimage\"},\"image\":{\"@id\":\"https:\\\/\\\/heationab.com\\\/articles\\\/we-are-in-metoree\\\/#primaryimage\"},\"thumbnailUrl\":\"https:\\\/\\\/i0.wp.com\\\/heationab.com\\\/wp-content\\\/uploads\\\/a-swipe_001.png?fit=1617%2C1639&ssl=1\",\"datePublished\":\"2023-08-12T11:12:26+00:00\",\"dateModified\":\"2025-10-06T15:43:23+00:00\",\"breadcrumb\":{\"@id\":\"https:\\\/\\\/heationab.com\\\/articles\\\/we-are-in-metoree\\\/#breadcrumb\"},\"inLanguage\":\"sv-SE\",\"potentialAction\":[{\"@type\":\"ReadAction\",\"target\":[\"https:\\\/\\\/heationab.com\\\/articles\\\/we-are-in-metoree\\\/\"]}]},{\"@type\":\"ImageObject\",\"inLanguage\":\"sv-SE\",\"@id\":\"https:\\\/\\\/heationab.com\\\/articles\\\/we-are-in-metoree\\\/#primaryimage\",\"url\":\"https:\\\/\\\/i0.wp.com\\\/heationab.com\\\/wp-content\\\/uploads\\\/a-swipe_001.png?fit=1617%2C1639&ssl=1\",\"contentUrl\":\"https:\\\/\\\/i0.wp.com\\\/heationab.com\\\/wp-content\\\/uploads\\\/a-swipe_001.png?fit=1617%2C1639&ssl=1\",\"width\":1617,\"height\":1639,\"caption\":\"automatic brush filter - a-swipe\"},{\"@type\":\"BreadcrumbList\",\"@id\":\"https:\\\/\\\/heationab.com\\\/articles\\\/we-are-in-metoree\\\/#breadcrumb\",\"itemListElement\":[{\"@type\":\"ListItem\",\"position\":1,\"name\":\"Home\",\"item\":\"https:\\\/\\\/heationab.com\\\/\"},{\"@type\":\"ListItem\",\"position\":2,\"name\":\"Articles\",\"item\":\"https:\\\/\\\/heationab.com\\\/articles\\\/\"},{\"@type\":\"ListItem\",\"position\":3,\"name\":\"We are in Metoree!\"}]},{\"@type\":\"WebSite\",\"@id\":\"https:\\\/\\\/heationab.com\\\/#website\",\"url\":\"https:\\\/\\\/heationab.com\\\/\",\"name\":\"Heation\",\"description\":\"We create your solution\",\"publisher\":{\"@id\":\"https:\\\/\\\/heationab.com\\\/#organization\"},\"potentialAction\":[{\"@type\":\"SearchAction\",\"target\":{\"@type\":\"EntryPoint\",\"urlTemplate\":\"https:\\\/\\\/heationab.com\\\/?s={search_term_string}\"},\"query-input\":{\"@type\":\"PropertyValueSpecification\",\"valueRequired\":true,\"valueName\":\"search_term_string\"}}],\"inLanguage\":\"sv-SE\"},{\"@type\":\"Organization\",\"@id\":\"https:\\\/\\\/heationab.com\\\/#organization\",\"name\":\"Heation AB\",\"url\":\"https:\\\/\\\/heationab.com\\\/\",\"logo\":{\"@type\":\"ImageObject\",\"inLanguage\":\"sv-SE\",\"@id\":\"https:\\\/\\\/heationab.com\\\/#\\\/schema\\\/logo\\\/image\\\/\",\"url\":\"https:\\\/\\\/i0.wp.com\\\/heationab.com\\\/wp-content\\\/uploads\\\/logo-heation_vector-4A768E-blue-greyish.jpg?fit=842%2C596&ssl=1\",\"contentUrl\":\"https:\\\/\\\/i0.wp.com\\\/heationab.com\\\/wp-content\\\/uploads\\\/logo-heation_vector-4A768E-blue-greyish.jpg?fit=842%2C596&ssl=1\",\"width\":842,\"height\":596,\"caption\":\"Heation AB\"},\"image\":{\"@id\":\"https:\\\/\\\/heationab.com\\\/#\\\/schema\\\/logo\\\/image\\\/\"}}]}<\/script>\n<!-- \/ Yoast SEO plugin. -->","yoast_head_json":{"title":"We are in Metoree! - Heation","robots":{"index":"index","follow":"follow","max-snippet":"max-snippet:-1","max-image-preview":"max-image-preview:large","max-video-preview":"max-video-preview:-1"},"canonical":"https:\/\/heationab.com\/sv\/articles\/we-are-in-metoree\/","og_locale":"sv_SE","og_type":"article","og_title":"We are in Metoree! - Heation","og_url":"https:\/\/heationab.com\/sv\/articles\/we-are-in-metoree\/","og_site_name":"Heation","article_modified_time":"2025-10-06T15:43:23+00:00","og_image":[{"width":1617,"height":1639,"url":"https:\/\/heationab.com\/wp-content\/uploads\/a-swipe_001.png","type":"image\/png"}],"twitter_card":"summary_large_image","twitter_misc":{"Ber\u00e4knad l\u00e4stid":"1 minut"},"schema":{"@context":"https:\/\/schema.org","@graph":[{"@type":"WebPage","@id":"https:\/\/heationab.com\/articles\/we-are-in-metoree\/","url":"https:\/\/heationab.com\/articles\/we-are-in-metoree\/","name":"We are in Metoree! - Heation","isPartOf":{"@id":"https:\/\/heationab.com\/#website"},"primaryImageOfPage":{"@id":"https:\/\/heationab.com\/articles\/we-are-in-metoree\/#primaryimage"},"image":{"@id":"https:\/\/heationab.com\/articles\/we-are-in-metoree\/#primaryimage"},"thumbnailUrl":"https:\/\/i0.wp.com\/heationab.com\/wp-content\/uploads\/a-swipe_001.png?fit=1617%2C1639&ssl=1","datePublished":"2023-08-12T11:12:26+00:00","dateModified":"2025-10-06T15:43:23+00:00","breadcrumb":{"@id":"https:\/\/heationab.com\/articles\/we-are-in-metoree\/#breadcrumb"},"inLanguage":"sv-SE","potentialAction":[{"@type":"ReadAction","target":["https:\/\/heationab.com\/articles\/we-are-in-metoree\/"]}]},{"@type":"ImageObject","inLanguage":"sv-SE","@id":"https:\/\/heationab.com\/articles\/we-are-in-metoree\/#primaryimage","url":"https:\/\/i0.wp.com\/heationab.com\/wp-content\/uploads\/a-swipe_001.png?fit=1617%2C1639&ssl=1","contentUrl":"https:\/\/i0.wp.com\/heationab.com\/wp-content\/uploads\/a-swipe_001.png?fit=1617%2C1639&ssl=1","width":1617,"height":1639,"caption":"automatic brush filter - a-swipe"},{"@type":"BreadcrumbList","@id":"https:\/\/heationab.com\/articles\/we-are-in-metoree\/#breadcrumb","itemListElement":[{"@type":"ListItem","position":1,"name":"Home","item":"https:\/\/heationab.com\/"},{"@type":"ListItem","position":2,"name":"Articles","item":"https:\/\/heationab.com\/articles\/"},{"@type":"ListItem","position":3,"name":"We are in Metoree!"}]},{"@type":"WebSite","@id":"https:\/\/heationab.com\/#website","url":"https:\/\/heationab.com\/","name":"Heation","description":"We create your solution","publisher":{"@id":"https:\/\/heationab.com\/#organization"},"potentialAction":[{"@type":"SearchAction","target":{"@type":"EntryPoint","urlTemplate":"https:\/\/heationab.com\/?s={search_term_string}"},"query-input":{"@type":"PropertyValueSpecification","valueRequired":true,"valueName":"search_term_string"}}],"inLanguage":"sv-SE"},{"@type":"Organization","@id":"https:\/\/heationab.com\/#organization","name":"Heation AB","url":"https:\/\/heationab.com\/","logo":{"@type":"ImageObject","inLanguage":"sv-SE","@id":"https:\/\/heationab.com\/#\/schema\/logo\/image\/","url":"https:\/\/i0.wp.com\/heationab.com\/wp-content\/uploads\/logo-heation_vector-4A768E-blue-greyish.jpg?fit=842%2C596&ssl=1","contentUrl":"https:\/\/i0.wp.com\/heationab.com\/wp-content\/uploads\/logo-heation_vector-4A768E-blue-greyish.jpg?fit=842%2C596&ssl=1","width":842,"height":596,"caption":"Heation AB"},"image":{"@id":"https:\/\/heationab.com\/#\/schema\/logo\/image\/"}}]}},"jetpack_sharing_enabled":true,"_links":{"self":[{"href":"https:\/\/heationab.com\/sv\/wp-json\/wp\/v2\/pages\/1759","targetHints":{"allow":["GET"]}}],"collection":[{"href":"https:\/\/heationab.com\/sv\/wp-json\/wp\/v2\/pages"}],"about":[{"href":"https:\/\/heationab.com\/sv\/wp-json\/wp\/v2\/types\/page"}],"author":[{"embeddable":true,"href":"https:\/\/heationab.com\/sv\/wp-json\/wp\/v2\/users\/1"}],"replies":[{"embeddable":true,"href":"https:\/\/heationab.com\/sv\/wp-json\/wp\/v2\/comments?post=1759"}],"version-history":[{"count":5,"href":"https:\/\/heationab.com\/sv\/wp-json\/wp\/v2\/pages\/1759\/revisions"}],"predecessor-version":[{"id":2053,"href":"https:\/\/heationab.com\/sv\/wp-json\/wp\/v2\/pages\/1759\/revisions\/2053"}],"up":[{"embeddable":true,"href":"https:\/\/heationab.com\/sv\/wp-json\/wp\/v2\/pages\/1855"}],"wp:featuredmedia":[{"embeddable":true,"href":"https:\/\/heationab.com\/sv\/wp-json\/wp\/v2\/media\/1538"}],"wp:attachment":[{"href":"https:\/\/heationab.com\/sv\/wp-json\/wp\/v2\/media?parent=1759"}],"wp:term":[{"taxonomy":"category","embeddable":true,"href":"https:\/\/heationab.com\/sv\/wp-json\/wp\/v2\/categories?post=1759"},{"taxonomy":"post_tag","embeddable":true,"href":"https:\/\/heationab.com\/sv\/wp-json\/wp\/v2\/tags?post=1759"}],"curies":[{"name":"wp","href":"https:\/\/api.w.org\/{rel}","templated":true}]}}