{"id":1689,"date":"2022-12-30T09:26:20","date_gmt":"2022-12-30T09:26:20","guid":{"rendered":"https:\/\/heationab.com\/?page_id=1689"},"modified":"2025-10-08T09:44:55","modified_gmt":"2025-10-08T09:44:55","slug":"reverse-osmosis-protection-filter","status":"publish","type":"page","link":"https:\/\/heationab.com\/sv\/industrial-water-filters-application\/reverse-osmosis-protection-filter\/","title":{"rendered":"Omv\u00e4nd osmos skyddsfilter"},"content":{"rendered":"<div class=\"wpb-content-wrapper\"><div class=\"vc_row wpb_row vc_row-fluid vc_row-o-content-middle vc_row-flex\"><div class=\"wpb_column vc_column_container vc_col-sm-12\"><div class=\"vc_column-inner\"><div class=\"wpb_wrapper\">\n\t<div class=\"wpb_text_column wpb_content_element\" >\n\t\t<div class=\"wpb_wrapper\">\n\t\t\t<h1 style=\"text-align: center;\"><span style=\"font-weight: 400;\">Skydd f\u00f6r omv\u00e4nd osmos system<\/span><\/h1>\n\n\t\t<\/div>\n\t<\/div>\n<\/div><\/div><\/div><\/div><div class=\"vc_row wpb_row vc_row-fluid vc_row-o-content-middle vc_row-flex\"><div class=\"wpb_column vc_column_container vc_col-sm-8\"><div class=\"vc_column-inner\"><div class=\"wpb_wrapper\">\n\t<div class=\"wpb_text_column wpb_content_element\" >\n\t\t<div class=\"wpb_wrapper\">\n\t\t\t<p>Omv\u00e4nd osmos system (RO) anv\u00e4nds i stor utstr\u00e4ckning i m\u00e5nga industrier f\u00f6r att f\u00f6rb\u00e4ttra vattenkvaliteten.<\/p>\n<p>De anv\u00e4nds f\u00f6r avsaltning av havsvatten samt f\u00f6r rening av vatten som anv\u00e4nds i m\u00e5nga industrier som livsmedel, l\u00e4kemedel och rening av avloppsvatten f\u00f6r att n\u00e4mna n\u00e5gra.<\/p>\n<p>Det \u00e4r viktigt att dessa anl\u00e4ggningar fungerar s\u00e5 effektivt som m\u00f6jligt f\u00f6r att optimera vatten- och energif\u00f6rbrukningen. Ett problem \u00e4r f\u00f6rs\u00e4mringen av membranet och d\u00e4rf\u00f6r \u00e4r det viktigt att installera ett adekvat f\u00f6rfiltreringssystem innan RO-anl\u00e4ggningen.<\/p>\n\n\t\t<\/div>\n\t<\/div>\n<\/div><\/div><\/div><div class=\"wpb_column vc_column_container vc_col-sm-4\"><div class=\"vc_column-inner\"><div class=\"wpb_wrapper\">\n\t<div  class=\"wpb_single_image wpb_content_element vc_align_left wpb_content_element\">\n\t\t\n\t\t<figure class=\"wpb_wrapper vc_figure\">\n\t\t\t<a href=\"https:\/\/heationab.com\/sv\/industrial-water-filters-in-stainless-steel\/bag-filter-housing\/\" target=\"_self\" class=\"vc_single_image-wrapper   vc_box_border_grey\"><img decoding=\"async\" width=\"1920\" height=\"2560\" data-src=\"https:\/\/i0.wp.com\/heationab.com\/wp-content\/uploads\/IMG_20220502_141459-scaled.jpg?fit=1920%2C2560&amp;ssl=1\" class=\"vc_single_image-img attachment-full lazyload\" alt=\"prime-phin 16 bar\" title=\"prime-phin 16 bar\" data-srcset=\"https:\/\/i0.wp.com\/heationab.com\/wp-content\/uploads\/IMG_20220502_141459-scaled.jpg?w=1920&amp;ssl=1 1920w, https:\/\/i0.wp.com\/heationab.com\/wp-content\/uploads\/IMG_20220502_141459-scaled.jpg?resize=225%2C300&amp;ssl=1 225w, https:\/\/i0.wp.com\/heationab.com\/wp-content\/uploads\/IMG_20220502_141459-scaled.jpg?resize=768%2C1024&amp;ssl=1 768w, https:\/\/i0.wp.com\/heationab.com\/wp-content\/uploads\/IMG_20220502_141459-scaled.jpg?resize=113%2C150&amp;ssl=1 113w, https:\/\/i0.wp.com\/heationab.com\/wp-content\/uploads\/IMG_20220502_141459-scaled.jpg?resize=1152%2C1536&amp;ssl=1 1152w, https:\/\/i0.wp.com\/heationab.com\/wp-content\/uploads\/IMG_20220502_141459-scaled.jpg?w=1580&amp;ssl=1 1580w\" data-sizes=\"(max-width: 790px) 100vw, 790px\" src=\"data:image\/svg+xml;base64,PHN2ZyB3aWR0aD0iMSIgaGVpZ2h0PSIxIiB4bWxucz0iaHR0cDovL3d3dy53My5vcmcvMjAwMC9zdmciPjwvc3ZnPg==\" style=\"--smush-placeholder-width: 1920px; --smush-placeholder-aspect-ratio: 1920\/2560;\" \/><\/a>\n\t\t<\/figure>\n\t<\/div>\n<\/div><\/div><\/div><\/div><div data-vc-full-width=\"true\" data-vc-full-width-init=\"false\" class=\"vc_row wpb_row vc_row-fluid\"><div class=\"wpb_column vc_column_container vc_col-sm-6\"><div class=\"vc_column-inner\"><div class=\"wpb_wrapper\">\n\t<div  class=\"wpb_single_image wpb_content_element vc_align_left wpb_content_element\">\n\t\t\n\t\t<figure class=\"wpb_wrapper vc_figure\">\n\t\t\t<a href=\"https:\/\/heationab.com\/sv\/industrial-water-filters-in-stainless-steel\/bag-filter-housing\/\" target=\"_self\" class=\"vc_single_image-wrapper   vc_box_border_grey\"><img decoding=\"async\" width=\"1920\" height=\"2560\" data-src=\"https:\/\/i0.wp.com\/heationab.com\/wp-content\/uploads\/IMG_20220502_144307-scaled.jpg?fit=1920%2C2560&amp;ssl=1\" class=\"vc_single_image-img attachment-full lazyload\" alt=\"prime-phin 16 bar\" title=\"prime-phin 16 bar\" data-srcset=\"https:\/\/i0.wp.com\/heationab.com\/wp-content\/uploads\/IMG_20220502_144307-scaled.jpg?w=1920&amp;ssl=1 1920w, https:\/\/i0.wp.com\/heationab.com\/wp-content\/uploads\/IMG_20220502_144307-scaled.jpg?resize=225%2C300&amp;ssl=1 225w, https:\/\/i0.wp.com\/heationab.com\/wp-content\/uploads\/IMG_20220502_144307-scaled.jpg?resize=768%2C1024&amp;ssl=1 768w, https:\/\/i0.wp.com\/heationab.com\/wp-content\/uploads\/IMG_20220502_144307-scaled.jpg?resize=113%2C150&amp;ssl=1 113w, https:\/\/i0.wp.com\/heationab.com\/wp-content\/uploads\/IMG_20220502_144307-scaled.jpg?resize=1152%2C1536&amp;ssl=1 1152w, https:\/\/i0.wp.com\/heationab.com\/wp-content\/uploads\/IMG_20220502_144307-scaled.jpg?resize=1536%2C2048&amp;ssl=1 1536w, https:\/\/i0.wp.com\/heationab.com\/wp-content\/uploads\/IMG_20220502_144307-scaled.jpg?resize=9%2C12&amp;ssl=1 9w\" data-sizes=\"(max-width: 790px) 100vw, 790px\" src=\"data:image\/svg+xml;base64,PHN2ZyB3aWR0aD0iMSIgaGVpZ2h0PSIxIiB4bWxucz0iaHR0cDovL3d3dy53My5vcmcvMjAwMC9zdmciPjwvc3ZnPg==\" style=\"--smush-placeholder-width: 1920px; --smush-placeholder-aspect-ratio: 1920\/2560;\" \/><\/a>\n\t\t<\/figure>\n\t<\/div>\n<\/div><\/div><\/div><div class=\"wpb_column vc_column_container vc_col-sm-6\"><div class=\"vc_column-inner\"><div class=\"wpb_wrapper\">\n\t<div class=\"wpb_text_column wpb_content_element\" >\n\t\t<div class=\"wpb_wrapper\">\n\t\t\t<p><span style=\"font-weight: 400;\">V\u00e5r kund \u00e4r ett f\u00f6retag specialiserat p\u00e5 avsaltningsanl\u00e4ggningar baserade p\u00e5 h\u00f6gtrycks omv\u00e4nd osmos system.<\/span><\/p>\n<p>P\u00e5 grund av systemets h\u00f6gre tryck kan traditionella RO-f\u00f6rfilter inte anv\u00e4ndas.<\/p>\n<p><span style=\"font-weight: 400;\">Det \u00e4r d\u00e4rf\u00f6r vi har tillhandah\u00e5llit v\u00e5r <\/span><a href=\"https:\/\/heationab.com\/sv\/industrial-water-filters-in-stainless-steel\/bag-filter-housing\/\">prime-phin<\/a> som skyddsfilter. P\u00e5sfilterhuset kan arbeta p\u00e5 ett arbetstryck p\u00e5 upp till 16 bar. P\u00e5 grund av det breda utbudet av tillg\u00e4ngliga filtreringsgrader f\u00f6r p\u00e5sarna kan filtret anpassas till filtreringskraven f\u00f6r RO som ett skyddsfilter.<\/p>\n<p>P\u00e5sfiltrethuset tillhandah\u00e5ller:<\/p>\n<ul>\n<li style=\"font-weight: 400;\" aria-level=\"1\"><span style=\"font-weight: 400;\">Skydd f\u00f6r RO-membranen\u00a0<\/span><\/li>\n<li style=\"font-weight: 400;\" aria-level=\"1\"><span style=\"font-weight: 400;\">\u00d6ka systemets effektivitet<\/span><\/li>\n<li style=\"font-weight: 400;\" aria-level=\"1\"><span style=\"font-weight: 400;\">\u00d6ka systemets tid mellan \u00f6versyner<\/span><\/li>\n<\/ul>\n<p><a href=\"https:\/\/heationab.com\/sv\/contact-us\/\">Kontakta oss<\/a> f\u00f6r mer information.<\/p>\n\n\t\t<\/div>\n\t<\/div>\n<\/div><\/div><\/div><\/div><div class=\"vc_row-full-width vc_clearfix\"><\/div>\n<\/div>","protected":false},"excerpt":{"rendered":"Protection of Reverse Osmosis systems Reverse Osmosis (RO) systems are broadly used in many industries to improve water quality. They are used for the desalination of sea water as well as for purification of water used in many industries such as food, pharmaceutical and purification of waste water to name...","protected":false},"author":1,"featured_media":1597,"parent":1555,"menu_order":0,"comment_status":"closed","ping_status":"closed","template":"","meta":{"content-type":"","_monsterinsights_skip_tracking":false,"_monsterinsights_sitenote_active":false,"_monsterinsights_sitenote_note":"","_monsterinsights_sitenote_category":0,"footnotes":""},"categories":[10],"tags":[],"class_list":["post-1689","page","type-page","status-publish","has-post-thumbnail","hentry","category-applications"],"yoast_head":"<!-- This site is optimized with the Yoast SEO plugin v27.3 - https:\/\/yoast.com\/product\/yoast-seo-wordpress\/ -->\n<title>Reverse Osmosis protection filter - Heation<\/title>\n<meta name=\"description\" content=\"High pressure Reverse Osmosis protection filter. 116 Bar bag filter housing for RO systems.\" \/>\n<meta name=\"robots\" content=\"index, follow, max-snippet:-1, max-image-preview:large, max-video-preview:-1\" \/>\n<link rel=\"canonical\" href=\"https:\/\/heationab.com\/sv\/industrial-water-filters-application\/reverse-osmosis-protection-filter\/\" \/>\n<meta property=\"og:locale\" content=\"sv_SE\" \/>\n<meta property=\"og:type\" content=\"article\" \/>\n<meta property=\"og:title\" content=\"Reverse Osmosis protection filter - Heation\" \/>\n<meta property=\"og:description\" content=\"High pressure Reverse Osmosis protection filter. 116 Bar bag filter housing for RO systems.\" \/>\n<meta property=\"og:url\" content=\"https:\/\/heationab.com\/sv\/industrial-water-filters-application\/reverse-osmosis-protection-filter\/\" \/>\n<meta property=\"og:site_name\" content=\"Heation\" \/>\n<meta property=\"article:modified_time\" content=\"2025-10-08T09:44:55+00:00\" \/>\n<meta property=\"og:image\" content=\"https:\/\/heationab.com\/wp-content\/uploads\/IMG_20220502_141459-scaled.jpg\" \/>\n\t<meta property=\"og:image:width\" content=\"1920\" \/>\n\t<meta property=\"og:image:height\" content=\"2560\" \/>\n\t<meta property=\"og:image:type\" content=\"image\/jpeg\" \/>\n<meta name=\"twitter:card\" content=\"summary_large_image\" \/>\n<meta name=\"twitter:label1\" content=\"Ber\u00e4knad l\u00e4stid\" \/>\n\t<meta name=\"twitter:data1\" content=\"2 minuter\" \/>\n<script type=\"application\/ld+json\" class=\"yoast-schema-graph\">{\"@context\":\"https:\\\/\\\/schema.org\",\"@graph\":[{\"@type\":\"WebPage\",\"@id\":\"https:\\\/\\\/heationab.com\\\/industrial-water-filters-application\\\/reverse-osmosis-protection-filter\\\/\",\"url\":\"https:\\\/\\\/heationab.com\\\/industrial-water-filters-application\\\/reverse-osmosis-protection-filter\\\/\",\"name\":\"Reverse Osmosis protection filter - Heation\",\"isPartOf\":{\"@id\":\"https:\\\/\\\/heationab.com\\\/#website\"},\"primaryImageOfPage\":{\"@id\":\"https:\\\/\\\/heationab.com\\\/industrial-water-filters-application\\\/reverse-osmosis-protection-filter\\\/#primaryimage\"},\"image\":{\"@id\":\"https:\\\/\\\/heationab.com\\\/industrial-water-filters-application\\\/reverse-osmosis-protection-filter\\\/#primaryimage\"},\"thumbnailUrl\":\"https:\\\/\\\/i0.wp.com\\\/heationab.com\\\/wp-content\\\/uploads\\\/IMG_20220502_141459-scaled.jpg?fit=1920%2C2560&ssl=1\",\"datePublished\":\"2022-12-30T09:26:20+00:00\",\"dateModified\":\"2025-10-08T09:44:55+00:00\",\"description\":\"High pressure Reverse Osmosis protection filter. 116 Bar bag filter housing for RO systems.\",\"breadcrumb\":{\"@id\":\"https:\\\/\\\/heationab.com\\\/industrial-water-filters-application\\\/reverse-osmosis-protection-filter\\\/#breadcrumb\"},\"inLanguage\":\"sv-SE\",\"potentialAction\":[{\"@type\":\"ReadAction\",\"target\":[\"https:\\\/\\\/heationab.com\\\/industrial-water-filters-application\\\/reverse-osmosis-protection-filter\\\/\"]}]},{\"@type\":\"ImageObject\",\"inLanguage\":\"sv-SE\",\"@id\":\"https:\\\/\\\/heationab.com\\\/industrial-water-filters-application\\\/reverse-osmosis-protection-filter\\\/#primaryimage\",\"url\":\"https:\\\/\\\/i0.wp.com\\\/heationab.com\\\/wp-content\\\/uploads\\\/IMG_20220502_141459-scaled.jpg?fit=1920%2C2560&ssl=1\",\"contentUrl\":\"https:\\\/\\\/i0.wp.com\\\/heationab.com\\\/wp-content\\\/uploads\\\/IMG_20220502_141459-scaled.jpg?fit=1920%2C2560&ssl=1\",\"width\":1920,\"height\":2560,\"caption\":\"prime-phin 16 bar\"},{\"@type\":\"BreadcrumbList\",\"@id\":\"https:\\\/\\\/heationab.com\\\/industrial-water-filters-application\\\/reverse-osmosis-protection-filter\\\/#breadcrumb\",\"itemListElement\":[{\"@type\":\"ListItem\",\"position\":1,\"name\":\"Home\",\"item\":\"https:\\\/\\\/heationab.com\\\/\"},{\"@type\":\"ListItem\",\"position\":2,\"name\":\"Applications\",\"item\":\"https:\\\/\\\/heationab.com\\\/industrial-water-filters-application\\\/\"},{\"@type\":\"ListItem\",\"position\":3,\"name\":\"Reverse Osmosis protection filter\"}]},{\"@type\":\"WebSite\",\"@id\":\"https:\\\/\\\/heationab.com\\\/#website\",\"url\":\"https:\\\/\\\/heationab.com\\\/\",\"name\":\"Heation\",\"description\":\"We create your solution\",\"publisher\":{\"@id\":\"https:\\\/\\\/heationab.com\\\/#organization\"},\"potentialAction\":[{\"@type\":\"SearchAction\",\"target\":{\"@type\":\"EntryPoint\",\"urlTemplate\":\"https:\\\/\\\/heationab.com\\\/?s={search_term_string}\"},\"query-input\":{\"@type\":\"PropertyValueSpecification\",\"valueRequired\":true,\"valueName\":\"search_term_string\"}}],\"inLanguage\":\"sv-SE\"},{\"@type\":\"Organization\",\"@id\":\"https:\\\/\\\/heationab.com\\\/#organization\",\"name\":\"Heation AB\",\"url\":\"https:\\\/\\\/heationab.com\\\/\",\"logo\":{\"@type\":\"ImageObject\",\"inLanguage\":\"sv-SE\",\"@id\":\"https:\\\/\\\/heationab.com\\\/#\\\/schema\\\/logo\\\/image\\\/\",\"url\":\"https:\\\/\\\/i0.wp.com\\\/heationab.com\\\/wp-content\\\/uploads\\\/logo-heation_vector-4A768E-blue-greyish.jpg?fit=842%2C596&ssl=1\",\"contentUrl\":\"https:\\\/\\\/i0.wp.com\\\/heationab.com\\\/wp-content\\\/uploads\\\/logo-heation_vector-4A768E-blue-greyish.jpg?fit=842%2C596&ssl=1\",\"width\":842,\"height\":596,\"caption\":\"Heation AB\"},\"image\":{\"@id\":\"https:\\\/\\\/heationab.com\\\/#\\\/schema\\\/logo\\\/image\\\/\"}}]}<\/script>\n<!-- \/ Yoast SEO plugin. -->","yoast_head_json":{"title":"Reverse Osmosis protection filter - Heation","description":"High pressure Reverse Osmosis protection filter. 116 Bar bag filter housing for RO systems.","robots":{"index":"index","follow":"follow","max-snippet":"max-snippet:-1","max-image-preview":"max-image-preview:large","max-video-preview":"max-video-preview:-1"},"canonical":"https:\/\/heationab.com\/sv\/industrial-water-filters-application\/reverse-osmosis-protection-filter\/","og_locale":"sv_SE","og_type":"article","og_title":"Reverse Osmosis protection filter - Heation","og_description":"High pressure Reverse Osmosis protection filter. 116 Bar bag filter housing for RO systems.","og_url":"https:\/\/heationab.com\/sv\/industrial-water-filters-application\/reverse-osmosis-protection-filter\/","og_site_name":"Heation","article_modified_time":"2025-10-08T09:44:55+00:00","og_image":[{"width":1920,"height":2560,"url":"https:\/\/heationab.com\/wp-content\/uploads\/IMG_20220502_141459-scaled.jpg","type":"image\/jpeg"}],"twitter_card":"summary_large_image","twitter_misc":{"Ber\u00e4knad l\u00e4stid":"2 minuter"},"schema":{"@context":"https:\/\/schema.org","@graph":[{"@type":"WebPage","@id":"https:\/\/heationab.com\/industrial-water-filters-application\/reverse-osmosis-protection-filter\/","url":"https:\/\/heationab.com\/industrial-water-filters-application\/reverse-osmosis-protection-filter\/","name":"Reverse Osmosis protection filter - Heation","isPartOf":{"@id":"https:\/\/heationab.com\/#website"},"primaryImageOfPage":{"@id":"https:\/\/heationab.com\/industrial-water-filters-application\/reverse-osmosis-protection-filter\/#primaryimage"},"image":{"@id":"https:\/\/heationab.com\/industrial-water-filters-application\/reverse-osmosis-protection-filter\/#primaryimage"},"thumbnailUrl":"https:\/\/i0.wp.com\/heationab.com\/wp-content\/uploads\/IMG_20220502_141459-scaled.jpg?fit=1920%2C2560&ssl=1","datePublished":"2022-12-30T09:26:20+00:00","dateModified":"2025-10-08T09:44:55+00:00","description":"High pressure Reverse Osmosis protection filter. 116 Bar bag filter housing for RO systems.","breadcrumb":{"@id":"https:\/\/heationab.com\/industrial-water-filters-application\/reverse-osmosis-protection-filter\/#breadcrumb"},"inLanguage":"sv-SE","potentialAction":[{"@type":"ReadAction","target":["https:\/\/heationab.com\/industrial-water-filters-application\/reverse-osmosis-protection-filter\/"]}]},{"@type":"ImageObject","inLanguage":"sv-SE","@id":"https:\/\/heationab.com\/industrial-water-filters-application\/reverse-osmosis-protection-filter\/#primaryimage","url":"https:\/\/i0.wp.com\/heationab.com\/wp-content\/uploads\/IMG_20220502_141459-scaled.jpg?fit=1920%2C2560&ssl=1","contentUrl":"https:\/\/i0.wp.com\/heationab.com\/wp-content\/uploads\/IMG_20220502_141459-scaled.jpg?fit=1920%2C2560&ssl=1","width":1920,"height":2560,"caption":"prime-phin 16 bar"},{"@type":"BreadcrumbList","@id":"https:\/\/heationab.com\/industrial-water-filters-application\/reverse-osmosis-protection-filter\/#breadcrumb","itemListElement":[{"@type":"ListItem","position":1,"name":"Home","item":"https:\/\/heationab.com\/"},{"@type":"ListItem","position":2,"name":"Applications","item":"https:\/\/heationab.com\/industrial-water-filters-application\/"},{"@type":"ListItem","position":3,"name":"Reverse Osmosis protection filter"}]},{"@type":"WebSite","@id":"https:\/\/heationab.com\/#website","url":"https:\/\/heationab.com\/","name":"Heation","description":"We create your solution","publisher":{"@id":"https:\/\/heationab.com\/#organization"},"potentialAction":[{"@type":"SearchAction","target":{"@type":"EntryPoint","urlTemplate":"https:\/\/heationab.com\/?s={search_term_string}"},"query-input":{"@type":"PropertyValueSpecification","valueRequired":true,"valueName":"search_term_string"}}],"inLanguage":"sv-SE"},{"@type":"Organization","@id":"https:\/\/heationab.com\/#organization","name":"Heation AB","url":"https:\/\/heationab.com\/","logo":{"@type":"ImageObject","inLanguage":"sv-SE","@id":"https:\/\/heationab.com\/#\/schema\/logo\/image\/","url":"https:\/\/i0.wp.com\/heationab.com\/wp-content\/uploads\/logo-heation_vector-4A768E-blue-greyish.jpg?fit=842%2C596&ssl=1","contentUrl":"https:\/\/i0.wp.com\/heationab.com\/wp-content\/uploads\/logo-heation_vector-4A768E-blue-greyish.jpg?fit=842%2C596&ssl=1","width":842,"height":596,"caption":"Heation AB"},"image":{"@id":"https:\/\/heationab.com\/#\/schema\/logo\/image\/"}}]}},"jetpack_sharing_enabled":true,"_links":{"self":[{"href":"https:\/\/heationab.com\/sv\/wp-json\/wp\/v2\/pages\/1689","targetHints":{"allow":["GET"]}}],"collection":[{"href":"https:\/\/heationab.com\/sv\/wp-json\/wp\/v2\/pages"}],"about":[{"href":"https:\/\/heationab.com\/sv\/wp-json\/wp\/v2\/types\/page"}],"author":[{"embeddable":true,"href":"https:\/\/heationab.com\/sv\/wp-json\/wp\/v2\/users\/1"}],"replies":[{"embeddable":true,"href":"https:\/\/heationab.com\/sv\/wp-json\/wp\/v2\/comments?post=1689"}],"version-history":[{"count":5,"href":"https:\/\/heationab.com\/sv\/wp-json\/wp\/v2\/pages\/1689\/revisions"}],"predecessor-version":[{"id":2064,"href":"https:\/\/heationab.com\/sv\/wp-json\/wp\/v2\/pages\/1689\/revisions\/2064"}],"up":[{"embeddable":true,"href":"https:\/\/heationab.com\/sv\/wp-json\/wp\/v2\/pages\/1555"}],"wp:featuredmedia":[{"embeddable":true,"href":"https:\/\/heationab.com\/sv\/wp-json\/wp\/v2\/media\/1597"}],"wp:attachment":[{"href":"https:\/\/heationab.com\/sv\/wp-json\/wp\/v2\/media?parent=1689"}],"wp:term":[{"taxonomy":"category","embeddable":true,"href":"https:\/\/heationab.com\/sv\/wp-json\/wp\/v2\/categories?post=1689"},{"taxonomy":"post_tag","embeddable":true,"href":"https:\/\/heationab.com\/sv\/wp-json\/wp\/v2\/tags?post=1689"}],"curies":[{"name":"wp","href":"https:\/\/api.w.org\/{rel}","templated":true}]}}