{"id":1628,"date":"2022-05-18T19:19:41","date_gmt":"2022-05-18T19:19:41","guid":{"rendered":"https:\/\/heationab.com\/?page_id=1628"},"modified":"2025-10-07T10:12:39","modified_gmt":"2025-10-07T10:12:39","slug":"protection-filter-radon-separator","status":"publish","type":"page","link":"https:\/\/heationab.com\/sv\/industrial-water-filters-application\/protection-filter-radon-separator\/","title":{"rendered":"Skyddsfilter"},"content":{"rendered":"<div class=\"wpb-content-wrapper\"><div class=\"vc_row wpb_row vc_row-fluid vc_row-o-content-middle vc_row-flex\"><div class=\"wpb_column vc_column_container vc_col-sm-12\"><div class=\"vc_column-inner\"><div class=\"wpb_wrapper\">\n\t<div class=\"wpb_text_column wpb_content_element\" >\n\t\t<div class=\"wpb_wrapper\">\n\t\t\t<h1 style=\"text-align: center;\"><span style=\"font-weight: 400;\">Skydd av radonavskiljare<\/span><\/h1>\n\n\t\t<\/div>\n\t<\/div>\n<\/div><\/div><\/div><\/div><div class=\"vc_row wpb_row vc_row-fluid vc_row-o-content-middle vc_row-flex\"><div class=\"wpb_column vc_column_container vc_col-sm-12\"><div class=\"vc_column-inner\"><div class=\"wpb_wrapper\">\n\t<div class=\"wpb_text_column wpb_content_element\" >\n\t\t<div class=\"wpb_wrapper\">\n\t\t\t<p>Hjoggb\u00f6leforsens ekonomiska VA-f\u00f6rening fick ett krav fr\u00e5n Skellefte\u00e5 kommun om att s\u00e4nka radonhalten i sitt vatten.<\/p>\n<p>Vid installationen av radonavskiljaren uppt\u00e4cktes att en del sand och grus kom upp tillsammans med vatten och satte sig p\u00e5 botten av radonavskiljaren. F\u00f6r att undvika igens\u00e4ttning besl\u00f6t man att installera <a href=\"https:\/\/heationab.com\/sv\/industrial-water-filters-in-stainless-steel\/bag-filter-housing\/\">prime-phin<\/a> som ett f\u00f6rfilter f\u00f6r att separera sandpartiklarna.<\/p>\n<p>Efter en viss drifttid \u00f6ppnades radonavskiljaren och ingen sand eller andra partiklar observerades<\/p>\n<p>Installationen f\u00f6rl\u00e4nger hela anl\u00e4ggningens livsl\u00e4ngd och minskar behovet av underh\u00e5ll.<\/p>\n<p><a href=\"https:\/\/heationab.com\/sv\/contact-us\/\">Kontakta oss<\/a> f\u00f6r mer information.<\/p>\n\n\t\t<\/div>\n\t<\/div>\n<\/div><\/div><\/div><\/div><div data-vc-full-width=\"true\" data-vc-full-width-init=\"false\" class=\"vc_row wpb_row vc_row-fluid\"><div class=\"wpb_column vc_column_container vc_col-sm-12\"><div class=\"vc_column-inner\"><div class=\"wpb_wrapper\">\n\t<div  class=\"wpb_single_image wpb_content_element vc_align_left wpb_content_element\">\n\t\t\n\t\t<figure class=\"wpb_wrapper vc_figure\">\n\t\t\t<a href=\"https:\/\/heationab.com\/sv\/industrial-water-filters-in-stainless-steel\/bag-filter-housing\/\" target=\"_self\" class=\"vc_single_image-wrapper   vc_box_border_grey\"><img decoding=\"async\" width=\"2560\" height=\"1440\" data-src=\"https:\/\/heationab.com\/wp-content\/uploads\/20220515_141704-scaled.jpg\" class=\"vc_single_image-img attachment-full lazyload\" alt=\"prime-phin bag filter housing\" title=\"prime-phin bag filter housing\" data-srcset=\"https:\/\/heationab.com\/wp-content\/uploads\/20220515_141704-scaled.jpg 2560w, https:\/\/heationab.com\/wp-content\/uploads\/20220515_141704-300x169.jpg 300w, https:\/\/heationab.com\/wp-content\/uploads\/20220515_141704-1024x576.jpg 1024w, https:\/\/heationab.com\/wp-content\/uploads\/20220515_141704-150x84.jpg 150w, https:\/\/heationab.com\/wp-content\/uploads\/20220515_141704-768x432.jpg 768w, https:\/\/heationab.com\/wp-content\/uploads\/20220515_141704-1536x864.jpg 1536w, https:\/\/heationab.com\/wp-content\/uploads\/20220515_141704-2048x1152.jpg 2048w, https:\/\/heationab.com\/wp-content\/uploads\/20220515_141704-18x10.jpg 18w\" data-sizes=\"(max-width: 2560px) 100vw, 2560px\" src=\"data:image\/svg+xml;base64,PHN2ZyB3aWR0aD0iMSIgaGVpZ2h0PSIxIiB4bWxucz0iaHR0cDovL3d3dy53My5vcmcvMjAwMC9zdmciPjwvc3ZnPg==\" style=\"--smush-placeholder-width: 2560px; --smush-placeholder-aspect-ratio: 2560\/1440;\" \/><\/a>\n\t\t<\/figure>\n\t<\/div>\n<\/div><\/div><\/div><\/div><div class=\"vc_row-full-width vc_clearfix\"><\/div>\n<\/div>","protected":false},"excerpt":{"rendered":"Protection of radon separator Hjoggb\u00f6leforsen's economic water supply association received a demand from the municipality of Skellefte\u00e5 to lower the radon content in its water. When installing the radon separator, it was discovered that some sand and gravel came up together with water and settled to the bottom of the...","protected":false},"author":1,"featured_media":1627,"parent":1555,"menu_order":0,"comment_status":"closed","ping_status":"closed","template":"","meta":{"content-type":"","_monsterinsights_skip_tracking":false,"_monsterinsights_sitenote_active":false,"_monsterinsights_sitenote_note":"","_monsterinsights_sitenote_category":0,"footnotes":""},"categories":[10],"tags":[],"class_list":["post-1628","page","type-page","status-publish","has-post-thumbnail","hentry","category-applications"],"yoast_head":"<!-- This site is optimized with the Yoast SEO plugin v27.5 - https:\/\/yoast.com\/product\/yoast-seo-wordpress\/ -->\n<title>Protection filter - Heation<\/title>\n<meta name=\"robots\" content=\"index, follow, max-snippet:-1, max-image-preview:large, max-video-preview:-1\" \/>\n<link rel=\"canonical\" href=\"https:\/\/heationab.com\/sv\/industrial-water-filters-application\/protection-filter-radon-separator\/\" \/>\n<meta property=\"og:locale\" content=\"sv_SE\" \/>\n<meta property=\"og:type\" content=\"article\" \/>\n<meta property=\"og:title\" content=\"Protection filter - Heation\" \/>\n<meta property=\"og:url\" content=\"https:\/\/heationab.com\/sv\/industrial-water-filters-application\/protection-filter-radon-separator\/\" \/>\n<meta property=\"og:site_name\" content=\"Heation\" \/>\n<meta property=\"article:modified_time\" content=\"2025-10-07T10:12:39+00:00\" \/>\n<meta property=\"og:image\" content=\"https:\/\/heationab.com\/wp-content\/uploads\/20220515_141704-scaled.jpg\" \/>\n\t<meta property=\"og:image:width\" content=\"2560\" \/>\n\t<meta property=\"og:image:height\" content=\"1440\" \/>\n\t<meta property=\"og:image:type\" content=\"image\/jpeg\" \/>\n<meta name=\"twitter:card\" content=\"summary_large_image\" \/>\n<meta name=\"twitter:label1\" content=\"Ber\u00e4knad l\u00e4stid\" \/>\n\t<meta name=\"twitter:data1\" content=\"1 minut\" \/>\n<script type=\"application\/ld+json\" class=\"yoast-schema-graph\">{\"@context\":\"https:\\\/\\\/schema.org\",\"@graph\":[{\"@type\":\"WebPage\",\"@id\":\"https:\\\/\\\/heationab.com\\\/industrial-water-filters-application\\\/protection-filter-radon-separator\\\/\",\"url\":\"https:\\\/\\\/heationab.com\\\/industrial-water-filters-application\\\/protection-filter-radon-separator\\\/\",\"name\":\"Protection filter - Heation\",\"isPartOf\":{\"@id\":\"https:\\\/\\\/heationab.com\\\/#website\"},\"primaryImageOfPage\":{\"@id\":\"https:\\\/\\\/heationab.com\\\/industrial-water-filters-application\\\/protection-filter-radon-separator\\\/#primaryimage\"},\"image\":{\"@id\":\"https:\\\/\\\/heationab.com\\\/industrial-water-filters-application\\\/protection-filter-radon-separator\\\/#primaryimage\"},\"thumbnailUrl\":\"https:\\\/\\\/heationab.com\\\/wp-content\\\/uploads\\\/20220515_141704-scaled.jpg\",\"datePublished\":\"2022-05-18T19:19:41+00:00\",\"dateModified\":\"2025-10-07T10:12:39+00:00\",\"breadcrumb\":{\"@id\":\"https:\\\/\\\/heationab.com\\\/industrial-water-filters-application\\\/protection-filter-radon-separator\\\/#breadcrumb\"},\"inLanguage\":\"sv-SE\",\"potentialAction\":[{\"@type\":\"ReadAction\",\"target\":[\"https:\\\/\\\/heationab.com\\\/industrial-water-filters-application\\\/protection-filter-radon-separator\\\/\"]}]},{\"@type\":\"ImageObject\",\"inLanguage\":\"sv-SE\",\"@id\":\"https:\\\/\\\/heationab.com\\\/industrial-water-filters-application\\\/protection-filter-radon-separator\\\/#primaryimage\",\"url\":\"https:\\\/\\\/heationab.com\\\/wp-content\\\/uploads\\\/20220515_141704-scaled.jpg\",\"contentUrl\":\"https:\\\/\\\/heationab.com\\\/wp-content\\\/uploads\\\/20220515_141704-scaled.jpg\",\"width\":2560,\"height\":1440,\"caption\":\"prime-phin bag filter housing\"},{\"@type\":\"BreadcrumbList\",\"@id\":\"https:\\\/\\\/heationab.com\\\/industrial-water-filters-application\\\/protection-filter-radon-separator\\\/#breadcrumb\",\"itemListElement\":[{\"@type\":\"ListItem\",\"position\":1,\"name\":\"Home\",\"item\":\"https:\\\/\\\/heationab.com\\\/\"},{\"@type\":\"ListItem\",\"position\":2,\"name\":\"Applications\",\"item\":\"https:\\\/\\\/heationab.com\\\/industrial-water-filters-application\\\/\"},{\"@type\":\"ListItem\",\"position\":3,\"name\":\"Protection filter\"}]},{\"@type\":\"WebSite\",\"@id\":\"https:\\\/\\\/heationab.com\\\/#website\",\"url\":\"https:\\\/\\\/heationab.com\\\/\",\"name\":\"Heation\",\"description\":\"We create your solution\",\"publisher\":{\"@id\":\"https:\\\/\\\/heationab.com\\\/#organization\"},\"potentialAction\":[{\"@type\":\"SearchAction\",\"target\":{\"@type\":\"EntryPoint\",\"urlTemplate\":\"https:\\\/\\\/heationab.com\\\/?s={search_term_string}\"},\"query-input\":{\"@type\":\"PropertyValueSpecification\",\"valueRequired\":true,\"valueName\":\"search_term_string\"}}],\"inLanguage\":\"sv-SE\"},{\"@type\":\"Organization\",\"@id\":\"https:\\\/\\\/heationab.com\\\/#organization\",\"name\":\"Heation AB\",\"url\":\"https:\\\/\\\/heationab.com\\\/\",\"logo\":{\"@type\":\"ImageObject\",\"inLanguage\":\"sv-SE\",\"@id\":\"https:\\\/\\\/heationab.com\\\/#\\\/schema\\\/logo\\\/image\\\/\",\"url\":\"https:\\\/\\\/i0.wp.com\\\/heationab.com\\\/wp-content\\\/uploads\\\/logo-heation_vector-4A768E-blue-greyish.jpg?fit=842%2C596&ssl=1\",\"contentUrl\":\"https:\\\/\\\/i0.wp.com\\\/heationab.com\\\/wp-content\\\/uploads\\\/logo-heation_vector-4A768E-blue-greyish.jpg?fit=842%2C596&ssl=1\",\"width\":842,\"height\":596,\"caption\":\"Heation AB\"},\"image\":{\"@id\":\"https:\\\/\\\/heationab.com\\\/#\\\/schema\\\/logo\\\/image\\\/\"}}]}<\/script>\n<!-- \/ Yoast SEO plugin. -->","yoast_head_json":{"title":"Protection filter - Heation","robots":{"index":"index","follow":"follow","max-snippet":"max-snippet:-1","max-image-preview":"max-image-preview:large","max-video-preview":"max-video-preview:-1"},"canonical":"https:\/\/heationab.com\/sv\/industrial-water-filters-application\/protection-filter-radon-separator\/","og_locale":"sv_SE","og_type":"article","og_title":"Protection filter - Heation","og_url":"https:\/\/heationab.com\/sv\/industrial-water-filters-application\/protection-filter-radon-separator\/","og_site_name":"Heation","article_modified_time":"2025-10-07T10:12:39+00:00","og_image":[{"width":2560,"height":1440,"url":"https:\/\/heationab.com\/wp-content\/uploads\/20220515_141704-scaled.jpg","type":"image\/jpeg"}],"twitter_card":"summary_large_image","twitter_misc":{"Ber\u00e4knad l\u00e4stid":"1 minut"},"schema":{"@context":"https:\/\/schema.org","@graph":[{"@type":"WebPage","@id":"https:\/\/heationab.com\/industrial-water-filters-application\/protection-filter-radon-separator\/","url":"https:\/\/heationab.com\/industrial-water-filters-application\/protection-filter-radon-separator\/","name":"Protection filter - Heation","isPartOf":{"@id":"https:\/\/heationab.com\/#website"},"primaryImageOfPage":{"@id":"https:\/\/heationab.com\/industrial-water-filters-application\/protection-filter-radon-separator\/#primaryimage"},"image":{"@id":"https:\/\/heationab.com\/industrial-water-filters-application\/protection-filter-radon-separator\/#primaryimage"},"thumbnailUrl":"https:\/\/heationab.com\/wp-content\/uploads\/20220515_141704-scaled.jpg","datePublished":"2022-05-18T19:19:41+00:00","dateModified":"2025-10-07T10:12:39+00:00","breadcrumb":{"@id":"https:\/\/heationab.com\/industrial-water-filters-application\/protection-filter-radon-separator\/#breadcrumb"},"inLanguage":"sv-SE","potentialAction":[{"@type":"ReadAction","target":["https:\/\/heationab.com\/industrial-water-filters-application\/protection-filter-radon-separator\/"]}]},{"@type":"ImageObject","inLanguage":"sv-SE","@id":"https:\/\/heationab.com\/industrial-water-filters-application\/protection-filter-radon-separator\/#primaryimage","url":"https:\/\/heationab.com\/wp-content\/uploads\/20220515_141704-scaled.jpg","contentUrl":"https:\/\/heationab.com\/wp-content\/uploads\/20220515_141704-scaled.jpg","width":2560,"height":1440,"caption":"prime-phin bag filter housing"},{"@type":"BreadcrumbList","@id":"https:\/\/heationab.com\/industrial-water-filters-application\/protection-filter-radon-separator\/#breadcrumb","itemListElement":[{"@type":"ListItem","position":1,"name":"Home","item":"https:\/\/heationab.com\/"},{"@type":"ListItem","position":2,"name":"Applications","item":"https:\/\/heationab.com\/industrial-water-filters-application\/"},{"@type":"ListItem","position":3,"name":"Protection filter"}]},{"@type":"WebSite","@id":"https:\/\/heationab.com\/#website","url":"https:\/\/heationab.com\/","name":"Heation","description":"We create your solution","publisher":{"@id":"https:\/\/heationab.com\/#organization"},"potentialAction":[{"@type":"SearchAction","target":{"@type":"EntryPoint","urlTemplate":"https:\/\/heationab.com\/?s={search_term_string}"},"query-input":{"@type":"PropertyValueSpecification","valueRequired":true,"valueName":"search_term_string"}}],"inLanguage":"sv-SE"},{"@type":"Organization","@id":"https:\/\/heationab.com\/#organization","name":"Heation AB","url":"https:\/\/heationab.com\/","logo":{"@type":"ImageObject","inLanguage":"sv-SE","@id":"https:\/\/heationab.com\/#\/schema\/logo\/image\/","url":"https:\/\/i0.wp.com\/heationab.com\/wp-content\/uploads\/logo-heation_vector-4A768E-blue-greyish.jpg?fit=842%2C596&ssl=1","contentUrl":"https:\/\/i0.wp.com\/heationab.com\/wp-content\/uploads\/logo-heation_vector-4A768E-blue-greyish.jpg?fit=842%2C596&ssl=1","width":842,"height":596,"caption":"Heation AB"},"image":{"@id":"https:\/\/heationab.com\/#\/schema\/logo\/image\/"}}]}},"_links":{"self":[{"href":"https:\/\/heationab.com\/sv\/wp-json\/wp\/v2\/pages\/1628","targetHints":{"allow":["GET"]}}],"collection":[{"href":"https:\/\/heationab.com\/sv\/wp-json\/wp\/v2\/pages"}],"about":[{"href":"https:\/\/heationab.com\/sv\/wp-json\/wp\/v2\/types\/page"}],"author":[{"embeddable":true,"href":"https:\/\/heationab.com\/sv\/wp-json\/wp\/v2\/users\/1"}],"replies":[{"embeddable":true,"href":"https:\/\/heationab.com\/sv\/wp-json\/wp\/v2\/comments?post=1628"}],"version-history":[{"count":6,"href":"https:\/\/heationab.com\/sv\/wp-json\/wp\/v2\/pages\/1628\/revisions"}],"predecessor-version":[{"id":2059,"href":"https:\/\/heationab.com\/sv\/wp-json\/wp\/v2\/pages\/1628\/revisions\/2059"}],"up":[{"embeddable":true,"href":"https:\/\/heationab.com\/sv\/wp-json\/wp\/v2\/pages\/1555"}],"wp:featuredmedia":[{"embeddable":true,"href":"https:\/\/heationab.com\/sv\/wp-json\/wp\/v2\/media\/1627"}],"wp:attachment":[{"href":"https:\/\/heationab.com\/sv\/wp-json\/wp\/v2\/media?parent=1628"}],"wp:term":[{"taxonomy":"category","embeddable":true,"href":"https:\/\/heationab.com\/sv\/wp-json\/wp\/v2\/categories?post=1628"},{"taxonomy":"post_tag","embeddable":true,"href":"https:\/\/heationab.com\/sv\/wp-json\/wp\/v2\/tags?post=1628"}],"curies":[{"name":"wp","href":"https:\/\/api.w.org\/{rel}","templated":true}]}}