{"id":1266,"date":"2021-11-07T10:58:13","date_gmt":"2021-11-07T10:58:13","guid":{"rendered":"https:\/\/heationab.com\/?page_id=1266"},"modified":"2026-03-12T15:56:34","modified_gmt":"2026-03-12T15:56:34","slug":"surface-treatments","status":"publish","type":"page","link":"https:\/\/heationab.com\/sv\/articles\/surface-treatments\/","title":{"rendered":"Ytbehandlingar"},"content":{"rendered":"<div class=\"wpb-content-wrapper\"><div data-vc-full-width=\"true\" data-vc-full-width-init=\"false\" data-vc-stretch-content=\"true\" class=\"vc_row wpb_row vc_row-fluid\"><div class=\"wpb_column vc_column_container vc_col-sm-12\"><div class=\"vc_column-inner\"><div class=\"wpb_wrapper\">\n\t<div class=\"wpb_text_column wpb_content_element\" >\n\t\t<div class=\"wpb_wrapper\">\n\t\t\t<h1><span style=\"font-weight: 400;\">Ytbehandlingar<\/span><\/h1>\n<p><span style=\"font-weight: 400;\">Alla v\u00e5ra produkter genomg\u00e5r tv\u00e5 ytbehandlingsprocesser. Kulpening och passivering.<\/span><\/p>\n<h2><span style=\"font-weight: 400;\">Kulpening<\/span><\/h2>\n<p><span style=\"font-weight: 400;\">Kulpeningsbehandlingen kan utf\u00f6ras f\u00f6r att f\u00f6rbereda ytan f\u00f6r efterf\u00f6ljande behandlingar eller bel\u00e4ggningar. Processen kommer att skapa en homogen yta samtidigt som man tar bort ett tunt lager av metall (cirka 1 \u00b5m) och skapar en grov yta som kommer att f\u00f6rb\u00e4ttra vidh\u00e4ftningen av f\u00f6ljande kemiska avs\u00e4ttningsbehandlingar.<\/span><\/p>\n<p><span style=\"font-weight: 400;\">F\u00f6r f\u00f6rem\u00e5l av rostfritt st\u00e5l, som v\u00e5ra filter, kan det betraktas som en efterbehandling.<\/span><\/p>\n<p><span style=\"font-weight: 400;\">Kulpening \u00e4r en kall deformationsprocess. Den erh\u00e5lls genom att st\u00f6ta p\u00e5 ytorna med sf\u00e4rer som kan vara metalliska och icke-metalliska. Processm\u00e5let \u00e4r att l\u00e4mna kvarvarande kompressionskrafter i det ytliga lagret av metallen vilket \u00f6kar utmattningsmotst\u00e5ndet.<\/span><\/p>\n<h2><span style=\"font-weight: 400;\">Passivering<\/span><\/h2>\n<p><span style=\"font-weight: 400;\">Den andra ytbehandlingen som vi till\u00e4mpar p\u00e5 v\u00e5ra filter \u00e4r passivering.<\/span><\/p>\n<p><span style=\"font-weight: 400;\">Alla v\u00e5ra filter \u00e4r tillverkade i rostfritt st\u00e5l. Namnet h\u00e4nvisar till denna typ av metalls f\u00f6rm\u00e5ga att motst\u00e5 korrosion. Ett skyddande lager bildas p\u00e5 ytan av komponenterna. F\u00f6rm\u00e5gan att bilda skiktet s\u00e4kerst\u00e4lls genom n\u00e4rvaron av krom i legeringen. F\u00f6r att kunna betrakats som rostfritt st\u00e5l m\u00e5ste en j\u00e4rnlegering ha en kromhalt p\u00e5 minst 10,5 %. Kromet skapar ett tunt lager av oxid p\u00e5 ytan som f\u00f6rhindrar ytan fr\u00e5n korrosion.<\/span><\/p>\n<p><span style=\"font-weight: 400;\">Det \u00e4r dock inte ovanligt att det uppst\u00e5r rost efter en kort tidsperiod.<\/span><\/p>\n<p><span style=\"font-weight: 400;\">Det kan vara intressant att veta att skyddsskiktet bara \u00e4r n\u00e5gra nanometer tjockt. Efter mekanisk bearbetning och svetsning tenderar sm\u00e5 partiklar och ytor p\u00e5 ytan att ha en h\u00f6g halt av fritt j\u00e4rn och \u00e4r angel\u00e4gna om att korrosion.<\/span><\/p>\n<p><span style=\"font-weight: 400;\">Passivering \u00e4r en kemisk process som syftar till att minska den kemiska reaktiviteten p\u00e5 dess yta. Namnet syftar p\u00e5 metallens f\u00f6rm\u00e5ga att vara passiv mot den yttre milj\u00f6n, eller mindre reaktiv. Passivering tar bort det fria j\u00e4rnet fr\u00e5n ytan genom att anv\u00e4nda en sur l\u00f6sning. De andra elementen i legeringen, fr\u00e4mst krom och nickel, kommer att reagera p\u00e5 syre i luften och skapa ett lager av oxider som skyddar den underliggande metallen fr\u00e5n att korrodera.<\/span><\/p>\n\n\t\t<\/div>\n\t<\/div>\n<\/div><\/div><\/div><\/div><div class=\"vc_row-full-width vc_clearfix\"><\/div>\n<\/div>","protected":false},"excerpt":{"rendered":"Surface treatments All our products undergo two surface treatment processes. Micro shot peening and passivation. Micro shot peening The micro shot-peening treatment can be performed in order to prepare the surface for subsequent treatments or coatings. The process will create an homogeneous surface while removing a thin layer of metal...","protected":false},"author":1,"featured_media":1859,"parent":1855,"menu_order":0,"comment_status":"closed","ping_status":"closed","template":"","meta":{"content-type":"","_monsterinsights_skip_tracking":false,"_monsterinsights_sitenote_active":false,"_monsterinsights_sitenote_note":"","_monsterinsights_sitenote_category":0,"footnotes":""},"categories":[8],"tags":[],"class_list":["post-1266","page","type-page","status-publish","has-post-thumbnail","hentry","category-article"],"yoast_head":"<!-- This site is optimized with the Yoast SEO plugin v27.3 - https:\/\/yoast.com\/product\/yoast-seo-wordpress\/ -->\n<title>Surface treatments - Heation<\/title>\n<meta name=\"robots\" content=\"index, follow, max-snippet:-1, max-image-preview:large, max-video-preview:-1\" \/>\n<link rel=\"canonical\" href=\"https:\/\/heationab.com\/sv\/articles\/surface-treatments\/\" \/>\n<meta property=\"og:locale\" content=\"sv_SE\" \/>\n<meta property=\"og:type\" content=\"article\" \/>\n<meta property=\"og:title\" content=\"Surface treatments - Heation\" \/>\n<meta property=\"og:url\" content=\"https:\/\/heationab.com\/sv\/articles\/surface-treatments\/\" \/>\n<meta property=\"og:site_name\" content=\"Heation\" \/>\n<meta property=\"article:modified_time\" content=\"2026-03-12T15:56:34+00:00\" \/>\n<meta property=\"og:image\" content=\"https:\/\/heationab.com\/wp-content\/uploads\/file.jpg\" \/>\n\t<meta property=\"og:image:width\" content=\"500\" \/>\n\t<meta property=\"og:image:height\" content=\"333\" \/>\n\t<meta property=\"og:image:type\" content=\"image\/jpeg\" \/>\n<meta name=\"twitter:card\" content=\"summary_large_image\" \/>\n<meta name=\"twitter:label1\" content=\"Ber\u00e4knad l\u00e4stid\" \/>\n\t<meta name=\"twitter:data1\" content=\"2 minuter\" \/>\n<script type=\"application\/ld+json\" class=\"yoast-schema-graph\">{\"@context\":\"https:\\\/\\\/schema.org\",\"@graph\":[{\"@type\":\"Article\",\"@id\":\"https:\\\/\\\/heationab.com\\\/articles\\\/surface-treatments\\\/#article\",\"isPartOf\":{\"@id\":\"https:\\\/\\\/heationab.com\\\/articles\\\/surface-treatments\\\/\"},\"author\":{\"name\":\"admin\",\"@id\":\"https:\\\/\\\/heationab.com\\\/#\\\/schema\\\/person\\\/05824d6f371310d45fdf87a85bcaee86\"},\"headline\":\"Surface treatments\",\"datePublished\":\"2021-11-07T10:58:13+00:00\",\"dateModified\":\"2026-03-12T15:56:34+00:00\",\"mainEntityOfPage\":{\"@id\":\"https:\\\/\\\/heationab.com\\\/articles\\\/surface-treatments\\\/\"},\"wordCount\":380,\"publisher\":{\"@id\":\"https:\\\/\\\/heationab.com\\\/#organization\"},\"image\":{\"@id\":\"https:\\\/\\\/heationab.com\\\/articles\\\/surface-treatments\\\/#primaryimage\"},\"thumbnailUrl\":\"https:\\\/\\\/i0.wp.com\\\/heationab.com\\\/wp-content\\\/uploads\\\/file.jpg?fit=500%2C333&ssl=1\",\"articleSection\":[\"Article\"],\"inLanguage\":\"sv-SE\"},{\"@type\":\"WebPage\",\"@id\":\"https:\\\/\\\/heationab.com\\\/articles\\\/surface-treatments\\\/\",\"url\":\"https:\\\/\\\/heationab.com\\\/articles\\\/surface-treatments\\\/\",\"name\":\"Surface treatments - Heation\",\"isPartOf\":{\"@id\":\"https:\\\/\\\/heationab.com\\\/#website\"},\"primaryImageOfPage\":{\"@id\":\"https:\\\/\\\/heationab.com\\\/articles\\\/surface-treatments\\\/#primaryimage\"},\"image\":{\"@id\":\"https:\\\/\\\/heationab.com\\\/articles\\\/surface-treatments\\\/#primaryimage\"},\"thumbnailUrl\":\"https:\\\/\\\/i0.wp.com\\\/heationab.com\\\/wp-content\\\/uploads\\\/file.jpg?fit=500%2C333&ssl=1\",\"datePublished\":\"2021-11-07T10:58:13+00:00\",\"dateModified\":\"2026-03-12T15:56:34+00:00\",\"breadcrumb\":{\"@id\":\"https:\\\/\\\/heationab.com\\\/articles\\\/surface-treatments\\\/#breadcrumb\"},\"inLanguage\":\"sv-SE\",\"potentialAction\":[{\"@type\":\"ReadAction\",\"target\":[\"https:\\\/\\\/heationab.com\\\/articles\\\/surface-treatments\\\/\"]}]},{\"@type\":\"ImageObject\",\"inLanguage\":\"sv-SE\",\"@id\":\"https:\\\/\\\/heationab.com\\\/articles\\\/surface-treatments\\\/#primaryimage\",\"url\":\"https:\\\/\\\/i0.wp.com\\\/heationab.com\\\/wp-content\\\/uploads\\\/file.jpg?fit=500%2C333&ssl=1\",\"contentUrl\":\"https:\\\/\\\/i0.wp.com\\\/heationab.com\\\/wp-content\\\/uploads\\\/file.jpg?fit=500%2C333&ssl=1\",\"width\":500,\"height\":333,\"caption\":\"shot peening\"},{\"@type\":\"BreadcrumbList\",\"@id\":\"https:\\\/\\\/heationab.com\\\/articles\\\/surface-treatments\\\/#breadcrumb\",\"itemListElement\":[{\"@type\":\"ListItem\",\"position\":1,\"name\":\"Home\",\"item\":\"https:\\\/\\\/heationab.com\\\/\"},{\"@type\":\"ListItem\",\"position\":2,\"name\":\"Articles\",\"item\":\"https:\\\/\\\/heationab.com\\\/articles\\\/\"},{\"@type\":\"ListItem\",\"position\":3,\"name\":\"Surface treatments\"}]},{\"@type\":\"WebSite\",\"@id\":\"https:\\\/\\\/heationab.com\\\/#website\",\"url\":\"https:\\\/\\\/heationab.com\\\/\",\"name\":\"Heation\",\"description\":\"We create your solution\",\"publisher\":{\"@id\":\"https:\\\/\\\/heationab.com\\\/#organization\"},\"potentialAction\":[{\"@type\":\"SearchAction\",\"target\":{\"@type\":\"EntryPoint\",\"urlTemplate\":\"https:\\\/\\\/heationab.com\\\/?s={search_term_string}\"},\"query-input\":{\"@type\":\"PropertyValueSpecification\",\"valueRequired\":true,\"valueName\":\"search_term_string\"}}],\"inLanguage\":\"sv-SE\"},{\"@type\":\"Organization\",\"@id\":\"https:\\\/\\\/heationab.com\\\/#organization\",\"name\":\"Heation AB\",\"url\":\"https:\\\/\\\/heationab.com\\\/\",\"logo\":{\"@type\":\"ImageObject\",\"inLanguage\":\"sv-SE\",\"@id\":\"https:\\\/\\\/heationab.com\\\/#\\\/schema\\\/logo\\\/image\\\/\",\"url\":\"https:\\\/\\\/i0.wp.com\\\/heationab.com\\\/wp-content\\\/uploads\\\/logo-heation_vector-4A768E-blue-greyish.jpg?fit=842%2C596&ssl=1\",\"contentUrl\":\"https:\\\/\\\/i0.wp.com\\\/heationab.com\\\/wp-content\\\/uploads\\\/logo-heation_vector-4A768E-blue-greyish.jpg?fit=842%2C596&ssl=1\",\"width\":842,\"height\":596,\"caption\":\"Heation AB\"},\"image\":{\"@id\":\"https:\\\/\\\/heationab.com\\\/#\\\/schema\\\/logo\\\/image\\\/\"}},{\"@type\":\"Person\",\"@id\":\"https:\\\/\\\/heationab.com\\\/#\\\/schema\\\/person\\\/05824d6f371310d45fdf87a85bcaee86\",\"name\":\"admin\",\"image\":{\"@type\":\"ImageObject\",\"inLanguage\":\"sv-SE\",\"@id\":\"https:\\\/\\\/secure.gravatar.com\\\/avatar\\\/243fcfc45a9636157ce9e38a7731a964db7554e3897d2f62910313c6f628ff60?s=96&d=mm&r=g\",\"url\":\"https:\\\/\\\/secure.gravatar.com\\\/avatar\\\/243fcfc45a9636157ce9e38a7731a964db7554e3897d2f62910313c6f628ff60?s=96&d=mm&r=g\",\"contentUrl\":\"https:\\\/\\\/secure.gravatar.com\\\/avatar\\\/243fcfc45a9636157ce9e38a7731a964db7554e3897d2f62910313c6f628ff60?s=96&d=mm&r=g\",\"caption\":\"admin\"},\"url\":\"https:\\\/\\\/heationab.com\\\/sv\\\/author\\\/admin\\\/\"}]}<\/script>\n<!-- \/ Yoast SEO plugin. -->","yoast_head_json":{"title":"Surface treatments - Heation","robots":{"index":"index","follow":"follow","max-snippet":"max-snippet:-1","max-image-preview":"max-image-preview:large","max-video-preview":"max-video-preview:-1"},"canonical":"https:\/\/heationab.com\/sv\/articles\/surface-treatments\/","og_locale":"sv_SE","og_type":"article","og_title":"Surface treatments - Heation","og_url":"https:\/\/heationab.com\/sv\/articles\/surface-treatments\/","og_site_name":"Heation","article_modified_time":"2026-03-12T15:56:34+00:00","og_image":[{"width":500,"height":333,"url":"https:\/\/heationab.com\/wp-content\/uploads\/file.jpg","type":"image\/jpeg"}],"twitter_card":"summary_large_image","twitter_misc":{"Ber\u00e4knad l\u00e4stid":"2 minuter"},"schema":{"@context":"https:\/\/schema.org","@graph":[{"@type":"Article","@id":"https:\/\/heationab.com\/articles\/surface-treatments\/#article","isPartOf":{"@id":"https:\/\/heationab.com\/articles\/surface-treatments\/"},"author":{"name":"admin","@id":"https:\/\/heationab.com\/#\/schema\/person\/05824d6f371310d45fdf87a85bcaee86"},"headline":"Surface treatments","datePublished":"2021-11-07T10:58:13+00:00","dateModified":"2026-03-12T15:56:34+00:00","mainEntityOfPage":{"@id":"https:\/\/heationab.com\/articles\/surface-treatments\/"},"wordCount":380,"publisher":{"@id":"https:\/\/heationab.com\/#organization"},"image":{"@id":"https:\/\/heationab.com\/articles\/surface-treatments\/#primaryimage"},"thumbnailUrl":"https:\/\/i0.wp.com\/heationab.com\/wp-content\/uploads\/file.jpg?fit=500%2C333&ssl=1","articleSection":["Article"],"inLanguage":"sv-SE"},{"@type":"WebPage","@id":"https:\/\/heationab.com\/articles\/surface-treatments\/","url":"https:\/\/heationab.com\/articles\/surface-treatments\/","name":"Surface treatments - Heation","isPartOf":{"@id":"https:\/\/heationab.com\/#website"},"primaryImageOfPage":{"@id":"https:\/\/heationab.com\/articles\/surface-treatments\/#primaryimage"},"image":{"@id":"https:\/\/heationab.com\/articles\/surface-treatments\/#primaryimage"},"thumbnailUrl":"https:\/\/i0.wp.com\/heationab.com\/wp-content\/uploads\/file.jpg?fit=500%2C333&ssl=1","datePublished":"2021-11-07T10:58:13+00:00","dateModified":"2026-03-12T15:56:34+00:00","breadcrumb":{"@id":"https:\/\/heationab.com\/articles\/surface-treatments\/#breadcrumb"},"inLanguage":"sv-SE","potentialAction":[{"@type":"ReadAction","target":["https:\/\/heationab.com\/articles\/surface-treatments\/"]}]},{"@type":"ImageObject","inLanguage":"sv-SE","@id":"https:\/\/heationab.com\/articles\/surface-treatments\/#primaryimage","url":"https:\/\/i0.wp.com\/heationab.com\/wp-content\/uploads\/file.jpg?fit=500%2C333&ssl=1","contentUrl":"https:\/\/i0.wp.com\/heationab.com\/wp-content\/uploads\/file.jpg?fit=500%2C333&ssl=1","width":500,"height":333,"caption":"shot peening"},{"@type":"BreadcrumbList","@id":"https:\/\/heationab.com\/articles\/surface-treatments\/#breadcrumb","itemListElement":[{"@type":"ListItem","position":1,"name":"Home","item":"https:\/\/heationab.com\/"},{"@type":"ListItem","position":2,"name":"Articles","item":"https:\/\/heationab.com\/articles\/"},{"@type":"ListItem","position":3,"name":"Surface treatments"}]},{"@type":"WebSite","@id":"https:\/\/heationab.com\/#website","url":"https:\/\/heationab.com\/","name":"Heation","description":"We create your solution","publisher":{"@id":"https:\/\/heationab.com\/#organization"},"potentialAction":[{"@type":"SearchAction","target":{"@type":"EntryPoint","urlTemplate":"https:\/\/heationab.com\/?s={search_term_string}"},"query-input":{"@type":"PropertyValueSpecification","valueRequired":true,"valueName":"search_term_string"}}],"inLanguage":"sv-SE"},{"@type":"Organization","@id":"https:\/\/heationab.com\/#organization","name":"Heation AB","url":"https:\/\/heationab.com\/","logo":{"@type":"ImageObject","inLanguage":"sv-SE","@id":"https:\/\/heationab.com\/#\/schema\/logo\/image\/","url":"https:\/\/i0.wp.com\/heationab.com\/wp-content\/uploads\/logo-heation_vector-4A768E-blue-greyish.jpg?fit=842%2C596&ssl=1","contentUrl":"https:\/\/i0.wp.com\/heationab.com\/wp-content\/uploads\/logo-heation_vector-4A768E-blue-greyish.jpg?fit=842%2C596&ssl=1","width":842,"height":596,"caption":"Heation AB"},"image":{"@id":"https:\/\/heationab.com\/#\/schema\/logo\/image\/"}},{"@type":"Person","@id":"https:\/\/heationab.com\/#\/schema\/person\/05824d6f371310d45fdf87a85bcaee86","name":"admin","image":{"@type":"ImageObject","inLanguage":"sv-SE","@id":"https:\/\/secure.gravatar.com\/avatar\/243fcfc45a9636157ce9e38a7731a964db7554e3897d2f62910313c6f628ff60?s=96&d=mm&r=g","url":"https:\/\/secure.gravatar.com\/avatar\/243fcfc45a9636157ce9e38a7731a964db7554e3897d2f62910313c6f628ff60?s=96&d=mm&r=g","contentUrl":"https:\/\/secure.gravatar.com\/avatar\/243fcfc45a9636157ce9e38a7731a964db7554e3897d2f62910313c6f628ff60?s=96&d=mm&r=g","caption":"admin"},"url":"https:\/\/heationab.com\/sv\/author\/admin\/"}]}},"jetpack_sharing_enabled":true,"_links":{"self":[{"href":"https:\/\/heationab.com\/sv\/wp-json\/wp\/v2\/pages\/1266","targetHints":{"allow":["GET"]}}],"collection":[{"href":"https:\/\/heationab.com\/sv\/wp-json\/wp\/v2\/pages"}],"about":[{"href":"https:\/\/heationab.com\/sv\/wp-json\/wp\/v2\/types\/page"}],"author":[{"embeddable":true,"href":"https:\/\/heationab.com\/sv\/wp-json\/wp\/v2\/users\/1"}],"replies":[{"embeddable":true,"href":"https:\/\/heationab.com\/sv\/wp-json\/wp\/v2\/comments?post=1266"}],"version-history":[{"count":5,"href":"https:\/\/heationab.com\/sv\/wp-json\/wp\/v2\/pages\/1266\/revisions"}],"predecessor-version":[{"id":1301,"href":"https:\/\/heationab.com\/sv\/wp-json\/wp\/v2\/pages\/1266\/revisions\/1301"}],"up":[{"embeddable":true,"href":"https:\/\/heationab.com\/sv\/wp-json\/wp\/v2\/pages\/1855"}],"wp:featuredmedia":[{"embeddable":true,"href":"https:\/\/heationab.com\/sv\/wp-json\/wp\/v2\/media\/1859"}],"wp:attachment":[{"href":"https:\/\/heationab.com\/sv\/wp-json\/wp\/v2\/media?parent=1266"}],"wp:term":[{"taxonomy":"category","embeddable":true,"href":"https:\/\/heationab.com\/sv\/wp-json\/wp\/v2\/categories?post=1266"},{"taxonomy":"post_tag","embeddable":true,"href":"https:\/\/heationab.com\/sv\/wp-json\/wp\/v2\/tags?post=1266"}],"curies":[{"name":"wp","href":"https:\/\/api.w.org\/{rel}","templated":true}]}}