{"id":1238,"date":"2021-10-30T14:41:50","date_gmt":"2021-10-30T14:41:50","guid":{"rendered":"https:\/\/heationab.com\/?page_id=1238"},"modified":"2025-10-07T10:15:26","modified_gmt":"2025-10-07T10:15:26","slug":"protection-filters","status":"publish","type":"page","link":"https:\/\/heationab.com\/sv\/industrial-water-filters-application\/protection-filters\/","title":{"rendered":"Smutsfilter"},"content":{"rendered":"<div class=\"wpb-content-wrapper\"><div class=\"vc_row wpb_row vc_row-fluid vc_row-o-content-middle vc_row-flex\"><div class=\"wpb_column vc_column_container vc_col-sm-12\"><div class=\"vc_column-inner\"><div class=\"wpb_wrapper\">\n\t<div class=\"wpb_text_column wpb_content_element\" >\n\t\t<div class=\"wpb_wrapper\">\n\t\t\t<h1 style=\"text-align: center;\"><span style=\"font-weight: 400;\">Smutsfilter i vattenledningar<\/span><\/h1>\n<h2 style=\"text-align: center;\">Skyddsfilter<\/h2>\n\n\t\t<\/div>\n\t<\/div>\n<\/div><\/div><\/div><\/div><div class=\"vc_row wpb_row vc_row-fluid vc_row-o-content-middle vc_row-flex\"><div class=\"wpb_column vc_column_container vc_col-sm-8\"><div class=\"vc_column-inner\"><div class=\"wpb_wrapper\">\n\t<div class=\"wpb_text_column wpb_content_element\" >\n\t\t<div class=\"wpb_wrapper\">\n\t\t\t<h2><span style=\"font-weight: 400;\">Korgfilter<\/span><\/h2>\n<p><span style=\"font-weight: 400;\">T-filter \u00e4r korgfilter med vertikal konstruktion. De \u00e4r inline-filter och deras filterelement \u00e4r en perforerad pl\u00e5t. Dess ganska h\u00f6ga filtreringsgrad (mellan 1 mm och 3 mm) g\u00f6r dem till den ideala l\u00f6sningen f\u00f6r att skydda den uppstr\u00f6ms delen av systemet fr\u00e5n st\u00f6rre och o\u00f6nskat skr\u00e4p s\u00e5som sm\u00e5 stenar, l\u00f6v, grenar eller till och med sm\u00e5 djur som ibland kan hamna i r\u00f6ret, om vattnet till exempel tas fr\u00e5n sj\u00f6ar eller floder. Vanligtvis kan de anv\u00e4ndas som pumpskydd.<\/span><\/p>\n\n\t\t<\/div>\n\t<\/div>\n<\/div><\/div><\/div><div class=\"wpb_column vc_column_container vc_col-sm-4\"><div class=\"vc_column-inner\"><div class=\"wpb_wrapper\">\n\t<div  class=\"wpb_single_image wpb_content_element vc_align_left wpb_content_element\">\n\t\t\n\t\t<figure class=\"wpb_wrapper vc_figure\">\n\t\t\t<a href=\"https:\/\/heationab.com\/sv\/industrial-water-filters-in-stainless-steel\/stainless-steel-inline-basket-filter\/\" target=\"_self\" class=\"vc_single_image-wrapper   vc_box_border_grey\"><img decoding=\"async\" width=\"790\" height=\"505\" data-src=\"https:\/\/i0.wp.com\/heationab.com\/wp-content\/uploads\/2021\/10\/Rock-phin.png?fit=790%2C505&amp;ssl=1\" class=\"vc_single_image-img attachment-large lazyload\" alt=\"\" title=\"Rock-phin\" data-srcset=\"https:\/\/i0.wp.com\/heationab.com\/wp-content\/uploads\/2021\/10\/Rock-phin.png?w=4000&amp;ssl=1 4000w, https:\/\/i0.wp.com\/heationab.com\/wp-content\/uploads\/2021\/10\/Rock-phin.png?resize=300%2C192&amp;ssl=1 300w, https:\/\/i0.wp.com\/heationab.com\/wp-content\/uploads\/2021\/10\/Rock-phin.png?resize=1024%2C655&amp;ssl=1 1024w, https:\/\/i0.wp.com\/heationab.com\/wp-content\/uploads\/2021\/10\/Rock-phin.png?resize=150%2C96&amp;ssl=1 150w, https:\/\/i0.wp.com\/heationab.com\/wp-content\/uploads\/2021\/10\/Rock-phin.png?resize=768%2C492&amp;ssl=1 768w, https:\/\/i0.wp.com\/heationab.com\/wp-content\/uploads\/2021\/10\/Rock-phin.png?resize=1536%2C983&amp;ssl=1 1536w, https:\/\/i0.wp.com\/heationab.com\/wp-content\/uploads\/2021\/10\/Rock-phin.png?resize=2048%2C1311&amp;ssl=1 2048w, https:\/\/i0.wp.com\/heationab.com\/wp-content\/uploads\/2021\/10\/Rock-phin.png?resize=18%2C12&amp;ssl=1 18w, https:\/\/i0.wp.com\/heationab.com\/wp-content\/uploads\/2021\/10\/Rock-phin.png?w=2370&amp;ssl=1 2370w\" data-sizes=\"(max-width: 790px) 100vw, 790px\" src=\"data:image\/svg+xml;base64,PHN2ZyB3aWR0aD0iMSIgaGVpZ2h0PSIxIiB4bWxucz0iaHR0cDovL3d3dy53My5vcmcvMjAwMC9zdmciPjwvc3ZnPg==\" style=\"--smush-placeholder-width: 790px; --smush-placeholder-aspect-ratio: 790\/505;\" \/><\/a>\n\t\t<\/figure>\n\t<\/div>\n<\/div><\/div><\/div><\/div><div class=\"vc_row wpb_row vc_row-fluid\"><div class=\"wpb_column vc_column_container vc_col-sm-12\"><div class=\"vc_column-inner\"><div class=\"wpb_wrapper\">\n\t<div class=\"wpb_text_column wpb_content_element\" >\n\t\t<div class=\"wpb_wrapper\">\n\t\t\t<h2><span style=\"font-weight: 400;\">Meshfilter<\/span><\/h2>\n<p><span style=\"font-weight: 400;\">Meshfilter kan ha flera konstruktionsformer s\u00e5 att de kan v\u00e4ljas utifr\u00e5n systemlayouten. Filtreringselementet \u00e4r tillverkat av ett lager av fin tr\u00e5d. Detta lager l\u00e4ggs p\u00e5 en perforerad sk\u00e4rm som fungerar som st\u00f6d eftersom sj\u00e4lva tr\u00e5dn\u00e4tet inte skulle klara de typiska fl\u00f6dena och trycken. Med detta filterelement \u00e4r det m\u00f6jligt att n\u00e5 mycket finare filtreringsgrader ner till n\u00e5gra \u00b5m. Av denna anledning har n\u00e4tfilter vanligtvis en l\u00e4gre smutsh\u00e5llande kapacitet \u00e4n silar av korgtyp med perforerad pl\u00e5t som filtreringselement.<\/span><\/p>\n<p><span style=\"font-weight: 400;\">De anv\u00e4nds d\u00e4rf\u00f6r i applikationer d\u00e4r halten av partiklar tenderar att vara l\u00e4gre, s\u00e5som slutna kretsar. En typisk till\u00e4mpning kan vara skydd av en v\u00e4rmev\u00e4xlare.<\/span><\/p>\n\n\t\t<\/div>\n\t<\/div>\n<\/div><\/div><\/div><\/div><div data-vc-full-width=\"true\" data-vc-full-width-init=\"false\" class=\"vc_row wpb_row vc_row-fluid\"><div class=\"wpb_column vc_column_container vc_col-sm-12\"><div class=\"vc_column-inner\"><div class=\"wpb_wrapper\">\n\t<div  class=\"wpb_single_image wpb_content_element vc_align_left wpb_content_element\">\n\t\t\n\t\t<figure class=\"wpb_wrapper vc_figure\">\n\t\t\t<a href=\"https:\/\/heationab.com\/sv\/industrial-water-filters-in-stainless-steel\/strainer-filter\/\" target=\"_self\" class=\"vc_single_image-wrapper   vc_box_border_grey\"><img decoding=\"async\" width=\"2500\" height=\"1406\" data-src=\"https:\/\/i0.wp.com\/heationab.com\/wp-content\/uploads\/2021\/10\/Optimum_web.jpg?fit=2500%2C1406&amp;ssl=1\" class=\"vc_single_image-img attachment-full lazyload\" alt=\"Optimum Y strainer in stainless steel\" title=\"Optimum Y strainer\" data-srcset=\"https:\/\/i0.wp.com\/heationab.com\/wp-content\/uploads\/2021\/10\/Optimum_web.jpg?w=2500&amp;ssl=1 2500w, https:\/\/i0.wp.com\/heationab.com\/wp-content\/uploads\/2021\/10\/Optimum_web.jpg?resize=300%2C169&amp;ssl=1 300w, https:\/\/i0.wp.com\/heationab.com\/wp-content\/uploads\/2021\/10\/Optimum_web.jpg?resize=1024%2C576&amp;ssl=1 1024w, https:\/\/i0.wp.com\/heationab.com\/wp-content\/uploads\/2021\/10\/Optimum_web.jpg?resize=150%2C84&amp;ssl=1 150w, https:\/\/i0.wp.com\/heationab.com\/wp-content\/uploads\/2021\/10\/Optimum_web.jpg?resize=768%2C432&amp;ssl=1 768w, https:\/\/i0.wp.com\/heationab.com\/wp-content\/uploads\/2021\/10\/Optimum_web.jpg?resize=1536%2C864&amp;ssl=1 1536w, https:\/\/i0.wp.com\/heationab.com\/wp-content\/uploads\/2021\/10\/Optimum_web.jpg?resize=2048%2C1152&amp;ssl=1 2048w, https:\/\/i0.wp.com\/heationab.com\/wp-content\/uploads\/2021\/10\/Optimum_web.jpg?resize=18%2C10&amp;ssl=1 18w, https:\/\/i0.wp.com\/heationab.com\/wp-content\/uploads\/2021\/10\/Optimum_web.jpg?w=2370&amp;ssl=1 2370w\" data-sizes=\"(max-width: 790px) 100vw, 790px\" src=\"data:image\/svg+xml;base64,PHN2ZyB3aWR0aD0iMSIgaGVpZ2h0PSIxIiB4bWxucz0iaHR0cDovL3d3dy53My5vcmcvMjAwMC9zdmciPjwvc3ZnPg==\" style=\"--smush-placeholder-width: 2500px; --smush-placeholder-aspect-ratio: 2500\/1406;\" \/><\/a>\n\t\t<\/figure>\n\t<\/div>\n<\/div><\/div><\/div><\/div><div class=\"vc_row-full-width vc_clearfix\"><\/div>\n<\/div>","protected":false},"excerpt":{"rendered":"Strainers in water pipe lines Protection filters T strainers T strainers are basket filters with a vertical construction form. They are inline filters and their filtering element is a perforated sheet. Its rather large filtration degree (between 1mm and 3mm) makes it the ideal solution to protect the upstream part...","protected":false},"author":1,"featured_media":1184,"parent":1555,"menu_order":0,"comment_status":"closed","ping_status":"closed","template":"","meta":{"content-type":"","_monsterinsights_skip_tracking":false,"_monsterinsights_sitenote_active":false,"_monsterinsights_sitenote_note":"","_monsterinsights_sitenote_category":0,"footnotes":""},"categories":[10],"tags":[],"class_list":["post-1238","page","type-page","status-publish","has-post-thumbnail","hentry","category-applications"],"yoast_head":"<!-- This site is optimized with the Yoast SEO plugin v27.3 - https:\/\/yoast.com\/product\/yoast-seo-wordpress\/ -->\n<title>Strainers - Heation %<\/title>\n<meta name=\"robots\" content=\"index, follow, max-snippet:-1, max-image-preview:large, max-video-preview:-1\" \/>\n<link rel=\"canonical\" href=\"https:\/\/heationab.com\/sv\/industrial-water-filters-application\/protection-filters\/\" \/>\n<meta property=\"og:locale\" content=\"sv_SE\" \/>\n<meta property=\"og:type\" content=\"article\" \/>\n<meta property=\"og:title\" content=\"Strainers - Heation %\" \/>\n<meta property=\"og:url\" content=\"https:\/\/heationab.com\/sv\/industrial-water-filters-application\/protection-filters\/\" \/>\n<meta property=\"og:site_name\" content=\"Heation\" \/>\n<meta property=\"article:modified_time\" content=\"2025-10-07T10:15:26+00:00\" \/>\n<meta property=\"og:image\" content=\"https:\/\/heationab.com\/wp-content\/uploads\/2021\/10\/Optimum_web.jpg\" \/>\n\t<meta property=\"og:image:width\" content=\"2500\" \/>\n\t<meta property=\"og:image:height\" content=\"1406\" \/>\n\t<meta property=\"og:image:type\" content=\"image\/jpeg\" \/>\n<meta name=\"twitter:card\" content=\"summary_large_image\" \/>\n<meta name=\"twitter:label1\" content=\"Ber\u00e4knad l\u00e4stid\" \/>\n\t<meta name=\"twitter:data1\" content=\"2 minuter\" \/>\n<script type=\"application\/ld+json\" class=\"yoast-schema-graph\">{\"@context\":\"https:\\\/\\\/schema.org\",\"@graph\":[{\"@type\":\"WebPage\",\"@id\":\"https:\\\/\\\/heationab.com\\\/industrial-water-filters-application\\\/protection-filters\\\/\",\"url\":\"https:\\\/\\\/heationab.com\\\/industrial-water-filters-application\\\/protection-filters\\\/\",\"name\":\"Strainers - Heation %\",\"isPartOf\":{\"@id\":\"https:\\\/\\\/heationab.com\\\/#website\"},\"primaryImageOfPage\":{\"@id\":\"https:\\\/\\\/heationab.com\\\/industrial-water-filters-application\\\/protection-filters\\\/#primaryimage\"},\"image\":{\"@id\":\"https:\\\/\\\/heationab.com\\\/industrial-water-filters-application\\\/protection-filters\\\/#primaryimage\"},\"thumbnailUrl\":\"https:\\\/\\\/i0.wp.com\\\/heationab.com\\\/wp-content\\\/uploads\\\/2021\\\/10\\\/Optimum_web.jpg?fit=2500%2C1406&ssl=1\",\"datePublished\":\"2021-10-30T14:41:50+00:00\",\"dateModified\":\"2025-10-07T10:15:26+00:00\",\"breadcrumb\":{\"@id\":\"https:\\\/\\\/heationab.com\\\/industrial-water-filters-application\\\/protection-filters\\\/#breadcrumb\"},\"inLanguage\":\"sv-SE\",\"potentialAction\":[{\"@type\":\"ReadAction\",\"target\":[\"https:\\\/\\\/heationab.com\\\/industrial-water-filters-application\\\/protection-filters\\\/\"]}]},{\"@type\":\"ImageObject\",\"inLanguage\":\"sv-SE\",\"@id\":\"https:\\\/\\\/heationab.com\\\/industrial-water-filters-application\\\/protection-filters\\\/#primaryimage\",\"url\":\"https:\\\/\\\/i0.wp.com\\\/heationab.com\\\/wp-content\\\/uploads\\\/2021\\\/10\\\/Optimum_web.jpg?fit=2500%2C1406&ssl=1\",\"contentUrl\":\"https:\\\/\\\/i0.wp.com\\\/heationab.com\\\/wp-content\\\/uploads\\\/2021\\\/10\\\/Optimum_web.jpg?fit=2500%2C1406&ssl=1\",\"width\":2500,\"height\":1406,\"caption\":\"Optimum Y strainer in stainless steel\"},{\"@type\":\"BreadcrumbList\",\"@id\":\"https:\\\/\\\/heationab.com\\\/industrial-water-filters-application\\\/protection-filters\\\/#breadcrumb\",\"itemListElement\":[{\"@type\":\"ListItem\",\"position\":1,\"name\":\"Home\",\"item\":\"https:\\\/\\\/heationab.com\\\/\"},{\"@type\":\"ListItem\",\"position\":2,\"name\":\"Applications\",\"item\":\"https:\\\/\\\/heationab.com\\\/industrial-water-filters-application\\\/\"},{\"@type\":\"ListItem\",\"position\":3,\"name\":\"Strainers\"}]},{\"@type\":\"WebSite\",\"@id\":\"https:\\\/\\\/heationab.com\\\/#website\",\"url\":\"https:\\\/\\\/heationab.com\\\/\",\"name\":\"Heation\",\"description\":\"We create your solution\",\"publisher\":{\"@id\":\"https:\\\/\\\/heationab.com\\\/#organization\"},\"potentialAction\":[{\"@type\":\"SearchAction\",\"target\":{\"@type\":\"EntryPoint\",\"urlTemplate\":\"https:\\\/\\\/heationab.com\\\/?s={search_term_string}\"},\"query-input\":{\"@type\":\"PropertyValueSpecification\",\"valueRequired\":true,\"valueName\":\"search_term_string\"}}],\"inLanguage\":\"sv-SE\"},{\"@type\":\"Organization\",\"@id\":\"https:\\\/\\\/heationab.com\\\/#organization\",\"name\":\"Heation AB\",\"url\":\"https:\\\/\\\/heationab.com\\\/\",\"logo\":{\"@type\":\"ImageObject\",\"inLanguage\":\"sv-SE\",\"@id\":\"https:\\\/\\\/heationab.com\\\/#\\\/schema\\\/logo\\\/image\\\/\",\"url\":\"https:\\\/\\\/i0.wp.com\\\/heationab.com\\\/wp-content\\\/uploads\\\/logo-heation_vector-4A768E-blue-greyish.jpg?fit=842%2C596&ssl=1\",\"contentUrl\":\"https:\\\/\\\/i0.wp.com\\\/heationab.com\\\/wp-content\\\/uploads\\\/logo-heation_vector-4A768E-blue-greyish.jpg?fit=842%2C596&ssl=1\",\"width\":842,\"height\":596,\"caption\":\"Heation AB\"},\"image\":{\"@id\":\"https:\\\/\\\/heationab.com\\\/#\\\/schema\\\/logo\\\/image\\\/\"}}]}<\/script>\n<!-- \/ Yoast SEO plugin. -->","yoast_head_json":{"title":"Strainers - Heation %","robots":{"index":"index","follow":"follow","max-snippet":"max-snippet:-1","max-image-preview":"max-image-preview:large","max-video-preview":"max-video-preview:-1"},"canonical":"https:\/\/heationab.com\/sv\/industrial-water-filters-application\/protection-filters\/","og_locale":"sv_SE","og_type":"article","og_title":"Strainers - Heation %","og_url":"https:\/\/heationab.com\/sv\/industrial-water-filters-application\/protection-filters\/","og_site_name":"Heation","article_modified_time":"2025-10-07T10:15:26+00:00","og_image":[{"width":2500,"height":1406,"url":"https:\/\/heationab.com\/wp-content\/uploads\/2021\/10\/Optimum_web.jpg","type":"image\/jpeg"}],"twitter_card":"summary_large_image","twitter_misc":{"Ber\u00e4knad l\u00e4stid":"2 minuter"},"schema":{"@context":"https:\/\/schema.org","@graph":[{"@type":"WebPage","@id":"https:\/\/heationab.com\/industrial-water-filters-application\/protection-filters\/","url":"https:\/\/heationab.com\/industrial-water-filters-application\/protection-filters\/","name":"Strainers - Heation %","isPartOf":{"@id":"https:\/\/heationab.com\/#website"},"primaryImageOfPage":{"@id":"https:\/\/heationab.com\/industrial-water-filters-application\/protection-filters\/#primaryimage"},"image":{"@id":"https:\/\/heationab.com\/industrial-water-filters-application\/protection-filters\/#primaryimage"},"thumbnailUrl":"https:\/\/i0.wp.com\/heationab.com\/wp-content\/uploads\/2021\/10\/Optimum_web.jpg?fit=2500%2C1406&ssl=1","datePublished":"2021-10-30T14:41:50+00:00","dateModified":"2025-10-07T10:15:26+00:00","breadcrumb":{"@id":"https:\/\/heationab.com\/industrial-water-filters-application\/protection-filters\/#breadcrumb"},"inLanguage":"sv-SE","potentialAction":[{"@type":"ReadAction","target":["https:\/\/heationab.com\/industrial-water-filters-application\/protection-filters\/"]}]},{"@type":"ImageObject","inLanguage":"sv-SE","@id":"https:\/\/heationab.com\/industrial-water-filters-application\/protection-filters\/#primaryimage","url":"https:\/\/i0.wp.com\/heationab.com\/wp-content\/uploads\/2021\/10\/Optimum_web.jpg?fit=2500%2C1406&ssl=1","contentUrl":"https:\/\/i0.wp.com\/heationab.com\/wp-content\/uploads\/2021\/10\/Optimum_web.jpg?fit=2500%2C1406&ssl=1","width":2500,"height":1406,"caption":"Optimum Y strainer in stainless steel"},{"@type":"BreadcrumbList","@id":"https:\/\/heationab.com\/industrial-water-filters-application\/protection-filters\/#breadcrumb","itemListElement":[{"@type":"ListItem","position":1,"name":"Home","item":"https:\/\/heationab.com\/"},{"@type":"ListItem","position":2,"name":"Applications","item":"https:\/\/heationab.com\/industrial-water-filters-application\/"},{"@type":"ListItem","position":3,"name":"Strainers"}]},{"@type":"WebSite","@id":"https:\/\/heationab.com\/#website","url":"https:\/\/heationab.com\/","name":"Heation","description":"We create your solution","publisher":{"@id":"https:\/\/heationab.com\/#organization"},"potentialAction":[{"@type":"SearchAction","target":{"@type":"EntryPoint","urlTemplate":"https:\/\/heationab.com\/?s={search_term_string}"},"query-input":{"@type":"PropertyValueSpecification","valueRequired":true,"valueName":"search_term_string"}}],"inLanguage":"sv-SE"},{"@type":"Organization","@id":"https:\/\/heationab.com\/#organization","name":"Heation AB","url":"https:\/\/heationab.com\/","logo":{"@type":"ImageObject","inLanguage":"sv-SE","@id":"https:\/\/heationab.com\/#\/schema\/logo\/image\/","url":"https:\/\/i0.wp.com\/heationab.com\/wp-content\/uploads\/logo-heation_vector-4A768E-blue-greyish.jpg?fit=842%2C596&ssl=1","contentUrl":"https:\/\/i0.wp.com\/heationab.com\/wp-content\/uploads\/logo-heation_vector-4A768E-blue-greyish.jpg?fit=842%2C596&ssl=1","width":842,"height":596,"caption":"Heation AB"},"image":{"@id":"https:\/\/heationab.com\/#\/schema\/logo\/image\/"}}]}},"jetpack_sharing_enabled":true,"_links":{"self":[{"href":"https:\/\/heationab.com\/sv\/wp-json\/wp\/v2\/pages\/1238","targetHints":{"allow":["GET"]}}],"collection":[{"href":"https:\/\/heationab.com\/sv\/wp-json\/wp\/v2\/pages"}],"about":[{"href":"https:\/\/heationab.com\/sv\/wp-json\/wp\/v2\/types\/page"}],"author":[{"embeddable":true,"href":"https:\/\/heationab.com\/sv\/wp-json\/wp\/v2\/users\/1"}],"replies":[{"embeddable":true,"href":"https:\/\/heationab.com\/sv\/wp-json\/wp\/v2\/comments?post=1238"}],"version-history":[{"count":5,"href":"https:\/\/heationab.com\/sv\/wp-json\/wp\/v2\/pages\/1238\/revisions"}],"predecessor-version":[{"id":2056,"href":"https:\/\/heationab.com\/sv\/wp-json\/wp\/v2\/pages\/1238\/revisions\/2056"}],"up":[{"embeddable":true,"href":"https:\/\/heationab.com\/sv\/wp-json\/wp\/v2\/pages\/1555"}],"wp:featuredmedia":[{"embeddable":true,"href":"https:\/\/heationab.com\/sv\/wp-json\/wp\/v2\/media\/1184"}],"wp:attachment":[{"href":"https:\/\/heationab.com\/sv\/wp-json\/wp\/v2\/media?parent=1238"}],"wp:term":[{"taxonomy":"category","embeddable":true,"href":"https:\/\/heationab.com\/sv\/wp-json\/wp\/v2\/categories?post=1238"},{"taxonomy":"post_tag","embeddable":true,"href":"https:\/\/heationab.com\/sv\/wp-json\/wp\/v2\/tags?post=1238"}],"curies":[{"name":"wp","href":"https:\/\/api.w.org\/{rel}","templated":true}]}}