{"id":1231,"date":"2021-10-30T12:28:48","date_gmt":"2021-10-30T12:28:48","guid":{"rendered":"https:\/\/heationab.com\/?page_id=1231"},"modified":"2021-10-30T14:37:25","modified_gmt":"2021-10-30T14:37:25","slug":"privacy-policy","status":"publish","type":"page","link":"https:\/\/heationab.com\/sv\/dolphin-filters\/privacy-policy\/","title":{"rendered":"Integritetspolicy"},"content":{"rendered":"<div class=\"wpb-content-wrapper\"><div data-vc-full-width=\"true\" data-vc-full-width-init=\"false\" data-vc-stretch-content=\"true\" class=\"vc_row wpb_row vc_row-fluid\"><div class=\"wpb_column vc_column_container vc_col-sm-12\"><div class=\"vc_column-inner\"><div class=\"wpb_wrapper\">\n\t<div class=\"wpb_text_column wpb_content_element\" >\n\t\t<div class=\"wpb_wrapper\">\n\t\t\t<h1>Integritetspolicy f\u00f6r Heation AB<\/h1>\n<p>P\u00e5 Heation AB \u00e4r en av v\u00e5ra huvudprioriteringar v\u00e5ra bes\u00f6kares integritet. Detta integritetspolicydokument inneh\u00e5ller typer av information som samlas in och registreras av Heation AB och hur vi anv\u00e4nder den.<\/p>\n<p>Om du har ytterligare fr\u00e5gor eller beh\u00f6ver mer information om v\u00e5r integritetspolicy, tveka inte att kontakta oss.<\/p>\n<h2>Samtycke<\/h2>\n<p>Genom att anv\u00e4nda v\u00e5r webbplats samtycker du h\u00e4rmed till v\u00e5r integritetspolicy och godk\u00e4nner dess villkor.<\/p>\n<h2>Information vi samlar in<\/h2>\n<p>Den personliga information som du ombeds l\u00e4mna, och sk\u00e4len till varf\u00f6r du ombeds att tillhandah\u00e5lla den, kommer att g\u00f6ras tydliga f\u00f6r dig n\u00e4r vi ber dig att tillhandah\u00e5lla din personliga information.<\/p>\n<p>Om du kontaktar oss direkt kan vi f\u00e5 ytterligare information om dig s\u00e5som ditt namn, e-postadress, telefonnummer, inneh\u00e5llet i meddelandet och\/eller bilagor som du kan skicka till oss och all annan information du kan v\u00e4lja att tillhandah\u00e5lla.<\/p>\n<h2>Hur vi anv\u00e4nder din information<\/h2>\n<p>Vi anv\u00e4nder informationen vi samlar in p\u00e5 olika s\u00e4tt, inklusive f\u00f6r att:<\/p>\n<ul>\n<li>Kommunicera med dig f\u00f6r att ge dig uppdateringar och annan information och f\u00f6r marknadsf\u00f6rings- och reklamsyfte<\/li>\n<li>Hitta och f\u00f6rhindra bedr\u00e4gerier<\/li>\n<\/ul>\n<h2>Loggfiler<\/h2>\n<p>Heation AB f\u00f6ljer en standardprocedur f\u00f6r att anv\u00e4nda loggfiler. Dessa filer loggar bes\u00f6kare n\u00e4r de bes\u00f6ker webbplatser. Alla v\u00e4rdf\u00f6retag g\u00f6r detta och \u00e4r en del av v\u00e4rdtj\u00e4nsternas analys. Informationen som samlas in av loggfiler inkluderar IP-adresser (Internet Protocol), webbl\u00e4sartyp, Internetleverant\u00f6r (ISP), datum- och tidsst\u00e4mpel, referens-\/utg\u00e5ngssidor och m\u00f6jligen antalet klick. Dessa \u00e4r inte kopplade till n\u00e5gon information som \u00e4r personligt identifierbar. Syftet med informationen \u00e4r att analysera trender, administrera webbplatsen, sp\u00e5ra anv\u00e4ndarnas r\u00f6relser p\u00e5 webbplatsen och samla in demografisk information.<\/p>\n<h2>Kakor<\/h2>\n<p>Precis som alla andra webbplatser anv\u00e4nder Heation AB \"cookies\". Dessa cookies anv\u00e4nds f\u00f6r att lagra information inklusive bes\u00f6karnas preferenser och de sidor p\u00e5 webbplatsen som bes\u00f6karen bes\u00f6kte eller bes\u00f6kte. Informationen anv\u00e4nds f\u00f6r att optimera anv\u00e4ndarnas upplevelse genom att anpassa inneh\u00e5llet p\u00e5 v\u00e5r webbsida baserat p\u00e5 bes\u00f6karnas webbl\u00e4sartyp och\/eller annan information.<\/p>\n<h2>Tredje parts sekretesspolicyer<\/h2>\n<p>Heation AB:s integritetspolicy g\u00e4ller inte andra annons\u00f6rer eller webbplatser. D\u00e4rf\u00f6r r\u00e5der vi dig att konsultera respektive sekretesspolicy f\u00f6r dessa tredjepartsannonsservrar f\u00f6r mer detaljerad information. Det kan inneh\u00e5lla deras praxis och instruktioner om hur man v\u00e4ljer bort vissa alternativ.<\/p>\n<p>Du kan v\u00e4lja att inaktivera cookies genom dina individuella webbl\u00e4sarinst\u00e4llningar. F\u00f6r att f\u00e5 mer detaljerad information om cookiehantering med specifika webbl\u00e4sare, kan den hittas p\u00e5 webbl\u00e4sarens respektive webbplatser.<\/p>\n<h2>GDPR Dataskyddsr\u00e4ttigheter<\/h2>\n<p>Vi vill se till att du \u00e4r fullt medveten om alla dina dataskyddsr\u00e4ttigheter. Varje anv\u00e4ndare har r\u00e4tt till f\u00f6ljande:<\/p>\n<p>R\u00e4tt till tillg\u00e5ng \u2013 Du har r\u00e4tt att beg\u00e4ra kopior av dina personuppgifter. Vi kan ta ut en liten avgift f\u00f6r denna tj\u00e4nst.<\/p>\n<p>R\u00e4tten till r\u00e4ttelse \u2013 Du har r\u00e4tt att beg\u00e4ra att vi korrigerar all information som du anser \u00e4r felaktig. Du har ocks\u00e5 r\u00e4tt att beg\u00e4ra att vi kompletterar den information du anser \u00e4r ofullst\u00e4ndig.<\/p>\n<p>R\u00e4tten till radering \u2013 Du har r\u00e4tt att beg\u00e4ra att vi raderar dina personuppgifter, under vissa f\u00f6ruts\u00e4ttningar.<\/p>\n<p>R\u00e4tten att begr\u00e4nsa behandlingen \u2013 Du har r\u00e4tt att beg\u00e4ra att vi begr\u00e4nsar behandlingen av dina personuppgifter, under vissa f\u00f6ruts\u00e4ttningar.<\/p>\n<p>R\u00e4tt att inv\u00e4nda mot behandling \u2013 Du har r\u00e4tt att inv\u00e4nda mot v\u00e5r behandling av dina personuppgifter, under vissa f\u00f6ruts\u00e4ttningar.<\/p>\n<p>R\u00e4tten till dataportabilitet \u2013 Du har r\u00e4tt att beg\u00e4ra att vi \u00f6verf\u00f6r de uppgifter som vi har samlat in till en annan organisation, eller direkt till dig, under vissa f\u00f6ruts\u00e4ttningar.<\/p>\n<p>Om du g\u00f6r en f\u00f6rfr\u00e5gan har vi en m\u00e5nad p\u00e5 oss att svara dig. Om du vill ut\u00f6va n\u00e5gon av dessa r\u00e4ttigheter, v\u00e4nligen kontakta oss.<\/p>\n\n\t\t<\/div>\n\t<\/div>\n<\/div><\/div><\/div><\/div><div class=\"vc_row-full-width vc_clearfix\"><\/div>\n<\/div>","protected":false},"excerpt":{"rendered":"Privacy Policy for Heation AB At Heation AB one of our main priorities is the privacy of our visitors. This Privacy Policy document contains types of information that is collected and recorded by Heation AB and how we use it. If you have additional questions or require more information about...","protected":false},"author":1,"featured_media":0,"parent":548,"menu_order":0,"comment_status":"closed","ping_status":"closed","template":"","meta":{"content-type":"","_monsterinsights_skip_tracking":false,"_monsterinsights_sitenote_active":false,"_monsterinsights_sitenote_note":"","_monsterinsights_sitenote_category":0,"footnotes":""},"categories":[],"tags":[],"class_list":["post-1231","page","type-page","status-publish","hentry"],"yoast_head":"<!-- This site is optimized with the Yoast SEO plugin v27.3 - https:\/\/yoast.com\/product\/yoast-seo-wordpress\/ -->\n<title>Privacy Policy - Heation<\/title>\n<meta name=\"robots\" content=\"index, follow, max-snippet:-1, max-image-preview:large, max-video-preview:-1\" \/>\n<link rel=\"canonical\" href=\"https:\/\/heationab.com\/sv\/dolphin-filters\/privacy-policy\/\" \/>\n<meta property=\"og:locale\" content=\"sv_SE\" \/>\n<meta property=\"og:type\" content=\"article\" \/>\n<meta property=\"og:title\" content=\"Privacy Policy - Heation\" \/>\n<meta property=\"og:url\" content=\"https:\/\/heationab.com\/sv\/dolphin-filters\/privacy-policy\/\" \/>\n<meta property=\"og:site_name\" content=\"Heation\" \/>\n<meta property=\"article:modified_time\" content=\"2021-10-30T14:37:25+00:00\" \/>\n<meta name=\"twitter:card\" content=\"summary_large_image\" \/>\n<meta name=\"twitter:label1\" content=\"Ber\u00e4knad l\u00e4stid\" \/>\n\t<meta name=\"twitter:data1\" content=\"3 minuter\" \/>\n<script type=\"application\/ld+json\" class=\"yoast-schema-graph\">{\"@context\":\"https:\\\/\\\/schema.org\",\"@graph\":[{\"@type\":\"WebPage\",\"@id\":\"https:\\\/\\\/heationab.com\\\/dolphin-filters\\\/privacy-policy\\\/\",\"url\":\"https:\\\/\\\/heationab.com\\\/dolphin-filters\\\/privacy-policy\\\/\",\"name\":\"Privacy Policy - Heation\",\"isPartOf\":{\"@id\":\"https:\\\/\\\/heationab.com\\\/#website\"},\"datePublished\":\"2021-10-30T12:28:48+00:00\",\"dateModified\":\"2021-10-30T14:37:25+00:00\",\"breadcrumb\":{\"@id\":\"https:\\\/\\\/heationab.com\\\/dolphin-filters\\\/privacy-policy\\\/#breadcrumb\"},\"inLanguage\":\"sv-SE\",\"potentialAction\":[{\"@type\":\"ReadAction\",\"target\":[\"https:\\\/\\\/heationab.com\\\/dolphin-filters\\\/privacy-policy\\\/\"]}]},{\"@type\":\"BreadcrumbList\",\"@id\":\"https:\\\/\\\/heationab.com\\\/dolphin-filters\\\/privacy-policy\\\/#breadcrumb\",\"itemListElement\":[{\"@type\":\"ListItem\",\"position\":1,\"name\":\"Home\",\"item\":\"https:\\\/\\\/heationab.com\\\/\"},{\"@type\":\"ListItem\",\"position\":2,\"name\":\"About us\",\"item\":\"https:\\\/\\\/heationab.com\\\/dolphin-filters\\\/\"},{\"@type\":\"ListItem\",\"position\":3,\"name\":\"Privacy Policy\"}]},{\"@type\":\"WebSite\",\"@id\":\"https:\\\/\\\/heationab.com\\\/#website\",\"url\":\"https:\\\/\\\/heationab.com\\\/\",\"name\":\"Heation\",\"description\":\"We create your solution\",\"publisher\":{\"@id\":\"https:\\\/\\\/heationab.com\\\/#organization\"},\"potentialAction\":[{\"@type\":\"SearchAction\",\"target\":{\"@type\":\"EntryPoint\",\"urlTemplate\":\"https:\\\/\\\/heationab.com\\\/?s={search_term_string}\"},\"query-input\":{\"@type\":\"PropertyValueSpecification\",\"valueRequired\":true,\"valueName\":\"search_term_string\"}}],\"inLanguage\":\"sv-SE\"},{\"@type\":\"Organization\",\"@id\":\"https:\\\/\\\/heationab.com\\\/#organization\",\"name\":\"Heation AB\",\"url\":\"https:\\\/\\\/heationab.com\\\/\",\"logo\":{\"@type\":\"ImageObject\",\"inLanguage\":\"sv-SE\",\"@id\":\"https:\\\/\\\/heationab.com\\\/#\\\/schema\\\/logo\\\/image\\\/\",\"url\":\"https:\\\/\\\/i0.wp.com\\\/heationab.com\\\/wp-content\\\/uploads\\\/logo-heation_vector-4A768E-blue-greyish.jpg?fit=842%2C596&ssl=1\",\"contentUrl\":\"https:\\\/\\\/i0.wp.com\\\/heationab.com\\\/wp-content\\\/uploads\\\/logo-heation_vector-4A768E-blue-greyish.jpg?fit=842%2C596&ssl=1\",\"width\":842,\"height\":596,\"caption\":\"Heation AB\"},\"image\":{\"@id\":\"https:\\\/\\\/heationab.com\\\/#\\\/schema\\\/logo\\\/image\\\/\"}}]}<\/script>\n<!-- \/ Yoast SEO plugin. -->","yoast_head_json":{"title":"Privacy Policy - Heation","robots":{"index":"index","follow":"follow","max-snippet":"max-snippet:-1","max-image-preview":"max-image-preview:large","max-video-preview":"max-video-preview:-1"},"canonical":"https:\/\/heationab.com\/sv\/dolphin-filters\/privacy-policy\/","og_locale":"sv_SE","og_type":"article","og_title":"Privacy Policy - Heation","og_url":"https:\/\/heationab.com\/sv\/dolphin-filters\/privacy-policy\/","og_site_name":"Heation","article_modified_time":"2021-10-30T14:37:25+00:00","twitter_card":"summary_large_image","twitter_misc":{"Ber\u00e4knad l\u00e4stid":"3 minuter"},"schema":{"@context":"https:\/\/schema.org","@graph":[{"@type":"WebPage","@id":"https:\/\/heationab.com\/dolphin-filters\/privacy-policy\/","url":"https:\/\/heationab.com\/dolphin-filters\/privacy-policy\/","name":"Privacy Policy - Heation","isPartOf":{"@id":"https:\/\/heationab.com\/#website"},"datePublished":"2021-10-30T12:28:48+00:00","dateModified":"2021-10-30T14:37:25+00:00","breadcrumb":{"@id":"https:\/\/heationab.com\/dolphin-filters\/privacy-policy\/#breadcrumb"},"inLanguage":"sv-SE","potentialAction":[{"@type":"ReadAction","target":["https:\/\/heationab.com\/dolphin-filters\/privacy-policy\/"]}]},{"@type":"BreadcrumbList","@id":"https:\/\/heationab.com\/dolphin-filters\/privacy-policy\/#breadcrumb","itemListElement":[{"@type":"ListItem","position":1,"name":"Home","item":"https:\/\/heationab.com\/"},{"@type":"ListItem","position":2,"name":"About us","item":"https:\/\/heationab.com\/dolphin-filters\/"},{"@type":"ListItem","position":3,"name":"Privacy Policy"}]},{"@type":"WebSite","@id":"https:\/\/heationab.com\/#website","url":"https:\/\/heationab.com\/","name":"Heation","description":"We create your solution","publisher":{"@id":"https:\/\/heationab.com\/#organization"},"potentialAction":[{"@type":"SearchAction","target":{"@type":"EntryPoint","urlTemplate":"https:\/\/heationab.com\/?s={search_term_string}"},"query-input":{"@type":"PropertyValueSpecification","valueRequired":true,"valueName":"search_term_string"}}],"inLanguage":"sv-SE"},{"@type":"Organization","@id":"https:\/\/heationab.com\/#organization","name":"Heation AB","url":"https:\/\/heationab.com\/","logo":{"@type":"ImageObject","inLanguage":"sv-SE","@id":"https:\/\/heationab.com\/#\/schema\/logo\/image\/","url":"https:\/\/i0.wp.com\/heationab.com\/wp-content\/uploads\/logo-heation_vector-4A768E-blue-greyish.jpg?fit=842%2C596&ssl=1","contentUrl":"https:\/\/i0.wp.com\/heationab.com\/wp-content\/uploads\/logo-heation_vector-4A768E-blue-greyish.jpg?fit=842%2C596&ssl=1","width":842,"height":596,"caption":"Heation AB"},"image":{"@id":"https:\/\/heationab.com\/#\/schema\/logo\/image\/"}}]}},"jetpack_sharing_enabled":true,"_links":{"self":[{"href":"https:\/\/heationab.com\/sv\/wp-json\/wp\/v2\/pages\/1231","targetHints":{"allow":["GET"]}}],"collection":[{"href":"https:\/\/heationab.com\/sv\/wp-json\/wp\/v2\/pages"}],"about":[{"href":"https:\/\/heationab.com\/sv\/wp-json\/wp\/v2\/types\/page"}],"author":[{"embeddable":true,"href":"https:\/\/heationab.com\/sv\/wp-json\/wp\/v2\/users\/1"}],"replies":[{"embeddable":true,"href":"https:\/\/heationab.com\/sv\/wp-json\/wp\/v2\/comments?post=1231"}],"version-history":[{"count":4,"href":"https:\/\/heationab.com\/sv\/wp-json\/wp\/v2\/pages\/1231\/revisions"}],"predecessor-version":[{"id":1237,"href":"https:\/\/heationab.com\/sv\/wp-json\/wp\/v2\/pages\/1231\/revisions\/1237"}],"up":[{"embeddable":true,"href":"https:\/\/heationab.com\/sv\/wp-json\/wp\/v2\/pages\/548"}],"wp:attachment":[{"href":"https:\/\/heationab.com\/sv\/wp-json\/wp\/v2\/media?parent=1231"}],"wp:term":[{"taxonomy":"category","embeddable":true,"href":"https:\/\/heationab.com\/sv\/wp-json\/wp\/v2\/categories?post=1231"},{"taxonomy":"post_tag","embeddable":true,"href":"https:\/\/heationab.com\/sv\/wp-json\/wp\/v2\/tags?post=1231"}],"curies":[{"name":"wp","href":"https:\/\/api.w.org\/{rel}","templated":true}]}}