{"id":939,"date":"2021-05-02T12:02:57","date_gmt":"2021-05-02T12:02:57","guid":{"rendered":"https:\/\/heationab.com\/?page_id=939"},"modified":"2026-03-12T15:58:11","modified_gmt":"2026-03-12T15:58:11","slug":"mebb","status":"publish","type":"page","link":"https:\/\/heationab.com\/it\/articles\/mebb\/","title":{"rendered":"Miglioramento dell'efficienza energetica negli impianti di riscaldamento"},"content":{"rendered":"<div class=\"wpb-content-wrapper\"><div class=\"vc_row wpb_row vc_row-fluid\"><div class=\"wpb_column vc_column_container vc_col-sm-12\"><div class=\"vc_column-inner\"><div class=\"wpb_wrapper\">\n\t<div class=\"wpb_text_column wpb_content_element\" >\n\t\t<div class=\"wpb_wrapper\">\n\t\t\t<span><span><a href=\"https:\/\/heationab.com\/it\/\">Home<\/a><\/span><\/span>\n\n\t\t<\/div>\n\t<\/div>\n<\/div><\/div><\/div><\/div><div class=\"vc_row wpb_row vc_row-fluid\"><div class=\"wpb_column vc_column_container vc_col-sm-12\"><div class=\"vc_column-inner\"><div class=\"wpb_wrapper\">\n\t<div class=\"wpb_text_column wpb_content_element\" >\n\t\t<div class=\"wpb_wrapper\">\n\t\t\t<h3 style=\"text-align: left;\"><span style=\"font-weight: 400;\">Siamo lieti di annunciare che ci \u00e8 stata assegnata una borsa di studio per startup innovative da parte della <\/span><a href=\"https:\/\/www.vinnova.se\/en\/\" target=\"_blank\" rel=\"noopener\"><b>Swedish Innovation Agency Vinnova.<\/b><\/a><\/h3>\n\n\t\t<\/div>\n\t<\/div>\n<\/div><\/div><\/div><\/div><div class=\"vc_row wpb_row vc_row-fluid vc_row-o-content-middle vc_row-flex\"><div class=\"wpb_column vc_column_container vc_col-sm-3\"><div class=\"vc_column-inner\"><div class=\"wpb_wrapper\">\n\t<div  class=\"wpb_single_image wpb_content_element vc_align_center wpb_content_element\">\n\t\t\n\t\t<figure class=\"wpb_wrapper vc_figure\">\n\t\t\t<div class=\"vc_single_image-wrapper   vc_box_border_grey\"><img decoding=\"async\" data-src=\"https:\/\/i0.wp.com\/heationab.com\/wp-content\/uploads\/2021\/07\/IMG_2142-1.jpg?fit=1024%2C1024&amp;ssl=1\" class=\"vc_single_image-img attachment-large lazyload\" alt=\"\" title=\"IMG_2142\" src=\"data:image\/svg+xml;base64,PHN2ZyB3aWR0aD0iMSIgaGVpZ2h0PSIxIiB4bWxucz0iaHR0cDovL3d3dy53My5vcmcvMjAwMC9zdmciPjwvc3ZnPg==\" \/><\/div>\n\t\t<\/figure>\n\t<\/div>\n<\/div><\/div><\/div><div class=\"wpb_column vc_column_container vc_col-sm-9\"><div class=\"vc_column-inner\"><div class=\"wpb_wrapper\">\n\t<div class=\"wpb_text_column wpb_content_element\" >\n\t\t<div class=\"wpb_wrapper\">\n\t\t\t<h2>Sfondo:<\/h2>\n<p>Noi di Heation abbiamo maturato esperienza nel settore della filtrazione industriale e la stiamo applicando a grandi propriet\u00e0 immobiliari commerciali e residenziali. In particolare, collaboriamo con aziende che operano nel settore immobiliare e direttamente con i proprietari immobiliari per studiare il modo migliore per migliorare l'efficienza del riscaldamento pulendo gli impianti di riscaldamento.<\/p>\n<p>Con il tempo, sporco e particelle di vario tipo possono accumularsi nelle tubazioni, riducendone gradualmente il diametro interno e creando ostruzioni. Questo accumulo pu\u00f2 ostacolare il flusso dell'acqua, causando una riduzione della pressione idrica, prestazioni inefficienti dell'impianto e potenziali danni all'infrastruttura idraulica. Una manutenzione e una pulizia regolari sono essenziali per prevenire questi problemi e garantire un flusso d'acqua ottimale e la longevit\u00e0 dell'impianto.<\/p>\n\n\t\t<\/div>\n\t<\/div>\n<\/div><\/div><\/div><\/div><div class=\"vc_row wpb_row vc_row-fluid vc_row-o-content-middle vc_row-flex\"><div class=\"wpb_column vc_column_container vc_col-sm-8\"><div class=\"vc_column-inner\"><div class=\"wpb_wrapper\">\n\t<div class=\"wpb_text_column wpb_content_element\" >\n\t\t<div class=\"wpb_wrapper\">\n\t\t\t<h2>Il progetto<\/h2>\n<h3>Risultati importanti del progetto<\/h3>\n<p>Il progetto si \u00e8 concentrato sulla validazione e valutazione della fattibilit\u00e0 tecnica, commerciale e finanziaria di un'unit\u00e0 di filtraggio innovativa: il prototipo MEBB. L'unit\u00e0 di filtraggio ha lo scopo di purificare gli impianti di riscaldamento e raffreddamento ad acqua degli edifici esistenti, mentre gli impianti di riscaldamento sono in funzione. L'unit\u00e0 rimuove le impurit\u00e0 dal sistema di tubazioni e dagli elementi riscaldanti, aumentando lo scambio termico e consentendo un migliore funzionamento dei diversi elementi dell'impianto.<\/p>\n\n\t\t<\/div>\n\t<\/div>\n\n\t<div  class=\"wpb_single_image wpb_content_element vc_align_center wpb_content_element\">\n\t\t\n\t\t<figure class=\"wpb_wrapper vc_figure\">\n\t\t\t<div class=\"vc_single_image-wrapper   vc_box_border_grey\"><img decoding=\"async\" width=\"790\" height=\"259\" data-src=\"https:\/\/i0.wp.com\/heationab.com\/wp-content\/uploads\/cooling-system-cleaning.png?fit=790%2C259&amp;ssl=1\" class=\"vc_single_image-img attachment-large lazyload\" alt=\"\" title=\"cooling system cleaning\" data-srcset=\"https:\/\/i0.wp.com\/heationab.com\/wp-content\/uploads\/cooling-system-cleaning.png?w=1248&amp;ssl=1 1248w, https:\/\/i0.wp.com\/heationab.com\/wp-content\/uploads\/cooling-system-cleaning.png?resize=300%2C98&amp;ssl=1 300w, https:\/\/i0.wp.com\/heationab.com\/wp-content\/uploads\/cooling-system-cleaning.png?resize=1024%2C336&amp;ssl=1 1024w, https:\/\/i0.wp.com\/heationab.com\/wp-content\/uploads\/cooling-system-cleaning.png?resize=150%2C49&amp;ssl=1 150w, https:\/\/i0.wp.com\/heationab.com\/wp-content\/uploads\/cooling-system-cleaning.png?resize=768%2C252&amp;ssl=1 768w, https:\/\/i0.wp.com\/heationab.com\/wp-content\/uploads\/cooling-system-cleaning.png?resize=18%2C6&amp;ssl=1 18w\" data-sizes=\"(max-width: 790px) 100vw, 790px\" src=\"data:image\/svg+xml;base64,PHN2ZyB3aWR0aD0iMSIgaGVpZ2h0PSIxIiB4bWxucz0iaHR0cDovL3d3dy53My5vcmcvMjAwMC9zdmciPjwvc3ZnPg==\" style=\"--smush-placeholder-width: 790px; --smush-placeholder-aspect-ratio: 790\/259;\" \/><\/div>\n\t\t<\/figure>\n\t<\/div>\n<\/div><\/div><\/div><div class=\"wpb_column vc_column_container vc_col-sm-4\"><div class=\"vc_column-inner\"><div class=\"wpb_wrapper\">\n\t<div  class=\"wpb_single_image wpb_content_element vc_align_center wpb_content_element\">\n\t\t\n\t\t<figure class=\"wpb_wrapper vc_figure\">\n\t\t\t<a href=\"https:\/\/heationab.com\/it\/products\/industrial-water-filters-in-stainless-steel\/bag-filter-housing\/\" target=\"_blank\" class=\"vc_single_image-wrapper   vc_box_border_grey\"><img decoding=\"async\" width=\"708\" height=\"716\" data-src=\"https:\/\/i0.wp.com\/heationab.com\/wp-content\/uploads\/rsz_pipe_cleaning.jpg?fit=708%2C716&amp;ssl=1\" class=\"vc_single_image-img attachment-large lazyload\" alt=\"MEBB_pipe_cleaning\" title=\"MEBB_pipe_cleaning\" data-srcset=\"https:\/\/i0.wp.com\/heationab.com\/wp-content\/uploads\/rsz_pipe_cleaning.jpg?w=708&amp;ssl=1 708w, https:\/\/i0.wp.com\/heationab.com\/wp-content\/uploads\/rsz_pipe_cleaning.jpg?resize=297%2C300&amp;ssl=1 297w, https:\/\/i0.wp.com\/heationab.com\/wp-content\/uploads\/rsz_pipe_cleaning.jpg?resize=148%2C150&amp;ssl=1 148w, https:\/\/i0.wp.com\/heationab.com\/wp-content\/uploads\/rsz_pipe_cleaning.jpg?resize=12%2C12&amp;ssl=1 12w\" data-sizes=\"(max-width: 708px) 100vw, 708px\" src=\"data:image\/svg+xml;base64,PHN2ZyB3aWR0aD0iMSIgaGVpZ2h0PSIxIiB4bWxucz0iaHR0cDovL3d3dy53My5vcmcvMjAwMC9zdmciPjwvc3ZnPg==\" style=\"--smush-placeholder-width: 708px; --smush-placeholder-aspect-ratio: 708\/716;\" \/><\/a>\n\t\t<\/figure>\n\t<\/div>\n<\/div><\/div><\/div><\/div><div class=\"vc_row wpb_row vc_row-fluid\"><div class=\"wpb_column vc_column_container vc_col-sm-12\"><div class=\"vc_column-inner\"><div class=\"wpb_wrapper\">\n\t<div class=\"wpb_text_column wpb_content_element\" >\n\t\t<div class=\"wpb_wrapper\">\n\t\t\t<h3>Effetti attesi a lungo termine<\/h3>\n<ul>\n<li>Riduzione della domanda di energia: ci\u00f2 ha un impatto diretto sui costi di riscaldamento\/raffreddamento e sulle emissioni complessive di carbonio dell'edificio.<\/li>\n<li>Aumento del flusso d'acqua negli impianti di riscaldamento e raffrescamento.<\/li>\n<li>Riduzione dei costi operativi: i fornitori di servizi di manutenzione possono ridurre al minimo gli interventi di manutenzione e, di conseguenza, ridurre i costi per i proprietari degli edifici (e potenzialmente anche affitti e tasse per i residenti).<\/li>\n<li>Minore impatto ambientale: la nostra soluzione riduce drasticamente la necessit\u00e0 di prodotti chimici e nuovi componenti per la manutenzione.<\/li>\n<\/ul>\n\n\t\t<\/div>\n\t<\/div>\n\n\t<div class=\"wpb_text_column wpb_content_element\" >\n\t\t<div class=\"wpb_wrapper\">\n\t\t\t<p style=\"text-align: center;\"><strong>With funding from:<\/strong><\/p>\n\n\t\t<\/div>\n\t<\/div>\n\n\t<div  class=\"wpb_single_image wpb_content_element vc_align_center wpb_content_element\">\n\t\t\n\t\t<figure class=\"wpb_wrapper vc_figure\">\n\t\t\t<a href=\"https:\/\/www.vinnova.se\/en\" target=\"_blank\" class=\"vc_single_image-wrapper   vc_box_border_grey\"><img decoding=\"async\" width=\"604\" height=\"130\" data-src=\"https:\/\/i0.wp.com\/heationab.com\/wp-content\/uploads\/2021\/08\/Vinnova_green_payoff_ENG_RGB.png?fit=604%2C130&amp;ssl=1\" class=\"vc_single_image-img attachment-large lazyload\" alt=\"\" title=\"Vinnova_green_payoff_ENG_RGB\" data-srcset=\"https:\/\/i0.wp.com\/heationab.com\/wp-content\/uploads\/2021\/08\/Vinnova_green_payoff_ENG_RGB.png?w=604&amp;ssl=1 604w, https:\/\/i0.wp.com\/heationab.com\/wp-content\/uploads\/2021\/08\/Vinnova_green_payoff_ENG_RGB.png?resize=300%2C65&amp;ssl=1 300w, https:\/\/i0.wp.com\/heationab.com\/wp-content\/uploads\/2021\/08\/Vinnova_green_payoff_ENG_RGB.png?resize=150%2C32&amp;ssl=1 150w, https:\/\/i0.wp.com\/heationab.com\/wp-content\/uploads\/2021\/08\/Vinnova_green_payoff_ENG_RGB.png?resize=18%2C4&amp;ssl=1 18w\" data-sizes=\"(max-width: 604px) 100vw, 604px\" src=\"data:image\/svg+xml;base64,PHN2ZyB3aWR0aD0iMSIgaGVpZ2h0PSIxIiB4bWxucz0iaHR0cDovL3d3dy53My5vcmcvMjAwMC9zdmciPjwvc3ZnPg==\" style=\"--smush-placeholder-width: 604px; --smush-placeholder-aspect-ratio: 604\/130;\" \/><\/a>\n\t\t<\/figure>\n\t<\/div>\n<\/div><\/div><\/div><\/div>\n<\/div>","protected":false},"excerpt":{"rendered":"Home We are happy to announce that we have been awarded a grant for Innovative Startups by the Swedish Innovation Agency Vinnova. Background: We at Heation have gained experience from our work within industrial filtration and are applying it to large commercial and residential real estates. Specifically, we are working...","protected":false},"author":1,"featured_media":1129,"parent":1855,"menu_order":0,"comment_status":"closed","ping_status":"closed","template":"","meta":{"content-type":"","_monsterinsights_skip_tracking":false,"_monsterinsights_sitenote_active":false,"_monsterinsights_sitenote_note":"","_monsterinsights_sitenote_category":0,"footnotes":""},"categories":[8],"tags":[],"class_list":["post-939","page","type-page","status-publish","has-post-thumbnail","hentry","category-article"],"yoast_head":"<!-- This site is optimized with the Yoast SEO plugin v27.3 - https:\/\/yoast.com\/product\/yoast-seo-wordpress\/ -->\n<title>Improved energy efficiency in heating systems - Heation<\/title>\n<meta name=\"robots\" content=\"index, follow, max-snippet:-1, max-image-preview:large, max-video-preview:-1\" \/>\n<link rel=\"canonical\" href=\"https:\/\/heationab.com\/it\/articles\/mebb\/\" \/>\n<meta property=\"og:locale\" content=\"it_IT\" \/>\n<meta property=\"og:type\" content=\"article\" \/>\n<meta property=\"og:title\" content=\"Improved energy efficiency in heating systems - Heation\" \/>\n<meta property=\"og:url\" content=\"https:\/\/heationab.com\/it\/articles\/mebb\/\" \/>\n<meta property=\"og:site_name\" content=\"Heation\" \/>\n<meta property=\"article:modified_time\" content=\"2026-03-12T15:58:11+00:00\" \/>\n<meta property=\"og:image\" content=\"https:\/\/heationab.com\/wp-content\/uploads\/2021\/08\/Prime-skid_2.jpg\" \/>\n\t<meta property=\"og:image:width\" content=\"1536\" \/>\n\t<meta property=\"og:image:height\" content=\"1152\" \/>\n\t<meta property=\"og:image:type\" content=\"image\/jpeg\" \/>\n<meta name=\"twitter:card\" content=\"summary_large_image\" \/>\n<meta name=\"twitter:label1\" content=\"Tempo di lettura stimato\" \/>\n\t<meta name=\"twitter:data1\" content=\"3 minuti\" \/>\n<script type=\"application\/ld+json\" class=\"yoast-schema-graph\">{\"@context\":\"https:\\\/\\\/schema.org\",\"@graph\":[{\"@type\":\"WebPage\",\"@id\":\"https:\\\/\\\/heationab.com\\\/articles\\\/mebb\\\/\",\"url\":\"https:\\\/\\\/heationab.com\\\/articles\\\/mebb\\\/\",\"name\":\"Improved energy efficiency in heating systems - Heation\",\"isPartOf\":{\"@id\":\"https:\\\/\\\/heationab.com\\\/#website\"},\"primaryImageOfPage\":{\"@id\":\"https:\\\/\\\/heationab.com\\\/articles\\\/mebb\\\/#primaryimage\"},\"image\":{\"@id\":\"https:\\\/\\\/heationab.com\\\/articles\\\/mebb\\\/#primaryimage\"},\"thumbnailUrl\":\"https:\\\/\\\/i0.wp.com\\\/heationab.com\\\/wp-content\\\/uploads\\\/2021\\\/08\\\/Prime-skid_2.jpg?fit=1536%2C1152&ssl=1\",\"datePublished\":\"2021-05-02T12:02:57+00:00\",\"dateModified\":\"2026-03-12T15:58:11+00:00\",\"breadcrumb\":{\"@id\":\"https:\\\/\\\/heationab.com\\\/articles\\\/mebb\\\/#breadcrumb\"},\"inLanguage\":\"it-IT\",\"potentialAction\":[{\"@type\":\"ReadAction\",\"target\":[\"https:\\\/\\\/heationab.com\\\/articles\\\/mebb\\\/\"]}]},{\"@type\":\"ImageObject\",\"inLanguage\":\"it-IT\",\"@id\":\"https:\\\/\\\/heationab.com\\\/articles\\\/mebb\\\/#primaryimage\",\"url\":\"https:\\\/\\\/i0.wp.com\\\/heationab.com\\\/wp-content\\\/uploads\\\/2021\\\/08\\\/Prime-skid_2.jpg?fit=1536%2C1152&ssl=1\",\"contentUrl\":\"https:\\\/\\\/i0.wp.com\\\/heationab.com\\\/wp-content\\\/uploads\\\/2021\\\/08\\\/Prime-skid_2.jpg?fit=1536%2C1152&ssl=1\",\"width\":1536,\"height\":1152,\"caption\":\"Prime-skid_02\"},{\"@type\":\"BreadcrumbList\",\"@id\":\"https:\\\/\\\/heationab.com\\\/articles\\\/mebb\\\/#breadcrumb\",\"itemListElement\":[{\"@type\":\"ListItem\",\"position\":1,\"name\":\"Home\",\"item\":\"https:\\\/\\\/heationab.com\\\/\"},{\"@type\":\"ListItem\",\"position\":2,\"name\":\"Articles\",\"item\":\"https:\\\/\\\/heationab.com\\\/articles\\\/\"},{\"@type\":\"ListItem\",\"position\":3,\"name\":\"Improved energy efficiency in heating systems\"}]},{\"@type\":\"WebSite\",\"@id\":\"https:\\\/\\\/heationab.com\\\/#website\",\"url\":\"https:\\\/\\\/heationab.com\\\/\",\"name\":\"Heation\",\"description\":\"We create your solution\",\"publisher\":{\"@id\":\"https:\\\/\\\/heationab.com\\\/#organization\"},\"potentialAction\":[{\"@type\":\"SearchAction\",\"target\":{\"@type\":\"EntryPoint\",\"urlTemplate\":\"https:\\\/\\\/heationab.com\\\/?s={search_term_string}\"},\"query-input\":{\"@type\":\"PropertyValueSpecification\",\"valueRequired\":true,\"valueName\":\"search_term_string\"}}],\"inLanguage\":\"it-IT\"},{\"@type\":\"Organization\",\"@id\":\"https:\\\/\\\/heationab.com\\\/#organization\",\"name\":\"Heation AB\",\"url\":\"https:\\\/\\\/heationab.com\\\/\",\"logo\":{\"@type\":\"ImageObject\",\"inLanguage\":\"it-IT\",\"@id\":\"https:\\\/\\\/heationab.com\\\/#\\\/schema\\\/logo\\\/image\\\/\",\"url\":\"https:\\\/\\\/i0.wp.com\\\/heationab.com\\\/wp-content\\\/uploads\\\/logo-heation_vector-4A768E-blue-greyish.jpg?fit=842%2C596&ssl=1\",\"contentUrl\":\"https:\\\/\\\/i0.wp.com\\\/heationab.com\\\/wp-content\\\/uploads\\\/logo-heation_vector-4A768E-blue-greyish.jpg?fit=842%2C596&ssl=1\",\"width\":842,\"height\":596,\"caption\":\"Heation AB\"},\"image\":{\"@id\":\"https:\\\/\\\/heationab.com\\\/#\\\/schema\\\/logo\\\/image\\\/\"}}]}<\/script>\n<!-- \/ Yoast SEO plugin. -->","yoast_head_json":{"title":"Improved energy efficiency in heating systems - Heation","robots":{"index":"index","follow":"follow","max-snippet":"max-snippet:-1","max-image-preview":"max-image-preview:large","max-video-preview":"max-video-preview:-1"},"canonical":"https:\/\/heationab.com\/it\/articles\/mebb\/","og_locale":"it_IT","og_type":"article","og_title":"Improved energy efficiency in heating systems - Heation","og_url":"https:\/\/heationab.com\/it\/articles\/mebb\/","og_site_name":"Heation","article_modified_time":"2026-03-12T15:58:11+00:00","og_image":[{"width":1536,"height":1152,"url":"https:\/\/heationab.com\/wp-content\/uploads\/2021\/08\/Prime-skid_2.jpg","type":"image\/jpeg"}],"twitter_card":"summary_large_image","twitter_misc":{"Tempo di lettura stimato":"3 minuti"},"schema":{"@context":"https:\/\/schema.org","@graph":[{"@type":"WebPage","@id":"https:\/\/heationab.com\/articles\/mebb\/","url":"https:\/\/heationab.com\/articles\/mebb\/","name":"Improved energy efficiency in heating systems - Heation","isPartOf":{"@id":"https:\/\/heationab.com\/#website"},"primaryImageOfPage":{"@id":"https:\/\/heationab.com\/articles\/mebb\/#primaryimage"},"image":{"@id":"https:\/\/heationab.com\/articles\/mebb\/#primaryimage"},"thumbnailUrl":"https:\/\/i0.wp.com\/heationab.com\/wp-content\/uploads\/2021\/08\/Prime-skid_2.jpg?fit=1536%2C1152&ssl=1","datePublished":"2021-05-02T12:02:57+00:00","dateModified":"2026-03-12T15:58:11+00:00","breadcrumb":{"@id":"https:\/\/heationab.com\/articles\/mebb\/#breadcrumb"},"inLanguage":"it-IT","potentialAction":[{"@type":"ReadAction","target":["https:\/\/heationab.com\/articles\/mebb\/"]}]},{"@type":"ImageObject","inLanguage":"it-IT","@id":"https:\/\/heationab.com\/articles\/mebb\/#primaryimage","url":"https:\/\/i0.wp.com\/heationab.com\/wp-content\/uploads\/2021\/08\/Prime-skid_2.jpg?fit=1536%2C1152&ssl=1","contentUrl":"https:\/\/i0.wp.com\/heationab.com\/wp-content\/uploads\/2021\/08\/Prime-skid_2.jpg?fit=1536%2C1152&ssl=1","width":1536,"height":1152,"caption":"Prime-skid_02"},{"@type":"BreadcrumbList","@id":"https:\/\/heationab.com\/articles\/mebb\/#breadcrumb","itemListElement":[{"@type":"ListItem","position":1,"name":"Home","item":"https:\/\/heationab.com\/"},{"@type":"ListItem","position":2,"name":"Articles","item":"https:\/\/heationab.com\/articles\/"},{"@type":"ListItem","position":3,"name":"Improved energy efficiency in heating systems"}]},{"@type":"WebSite","@id":"https:\/\/heationab.com\/#website","url":"https:\/\/heationab.com\/","name":"Heation","description":"We create your solution","publisher":{"@id":"https:\/\/heationab.com\/#organization"},"potentialAction":[{"@type":"SearchAction","target":{"@type":"EntryPoint","urlTemplate":"https:\/\/heationab.com\/?s={search_term_string}"},"query-input":{"@type":"PropertyValueSpecification","valueRequired":true,"valueName":"search_term_string"}}],"inLanguage":"it-IT"},{"@type":"Organization","@id":"https:\/\/heationab.com\/#organization","name":"Heation AB","url":"https:\/\/heationab.com\/","logo":{"@type":"ImageObject","inLanguage":"it-IT","@id":"https:\/\/heationab.com\/#\/schema\/logo\/image\/","url":"https:\/\/i0.wp.com\/heationab.com\/wp-content\/uploads\/logo-heation_vector-4A768E-blue-greyish.jpg?fit=842%2C596&ssl=1","contentUrl":"https:\/\/i0.wp.com\/heationab.com\/wp-content\/uploads\/logo-heation_vector-4A768E-blue-greyish.jpg?fit=842%2C596&ssl=1","width":842,"height":596,"caption":"Heation AB"},"image":{"@id":"https:\/\/heationab.com\/#\/schema\/logo\/image\/"}}]}},"jetpack_sharing_enabled":true,"_links":{"self":[{"href":"https:\/\/heationab.com\/it\/wp-json\/wp\/v2\/pages\/939","targetHints":{"allow":["GET"]}}],"collection":[{"href":"https:\/\/heationab.com\/it\/wp-json\/wp\/v2\/pages"}],"about":[{"href":"https:\/\/heationab.com\/it\/wp-json\/wp\/v2\/types\/page"}],"author":[{"embeddable":true,"href":"https:\/\/heationab.com\/it\/wp-json\/wp\/v2\/users\/1"}],"replies":[{"embeddable":true,"href":"https:\/\/heationab.com\/it\/wp-json\/wp\/v2\/comments?post=939"}],"version-history":[{"count":6,"href":"https:\/\/heationab.com\/it\/wp-json\/wp\/v2\/pages\/939\/revisions"}],"predecessor-version":[{"id":1913,"href":"https:\/\/heationab.com\/it\/wp-json\/wp\/v2\/pages\/939\/revisions\/1913"}],"up":[{"embeddable":true,"href":"https:\/\/heationab.com\/it\/wp-json\/wp\/v2\/pages\/1855"}],"wp:featuredmedia":[{"embeddable":true,"href":"https:\/\/heationab.com\/it\/wp-json\/wp\/v2\/media\/1129"}],"wp:attachment":[{"href":"https:\/\/heationab.com\/it\/wp-json\/wp\/v2\/media?parent=939"}],"wp:term":[{"taxonomy":"category","embeddable":true,"href":"https:\/\/heationab.com\/it\/wp-json\/wp\/v2\/categories?post=939"},{"taxonomy":"post_tag","embeddable":true,"href":"https:\/\/heationab.com\/it\/wp-json\/wp\/v2\/tags?post=939"}],"curies":[{"name":"wp","href":"https:\/\/api.w.org\/{rel}","templated":true}]}}