{"id":946,"date":"2021-08-03T12:35:18","date_gmt":"2021-08-03T12:35:18","guid":{"rendered":"https:\/\/heationab.com\/?page_id=946"},"modified":"2025-10-07T10:16:44","modified_gmt":"2025-10-07T10:16:44","slug":"magnetite-in-heating-systems","status":"publish","type":"page","link":"https:\/\/heationab.com\/es\/industrial-water-filters-application\/magnetite-in-heating-systems\/","title":{"rendered":"Limpieza de tuber\u00edas \u2013 magnetita en sistemas de calefacci\u00f3n"},"content":{"rendered":"<div class=\"wpb-content-wrapper\"><div class=\"vc_row wpb_row vc_row-fluid vc_row-o-content-middle vc_row-flex\"><div class=\"wpb_column vc_column_container vc_col-sm-12\"><div class=\"vc_column-inner\"><div class=\"wpb_wrapper\">\n\t<div class=\"wpb_text_column wpb_content_element\" >\n\t\t<div class=\"wpb_wrapper\">\n\t\t\t<h2 style=\"text-align: center;\">Part\u00edculas y magnetita en sistemas de calefacci\u00f3n<\/h2>\n\n\t\t<\/div>\n\t<\/div>\n<\/div><\/div><\/div><\/div><div class=\"vc_row wpb_row vc_row-fluid vc_row-o-content-top vc_row-flex\"><div class=\"wpb_column vc_column_container vc_col-sm-8\"><div class=\"vc_column-inner\"><div class=\"wpb_wrapper\">\n\t<div class=\"wpb_text_column wpb_content_element\" >\n\t\t<div class=\"wpb_wrapper\">\n\t\t\t<p>Las part\u00edculas y el \u00f3xido aumentan con el tiempo en los sistemas de calefacci\u00f3n. Esto se debe a que el aire puede filtrarse en el sistema, provocando que el ox\u00edgeno reaccione con las tuber\u00edas y genere \u00f3xido que, a su vez, se mezcla y reacciona con el agua, creando lodos de calefacci\u00f3n o magnetita. Por lo general, cuanto m\u00e1s antiguas sean las tuber\u00edas, mayor ser\u00e1 la probabilidad de que haya mayores cantidades de lodos y part\u00edculas en el sistema.<\/p>\n<p>La magnetita puede causar varios problemas como:<\/p>\n<ul>\n<li>Da\u00f1os a bombas, v\u00e1lvulas y calderas<\/li>\n<li>Reducci\u00f3n de eficiencia del sistema<\/li>\n<li>Bloqueo de tuber\u00edas<\/li>\n<\/ul>\n<p>Nuestra <a href=\"https:\/\/heationab.com\/es\/industrial-water-filters-in-stainless-steel\/bag-filter-housing\/\">Filtro Porta bolsas<\/a> elimina las impurezas magn\u00e9ticas y no magn\u00e9ticas del sistema de tuber\u00edas y de los elementos calefactores, aumentando la transferencia de calor y permitiendo un mejor funcionamiento de los diferentes elementos del sistema.<\/p>\n<p>Esta soluci\u00f3n se puede aplicar independientemente de la fuente de calefacci\u00f3n del edificio y se puede combinar con otras t\u00e9cnicas de mantenimiento.<\/p>\n\n\t\t<\/div>\n\t<\/div>\n<\/div><\/div><\/div><div class=\"wpb_column vc_column_container vc_col-sm-4\"><div class=\"vc_column-inner\"><div class=\"wpb_wrapper\">\n\t<div  class=\"wpb_single_image wpb_content_element vc_align_left wpb_content_element\">\n\t\t\n\t\t<figure class=\"wpb_wrapper vc_figure\">\n\t\t\t<a href=\"https:\/\/heationab.com\/es\/industrial-water-filters-in-stainless-steel\/bag-filter-housing\/\" target=\"_blank\" class=\"vc_single_image-wrapper   vc_box_border_grey\"><img decoding=\"async\" width=\"768\" height=\"1024\" data-src=\"https:\/\/i0.wp.com\/heationab.com\/wp-content\/uploads\/Prime-skid-3_02-rotated.jpeg?fit=768%2C1024&amp;ssl=1\" class=\"vc_single_image-img attachment-large lazyload\" alt=\"Prime-phin System\" title=\"Prime-phin System\" data-srcset=\"https:\/\/i0.wp.com\/heationab.com\/wp-content\/uploads\/Prime-skid-3_02-rotated.jpeg?w=1500&amp;ssl=1 1500w, https:\/\/i0.wp.com\/heationab.com\/wp-content\/uploads\/Prime-skid-3_02-rotated.jpeg?resize=225%2C300&amp;ssl=1 225w, https:\/\/i0.wp.com\/heationab.com\/wp-content\/uploads\/Prime-skid-3_02-rotated.jpeg?resize=768%2C1024&amp;ssl=1 768w, https:\/\/i0.wp.com\/heationab.com\/wp-content\/uploads\/Prime-skid-3_02-rotated.jpeg?resize=113%2C150&amp;ssl=1 113w, https:\/\/i0.wp.com\/heationab.com\/wp-content\/uploads\/Prime-skid-3_02-rotated.jpeg?resize=1152%2C1536&amp;ssl=1 1152w, https:\/\/i0.wp.com\/heationab.com\/wp-content\/uploads\/Prime-skid-3_02-rotated.jpeg?resize=9%2C12&amp;ssl=1 9w\" data-sizes=\"(max-width: 768px) 100vw, 768px\" src=\"data:image\/svg+xml;base64,PHN2ZyB3aWR0aD0iMSIgaGVpZ2h0PSIxIiB4bWxucz0iaHR0cDovL3d3dy53My5vcmcvMjAwMC9zdmciPjwvc3ZnPg==\" style=\"--smush-placeholder-width: 768px; --smush-placeholder-aspect-ratio: 768\/1024;\" \/><\/a>\n\t\t<\/figure>\n\t<\/div>\n<\/div><\/div><\/div><\/div><div class=\"vc_row wpb_row vc_row-fluid\"><div class=\"wpb_column vc_column_container vc_col-sm-12\"><div class=\"vc_column-inner\"><div class=\"wpb_wrapper\">\n\t<div  class=\"wpb_single_image wpb_content_element vc_align_center wpb_content_element\">\n\t\t\n\t\t<figure class=\"wpb_wrapper vc_figure\">\n\t\t\t<div class=\"vc_single_image-wrapper   vc_box_border_grey\"><img decoding=\"async\" width=\"790\" height=\"593\" data-src=\"https:\/\/i0.wp.com\/heationab.com\/wp-content\/uploads\/Prime-skid-3_01.jpeg?fit=790%2C593&amp;ssl=1\" class=\"vc_single_image-img attachment-large lazyload\" alt=\"prime-phin\" title=\"prime-phin\" data-srcset=\"https:\/\/i0.wp.com\/heationab.com\/wp-content\/uploads\/Prime-skid-3_01.jpeg?w=2000&amp;ssl=1 2000w, https:\/\/i0.wp.com\/heationab.com\/wp-content\/uploads\/Prime-skid-3_01.jpeg?resize=300%2C225&amp;ssl=1 300w, https:\/\/i0.wp.com\/heationab.com\/wp-content\/uploads\/Prime-skid-3_01.jpeg?resize=1024%2C768&amp;ssl=1 1024w, https:\/\/i0.wp.com\/heationab.com\/wp-content\/uploads\/Prime-skid-3_01.jpeg?resize=150%2C113&amp;ssl=1 150w, https:\/\/i0.wp.com\/heationab.com\/wp-content\/uploads\/Prime-skid-3_01.jpeg?resize=768%2C576&amp;ssl=1 768w, https:\/\/i0.wp.com\/heationab.com\/wp-content\/uploads\/Prime-skid-3_01.jpeg?resize=1536%2C1152&amp;ssl=1 1536w, https:\/\/i0.wp.com\/heationab.com\/wp-content\/uploads\/Prime-skid-3_01.jpeg?resize=16%2C12&amp;ssl=1 16w\" data-sizes=\"(max-width: 790px) 100vw, 790px\" src=\"data:image\/svg+xml;base64,PHN2ZyB3aWR0aD0iMSIgaGVpZ2h0PSIxIiB4bWxucz0iaHR0cDovL3d3dy53My5vcmcvMjAwMC9zdmciPjwvc3ZnPg==\" style=\"--smush-placeholder-width: 790px; --smush-placeholder-aspect-ratio: 790\/593;\" \/><\/div>\n\t\t<\/figure>\n\t<\/div>\n<\/div><\/div><\/div><\/div>\n<\/div>","protected":false},"excerpt":{"rendered":"Particles and magnetite in heating systems Particles and rust increase over time in the heating systems. This happens because air can leak into the system, causing the oxygen to react with the pipes and create rust that then mixes and reacts with the water creating what is called heating sludge...","protected":false},"author":1,"featured_media":1546,"parent":1555,"menu_order":0,"comment_status":"closed","ping_status":"closed","template":"","meta":{"content-type":"","_monsterinsights_skip_tracking":false,"_monsterinsights_sitenote_active":false,"_monsterinsights_sitenote_note":"","_monsterinsights_sitenote_category":0,"footnotes":""},"categories":[10],"tags":[],"class_list":["post-946","page","type-page","status-publish","has-post-thumbnail","hentry","category-applications"],"yoast_head":"<!-- This site is optimized with the Yoast SEO plugin v27.3 - https:\/\/yoast.com\/product\/yoast-seo-wordpress\/ -->\n<title>Pipe cleaning - magnetite in heating systems - Heation<\/title>\n<meta name=\"description\" content=\"Our filter takes away both magnetic and non magnetic impurities from the piping system and heating elements.\" \/>\n<meta name=\"robots\" content=\"index, follow, max-snippet:-1, max-image-preview:large, max-video-preview:-1\" \/>\n<link rel=\"canonical\" href=\"https:\/\/heationab.com\/es\/industrial-water-filters-application\/magnetite-in-heating-systems\/\" \/>\n<meta property=\"og:locale\" content=\"es_ES\" \/>\n<meta property=\"og:type\" content=\"article\" \/>\n<meta property=\"og:title\" content=\"Pipe cleaning - magnetite in heating systems - Heation\" \/>\n<meta property=\"og:description\" content=\"Our filter takes away both magnetic and non magnetic impurities from the piping system and heating elements.\" \/>\n<meta property=\"og:url\" content=\"https:\/\/heationab.com\/es\/industrial-water-filters-application\/magnetite-in-heating-systems\/\" \/>\n<meta property=\"og:site_name\" content=\"Heation\" \/>\n<meta property=\"article:modified_time\" content=\"2025-10-07T10:16:44+00:00\" \/>\n<meta property=\"og:image\" content=\"https:\/\/heationab.com\/wp-content\/uploads\/Prime-skid-3_02-rotated.jpeg\" \/>\n\t<meta property=\"og:image:width\" content=\"1500\" \/>\n\t<meta property=\"og:image:height\" content=\"2000\" \/>\n\t<meta property=\"og:image:type\" content=\"image\/jpeg\" \/>\n<meta name=\"twitter:card\" content=\"summary_large_image\" \/>\n<meta name=\"twitter:label1\" content=\"Tiempo de lectura\" \/>\n\t<meta name=\"twitter:data1\" content=\"2 minutos\" \/>\n<script type=\"application\/ld+json\" class=\"yoast-schema-graph\">{\"@context\":\"https:\\\/\\\/schema.org\",\"@graph\":[{\"@type\":\"WebPage\",\"@id\":\"https:\\\/\\\/heationab.com\\\/industrial-water-filters-application\\\/magnetite-in-heating-systems\\\/\",\"url\":\"https:\\\/\\\/heationab.com\\\/industrial-water-filters-application\\\/magnetite-in-heating-systems\\\/\",\"name\":\"Pipe cleaning - magnetite in heating systems - Heation\",\"isPartOf\":{\"@id\":\"https:\\\/\\\/heationab.com\\\/#website\"},\"primaryImageOfPage\":{\"@id\":\"https:\\\/\\\/heationab.com\\\/industrial-water-filters-application\\\/magnetite-in-heating-systems\\\/#primaryimage\"},\"image\":{\"@id\":\"https:\\\/\\\/heationab.com\\\/industrial-water-filters-application\\\/magnetite-in-heating-systems\\\/#primaryimage\"},\"thumbnailUrl\":\"https:\\\/\\\/i0.wp.com\\\/heationab.com\\\/wp-content\\\/uploads\\\/Prime-skid-3_02-rotated.jpeg?fit=1500%2C2000&ssl=1\",\"datePublished\":\"2021-08-03T12:35:18+00:00\",\"dateModified\":\"2025-10-07T10:16:44+00:00\",\"description\":\"Our filter takes away both magnetic and non magnetic impurities from the piping system and heating elements.\",\"breadcrumb\":{\"@id\":\"https:\\\/\\\/heationab.com\\\/industrial-water-filters-application\\\/magnetite-in-heating-systems\\\/#breadcrumb\"},\"inLanguage\":\"es\",\"potentialAction\":[{\"@type\":\"ReadAction\",\"target\":[\"https:\\\/\\\/heationab.com\\\/industrial-water-filters-application\\\/magnetite-in-heating-systems\\\/\"]}]},{\"@type\":\"ImageObject\",\"inLanguage\":\"es\",\"@id\":\"https:\\\/\\\/heationab.com\\\/industrial-water-filters-application\\\/magnetite-in-heating-systems\\\/#primaryimage\",\"url\":\"https:\\\/\\\/i0.wp.com\\\/heationab.com\\\/wp-content\\\/uploads\\\/Prime-skid-3_02-rotated.jpeg?fit=1500%2C2000&ssl=1\",\"contentUrl\":\"https:\\\/\\\/i0.wp.com\\\/heationab.com\\\/wp-content\\\/uploads\\\/Prime-skid-3_02-rotated.jpeg?fit=1500%2C2000&ssl=1\",\"width\":1500,\"height\":2000,\"caption\":\"Prime-phin System\"},{\"@type\":\"BreadcrumbList\",\"@id\":\"https:\\\/\\\/heationab.com\\\/industrial-water-filters-application\\\/magnetite-in-heating-systems\\\/#breadcrumb\",\"itemListElement\":[{\"@type\":\"ListItem\",\"position\":1,\"name\":\"Home\",\"item\":\"https:\\\/\\\/heationab.com\\\/\"},{\"@type\":\"ListItem\",\"position\":2,\"name\":\"Applications\",\"item\":\"https:\\\/\\\/heationab.com\\\/industrial-water-filters-application\\\/\"},{\"@type\":\"ListItem\",\"position\":3,\"name\":\"Pipe cleaning &#8211; magnetite in heating systems\"}]},{\"@type\":\"WebSite\",\"@id\":\"https:\\\/\\\/heationab.com\\\/#website\",\"url\":\"https:\\\/\\\/heationab.com\\\/\",\"name\":\"Heation\",\"description\":\"We create your solution\",\"publisher\":{\"@id\":\"https:\\\/\\\/heationab.com\\\/#organization\"},\"potentialAction\":[{\"@type\":\"SearchAction\",\"target\":{\"@type\":\"EntryPoint\",\"urlTemplate\":\"https:\\\/\\\/heationab.com\\\/?s={search_term_string}\"},\"query-input\":{\"@type\":\"PropertyValueSpecification\",\"valueRequired\":true,\"valueName\":\"search_term_string\"}}],\"inLanguage\":\"es\"},{\"@type\":\"Organization\",\"@id\":\"https:\\\/\\\/heationab.com\\\/#organization\",\"name\":\"Heation AB\",\"url\":\"https:\\\/\\\/heationab.com\\\/\",\"logo\":{\"@type\":\"ImageObject\",\"inLanguage\":\"es\",\"@id\":\"https:\\\/\\\/heationab.com\\\/#\\\/schema\\\/logo\\\/image\\\/\",\"url\":\"https:\\\/\\\/i0.wp.com\\\/heationab.com\\\/wp-content\\\/uploads\\\/logo-heation_vector-4A768E-blue-greyish.jpg?fit=842%2C596&ssl=1\",\"contentUrl\":\"https:\\\/\\\/i0.wp.com\\\/heationab.com\\\/wp-content\\\/uploads\\\/logo-heation_vector-4A768E-blue-greyish.jpg?fit=842%2C596&ssl=1\",\"width\":842,\"height\":596,\"caption\":\"Heation AB\"},\"image\":{\"@id\":\"https:\\\/\\\/heationab.com\\\/#\\\/schema\\\/logo\\\/image\\\/\"}}]}<\/script>\n<!-- \/ Yoast SEO plugin. -->","yoast_head_json":{"title":"Pipe cleaning - magnetite in heating systems - Heation","description":"Our filter takes away both magnetic and non magnetic impurities from the piping system and heating elements.","robots":{"index":"index","follow":"follow","max-snippet":"max-snippet:-1","max-image-preview":"max-image-preview:large","max-video-preview":"max-video-preview:-1"},"canonical":"https:\/\/heationab.com\/es\/industrial-water-filters-application\/magnetite-in-heating-systems\/","og_locale":"es_ES","og_type":"article","og_title":"Pipe cleaning - magnetite in heating systems - Heation","og_description":"Our filter takes away both magnetic and non magnetic impurities from the piping system and heating elements.","og_url":"https:\/\/heationab.com\/es\/industrial-water-filters-application\/magnetite-in-heating-systems\/","og_site_name":"Heation","article_modified_time":"2025-10-07T10:16:44+00:00","og_image":[{"width":1500,"height":2000,"url":"https:\/\/heationab.com\/wp-content\/uploads\/Prime-skid-3_02-rotated.jpeg","type":"image\/jpeg"}],"twitter_card":"summary_large_image","twitter_misc":{"Tiempo de lectura":"2 minutos"},"schema":{"@context":"https:\/\/schema.org","@graph":[{"@type":"WebPage","@id":"https:\/\/heationab.com\/industrial-water-filters-application\/magnetite-in-heating-systems\/","url":"https:\/\/heationab.com\/industrial-water-filters-application\/magnetite-in-heating-systems\/","name":"Pipe cleaning - magnetite in heating systems - Heation","isPartOf":{"@id":"https:\/\/heationab.com\/#website"},"primaryImageOfPage":{"@id":"https:\/\/heationab.com\/industrial-water-filters-application\/magnetite-in-heating-systems\/#primaryimage"},"image":{"@id":"https:\/\/heationab.com\/industrial-water-filters-application\/magnetite-in-heating-systems\/#primaryimage"},"thumbnailUrl":"https:\/\/i0.wp.com\/heationab.com\/wp-content\/uploads\/Prime-skid-3_02-rotated.jpeg?fit=1500%2C2000&ssl=1","datePublished":"2021-08-03T12:35:18+00:00","dateModified":"2025-10-07T10:16:44+00:00","description":"Our filter takes away both magnetic and non magnetic impurities from the piping system and heating elements.","breadcrumb":{"@id":"https:\/\/heationab.com\/industrial-water-filters-application\/magnetite-in-heating-systems\/#breadcrumb"},"inLanguage":"es","potentialAction":[{"@type":"ReadAction","target":["https:\/\/heationab.com\/industrial-water-filters-application\/magnetite-in-heating-systems\/"]}]},{"@type":"ImageObject","inLanguage":"es","@id":"https:\/\/heationab.com\/industrial-water-filters-application\/magnetite-in-heating-systems\/#primaryimage","url":"https:\/\/i0.wp.com\/heationab.com\/wp-content\/uploads\/Prime-skid-3_02-rotated.jpeg?fit=1500%2C2000&ssl=1","contentUrl":"https:\/\/i0.wp.com\/heationab.com\/wp-content\/uploads\/Prime-skid-3_02-rotated.jpeg?fit=1500%2C2000&ssl=1","width":1500,"height":2000,"caption":"Prime-phin System"},{"@type":"BreadcrumbList","@id":"https:\/\/heationab.com\/industrial-water-filters-application\/magnetite-in-heating-systems\/#breadcrumb","itemListElement":[{"@type":"ListItem","position":1,"name":"Home","item":"https:\/\/heationab.com\/"},{"@type":"ListItem","position":2,"name":"Applications","item":"https:\/\/heationab.com\/industrial-water-filters-application\/"},{"@type":"ListItem","position":3,"name":"Pipe cleaning &#8211; magnetite in heating systems"}]},{"@type":"WebSite","@id":"https:\/\/heationab.com\/#website","url":"https:\/\/heationab.com\/","name":"Heation","description":"We create your solution","publisher":{"@id":"https:\/\/heationab.com\/#organization"},"potentialAction":[{"@type":"SearchAction","target":{"@type":"EntryPoint","urlTemplate":"https:\/\/heationab.com\/?s={search_term_string}"},"query-input":{"@type":"PropertyValueSpecification","valueRequired":true,"valueName":"search_term_string"}}],"inLanguage":"es"},{"@type":"Organization","@id":"https:\/\/heationab.com\/#organization","name":"Heation AB","url":"https:\/\/heationab.com\/","logo":{"@type":"ImageObject","inLanguage":"es","@id":"https:\/\/heationab.com\/#\/schema\/logo\/image\/","url":"https:\/\/i0.wp.com\/heationab.com\/wp-content\/uploads\/logo-heation_vector-4A768E-blue-greyish.jpg?fit=842%2C596&ssl=1","contentUrl":"https:\/\/i0.wp.com\/heationab.com\/wp-content\/uploads\/logo-heation_vector-4A768E-blue-greyish.jpg?fit=842%2C596&ssl=1","width":842,"height":596,"caption":"Heation AB"},"image":{"@id":"https:\/\/heationab.com\/#\/schema\/logo\/image\/"}}]}},"jetpack_sharing_enabled":true,"_links":{"self":[{"href":"https:\/\/heationab.com\/es\/wp-json\/wp\/v2\/pages\/946","targetHints":{"allow":["GET"]}}],"collection":[{"href":"https:\/\/heationab.com\/es\/wp-json\/wp\/v2\/pages"}],"about":[{"href":"https:\/\/heationab.com\/es\/wp-json\/wp\/v2\/types\/page"}],"author":[{"embeddable":true,"href":"https:\/\/heationab.com\/es\/wp-json\/wp\/v2\/users\/1"}],"replies":[{"embeddable":true,"href":"https:\/\/heationab.com\/es\/wp-json\/wp\/v2\/comments?post=946"}],"version-history":[{"count":5,"href":"https:\/\/heationab.com\/es\/wp-json\/wp\/v2\/pages\/946\/revisions"}],"predecessor-version":[{"id":2057,"href":"https:\/\/heationab.com\/es\/wp-json\/wp\/v2\/pages\/946\/revisions\/2057"}],"up":[{"embeddable":true,"href":"https:\/\/heationab.com\/es\/wp-json\/wp\/v2\/pages\/1555"}],"wp:featuredmedia":[{"embeddable":true,"href":"https:\/\/heationab.com\/es\/wp-json\/wp\/v2\/media\/1546"}],"wp:attachment":[{"href":"https:\/\/heationab.com\/es\/wp-json\/wp\/v2\/media?parent=946"}],"wp:term":[{"taxonomy":"category","embeddable":true,"href":"https:\/\/heationab.com\/es\/wp-json\/wp\/v2\/categories?post=946"},{"taxonomy":"post_tag","embeddable":true,"href":"https:\/\/heationab.com\/es\/wp-json\/wp\/v2\/tags?post=946"}],"curies":[{"name":"wp","href":"https:\/\/api.w.org\/{rel}","templated":true}]}}