{"id":2130,"date":"2026-02-27T09:13:46","date_gmt":"2026-02-27T09:13:46","guid":{"rendered":"https:\/\/heationab.com\/?page_id=2130"},"modified":"2026-02-27T12:53:00","modified_gmt":"2026-02-27T12:53:00","slug":"catalyzo2-launches-new-do-sensor","status":"publish","type":"page","link":"https:\/\/heationab.com\/es\/catalyzo2-launches-new-do-sensor\/","title":{"rendered":"CatalyzO2 lanza un nuevo sensor de ox\u00edgeno disuelto"},"content":{"rendered":"<div class=\"wpb-content-wrapper\"><div class=\"vc_row wpb_row vc_row-fluid\"><div class=\"wpb_column vc_column_container vc_col-sm-3\"><div class=\"vc_column-inner\"><div class=\"wpb_wrapper\">\n\t<div  class=\"wpb_single_image wpb_content_element vc_align_center wpb_content_element\">\n\t\t\n\t\t<figure class=\"wpb_wrapper vc_figure\">\n\t\t\t<div class=\"vc_single_image-wrapper   vc_box_border_grey\"><img decoding=\"async\" width=\"67\" height=\"300\" data-src=\"https:\/\/i0.wp.com\/heationab.com\/wp-content\/uploads\/DO-sensor-HYDRO2.png?fit=67%2C300&amp;ssl=1\" class=\"vc_single_image-img attachment-medium lazyload\" alt=\"\" title=\"DO sensor HYDRO2\" src=\"data:image\/svg+xml;base64,PHN2ZyB3aWR0aD0iMSIgaGVpZ2h0PSIxIiB4bWxucz0iaHR0cDovL3d3dy53My5vcmcvMjAwMC9zdmciPjwvc3ZnPg==\" style=\"--smush-placeholder-width: 67px; --smush-placeholder-aspect-ratio: 67\/300;\" \/><\/div>\n\t\t<\/figure>\n\t<\/div>\n<\/div><\/div><\/div><div class=\"wpb_column vc_column_container vc_col-sm-9\"><div class=\"vc_column-inner\"><div class=\"wpb_wrapper\">\n\t<div class=\"wpb_text_column wpb_content_element\" >\n\t\t<div class=\"wpb_wrapper\">\n\t\t\t<p>En\u00a0<b>Heation<\/b>, nos complace compartir un gran avance en la optimizaci\u00f3n de procesos industriales. Nuestro socio, la empresa tecnol\u00f3gica sueca CatalyzO2, respaldada por la Agencia Sueca de Energ\u00eda, ha concluido con \u00e9xito la fase de desarrollo de un nuevo e innovador sistema.\u00a0<b>sensor electroqu\u00edmico de ox\u00edgeno disuelto (sensor DO)<\/b>.<\/p>\n<p class=\"translation-block\">Como orgullosos socios de CatalyzO2, en Heation acogemos con satisfacci\u00f3n esta innovaci\u00f3n, que aborda directamente la demanda cr\u00edtica de la industria de procesos por <\/b>sensores de ox\u00edgeno disuelto de bajo mantenimiento<\/b> y una mayor <\/b>eficiencia energ\u00e9tica<\/b>.<\/p>\n<h4><b>Por qu\u00e9 es importante el monitoreo del ox\u00edgeno disuelto<\/b><\/h4>\n<p>Monitorear con precisi\u00f3n el ox\u00edgeno disuelto en el agua es un par\u00e1metro vital para un control preciso de los procesos y el ahorro energ\u00e9tico en diversas aplicaciones industriales. Un monitoreo confiable del ox\u00edgeno disuelto es esencial para:<\/p>\n<ul>\n<li class=\"translation-block\">Optimizaci\u00f3n de procesos de aireaci\u00f3n en\u00a0<b>plantas de tratamiento de aguas residuales<\/b>.<\/li>\n<li>Control de entornos sensibles de producci\u00f3n qu\u00edmica.<\/li>\n<li class=\"translation-block\">Prevenci\u00f3n de la corrosi\u00f3n en las <b>redes de calefacci\u00f3n urbana<\/b>.<\/li>\n<\/ul>\n<h4><b>Resolviendo el desaf\u00edo del costo y el mantenimiento<\/b><\/h4>\n<p>Hist\u00f3ricamente, los m\u00e9todos fiables de medici\u00f3n de ox\u00edgeno disuelto (OD) han sido costosos, lo que limita su uso principalmente a entornos de peque\u00f1a escala. Un estudio de mercado reciente realizado por CatalyzO2 entre responsables t\u00e9cnicos e ingenieros revel\u00f3 una insatisfacci\u00f3n generalizada con los altos costos y los elevados requisitos de mantenimiento de las soluciones existentes en el mercado.<\/p>\n<h4><b>El Proyecto HydrO2: una soluci\u00f3n rentable<\/b><\/h4>\n<p class=\"translation-block\">A trav\u00e9s del proyecto HydrO2, CatalyzO2 ha desarrollado la respuesta definitiva a estos desaf\u00edos de la industria. Han creado y probado con \u00e9xito un prototipo de laboratorio totalmente funcional, impreso en 3D, de un <b>sensor electroqu\u00edmico de ox\u00edgeno disuelto<\/b> asequible. Las rigurosas pruebas arrojaron resultados excepcionales tanto en estabilidad como en reproducibilidad.\n\nEn Heation, estamos entusiasmados con el futuro de esta tecnolog\u00eda y c\u00f3mo permitir\u00e1 a nuestros clientes lograr un monitoreo de agua rentable y de alto rendimiento sin la pesada carga de mantenimiento.<\/p>\n\n\t\t<\/div>\n\t<\/div>\n<\/div><\/div><\/div><\/div>\n<\/div>","protected":false},"excerpt":{"rendered":"At\u00a0Heation, we are thrilled to share a major breakthrough in industrial process optimization. Our partner, the Swedish tech company CatalyzO2, backed by the Swedish Energy Agency, has successfully concluded the development phase of a groundbreaking new\u00a0electrochemical dissolved oxygen sensor (DO sensor). As a proud partner of CatalyzO2, we at Heation...","protected":false},"author":1,"featured_media":2131,"parent":0,"menu_order":0,"comment_status":"closed","ping_status":"closed","template":"","meta":{"content-type":"","_monsterinsights_skip_tracking":false,"_monsterinsights_sitenote_active":false,"_monsterinsights_sitenote_note":"","_monsterinsights_sitenote_category":0,"footnotes":""},"categories":[9],"tags":[],"class_list":["post-2130","page","type-page","status-publish","has-post-thumbnail","hentry","category-news"],"yoast_head":"<!-- This site is optimized with the Yoast SEO plugin v27.3 - https:\/\/yoast.com\/product\/yoast-seo-wordpress\/ -->\n<title>CatalyzO2 Launches New DO Sensor - Heation<\/title>\n<meta name=\"description\" content=\"Heation announces a new, cost-effective dissolved oxygen (DO) sensor developed by our partner CatalyzO2. Discover how it reduces maintenance and boosts energy efficiency\" \/>\n<meta name=\"robots\" content=\"index, follow, max-snippet:-1, max-image-preview:large, max-video-preview:-1\" \/>\n<link rel=\"canonical\" href=\"https:\/\/heationab.com\/es\/catalyzo2-launches-new-do-sensor\/\" \/>\n<meta property=\"og:locale\" content=\"es_ES\" \/>\n<meta property=\"og:type\" content=\"article\" \/>\n<meta property=\"og:title\" content=\"CatalyzO2 Launches New DO Sensor - Heation\" \/>\n<meta property=\"og:description\" content=\"Heation announces a new, cost-effective dissolved oxygen (DO) sensor developed by our partner CatalyzO2. Discover how it reduces maintenance and boosts energy efficiency\" \/>\n<meta property=\"og:url\" content=\"https:\/\/heationab.com\/es\/catalyzo2-launches-new-do-sensor\/\" \/>\n<meta property=\"og:site_name\" content=\"Heation\" \/>\n<meta property=\"article:modified_time\" content=\"2026-02-27T12:53:00+00:00\" \/>\n<meta property=\"og:image\" content=\"https:\/\/heationab.com\/wp-content\/uploads\/DO-sensor-HYDRO2.png\" \/>\n\t<meta property=\"og:image:width\" content=\"270\" \/>\n\t<meta property=\"og:image:height\" content=\"1212\" \/>\n\t<meta property=\"og:image:type\" content=\"image\/png\" \/>\n<meta name=\"twitter:card\" content=\"summary_large_image\" \/>\n<meta name=\"twitter:label1\" content=\"Tiempo de lectura\" \/>\n\t<meta name=\"twitter:data1\" content=\"2 minutos\" \/>\n<script type=\"application\/ld+json\" class=\"yoast-schema-graph\">{\"@context\":\"https:\\\/\\\/schema.org\",\"@graph\":[{\"@type\":\"WebPage\",\"@id\":\"https:\\\/\\\/heationab.com\\\/catalyzo2-launches-new-do-sensor\\\/\",\"url\":\"https:\\\/\\\/heationab.com\\\/catalyzo2-launches-new-do-sensor\\\/\",\"name\":\"CatalyzO2 Launches New DO Sensor - Heation\",\"isPartOf\":{\"@id\":\"https:\\\/\\\/heationab.com\\\/#website\"},\"primaryImageOfPage\":{\"@id\":\"https:\\\/\\\/heationab.com\\\/catalyzo2-launches-new-do-sensor\\\/#primaryimage\"},\"image\":{\"@id\":\"https:\\\/\\\/heationab.com\\\/catalyzo2-launches-new-do-sensor\\\/#primaryimage\"},\"thumbnailUrl\":\"https:\\\/\\\/i0.wp.com\\\/heationab.com\\\/wp-content\\\/uploads\\\/DO-sensor-HYDRO2.png?fit=270%2C1212&ssl=1\",\"datePublished\":\"2026-02-27T09:13:46+00:00\",\"dateModified\":\"2026-02-27T12:53:00+00:00\",\"description\":\"Heation announces a new, cost-effective dissolved oxygen (DO) sensor developed by our partner CatalyzO2. Discover how it reduces maintenance and boosts energy efficiency\",\"breadcrumb\":{\"@id\":\"https:\\\/\\\/heationab.com\\\/catalyzo2-launches-new-do-sensor\\\/#breadcrumb\"},\"inLanguage\":\"es\",\"potentialAction\":[{\"@type\":\"ReadAction\",\"target\":[\"https:\\\/\\\/heationab.com\\\/catalyzo2-launches-new-do-sensor\\\/\"]}]},{\"@type\":\"ImageObject\",\"inLanguage\":\"es\",\"@id\":\"https:\\\/\\\/heationab.com\\\/catalyzo2-launches-new-do-sensor\\\/#primaryimage\",\"url\":\"https:\\\/\\\/i0.wp.com\\\/heationab.com\\\/wp-content\\\/uploads\\\/DO-sensor-HYDRO2.png?fit=270%2C1212&ssl=1\",\"contentUrl\":\"https:\\\/\\\/i0.wp.com\\\/heationab.com\\\/wp-content\\\/uploads\\\/DO-sensor-HYDRO2.png?fit=270%2C1212&ssl=1\",\"width\":270,\"height\":1212},{\"@type\":\"BreadcrumbList\",\"@id\":\"https:\\\/\\\/heationab.com\\\/catalyzo2-launches-new-do-sensor\\\/#breadcrumb\",\"itemListElement\":[{\"@type\":\"ListItem\",\"position\":1,\"name\":\"Home\",\"item\":\"https:\\\/\\\/heationab.com\\\/\"},{\"@type\":\"ListItem\",\"position\":2,\"name\":\"CatalyzO2 Launches New DO Sensor\"}]},{\"@type\":\"WebSite\",\"@id\":\"https:\\\/\\\/heationab.com\\\/#website\",\"url\":\"https:\\\/\\\/heationab.com\\\/\",\"name\":\"Heation\",\"description\":\"We create your solution\",\"publisher\":{\"@id\":\"https:\\\/\\\/heationab.com\\\/#organization\"},\"potentialAction\":[{\"@type\":\"SearchAction\",\"target\":{\"@type\":\"EntryPoint\",\"urlTemplate\":\"https:\\\/\\\/heationab.com\\\/?s={search_term_string}\"},\"query-input\":{\"@type\":\"PropertyValueSpecification\",\"valueRequired\":true,\"valueName\":\"search_term_string\"}}],\"inLanguage\":\"es\"},{\"@type\":\"Organization\",\"@id\":\"https:\\\/\\\/heationab.com\\\/#organization\",\"name\":\"Heation AB\",\"url\":\"https:\\\/\\\/heationab.com\\\/\",\"logo\":{\"@type\":\"ImageObject\",\"inLanguage\":\"es\",\"@id\":\"https:\\\/\\\/heationab.com\\\/#\\\/schema\\\/logo\\\/image\\\/\",\"url\":\"https:\\\/\\\/i0.wp.com\\\/heationab.com\\\/wp-content\\\/uploads\\\/logo-heation_vector-4A768E-blue-greyish.jpg?fit=842%2C596&ssl=1\",\"contentUrl\":\"https:\\\/\\\/i0.wp.com\\\/heationab.com\\\/wp-content\\\/uploads\\\/logo-heation_vector-4A768E-blue-greyish.jpg?fit=842%2C596&ssl=1\",\"width\":842,\"height\":596,\"caption\":\"Heation AB\"},\"image\":{\"@id\":\"https:\\\/\\\/heationab.com\\\/#\\\/schema\\\/logo\\\/image\\\/\"}}]}<\/script>\n<!-- \/ Yoast SEO plugin. -->","yoast_head_json":{"title":"CatalyzO2 Launches New DO Sensor - Heation","description":"Heation announces a new, cost-effective dissolved oxygen (DO) sensor developed by our partner CatalyzO2. Discover how it reduces maintenance and boosts energy efficiency","robots":{"index":"index","follow":"follow","max-snippet":"max-snippet:-1","max-image-preview":"max-image-preview:large","max-video-preview":"max-video-preview:-1"},"canonical":"https:\/\/heationab.com\/es\/catalyzo2-launches-new-do-sensor\/","og_locale":"es_ES","og_type":"article","og_title":"CatalyzO2 Launches New DO Sensor - Heation","og_description":"Heation announces a new, cost-effective dissolved oxygen (DO) sensor developed by our partner CatalyzO2. Discover how it reduces maintenance and boosts energy efficiency","og_url":"https:\/\/heationab.com\/es\/catalyzo2-launches-new-do-sensor\/","og_site_name":"Heation","article_modified_time":"2026-02-27T12:53:00+00:00","og_image":[{"width":270,"height":1212,"url":"https:\/\/heationab.com\/wp-content\/uploads\/DO-sensor-HYDRO2.png","type":"image\/png"}],"twitter_card":"summary_large_image","twitter_misc":{"Tiempo de lectura":"2 minutos"},"schema":{"@context":"https:\/\/schema.org","@graph":[{"@type":"WebPage","@id":"https:\/\/heationab.com\/catalyzo2-launches-new-do-sensor\/","url":"https:\/\/heationab.com\/catalyzo2-launches-new-do-sensor\/","name":"CatalyzO2 Launches New DO Sensor - Heation","isPartOf":{"@id":"https:\/\/heationab.com\/#website"},"primaryImageOfPage":{"@id":"https:\/\/heationab.com\/catalyzo2-launches-new-do-sensor\/#primaryimage"},"image":{"@id":"https:\/\/heationab.com\/catalyzo2-launches-new-do-sensor\/#primaryimage"},"thumbnailUrl":"https:\/\/i0.wp.com\/heationab.com\/wp-content\/uploads\/DO-sensor-HYDRO2.png?fit=270%2C1212&ssl=1","datePublished":"2026-02-27T09:13:46+00:00","dateModified":"2026-02-27T12:53:00+00:00","description":"Heation announces a new, cost-effective dissolved oxygen (DO) sensor developed by our partner CatalyzO2. Discover how it reduces maintenance and boosts energy efficiency","breadcrumb":{"@id":"https:\/\/heationab.com\/catalyzo2-launches-new-do-sensor\/#breadcrumb"},"inLanguage":"es","potentialAction":[{"@type":"ReadAction","target":["https:\/\/heationab.com\/catalyzo2-launches-new-do-sensor\/"]}]},{"@type":"ImageObject","inLanguage":"es","@id":"https:\/\/heationab.com\/catalyzo2-launches-new-do-sensor\/#primaryimage","url":"https:\/\/i0.wp.com\/heationab.com\/wp-content\/uploads\/DO-sensor-HYDRO2.png?fit=270%2C1212&ssl=1","contentUrl":"https:\/\/i0.wp.com\/heationab.com\/wp-content\/uploads\/DO-sensor-HYDRO2.png?fit=270%2C1212&ssl=1","width":270,"height":1212},{"@type":"BreadcrumbList","@id":"https:\/\/heationab.com\/catalyzo2-launches-new-do-sensor\/#breadcrumb","itemListElement":[{"@type":"ListItem","position":1,"name":"Home","item":"https:\/\/heationab.com\/"},{"@type":"ListItem","position":2,"name":"CatalyzO2 Launches New DO Sensor"}]},{"@type":"WebSite","@id":"https:\/\/heationab.com\/#website","url":"https:\/\/heationab.com\/","name":"Heation","description":"We create your solution","publisher":{"@id":"https:\/\/heationab.com\/#organization"},"potentialAction":[{"@type":"SearchAction","target":{"@type":"EntryPoint","urlTemplate":"https:\/\/heationab.com\/?s={search_term_string}"},"query-input":{"@type":"PropertyValueSpecification","valueRequired":true,"valueName":"search_term_string"}}],"inLanguage":"es"},{"@type":"Organization","@id":"https:\/\/heationab.com\/#organization","name":"Heation AB","url":"https:\/\/heationab.com\/","logo":{"@type":"ImageObject","inLanguage":"es","@id":"https:\/\/heationab.com\/#\/schema\/logo\/image\/","url":"https:\/\/i0.wp.com\/heationab.com\/wp-content\/uploads\/logo-heation_vector-4A768E-blue-greyish.jpg?fit=842%2C596&ssl=1","contentUrl":"https:\/\/i0.wp.com\/heationab.com\/wp-content\/uploads\/logo-heation_vector-4A768E-blue-greyish.jpg?fit=842%2C596&ssl=1","width":842,"height":596,"caption":"Heation AB"},"image":{"@id":"https:\/\/heationab.com\/#\/schema\/logo\/image\/"}}]}},"jetpack_sharing_enabled":true,"_links":{"self":[{"href":"https:\/\/heationab.com\/es\/wp-json\/wp\/v2\/pages\/2130","targetHints":{"allow":["GET"]}}],"collection":[{"href":"https:\/\/heationab.com\/es\/wp-json\/wp\/v2\/pages"}],"about":[{"href":"https:\/\/heationab.com\/es\/wp-json\/wp\/v2\/types\/page"}],"author":[{"embeddable":true,"href":"https:\/\/heationab.com\/es\/wp-json\/wp\/v2\/users\/1"}],"replies":[{"embeddable":true,"href":"https:\/\/heationab.com\/es\/wp-json\/wp\/v2\/comments?post=2130"}],"version-history":[{"count":5,"href":"https:\/\/heationab.com\/es\/wp-json\/wp\/v2\/pages\/2130\/revisions"}],"predecessor-version":[{"id":2139,"href":"https:\/\/heationab.com\/es\/wp-json\/wp\/v2\/pages\/2130\/revisions\/2139"}],"wp:featuredmedia":[{"embeddable":true,"href":"https:\/\/heationab.com\/es\/wp-json\/wp\/v2\/media\/2131"}],"wp:attachment":[{"href":"https:\/\/heationab.com\/es\/wp-json\/wp\/v2\/media?parent=2130"}],"wp:term":[{"taxonomy":"category","embeddable":true,"href":"https:\/\/heationab.com\/es\/wp-json\/wp\/v2\/categories?post=2130"},{"taxonomy":"post_tag","embeddable":true,"href":"https:\/\/heationab.com\/es\/wp-json\/wp\/v2\/tags?post=2130"}],"curies":[{"name":"wp","href":"https:\/\/api.w.org\/{rel}","templated":true}]}}