{"id":1799,"date":"2024-07-25T23:34:41","date_gmt":"2024-07-25T23:34:41","guid":{"rendered":"https:\/\/heationab.com\/?page_id=1799"},"modified":"2026-03-12T15:49:19","modified_gmt":"2026-03-12T15:49:19","slug":"water-treatment-pools","status":"publish","type":"page","link":"https:\/\/heationab.com\/es\/water-treatment-pools\/","title":{"rendered":"Piscinas y Spas"},"content":{"rendered":"<div class=\"wpb-content-wrapper\"><div class=\"vc_row wpb_row vc_row-fluid vc_row-o-content-middle vc_row-flex\"><div class=\"wpb_column vc_column_container vc_col-sm-6\"><div class=\"vc_column-inner\"><div class=\"wpb_wrapper\">\n\t<div class=\"wpb_text_column wpb_content_element\" >\n\t\t<div class=\"wpb_wrapper\">\n\t\t\t<h2><span style=\"font-weight: 400;\">Soluciones tradicionales<\/span><\/h2>\n<p>Los sistemas tradicionales de tratamiento de agua para piscinas y spas generalmente implican una combinaci\u00f3n de filtraci\u00f3n, cloraci\u00f3n, aditivos qu\u00edmicos y desinfecci\u00f3n ultravioleta (UV). La filtraci\u00f3n elimina las part\u00edculas grandes y los desechos, mientras que la cloraci\u00f3n mata las bacterias y las algas. Productos qu\u00edmicos adicionales, como equilibradores de PH y alguicidas, se utilizan para mantener la calidad del agua, mientras la desinfecci\u00f3n UV ayuda a inactivar microorganismos. Sin embargo, estos m\u00e9todos tienen desventajas: la filtraci\u00f3n no puede eliminar todos los contaminantes, el cloro puede causar irritaci\u00f3n en la piel y los ojos y tiene un olor desagradable, el uso excesivo de productos qu\u00edmicos puede provocar desequilibrio del agua y da\u00f1os medioambientales, y los sistemas UV requieren mantenimiento regular y no proporcionan desinfecci\u00f3n residual.<\/p>\n\n\t\t<\/div>\n\t<\/div>\n<\/div><\/div><\/div><div class=\"wpb_column vc_column_container vc_col-sm-6\"><div class=\"vc_column-inner\"><div class=\"wpb_wrapper\">\n\t<div  class=\"wpb_single_image wpb_content_element vc_align_left wpb_content_element\">\n\t\t\n\t\t<figure class=\"wpb_wrapper vc_figure\">\n\t\t\t<a href=\"https:\/\/heationab.com\/es\/industrial-water-filters-in-stainless-steel\/stainless-steel-inline-basket-filter\/\" target=\"_self\" class=\"vc_single_image-wrapper   vc_box_border_grey\"><img decoding=\"async\" width=\"790\" height=\"776\" data-src=\"https:\/\/i0.wp.com\/heationab.com\/wp-content\/uploads\/swimming-pool.jpg?fit=790%2C776&amp;ssl=1\" class=\"vc_single_image-img attachment-large lazyload\" alt=\"\" title=\"swimming pool\" data-srcset=\"https:\/\/i0.wp.com\/heationab.com\/wp-content\/uploads\/swimming-pool.jpg?w=1042&amp;ssl=1 1042w, https:\/\/i0.wp.com\/heationab.com\/wp-content\/uploads\/swimming-pool.jpg?resize=300%2C295&amp;ssl=1 300w, https:\/\/i0.wp.com\/heationab.com\/wp-content\/uploads\/swimming-pool.jpg?resize=1024%2C1006&amp;ssl=1 1024w, https:\/\/i0.wp.com\/heationab.com\/wp-content\/uploads\/swimming-pool.jpg?resize=150%2C147&amp;ssl=1 150w, https:\/\/i0.wp.com\/heationab.com\/wp-content\/uploads\/swimming-pool.jpg?resize=768%2C755&amp;ssl=1 768w, https:\/\/i0.wp.com\/heationab.com\/wp-content\/uploads\/swimming-pool.jpg?resize=12%2C12&amp;ssl=1 12w\" data-sizes=\"(max-width: 790px) 100vw, 790px\" src=\"data:image\/svg+xml;base64,PHN2ZyB3aWR0aD0iMSIgaGVpZ2h0PSIxIiB4bWxucz0iaHR0cDovL3d3dy53My5vcmcvMjAwMC9zdmciPjwvc3ZnPg==\" style=\"--smush-placeholder-width: 790px; --smush-placeholder-aspect-ratio: 790\/776;\" \/><\/a>\n\t\t<\/figure>\n\t<\/div>\n<\/div><\/div><\/div><\/div><div class=\"vc_row wpb_row vc_row-fluid vc_row-o-content-middle vc_row-flex\"><div class=\"wpb_column vc_column_container vc_col-sm-6\"><div class=\"vc_column-inner\"><div class=\"wpb_wrapper\">\n\t<div  class=\"wpb_single_image wpb_content_element vc_align_left wpb_content_element\">\n\t\t\n\t\t<figure class=\"wpb_wrapper vc_figure\">\n\t\t\t<a href=\"https:\/\/heationab.com\/es\/industrial-water-filters-in-stainless-steel\/stainless-steel-inline-basket-filter\/\" target=\"_self\" class=\"vc_single_image-wrapper   vc_box_border_grey\"><img decoding=\"async\" width=\"707\" height=\"1024\" data-src=\"https:\/\/i0.wp.com\/heationab.com\/wp-content\/uploads\/swimming-pool-spa.jpg?fit=707%2C1024&amp;ssl=1\" class=\"vc_single_image-img attachment-large lazyload\" alt=\"\" title=\"swimming pool spa\" data-srcset=\"https:\/\/i0.wp.com\/heationab.com\/wp-content\/uploads\/swimming-pool-spa.jpg?w=707&amp;ssl=1 707w, https:\/\/i0.wp.com\/heationab.com\/wp-content\/uploads\/swimming-pool-spa.jpg?resize=207%2C300&amp;ssl=1 207w, https:\/\/i0.wp.com\/heationab.com\/wp-content\/uploads\/swimming-pool-spa.jpg?resize=104%2C150&amp;ssl=1 104w, https:\/\/i0.wp.com\/heationab.com\/wp-content\/uploads\/swimming-pool-spa.jpg?resize=8%2C12&amp;ssl=1 8w\" data-sizes=\"(max-width: 707px) 100vw, 707px\" src=\"data:image\/svg+xml;base64,PHN2ZyB3aWR0aD0iMSIgaGVpZ2h0PSIxIiB4bWxucz0iaHR0cDovL3d3dy53My5vcmcvMjAwMC9zdmciPjwvc3ZnPg==\" style=\"--smush-placeholder-width: 707px; --smush-placeholder-aspect-ratio: 707\/1024;\" \/><\/a>\n\t\t<\/figure>\n\t<\/div>\n<\/div><\/div><\/div><div class=\"wpb_column vc_column_container vc_col-sm-6\"><div class=\"vc_column-inner\"><div class=\"wpb_wrapper\">\n\t<div class=\"wpb_text_column wpb_content_element\" >\n\t\t<div class=\"wpb_wrapper\">\n\t\t\t<h2><span style=\"font-weight: 400;\">Nuestra soluci\u00f3n<\/span><\/h2>\n<p>Nuestro avanzado sistema de tratamiento de agua monitorea cont\u00ednuamente los par\u00e1metros del agua y los compara con los l\u00edmites previamente establecidos. Este sistema preventivo utiliza an\u00e1lisis de datos para aplicar la combinaci\u00f3n \u00f3ptima de t\u00e9cnicas avanzadas, que incluyen:<\/p>\n<ol>\n<li><strong>Electroporaci\u00f3n<\/strong>: Aplicaci\u00f3n de una diferencia de potencial espec\u00edfica que altera el equilibrio electro-osm\u00f3tico de las c\u00e9lulas biol\u00f3gicas, lo que conduce a la inactivaci\u00f3n y muerte de microorganismos.<\/li>\n<li><strong>Oxidaci\u00f3n avanzada<\/strong>: Utilizaci\u00f3n de oxidantes fuertes para descomponer los contaminantes org\u00e1nicos y desinfectar el agua.<\/li>\n<li><strong>Oxidaci\u00f3n an\u00f3dica<\/strong>: Generaci\u00f3n de oxidantes fuertes directamente en el \u00e1nodo, mejorando el proceso de desinfecci\u00f3n.<\/li>\n<li><strong>Generaci\u00f3n de oxidantes<\/strong>: Producci\u00f3n de agentes oxidantes que eliminan eficazmente pat\u00f3genos y contaminantes org\u00e1nicos.<\/li>\n<\/ol>\n\n\t\t<\/div>\n\t<\/div>\n<\/div><\/div><\/div><\/div><div class=\"vc_row wpb_row vc_row-fluid\"><div class=\"wpb_column vc_column_container vc_col-sm-12\"><div class=\"vc_column-inner\"><div class=\"wpb_wrapper\">\n\t<div class=\"wpb_text_column wpb_content_element\" >\n\t\t<div class=\"wpb_wrapper\">\n\t\t\t<h2>\u00bfEs usted propietario o gerente de una instalaci\u00f3n?<\/h2>\n<p>Nuestro avanzado sistema de tratamiento de agua ofrece numerosos beneficios:<\/p>\n<ul>\n<li><strong>Tratamiento sin qu\u00edmicos<\/strong>: Elimina la necesidad de manipular, gestionar y almacenar productos qu\u00edmicos, garantizando una soluci\u00f3n m\u00e1s segura y respetuosa con el medio ambiente.<\/li>\n<li><strong>Ahorro de agua y energ\u00eda<\/strong>: Reduce el consumo de agua y la energ\u00eda necesaria para la su calentamiento en un 75-95%, promoviendo la sostenibilidad y la eficiencia de costos.<\/li>\n<li><strong>Reducci\u00f3n de trabajo<\/strong>: Reduce el tiempo de trabajo para el mantenimiento de la piscina en un 50%, lo que permite un mantenimiento m\u00e1s eficiente y menos laborioso.<\/li>\n<li><strong>Mejora de la calidad del agua<\/strong>: Elimina eficazmente la grasa de la l\u00ednea de agua y reduce la turbidez en un 50-70%, lo que resulta en un agua m\u00e1s limpia y clara.<\/li>\n<li><strong>Mejora de la sanidad y la seguridad<\/strong>: Proporciona control de calidad constante y respuestas automatizadas para garantizar una sanidad y seguridad superiores.<\/li>\n<li><strong>Operaci\u00f3n remota<\/strong>: Totalmente operativo en modo remoto, lo que permite una c\u00f3moda supervisi\u00f3n y gesti\u00f3n desde cualquier ubicaci\u00f3n.<\/li>\n<\/ul>\n<h3>\u00bfQu\u00e9 hay de la experiencia del usuario?<\/h3>\n<ul>\n<li><strong>Agua cristalina<\/strong>: Disfruta de una agradable experiencia de nataci\u00f3n en agua que es excepcionalmente clara y limpia.<\/li>\n<li><strong>Saneamiento \u00f3ptimo<\/strong>: Benef\u00edciese de condiciones consistentemente altas de saneamiento e higiene sin el uso de productos qu\u00edmicos agresivos.<\/li>\n<li><strong>Sin olor ni sabor qu\u00edmico<\/strong>: Nada en agua libre de olores y sabores qu\u00edmicos desagradables.<\/li>\n<li><strong>Amable con la piel y los ojos<\/strong>: Una experiencia de nado sin irritaci\u00f3n, sequedad o incomodidad en la piel o las membranas mucosas.<\/li>\n<li><strong>Sin residuos de sal<\/strong>: Evite los dep\u00f3sitos de sal en la piel, la ropa y el cabello, asegurando un nado m\u00e1s c\u00f3modo y agradable.<\/li>\n<\/ul>\n\n\t\t<\/div>\n\t<\/div>\n\n\t<div class=\"wpb_text_column wpb_content_element\" >\n\t\t<div class=\"wpb_wrapper\">\n\t\t\t<h2 style=\"text-align: center;\"><span style=\"font-weight: 400;\">\u00bfQuieres saber m\u00e1s?<\/span><\/h2>\n\n\t\t<\/div>\n\t<\/div>\n<div class=\"vc_btn3-container vc_btn3-center vc_do_btn\" ><a class=\"vc_general vc_btn3 vc_btn3-size-lg vc_btn3-shape-round vc_btn3-style-3d vc_btn3-color-primary\" href=\"https:\/\/share.hsforms.com\/1gRsnhWxSQPeWQ-8EkZy52A3j7az\" title=\"COTIZACI\u00d3N\" target=\"_blank\">\u00a1 CONT\u00c1CTANOS PARA M\u00c1S INFORMACI\u00d3N !<\/a><\/div><\/div><\/div><\/div><\/div><div data-vc-full-width=\"true\" data-vc-full-width-init=\"false\" data-vc-stretch-content=\"true\" class=\"vc_row wpb_row vc_row-fluid\"><div class=\"wpb_column vc_column_container vc_col-sm-12\"><div class=\"vc_column-inner\"><div class=\"wpb_wrapper\">\n\t<div  class=\"wpb_single_image wpb_content_element vc_align_center wpb_content_element\">\n\t\t\n\t\t<figure class=\"wpb_wrapper vc_figure\">\n\t\t\t<a href=\"https:\/\/heationab.com\/es\/industrial-water-filters-in-stainless-steel\/stainless-steel-inline-basket-filter\/\" target=\"_self\" class=\"vc_single_image-wrapper   vc_box_border_grey\"><img decoding=\"async\" width=\"790\" height=\"449\" data-src=\"https:\/\/i0.wp.com\/heationab.com\/wp-content\/uploads\/water-treatment-system_005-min.png?fit=790%2C449&amp;ssl=1\" class=\"vc_single_image-img attachment-large lazyload\" alt=\"\" title=\"water treatment system_005-min\" data-srcset=\"https:\/\/i0.wp.com\/heationab.com\/wp-content\/uploads\/water-treatment-system_005-min.png?w=2006&amp;ssl=1 2006w, https:\/\/i0.wp.com\/heationab.com\/wp-content\/uploads\/water-treatment-system_005-min.png?resize=300%2C170&amp;ssl=1 300w, https:\/\/i0.wp.com\/heationab.com\/wp-content\/uploads\/water-treatment-system_005-min.png?resize=1024%2C582&amp;ssl=1 1024w, https:\/\/i0.wp.com\/heationab.com\/wp-content\/uploads\/water-treatment-system_005-min.png?resize=150%2C85&amp;ssl=1 150w, https:\/\/i0.wp.com\/heationab.com\/wp-content\/uploads\/water-treatment-system_005-min.png?resize=768%2C436&amp;ssl=1 768w, https:\/\/i0.wp.com\/heationab.com\/wp-content\/uploads\/water-treatment-system_005-min.png?resize=1536%2C873&amp;ssl=1 1536w, https:\/\/i0.wp.com\/heationab.com\/wp-content\/uploads\/water-treatment-system_005-min.png?resize=18%2C10&amp;ssl=1 18w, https:\/\/i0.wp.com\/heationab.com\/wp-content\/uploads\/water-treatment-system_005-min.png?resize=350%2C200&amp;ssl=1 350w\" data-sizes=\"(max-width: 790px) 100vw, 790px\" src=\"data:image\/svg+xml;base64,PHN2ZyB3aWR0aD0iMSIgaGVpZ2h0PSIxIiB4bWxucz0iaHR0cDovL3d3dy53My5vcmcvMjAwMC9zdmciPjwvc3ZnPg==\" style=\"--smush-placeholder-width: 790px; --smush-placeholder-aspect-ratio: 790\/449;\" \/><\/a>\n\t\t<\/figure>\n\t<\/div>\n<\/div><\/div><\/div><\/div><div class=\"vc_row-full-width vc_clearfix\"><\/div>\n<\/div>","protected":false},"excerpt":{"rendered":"Traditional Solutions Traditional water treatment systems for pools and spas typically involve a combination of filtration, chlorination, chemical additives, and ultraviolet (UV) disinfection. Filtration removes large particles and debris, while chlorination kills bacteria and algae. Additional chemicals, such as pH balancers and algaecides, are used to maintain water quality. UV...","protected":false},"author":1,"featured_media":0,"parent":0,"menu_order":0,"comment_status":"closed","ping_status":"closed","template":"templates\/full-width-page.php","meta":{"content-type":"","_monsterinsights_skip_tracking":false,"_monsterinsights_sitenote_active":false,"_monsterinsights_sitenote_note":"","_monsterinsights_sitenote_category":0,"footnotes":""},"categories":[],"tags":[],"class_list":["post-1799","page","type-page","status-publish","hentry"],"yoast_head":"<!-- This site is optimized with the Yoast SEO plugin v27.3 - https:\/\/yoast.com\/product\/yoast-seo-wordpress\/ -->\n<title>Swimming Pools &amp; Spas - Heation<\/title>\n<meta name=\"robots\" content=\"index, follow, max-snippet:-1, max-image-preview:large, max-video-preview:-1\" \/>\n<link rel=\"canonical\" href=\"https:\/\/heationab.com\/es\/water-treatment-pools\/\" \/>\n<meta property=\"og:locale\" content=\"es_ES\" \/>\n<meta property=\"og:type\" content=\"article\" \/>\n<meta property=\"og:title\" content=\"Swimming Pools &amp; Spas - Heation\" \/>\n<meta property=\"og:url\" content=\"https:\/\/heationab.com\/es\/water-treatment-pools\/\" \/>\n<meta property=\"og:site_name\" content=\"Heation\" \/>\n<meta property=\"article:modified_time\" content=\"2026-03-12T15:49:19+00:00\" \/>\n<meta name=\"twitter:card\" content=\"summary_large_image\" \/>\n<meta name=\"twitter:label1\" content=\"Tiempo de lectura\" \/>\n\t<meta name=\"twitter:data1\" content=\"2 minutos\" \/>\n<script type=\"application\/ld+json\" class=\"yoast-schema-graph\">{\"@context\":\"https:\\\/\\\/schema.org\",\"@graph\":[{\"@type\":\"WebPage\",\"@id\":\"https:\\\/\\\/heationab.com\\\/water-treatment-pools\\\/\",\"url\":\"https:\\\/\\\/heationab.com\\\/water-treatment-pools\\\/\",\"name\":\"Swimming Pools & Spas - Heation\",\"isPartOf\":{\"@id\":\"https:\\\/\\\/heationab.com\\\/#website\"},\"datePublished\":\"2024-07-25T23:34:41+00:00\",\"dateModified\":\"2026-03-12T15:49:19+00:00\",\"breadcrumb\":{\"@id\":\"https:\\\/\\\/heationab.com\\\/water-treatment-pools\\\/#breadcrumb\"},\"inLanguage\":\"es\",\"potentialAction\":[{\"@type\":\"ReadAction\",\"target\":[\"https:\\\/\\\/heationab.com\\\/water-treatment-pools\\\/\"]}]},{\"@type\":\"BreadcrumbList\",\"@id\":\"https:\\\/\\\/heationab.com\\\/water-treatment-pools\\\/#breadcrumb\",\"itemListElement\":[{\"@type\":\"ListItem\",\"position\":1,\"name\":\"Home\",\"item\":\"https:\\\/\\\/heationab.com\\\/\"},{\"@type\":\"ListItem\",\"position\":2,\"name\":\"Swimming Pools &#038; Spas\"}]},{\"@type\":\"WebSite\",\"@id\":\"https:\\\/\\\/heationab.com\\\/#website\",\"url\":\"https:\\\/\\\/heationab.com\\\/\",\"name\":\"Heation\",\"description\":\"We create your solution\",\"publisher\":{\"@id\":\"https:\\\/\\\/heationab.com\\\/#organization\"},\"potentialAction\":[{\"@type\":\"SearchAction\",\"target\":{\"@type\":\"EntryPoint\",\"urlTemplate\":\"https:\\\/\\\/heationab.com\\\/?s={search_term_string}\"},\"query-input\":{\"@type\":\"PropertyValueSpecification\",\"valueRequired\":true,\"valueName\":\"search_term_string\"}}],\"inLanguage\":\"es\"},{\"@type\":\"Organization\",\"@id\":\"https:\\\/\\\/heationab.com\\\/#organization\",\"name\":\"Heation AB\",\"url\":\"https:\\\/\\\/heationab.com\\\/\",\"logo\":{\"@type\":\"ImageObject\",\"inLanguage\":\"es\",\"@id\":\"https:\\\/\\\/heationab.com\\\/#\\\/schema\\\/logo\\\/image\\\/\",\"url\":\"https:\\\/\\\/i0.wp.com\\\/heationab.com\\\/wp-content\\\/uploads\\\/logo-heation_vector-4A768E-blue-greyish.jpg?fit=842%2C596&ssl=1\",\"contentUrl\":\"https:\\\/\\\/i0.wp.com\\\/heationab.com\\\/wp-content\\\/uploads\\\/logo-heation_vector-4A768E-blue-greyish.jpg?fit=842%2C596&ssl=1\",\"width\":842,\"height\":596,\"caption\":\"Heation AB\"},\"image\":{\"@id\":\"https:\\\/\\\/heationab.com\\\/#\\\/schema\\\/logo\\\/image\\\/\"}}]}<\/script>\n<!-- \/ Yoast SEO plugin. -->","yoast_head_json":{"title":"Swimming Pools & Spas - Heation","robots":{"index":"index","follow":"follow","max-snippet":"max-snippet:-1","max-image-preview":"max-image-preview:large","max-video-preview":"max-video-preview:-1"},"canonical":"https:\/\/heationab.com\/es\/water-treatment-pools\/","og_locale":"es_ES","og_type":"article","og_title":"Swimming Pools & Spas - Heation","og_url":"https:\/\/heationab.com\/es\/water-treatment-pools\/","og_site_name":"Heation","article_modified_time":"2026-03-12T15:49:19+00:00","twitter_card":"summary_large_image","twitter_misc":{"Tiempo de lectura":"2 minutos"},"schema":{"@context":"https:\/\/schema.org","@graph":[{"@type":"WebPage","@id":"https:\/\/heationab.com\/water-treatment-pools\/","url":"https:\/\/heationab.com\/water-treatment-pools\/","name":"Swimming Pools & Spas - Heation","isPartOf":{"@id":"https:\/\/heationab.com\/#website"},"datePublished":"2024-07-25T23:34:41+00:00","dateModified":"2026-03-12T15:49:19+00:00","breadcrumb":{"@id":"https:\/\/heationab.com\/water-treatment-pools\/#breadcrumb"},"inLanguage":"es","potentialAction":[{"@type":"ReadAction","target":["https:\/\/heationab.com\/water-treatment-pools\/"]}]},{"@type":"BreadcrumbList","@id":"https:\/\/heationab.com\/water-treatment-pools\/#breadcrumb","itemListElement":[{"@type":"ListItem","position":1,"name":"Home","item":"https:\/\/heationab.com\/"},{"@type":"ListItem","position":2,"name":"Swimming Pools &#038; Spas"}]},{"@type":"WebSite","@id":"https:\/\/heationab.com\/#website","url":"https:\/\/heationab.com\/","name":"Heation","description":"We create your solution","publisher":{"@id":"https:\/\/heationab.com\/#organization"},"potentialAction":[{"@type":"SearchAction","target":{"@type":"EntryPoint","urlTemplate":"https:\/\/heationab.com\/?s={search_term_string}"},"query-input":{"@type":"PropertyValueSpecification","valueRequired":true,"valueName":"search_term_string"}}],"inLanguage":"es"},{"@type":"Organization","@id":"https:\/\/heationab.com\/#organization","name":"Heation AB","url":"https:\/\/heationab.com\/","logo":{"@type":"ImageObject","inLanguage":"es","@id":"https:\/\/heationab.com\/#\/schema\/logo\/image\/","url":"https:\/\/i0.wp.com\/heationab.com\/wp-content\/uploads\/logo-heation_vector-4A768E-blue-greyish.jpg?fit=842%2C596&ssl=1","contentUrl":"https:\/\/i0.wp.com\/heationab.com\/wp-content\/uploads\/logo-heation_vector-4A768E-blue-greyish.jpg?fit=842%2C596&ssl=1","width":842,"height":596,"caption":"Heation AB"},"image":{"@id":"https:\/\/heationab.com\/#\/schema\/logo\/image\/"}}]}},"jetpack_sharing_enabled":true,"_links":{"self":[{"href":"https:\/\/heationab.com\/es\/wp-json\/wp\/v2\/pages\/1799","targetHints":{"allow":["GET"]}}],"collection":[{"href":"https:\/\/heationab.com\/es\/wp-json\/wp\/v2\/pages"}],"about":[{"href":"https:\/\/heationab.com\/es\/wp-json\/wp\/v2\/types\/page"}],"author":[{"embeddable":true,"href":"https:\/\/heationab.com\/es\/wp-json\/wp\/v2\/users\/1"}],"replies":[{"embeddable":true,"href":"https:\/\/heationab.com\/es\/wp-json\/wp\/v2\/comments?post=1799"}],"version-history":[{"count":6,"href":"https:\/\/heationab.com\/es\/wp-json\/wp\/v2\/pages\/1799\/revisions"}],"predecessor-version":[{"id":2327,"href":"https:\/\/heationab.com\/es\/wp-json\/wp\/v2\/pages\/1799\/revisions\/2327"}],"wp:attachment":[{"href":"https:\/\/heationab.com\/es\/wp-json\/wp\/v2\/media?parent=1799"}],"wp:term":[{"taxonomy":"category","embeddable":true,"href":"https:\/\/heationab.com\/es\/wp-json\/wp\/v2\/categories?post=1799"},{"taxonomy":"post_tag","embeddable":true,"href":"https:\/\/heationab.com\/es\/wp-json\/wp\/v2\/tags?post=1799"}],"curies":[{"name":"wp","href":"https:\/\/api.w.org\/{rel}","templated":true}]}}