{"id":1599,"date":"2022-05-09T19:21:03","date_gmt":"2022-05-09T19:21:03","guid":{"rendered":"https:\/\/heationab.com\/?page_id=1599"},"modified":"2025-10-07T10:20:08","modified_gmt":"2025-10-07T10:20:08","slug":"filtration-of-groundwater","status":"publish","type":"page","link":"https:\/\/heationab.com\/es\/industrial-water-filters-application\/filtration-of-groundwater\/","title":{"rendered":"Filtraci\u00f3n de aguas subterraneas"},"content":{"rendered":"<div class=\"wpb-content-wrapper\"><div class=\"vc_row wpb_row vc_row-fluid vc_row-o-content-middle vc_row-flex\"><div class=\"wpb_column vc_column_container vc_col-sm-12\"><div class=\"vc_column-inner\"><div class=\"wpb_wrapper\">\n\t<div class=\"wpb_text_column wpb_content_element\" >\n\t\t<div class=\"wpb_wrapper\">\n\t\t\t<h1 style=\"text-align: center;\"><span style=\"font-weight: 400;\">Protecci\u00f3n de sistemas de calefacci\u00f3n<\/span><\/h1>\n<h2 style=\"text-align: center;\">Energ\u00eda geot\u00e9rmica<\/h2>\n\n\t\t<\/div>\n\t<\/div>\n<\/div><\/div><\/div><\/div><div class=\"vc_row wpb_row vc_row-fluid vc_row-o-content-middle vc_row-flex\"><div class=\"wpb_column vc_column_container vc_col-sm-12\"><div class=\"vc_column-inner\"><div class=\"wpb_wrapper\">\n\t<div class=\"wpb_text_column wpb_content_element\" >\n\t\t<div class=\"wpb_wrapper\">\n\t\t\t<p>El agua almacenada en el suelo puede utilizarse en sistemas de calefacci\u00f3n geot\u00e9rmica para proporcionar refrigeraci\u00f3n en verano y calefacci\u00f3n en invierno. La energ\u00eda se almacena en aguas subterr\u00e1neas que se bombean y se utilizan para suministrar calor o fr\u00edo al usuario. Sin embargo, puede haber arena u otros residuos en el agua que pueden ser un problema para la bomba y los intercambiadores de calor.<\/p>\n<p>Por lo tanto es importante proteger el equipo a\u00f1adiendo un filtro de protecci\u00f3n que separe las part\u00edculas del flujo principal.<\/p>\n<p>Nuestra <a href=\"https:\/\/heationab.com\/es\/industrial-water-filters-in-stainless-steel\/cyclone-water-filter\/\">cyclon-phin<\/a> es la soluci\u00f3n ideal, ya que puede eliminar grandes cantidades de s\u00f3lidos y requiere muy poco mantenimiento. El sistema se puede automatizar completamente con v\u00e1lvulas de drenaje autom\u00e1ticas. Disponemos de varios tama\u00f1os para caudales desde 4 m\u00b3\/h hasta 190 m\u00b3\/h. Tambi\u00e9n ofrecemos soluciones personalizadas.<\/p>\n<p><a href=\"https:\/\/heationab.com\/es\/contact-us\/\">Cont\u00e1ctenos<\/a> para m\u00e1s informaci\u00f3n.<\/p>\n\n\t\t<\/div>\n\t<\/div>\n<\/div><\/div><\/div><\/div><div data-vc-full-width=\"true\" data-vc-full-width-init=\"false\" class=\"vc_row wpb_row vc_row-fluid\"><div class=\"wpb_column vc_column_container vc_col-sm-12\"><div class=\"vc_column-inner\"><div class=\"wpb_wrapper\">\n\t<div  class=\"wpb_single_image wpb_content_element vc_align_left wpb_content_element\">\n\t\t\n\t\t<figure class=\"wpb_wrapper vc_figure\">\n\t\t\t<a href=\"https:\/\/heationab.com\/es\/dolphin-filters\/product-optimum\/\" target=\"_self\" class=\"vc_single_image-wrapper   vc_box_border_grey\"><img decoding=\"async\" width=\"2560\" height=\"1920\" data-src=\"https:\/\/i0.wp.com\/heationab.com\/wp-content\/uploads\/IMG_3106-1-scaled.jpg?fit=2560%2C1920&amp;ssl=1\" class=\"vc_single_image-img attachment-full lazyload\" alt=\"Cyclo-phin\" title=\"Cyclo-phin\" data-srcset=\"https:\/\/i0.wp.com\/heationab.com\/wp-content\/uploads\/IMG_3106-1-scaled.jpg?w=2560&amp;ssl=1 2560w, https:\/\/i0.wp.com\/heationab.com\/wp-content\/uploads\/IMG_3106-1-scaled.jpg?resize=300%2C225&amp;ssl=1 300w, https:\/\/i0.wp.com\/heationab.com\/wp-content\/uploads\/IMG_3106-1-scaled.jpg?resize=1024%2C768&amp;ssl=1 1024w, https:\/\/i0.wp.com\/heationab.com\/wp-content\/uploads\/IMG_3106-1-scaled.jpg?resize=150%2C113&amp;ssl=1 150w, https:\/\/i0.wp.com\/heationab.com\/wp-content\/uploads\/IMG_3106-1-scaled.jpg?resize=768%2C576&amp;ssl=1 768w, https:\/\/i0.wp.com\/heationab.com\/wp-content\/uploads\/IMG_3106-1-scaled.jpg?resize=1536%2C1152&amp;ssl=1 1536w, https:\/\/i0.wp.com\/heationab.com\/wp-content\/uploads\/IMG_3106-1-scaled.jpg?w=2370&amp;ssl=1 2370w\" data-sizes=\"(max-width: 790px) 100vw, 790px\" src=\"data:image\/svg+xml;base64,PHN2ZyB3aWR0aD0iMSIgaGVpZ2h0PSIxIiB4bWxucz0iaHR0cDovL3d3dy53My5vcmcvMjAwMC9zdmciPjwvc3ZnPg==\" style=\"--smush-placeholder-width: 2560px; --smush-placeholder-aspect-ratio: 2560\/1920;\" \/><\/a>\n\t\t<\/figure>\n\t<\/div>\n<\/div><\/div><\/div><\/div><div class=\"vc_row-full-width vc_clearfix\"><\/div>\n<\/div>","protected":false},"excerpt":{"rendered":"Protection of heating systems Geothermal energy Water stored in the ground can be used in geothermal energy heating systems to provide cooling during the summer and heating during the winter period. The energy is stored in groundwater that is pumped up and that is used to deliver heat or cold...","protected":false},"author":1,"featured_media":1574,"parent":1555,"menu_order":0,"comment_status":"closed","ping_status":"closed","template":"","meta":{"content-type":"","_monsterinsights_skip_tracking":false,"_monsterinsights_sitenote_active":false,"_monsterinsights_sitenote_note":"","_monsterinsights_sitenote_category":0,"footnotes":""},"categories":[10],"tags":[],"class_list":["post-1599","page","type-page","status-publish","has-post-thumbnail","hentry","category-applications"],"yoast_head":"<!-- This site is optimized with the Yoast SEO plugin v27.3 - https:\/\/yoast.com\/product\/yoast-seo-wordpress\/ -->\n<title>Filtration of groundwater - Heation<\/title>\n<meta name=\"robots\" content=\"index, follow, max-snippet:-1, max-image-preview:large, max-video-preview:-1\" \/>\n<link rel=\"canonical\" href=\"https:\/\/heationab.com\/es\/industrial-water-filters-application\/filtration-of-groundwater\/\" \/>\n<meta property=\"og:locale\" content=\"es_ES\" \/>\n<meta property=\"og:type\" content=\"article\" \/>\n<meta property=\"og:title\" content=\"Filtration of groundwater - Heation\" \/>\n<meta property=\"og:url\" content=\"https:\/\/heationab.com\/es\/industrial-water-filters-application\/filtration-of-groundwater\/\" \/>\n<meta property=\"og:site_name\" content=\"Heation\" \/>\n<meta property=\"article:modified_time\" content=\"2025-10-07T10:20:08+00:00\" \/>\n<meta property=\"og:image\" content=\"https:\/\/heationab.com\/wp-content\/uploads\/IMG_3106-1-scaled.jpg\" \/>\n\t<meta property=\"og:image:width\" content=\"2560\" \/>\n\t<meta property=\"og:image:height\" content=\"1920\" \/>\n\t<meta property=\"og:image:type\" content=\"image\/jpeg\" \/>\n<meta name=\"twitter:card\" content=\"summary_large_image\" \/>\n<meta name=\"twitter:label1\" content=\"Tiempo de lectura\" \/>\n\t<meta name=\"twitter:data1\" content=\"2 minutos\" \/>\n<script type=\"application\/ld+json\" class=\"yoast-schema-graph\">{\"@context\":\"https:\\\/\\\/schema.org\",\"@graph\":[{\"@type\":\"WebPage\",\"@id\":\"https:\\\/\\\/heationab.com\\\/industrial-water-filters-application\\\/filtration-of-groundwater\\\/\",\"url\":\"https:\\\/\\\/heationab.com\\\/industrial-water-filters-application\\\/filtration-of-groundwater\\\/\",\"name\":\"Filtration of groundwater - Heation\",\"isPartOf\":{\"@id\":\"https:\\\/\\\/heationab.com\\\/#website\"},\"primaryImageOfPage\":{\"@id\":\"https:\\\/\\\/heationab.com\\\/industrial-water-filters-application\\\/filtration-of-groundwater\\\/#primaryimage\"},\"image\":{\"@id\":\"https:\\\/\\\/heationab.com\\\/industrial-water-filters-application\\\/filtration-of-groundwater\\\/#primaryimage\"},\"thumbnailUrl\":\"https:\\\/\\\/i0.wp.com\\\/heationab.com\\\/wp-content\\\/uploads\\\/IMG_3106-1-scaled.jpg?fit=2560%2C1920&ssl=1\",\"datePublished\":\"2022-05-09T19:21:03+00:00\",\"dateModified\":\"2025-10-07T10:20:08+00:00\",\"breadcrumb\":{\"@id\":\"https:\\\/\\\/heationab.com\\\/industrial-water-filters-application\\\/filtration-of-groundwater\\\/#breadcrumb\"},\"inLanguage\":\"es\",\"potentialAction\":[{\"@type\":\"ReadAction\",\"target\":[\"https:\\\/\\\/heationab.com\\\/industrial-water-filters-application\\\/filtration-of-groundwater\\\/\"]}]},{\"@type\":\"ImageObject\",\"inLanguage\":\"es\",\"@id\":\"https:\\\/\\\/heationab.com\\\/industrial-water-filters-application\\\/filtration-of-groundwater\\\/#primaryimage\",\"url\":\"https:\\\/\\\/i0.wp.com\\\/heationab.com\\\/wp-content\\\/uploads\\\/IMG_3106-1-scaled.jpg?fit=2560%2C1920&ssl=1\",\"contentUrl\":\"https:\\\/\\\/i0.wp.com\\\/heationab.com\\\/wp-content\\\/uploads\\\/IMG_3106-1-scaled.jpg?fit=2560%2C1920&ssl=1\",\"width\":2560,\"height\":1920,\"caption\":\"Cyclo-phin\"},{\"@type\":\"BreadcrumbList\",\"@id\":\"https:\\\/\\\/heationab.com\\\/industrial-water-filters-application\\\/filtration-of-groundwater\\\/#breadcrumb\",\"itemListElement\":[{\"@type\":\"ListItem\",\"position\":1,\"name\":\"Home\",\"item\":\"https:\\\/\\\/heationab.com\\\/\"},{\"@type\":\"ListItem\",\"position\":2,\"name\":\"Applications\",\"item\":\"https:\\\/\\\/heationab.com\\\/industrial-water-filters-application\\\/\"},{\"@type\":\"ListItem\",\"position\":3,\"name\":\"Filtration of groundwater\"}]},{\"@type\":\"WebSite\",\"@id\":\"https:\\\/\\\/heationab.com\\\/#website\",\"url\":\"https:\\\/\\\/heationab.com\\\/\",\"name\":\"Heation\",\"description\":\"We create your solution\",\"publisher\":{\"@id\":\"https:\\\/\\\/heationab.com\\\/#organization\"},\"potentialAction\":[{\"@type\":\"SearchAction\",\"target\":{\"@type\":\"EntryPoint\",\"urlTemplate\":\"https:\\\/\\\/heationab.com\\\/?s={search_term_string}\"},\"query-input\":{\"@type\":\"PropertyValueSpecification\",\"valueRequired\":true,\"valueName\":\"search_term_string\"}}],\"inLanguage\":\"es\"},{\"@type\":\"Organization\",\"@id\":\"https:\\\/\\\/heationab.com\\\/#organization\",\"name\":\"Heation AB\",\"url\":\"https:\\\/\\\/heationab.com\\\/\",\"logo\":{\"@type\":\"ImageObject\",\"inLanguage\":\"es\",\"@id\":\"https:\\\/\\\/heationab.com\\\/#\\\/schema\\\/logo\\\/image\\\/\",\"url\":\"https:\\\/\\\/i0.wp.com\\\/heationab.com\\\/wp-content\\\/uploads\\\/logo-heation_vector-4A768E-blue-greyish.jpg?fit=842%2C596&ssl=1\",\"contentUrl\":\"https:\\\/\\\/i0.wp.com\\\/heationab.com\\\/wp-content\\\/uploads\\\/logo-heation_vector-4A768E-blue-greyish.jpg?fit=842%2C596&ssl=1\",\"width\":842,\"height\":596,\"caption\":\"Heation AB\"},\"image\":{\"@id\":\"https:\\\/\\\/heationab.com\\\/#\\\/schema\\\/logo\\\/image\\\/\"}}]}<\/script>\n<!-- \/ Yoast SEO plugin. -->","yoast_head_json":{"title":"Filtration of groundwater - Heation","robots":{"index":"index","follow":"follow","max-snippet":"max-snippet:-1","max-image-preview":"max-image-preview:large","max-video-preview":"max-video-preview:-1"},"canonical":"https:\/\/heationab.com\/es\/industrial-water-filters-application\/filtration-of-groundwater\/","og_locale":"es_ES","og_type":"article","og_title":"Filtration of groundwater - Heation","og_url":"https:\/\/heationab.com\/es\/industrial-water-filters-application\/filtration-of-groundwater\/","og_site_name":"Heation","article_modified_time":"2025-10-07T10:20:08+00:00","og_image":[{"width":2560,"height":1920,"url":"https:\/\/heationab.com\/wp-content\/uploads\/IMG_3106-1-scaled.jpg","type":"image\/jpeg"}],"twitter_card":"summary_large_image","twitter_misc":{"Tiempo de lectura":"2 minutos"},"schema":{"@context":"https:\/\/schema.org","@graph":[{"@type":"WebPage","@id":"https:\/\/heationab.com\/industrial-water-filters-application\/filtration-of-groundwater\/","url":"https:\/\/heationab.com\/industrial-water-filters-application\/filtration-of-groundwater\/","name":"Filtration of groundwater - Heation","isPartOf":{"@id":"https:\/\/heationab.com\/#website"},"primaryImageOfPage":{"@id":"https:\/\/heationab.com\/industrial-water-filters-application\/filtration-of-groundwater\/#primaryimage"},"image":{"@id":"https:\/\/heationab.com\/industrial-water-filters-application\/filtration-of-groundwater\/#primaryimage"},"thumbnailUrl":"https:\/\/i0.wp.com\/heationab.com\/wp-content\/uploads\/IMG_3106-1-scaled.jpg?fit=2560%2C1920&ssl=1","datePublished":"2022-05-09T19:21:03+00:00","dateModified":"2025-10-07T10:20:08+00:00","breadcrumb":{"@id":"https:\/\/heationab.com\/industrial-water-filters-application\/filtration-of-groundwater\/#breadcrumb"},"inLanguage":"es","potentialAction":[{"@type":"ReadAction","target":["https:\/\/heationab.com\/industrial-water-filters-application\/filtration-of-groundwater\/"]}]},{"@type":"ImageObject","inLanguage":"es","@id":"https:\/\/heationab.com\/industrial-water-filters-application\/filtration-of-groundwater\/#primaryimage","url":"https:\/\/i0.wp.com\/heationab.com\/wp-content\/uploads\/IMG_3106-1-scaled.jpg?fit=2560%2C1920&ssl=1","contentUrl":"https:\/\/i0.wp.com\/heationab.com\/wp-content\/uploads\/IMG_3106-1-scaled.jpg?fit=2560%2C1920&ssl=1","width":2560,"height":1920,"caption":"Cyclo-phin"},{"@type":"BreadcrumbList","@id":"https:\/\/heationab.com\/industrial-water-filters-application\/filtration-of-groundwater\/#breadcrumb","itemListElement":[{"@type":"ListItem","position":1,"name":"Home","item":"https:\/\/heationab.com\/"},{"@type":"ListItem","position":2,"name":"Applications","item":"https:\/\/heationab.com\/industrial-water-filters-application\/"},{"@type":"ListItem","position":3,"name":"Filtration of groundwater"}]},{"@type":"WebSite","@id":"https:\/\/heationab.com\/#website","url":"https:\/\/heationab.com\/","name":"Heation","description":"We create your solution","publisher":{"@id":"https:\/\/heationab.com\/#organization"},"potentialAction":[{"@type":"SearchAction","target":{"@type":"EntryPoint","urlTemplate":"https:\/\/heationab.com\/?s={search_term_string}"},"query-input":{"@type":"PropertyValueSpecification","valueRequired":true,"valueName":"search_term_string"}}],"inLanguage":"es"},{"@type":"Organization","@id":"https:\/\/heationab.com\/#organization","name":"Heation AB","url":"https:\/\/heationab.com\/","logo":{"@type":"ImageObject","inLanguage":"es","@id":"https:\/\/heationab.com\/#\/schema\/logo\/image\/","url":"https:\/\/i0.wp.com\/heationab.com\/wp-content\/uploads\/logo-heation_vector-4A768E-blue-greyish.jpg?fit=842%2C596&ssl=1","contentUrl":"https:\/\/i0.wp.com\/heationab.com\/wp-content\/uploads\/logo-heation_vector-4A768E-blue-greyish.jpg?fit=842%2C596&ssl=1","width":842,"height":596,"caption":"Heation AB"},"image":{"@id":"https:\/\/heationab.com\/#\/schema\/logo\/image\/"}}]}},"jetpack_sharing_enabled":true,"_links":{"self":[{"href":"https:\/\/heationab.com\/es\/wp-json\/wp\/v2\/pages\/1599","targetHints":{"allow":["GET"]}}],"collection":[{"href":"https:\/\/heationab.com\/es\/wp-json\/wp\/v2\/pages"}],"about":[{"href":"https:\/\/heationab.com\/es\/wp-json\/wp\/v2\/types\/page"}],"author":[{"embeddable":true,"href":"https:\/\/heationab.com\/es\/wp-json\/wp\/v2\/users\/1"}],"replies":[{"embeddable":true,"href":"https:\/\/heationab.com\/es\/wp-json\/wp\/v2\/comments?post=1599"}],"version-history":[{"count":5,"href":"https:\/\/heationab.com\/es\/wp-json\/wp\/v2\/pages\/1599\/revisions"}],"predecessor-version":[{"id":2058,"href":"https:\/\/heationab.com\/es\/wp-json\/wp\/v2\/pages\/1599\/revisions\/2058"}],"up":[{"embeddable":true,"href":"https:\/\/heationab.com\/es\/wp-json\/wp\/v2\/pages\/1555"}],"wp:featuredmedia":[{"embeddable":true,"href":"https:\/\/heationab.com\/es\/wp-json\/wp\/v2\/media\/1574"}],"wp:attachment":[{"href":"https:\/\/heationab.com\/es\/wp-json\/wp\/v2\/media?parent=1599"}],"wp:term":[{"taxonomy":"category","embeddable":true,"href":"https:\/\/heationab.com\/es\/wp-json\/wp\/v2\/categories?post=1599"},{"taxonomy":"post_tag","embeddable":true,"href":"https:\/\/heationab.com\/es\/wp-json\/wp\/v2\/tags?post=1599"}],"curies":[{"name":"wp","href":"https:\/\/api.w.org\/{rel}","templated":true}]}}