{"id":1231,"date":"2021-10-30T12:28:48","date_gmt":"2021-10-30T12:28:48","guid":{"rendered":"https:\/\/heationab.com\/?page_id=1231"},"modified":"2021-10-30T14:37:25","modified_gmt":"2021-10-30T14:37:25","slug":"privacy-policy","status":"publish","type":"page","link":"https:\/\/heationab.com\/es\/dolphin-filters\/privacy-policy\/","title":{"rendered":"Pol\u00edtica de privacidad"},"content":{"rendered":"<div class=\"wpb-content-wrapper\"><div data-vc-full-width=\"true\" data-vc-full-width-init=\"false\" data-vc-stretch-content=\"true\" class=\"vc_row wpb_row vc_row-fluid\"><div class=\"wpb_column vc_column_container vc_col-sm-12\"><div class=\"vc_column-inner\"><div class=\"wpb_wrapper\">\n\t<div class=\"wpb_text_column wpb_content_element\" >\n\t\t<div class=\"wpb_wrapper\">\n\t\t\t<h1>Pol\u00edtica de privacidad de Heation AB<\/h1>\n<p>En Heation AB, una de nuestras principales prioridades es la privacidad de nuestros visitantes. Esta Pol\u00edtica de Privacidad contiene los tipos de informaci\u00f3n que Heation AB recopila y registra, as\u00ed como su uso.<\/p>\n<p>Si tiene preguntas adicionales o necesita m\u00e1s informaci\u00f3n sobre nuestra Pol\u00edtica de privacidad, no dude en contactarnos.<\/p>\n<h2>Consentimiento<\/h2>\n<p>Al utilizar nuestro sitio web, usted acepta nuestra Pol\u00edtica de privacidad y sus t\u00e9rminos.<\/p>\n<h2>Informaci\u00f3n que recopilamos<\/h2>\n<p>La informaci\u00f3n personal que se le solicita que proporcione, y los motivos por los cuales se le solicita que la proporcione, se le aclarar\u00e1n en el momento en que le solicitemos que proporcione su informaci\u00f3n personal.<\/p>\n<p>Si se comunica con nosotros directamente, es posible que recibamos informaci\u00f3n adicional sobre usted, como su nombre, direcci\u00f3n de correo electr\u00f3nico, n\u00famero de tel\u00e9fono, el contenido del mensaje y\/o archivos adjuntos que pueda enviarnos y cualquier otra informaci\u00f3n que elija proporcionar.<\/p>\n<h2>C\u00f3mo usamos su informaci\u00f3n<\/h2>\n<p>Utilizamos la informaci\u00f3n que recopilamos de diversas maneras, incluyendo:<\/p>\n<ul>\n<li>Comunicarnos con usted para brindarle actualizaciones y otra informaci\u00f3n y para fines de marketing y promoci\u00f3n.<\/li>\n<li>Detectar y prevenir el fraude<\/li>\n<\/ul>\n<h2>Archivos de registro<\/h2>\n<p>Heation AB sigue un procedimiento est\u00e1ndar de uso de archivos de registro. Estos archivos registran a los visitantes cuando visitan sitios web. Todas las empresas de alojamiento web lo hacen y forman parte del an\u00e1lisis de sus servicios. La informaci\u00f3n recopilada por los archivos de registro incluye direcciones IP, tipo de navegador, proveedor de servicios de internet (ISP), fecha y hora, p\u00e1ginas de referencia\/salida y, posiblemente, el n\u00famero de clics. Estos datos no est\u00e1n vinculados a ninguna informaci\u00f3n de identificaci\u00f3n personal. Su finalidad es analizar tendencias, administrar el sitio web, rastrear la actividad de los usuarios en el sitio web y recopilar informaci\u00f3n demogr\u00e1fica.<\/p>\n<h2>Cookies<\/h2>\n<p>Como cualquier otro sitio web, Heation AB utiliza cookies. Estas cookies se utilizan para almacenar informaci\u00f3n, como las preferencias de los visitantes y las p\u00e1ginas del sitio web que han accedido o visitado. Esta informaci\u00f3n se utiliza para optimizar la experiencia del usuario personalizando el contenido de nuestra p\u00e1gina web en funci\u00f3n del tipo de navegador del visitante y\/u otra informaci\u00f3n.<\/p>\n<h2>Pol\u00edticas de privacidad de terceros<\/h2>\n<p>La Pol\u00edtica de Privacidad de Heation AB no se aplica a otros anunciantes ni sitios web. Por lo tanto, le recomendamos consultar las respectivas Pol\u00edticas de Privacidad de estos servidores de anuncios externos para obtener informaci\u00f3n m\u00e1s detallada. Estas pueden incluir sus pr\u00e1cticas e instrucciones sobre c\u00f3mo desactivar ciertas opciones.<\/p>\n<p>Puede desactivar las cookies a trav\u00e9s de las opciones de su navegador. Para obtener informaci\u00f3n m\u00e1s detallada sobre la gesti\u00f3n de cookies en cada navegador, consulte los sitios web de cada uno.<\/p>\n<h2>Derechos de protecci\u00f3n de datos del RGPD<\/h2>\n<p>Queremos asegurarnos de que conozca plenamente sus derechos en materia de protecci\u00f3n de datos. Todo usuario tiene derecho a lo siguiente:<\/p>\n<p>Derecho de acceso: Tiene derecho a solicitar copias de sus datos personales. Podr\u00edamos cobrarle una peque\u00f1a tarifa por este servicio.<\/p>\n<p>Derecho de rectificaci\u00f3n: Tiene derecho a solicitar que corrijamos cualquier informaci\u00f3n que considere inexacta. Tambi\u00e9n tiene derecho a solicitar que completemos la informaci\u00f3n que considere incompleta.<\/p>\n<p>El derecho al borrado: usted tiene derecho a solicitar que borremos sus datos personales, bajo ciertas condiciones.<\/p>\n<p>El derecho a restringir el procesamiento: usted tiene derecho a solicitar que restrinjamos el procesamiento de sus datos personales, bajo ciertas condiciones.<\/p>\n<p>El derecho a oponerse al procesamiento: usted tiene derecho a oponerse a que procesemos sus datos personales, bajo ciertas condiciones.<\/p>\n<p>El derecho a la portabilidad de datos: usted tiene derecho a solicitar que transfiramos los datos que hemos recopilado a otra organizaci\u00f3n o directamente a usted, bajo ciertas condiciones.<\/p>\n<p>Si realiza una solicitud, tenemos un mes para responderle. Si desea ejercer alguno de estos derechos, p\u00f3ngase en contacto con nosotros.<\/p>\n\n\t\t<\/div>\n\t<\/div>\n<\/div><\/div><\/div><\/div><div class=\"vc_row-full-width vc_clearfix\"><\/div>\n<\/div>","protected":false},"excerpt":{"rendered":"Privacy Policy for Heation AB At Heation AB one of our main priorities is the privacy of our visitors. This Privacy Policy document contains types of information that is collected and recorded by Heation AB and how we use it. If you have additional questions or require more information about...","protected":false},"author":1,"featured_media":0,"parent":548,"menu_order":0,"comment_status":"closed","ping_status":"closed","template":"","meta":{"content-type":"","_monsterinsights_skip_tracking":false,"_monsterinsights_sitenote_active":false,"_monsterinsights_sitenote_note":"","_monsterinsights_sitenote_category":0,"footnotes":""},"categories":[],"tags":[],"class_list":["post-1231","page","type-page","status-publish","hentry"],"yoast_head":"<!-- This site is optimized with the Yoast SEO plugin v27.3 - https:\/\/yoast.com\/product\/yoast-seo-wordpress\/ -->\n<title>Privacy Policy - Heation<\/title>\n<meta name=\"robots\" content=\"index, follow, max-snippet:-1, max-image-preview:large, max-video-preview:-1\" \/>\n<link rel=\"canonical\" href=\"https:\/\/heationab.com\/es\/dolphin-filters\/privacy-policy\/\" \/>\n<meta property=\"og:locale\" content=\"es_ES\" \/>\n<meta property=\"og:type\" content=\"article\" \/>\n<meta property=\"og:title\" content=\"Privacy Policy - Heation\" \/>\n<meta property=\"og:url\" content=\"https:\/\/heationab.com\/es\/dolphin-filters\/privacy-policy\/\" \/>\n<meta property=\"og:site_name\" content=\"Heation\" \/>\n<meta property=\"article:modified_time\" content=\"2021-10-30T14:37:25+00:00\" \/>\n<meta name=\"twitter:card\" content=\"summary_large_image\" \/>\n<meta name=\"twitter:label1\" content=\"Tiempo de lectura\" \/>\n\t<meta name=\"twitter:data1\" content=\"3 minutos\" \/>\n<script type=\"application\/ld+json\" class=\"yoast-schema-graph\">{\"@context\":\"https:\\\/\\\/schema.org\",\"@graph\":[{\"@type\":\"WebPage\",\"@id\":\"https:\\\/\\\/heationab.com\\\/dolphin-filters\\\/privacy-policy\\\/\",\"url\":\"https:\\\/\\\/heationab.com\\\/dolphin-filters\\\/privacy-policy\\\/\",\"name\":\"Privacy Policy - Heation\",\"isPartOf\":{\"@id\":\"https:\\\/\\\/heationab.com\\\/#website\"},\"datePublished\":\"2021-10-30T12:28:48+00:00\",\"dateModified\":\"2021-10-30T14:37:25+00:00\",\"breadcrumb\":{\"@id\":\"https:\\\/\\\/heationab.com\\\/dolphin-filters\\\/privacy-policy\\\/#breadcrumb\"},\"inLanguage\":\"es\",\"potentialAction\":[{\"@type\":\"ReadAction\",\"target\":[\"https:\\\/\\\/heationab.com\\\/dolphin-filters\\\/privacy-policy\\\/\"]}]},{\"@type\":\"BreadcrumbList\",\"@id\":\"https:\\\/\\\/heationab.com\\\/dolphin-filters\\\/privacy-policy\\\/#breadcrumb\",\"itemListElement\":[{\"@type\":\"ListItem\",\"position\":1,\"name\":\"Home\",\"item\":\"https:\\\/\\\/heationab.com\\\/\"},{\"@type\":\"ListItem\",\"position\":2,\"name\":\"About us\",\"item\":\"https:\\\/\\\/heationab.com\\\/dolphin-filters\\\/\"},{\"@type\":\"ListItem\",\"position\":3,\"name\":\"Privacy Policy\"}]},{\"@type\":\"WebSite\",\"@id\":\"https:\\\/\\\/heationab.com\\\/#website\",\"url\":\"https:\\\/\\\/heationab.com\\\/\",\"name\":\"Heation\",\"description\":\"We create your solution\",\"publisher\":{\"@id\":\"https:\\\/\\\/heationab.com\\\/#organization\"},\"potentialAction\":[{\"@type\":\"SearchAction\",\"target\":{\"@type\":\"EntryPoint\",\"urlTemplate\":\"https:\\\/\\\/heationab.com\\\/?s={search_term_string}\"},\"query-input\":{\"@type\":\"PropertyValueSpecification\",\"valueRequired\":true,\"valueName\":\"search_term_string\"}}],\"inLanguage\":\"es\"},{\"@type\":\"Organization\",\"@id\":\"https:\\\/\\\/heationab.com\\\/#organization\",\"name\":\"Heation AB\",\"url\":\"https:\\\/\\\/heationab.com\\\/\",\"logo\":{\"@type\":\"ImageObject\",\"inLanguage\":\"es\",\"@id\":\"https:\\\/\\\/heationab.com\\\/#\\\/schema\\\/logo\\\/image\\\/\",\"url\":\"https:\\\/\\\/i0.wp.com\\\/heationab.com\\\/wp-content\\\/uploads\\\/logo-heation_vector-4A768E-blue-greyish.jpg?fit=842%2C596&ssl=1\",\"contentUrl\":\"https:\\\/\\\/i0.wp.com\\\/heationab.com\\\/wp-content\\\/uploads\\\/logo-heation_vector-4A768E-blue-greyish.jpg?fit=842%2C596&ssl=1\",\"width\":842,\"height\":596,\"caption\":\"Heation AB\"},\"image\":{\"@id\":\"https:\\\/\\\/heationab.com\\\/#\\\/schema\\\/logo\\\/image\\\/\"}}]}<\/script>\n<!-- \/ Yoast SEO plugin. -->","yoast_head_json":{"title":"Privacy Policy - Heation","robots":{"index":"index","follow":"follow","max-snippet":"max-snippet:-1","max-image-preview":"max-image-preview:large","max-video-preview":"max-video-preview:-1"},"canonical":"https:\/\/heationab.com\/es\/dolphin-filters\/privacy-policy\/","og_locale":"es_ES","og_type":"article","og_title":"Privacy Policy - Heation","og_url":"https:\/\/heationab.com\/es\/dolphin-filters\/privacy-policy\/","og_site_name":"Heation","article_modified_time":"2021-10-30T14:37:25+00:00","twitter_card":"summary_large_image","twitter_misc":{"Tiempo de lectura":"3 minutos"},"schema":{"@context":"https:\/\/schema.org","@graph":[{"@type":"WebPage","@id":"https:\/\/heationab.com\/dolphin-filters\/privacy-policy\/","url":"https:\/\/heationab.com\/dolphin-filters\/privacy-policy\/","name":"Privacy Policy - Heation","isPartOf":{"@id":"https:\/\/heationab.com\/#website"},"datePublished":"2021-10-30T12:28:48+00:00","dateModified":"2021-10-30T14:37:25+00:00","breadcrumb":{"@id":"https:\/\/heationab.com\/dolphin-filters\/privacy-policy\/#breadcrumb"},"inLanguage":"es","potentialAction":[{"@type":"ReadAction","target":["https:\/\/heationab.com\/dolphin-filters\/privacy-policy\/"]}]},{"@type":"BreadcrumbList","@id":"https:\/\/heationab.com\/dolphin-filters\/privacy-policy\/#breadcrumb","itemListElement":[{"@type":"ListItem","position":1,"name":"Home","item":"https:\/\/heationab.com\/"},{"@type":"ListItem","position":2,"name":"About us","item":"https:\/\/heationab.com\/dolphin-filters\/"},{"@type":"ListItem","position":3,"name":"Privacy Policy"}]},{"@type":"WebSite","@id":"https:\/\/heationab.com\/#website","url":"https:\/\/heationab.com\/","name":"Heation","description":"We create your solution","publisher":{"@id":"https:\/\/heationab.com\/#organization"},"potentialAction":[{"@type":"SearchAction","target":{"@type":"EntryPoint","urlTemplate":"https:\/\/heationab.com\/?s={search_term_string}"},"query-input":{"@type":"PropertyValueSpecification","valueRequired":true,"valueName":"search_term_string"}}],"inLanguage":"es"},{"@type":"Organization","@id":"https:\/\/heationab.com\/#organization","name":"Heation AB","url":"https:\/\/heationab.com\/","logo":{"@type":"ImageObject","inLanguage":"es","@id":"https:\/\/heationab.com\/#\/schema\/logo\/image\/","url":"https:\/\/i0.wp.com\/heationab.com\/wp-content\/uploads\/logo-heation_vector-4A768E-blue-greyish.jpg?fit=842%2C596&ssl=1","contentUrl":"https:\/\/i0.wp.com\/heationab.com\/wp-content\/uploads\/logo-heation_vector-4A768E-blue-greyish.jpg?fit=842%2C596&ssl=1","width":842,"height":596,"caption":"Heation AB"},"image":{"@id":"https:\/\/heationab.com\/#\/schema\/logo\/image\/"}}]}},"jetpack_sharing_enabled":true,"_links":{"self":[{"href":"https:\/\/heationab.com\/es\/wp-json\/wp\/v2\/pages\/1231","targetHints":{"allow":["GET"]}}],"collection":[{"href":"https:\/\/heationab.com\/es\/wp-json\/wp\/v2\/pages"}],"about":[{"href":"https:\/\/heationab.com\/es\/wp-json\/wp\/v2\/types\/page"}],"author":[{"embeddable":true,"href":"https:\/\/heationab.com\/es\/wp-json\/wp\/v2\/users\/1"}],"replies":[{"embeddable":true,"href":"https:\/\/heationab.com\/es\/wp-json\/wp\/v2\/comments?post=1231"}],"version-history":[{"count":4,"href":"https:\/\/heationab.com\/es\/wp-json\/wp\/v2\/pages\/1231\/revisions"}],"predecessor-version":[{"id":1237,"href":"https:\/\/heationab.com\/es\/wp-json\/wp\/v2\/pages\/1231\/revisions\/1237"}],"up":[{"embeddable":true,"href":"https:\/\/heationab.com\/es\/wp-json\/wp\/v2\/pages\/548"}],"wp:attachment":[{"href":"https:\/\/heationab.com\/es\/wp-json\/wp\/v2\/media?parent=1231"}],"wp:term":[{"taxonomy":"category","embeddable":true,"href":"https:\/\/heationab.com\/es\/wp-json\/wp\/v2\/categories?post=1231"},{"taxonomy":"post_tag","embeddable":true,"href":"https:\/\/heationab.com\/es\/wp-json\/wp\/v2\/tags?post=1231"}],"curies":[{"name":"wp","href":"https:\/\/api.w.org\/{rel}","templated":true}]}}