{"id":1799,"date":"2024-07-25T23:34:41","date_gmt":"2024-07-25T23:34:41","guid":{"rendered":"https:\/\/heationab.com\/?page_id=1799"},"modified":"2026-03-12T15:49:19","modified_gmt":"2026-03-12T15:49:19","slug":"water-treatment-pools","status":"publish","type":"page","link":"https:\/\/heationab.com\/de\/water-treatment-pools\/","title":{"rendered":"Schwimmb\u00e4der und Spas"},"content":{"rendered":"<div class=\"wpb-content-wrapper\"><div class=\"vc_row wpb_row vc_row-fluid vc_row-o-content-middle vc_row-flex\"><div class=\"wpb_column vc_column_container vc_col-sm-6\"><div class=\"vc_column-inner\"><div class=\"wpb_wrapper\">\n\t<div class=\"wpb_text_column wpb_content_element\" >\n\t\t<div class=\"wpb_wrapper\">\n\t\t\t<h2><span style=\"font-weight: 400;\">Traditionelle L\u00f6sungen<\/span><\/h2>\n<p>Traditionelle Wasseraufbereitungssysteme f\u00fcr Schwimmb\u00e4der und Spas beinhalten typischerweise eine Kombination aus Filtration, Chlorierung, chemischen Zus\u00e4tzen und ultravioletter (UV) Desinfektion. Filtration entfernt gro\u00dfe Partikel und Ablagerungen, w\u00e4hrend Chlorierung Bakterien und Algen abt\u00f6tet. Zus\u00e4tzliche Chemikalien wie pH-Stabilisatoren und Algizide werden zur Aufrechterhaltung der Wasserqualit\u00e4t verwendet. UV-Desinfektion hilft zus\u00e4tzlich, indem sie Mikroorganismen inaktiviert. Diese Methoden haben jedoch Nachteile: Filtration kann nicht alle Verunreinigungen entfernen, Chlor kann Haut- und Augenreizungen verursachen und hat einen unangenehmen Geruch, \u00fcberm\u00e4\u00dfiger Chemikalieneinsatz kann zu Wasserungleichgewicht und Umweltsch\u00e4den f\u00fchren, und UV-Systeme erfordern regelm\u00e4\u00dfige Wartung und bieten keine Restdesinfektion.<\/p>\n\n\t\t<\/div>\n\t<\/div>\n<\/div><\/div><\/div><div class=\"wpb_column vc_column_container vc_col-sm-6\"><div class=\"vc_column-inner\"><div class=\"wpb_wrapper\">\n\t<div  class=\"wpb_single_image wpb_content_element vc_align_left wpb_content_element\">\n\t\t\n\t\t<figure class=\"wpb_wrapper vc_figure\">\n\t\t\t<a href=\"https:\/\/heationab.com\/de\/industrial-water-filters-in-stainless-steel\/stainless-steel-inline-basket-filter\/\" target=\"_self\" class=\"vc_single_image-wrapper   vc_box_border_grey\"><img decoding=\"async\" width=\"790\" height=\"776\" data-src=\"https:\/\/i0.wp.com\/heationab.com\/wp-content\/uploads\/swimming-pool.jpg?fit=790%2C776&amp;ssl=1\" class=\"vc_single_image-img attachment-large lazyload\" alt=\"\" title=\"swimming pool\" data-srcset=\"https:\/\/i0.wp.com\/heationab.com\/wp-content\/uploads\/swimming-pool.jpg?w=1042&amp;ssl=1 1042w, https:\/\/i0.wp.com\/heationab.com\/wp-content\/uploads\/swimming-pool.jpg?resize=300%2C295&amp;ssl=1 300w, https:\/\/i0.wp.com\/heationab.com\/wp-content\/uploads\/swimming-pool.jpg?resize=1024%2C1006&amp;ssl=1 1024w, https:\/\/i0.wp.com\/heationab.com\/wp-content\/uploads\/swimming-pool.jpg?resize=150%2C147&amp;ssl=1 150w, https:\/\/i0.wp.com\/heationab.com\/wp-content\/uploads\/swimming-pool.jpg?resize=768%2C755&amp;ssl=1 768w, https:\/\/i0.wp.com\/heationab.com\/wp-content\/uploads\/swimming-pool.jpg?resize=12%2C12&amp;ssl=1 12w\" data-sizes=\"(max-width: 790px) 100vw, 790px\" src=\"data:image\/svg+xml;base64,PHN2ZyB3aWR0aD0iMSIgaGVpZ2h0PSIxIiB4bWxucz0iaHR0cDovL3d3dy53My5vcmcvMjAwMC9zdmciPjwvc3ZnPg==\" style=\"--smush-placeholder-width: 790px; --smush-placeholder-aspect-ratio: 790\/776;\" \/><\/a>\n\t\t<\/figure>\n\t<\/div>\n<\/div><\/div><\/div><\/div><div class=\"vc_row wpb_row vc_row-fluid vc_row-o-content-middle vc_row-flex\"><div class=\"wpb_column vc_column_container vc_col-sm-6\"><div class=\"vc_column-inner\"><div class=\"wpb_wrapper\">\n\t<div  class=\"wpb_single_image wpb_content_element vc_align_left wpb_content_element\">\n\t\t\n\t\t<figure class=\"wpb_wrapper vc_figure\">\n\t\t\t<a href=\"https:\/\/heationab.com\/de\/industrial-water-filters-in-stainless-steel\/stainless-steel-inline-basket-filter\/\" target=\"_self\" class=\"vc_single_image-wrapper   vc_box_border_grey\"><img decoding=\"async\" width=\"707\" height=\"1024\" data-src=\"https:\/\/i0.wp.com\/heationab.com\/wp-content\/uploads\/swimming-pool-spa.jpg?fit=707%2C1024&amp;ssl=1\" class=\"vc_single_image-img attachment-large lazyload\" alt=\"\" title=\"swimming pool spa\" data-srcset=\"https:\/\/i0.wp.com\/heationab.com\/wp-content\/uploads\/swimming-pool-spa.jpg?w=707&amp;ssl=1 707w, https:\/\/i0.wp.com\/heationab.com\/wp-content\/uploads\/swimming-pool-spa.jpg?resize=207%2C300&amp;ssl=1 207w, https:\/\/i0.wp.com\/heationab.com\/wp-content\/uploads\/swimming-pool-spa.jpg?resize=104%2C150&amp;ssl=1 104w, https:\/\/i0.wp.com\/heationab.com\/wp-content\/uploads\/swimming-pool-spa.jpg?resize=8%2C12&amp;ssl=1 8w\" data-sizes=\"(max-width: 707px) 100vw, 707px\" src=\"data:image\/svg+xml;base64,PHN2ZyB3aWR0aD0iMSIgaGVpZ2h0PSIxIiB4bWxucz0iaHR0cDovL3d3dy53My5vcmcvMjAwMC9zdmciPjwvc3ZnPg==\" style=\"--smush-placeholder-width: 707px; --smush-placeholder-aspect-ratio: 707\/1024;\" \/><\/a>\n\t\t<\/figure>\n\t<\/div>\n<\/div><\/div><\/div><div class=\"wpb_column vc_column_container vc_col-sm-6\"><div class=\"vc_column-inner\"><div class=\"wpb_wrapper\">\n\t<div class=\"wpb_text_column wpb_content_element\" >\n\t\t<div class=\"wpb_wrapper\">\n\t\t\t<h2><span style=\"font-weight: 400;\">Unsere L\u00f6sung<\/span><\/h2>\n<p>Unser fortschrittliches Wasseraufbereitungssystem \u00fcberwacht kontinuierlich Wasserparameter und vergleicht sie mit den erforderlichen Grenzwerten. Dieses pr\u00e4ventive System verwendet Datenanalyse, um die optimale Kombination fortschrittlicher Techniken anzuwenden, einschlie\u00dflich:<\/p>\n<ol>\n<li><strong>Elektroporation<\/strong>: Dies beinhaltet das Anlegen eines spezifischen Elektrodenpotentials, um das elektroosmotische Gleichgewicht biologischer Zellen zu ver\u00e4ndern, was zur Inaktivierung und zum Tod von Mikroorganismen f\u00fchrt.<\/li>\n<li><strong>Erweiterte Oxidation<\/strong>: Verwendung von starken Oxidationsmitteln, um organische Verunreinigungen abzubauen und das Wasser zu desinfizieren.<\/li>\n<li><strong>Anodische Oxidation<\/strong>: Erzeugung starker Oxidationsmittel direkt an der Anode, wodurch der Desinfektionsprozess verbessert wird.<\/li>\n<li><strong>Oxidantenerzeugung<\/strong>: Produzieren oxidierende Mittel, die Krankheitserreger und organische Schadstoffe effektiv beseitigen.<\/li>\n<\/ol>\n\n\t\t<\/div>\n\t<\/div>\n<\/div><\/div><\/div><\/div><div class=\"vc_row wpb_row vc_row-fluid\"><div class=\"wpb_column vc_column_container vc_col-sm-12\"><div class=\"vc_column-inner\"><div class=\"wpb_wrapper\">\n\t<div class=\"wpb_text_column wpb_content_element\" >\n\t\t<div class=\"wpb_wrapper\">\n\t\t\t<h2>Sind Sie ein Anlagenbesitzer oder Manager?<\/h2>\n<p>Unser fortschrittliches Wasseraufbereitungssystem bietet zahlreiche Vorteile:<\/p>\n<ul>\n<li><strong>Chemiefreie Behandlung<\/strong>: Eliminiert die Notwendigkeit, Chemikalien zu handhaben, zu verwalten und zu lagern, und sorgt so f\u00fcr eine sicherere und umweltfreundlichere L\u00f6sung.<\/li>\n<li><strong>Wasser- und Energieeinsparungen<\/strong>: Reduziert den Wasserverbrauch und die f\u00fcr die Heizung ben\u00f6tigte Energie um 75-95%, f\u00f6rdert Nachhaltigkeit und Kosteneffizienz.<\/li>\n<li><strong>Arbeitsreduzierung<\/strong>: Reduziert die Arbeitszeit f\u00fcr die Poolwartung um 50%, was eine effizientere und weniger zeitaufwendige Pflege erm\u00f6glicht.<\/li>\n<li><strong>Verbesserte Wasserqualit\u00e4t<\/strong>: Entfernt effektiv Fett von der Wasserlinie und reduziert die Tr\u00fcbung um 50-70%, was zu saubererem und klarerem Wasser f\u00fchrt.<\/li>\n<li><strong>Verbesserte Sanit\u00e4rversorgung und Sicherheit<\/strong>: Bietet st\u00e4ndige Qualit\u00e4tskontrolle und automatisierte Reaktionen, um \u00fcberlegene Hygiene und Sicherheit zu gew\u00e4hrleisten.<\/li>\n<li><strong>Fernbedienung<\/strong>: Vollst\u00e4ndig betriebsf\u00e4hig im Fernmodus, was eine bequeme \u00dcberwachung und Verwaltung von jedem Standort aus erm\u00f6glicht.<\/li>\n<\/ul>\n<h3>Was ist mit dem Benutzererlebnis?<\/h3>\n<ul>\n<li><strong>Kristallklares Wasser<\/strong>: Genie\u00dfen Sie ein angenehmes Schwimmerlebnis in Wasser, das au\u00dfergew\u00f6hnlich klar und sauber ist.<\/li>\n<li><strong>Optimale Sanit\u00e4rversorgung<\/strong>: Profitieren Sie von durchgehend hoher Sauberkeit und hygienischen Bedingungen ohne den Einsatz von aggressiven Chemikalien.<\/li>\n<li><strong>Kein chemischer Geruch oder Geschmack<\/strong>: Schwimmen Sie in Wasser, das frei von unangenehmen chemischen Ger\u00fcchen und Geschm\u00e4cken ist.<\/li>\n<li><strong>Sanft zur Haut und zu den Augen<\/strong>: Keine Reizung, Trockenheit oder Unbehagen an der Haut oder den Schleimh\u00e4uten.<\/li>\n<li><strong>Keine Salzr\u00fcckst\u00e4nde<\/strong>: Vermeiden Sie Salzablagerungen auf der Haut, Kleidung und Haaren, um ein komfortableres und angenehmeres Schwimmen zu gew\u00e4hrleisten.<\/li>\n<\/ul>\n\n\t\t<\/div>\n\t<\/div>\n\n\t<div class=\"wpb_text_column wpb_content_element\" >\n\t\t<div class=\"wpb_wrapper\">\n\t\t\t<h2 style=\"text-align: center;\"><span style=\"font-weight: 400;\">M\u00f6chten Sie mehr wissen?<\/span><\/h2>\n\n\t\t<\/div>\n\t<\/div>\n<div class=\"vc_btn3-container vc_btn3-center vc_do_btn\" ><a class=\"vc_general vc_btn3 vc_btn3-size-lg vc_btn3-shape-round vc_btn3-style-3d vc_btn3-color-primary\" href=\"https:\/\/share.hsforms.com\/1FJuHNPdcQdqlogXp7RxFYA3j7az\" title=\"fordern Sie ein Angebot an\" target=\"_blank\">KONKTAKTIEREN SIE UNS !<\/a><\/div><\/div><\/div><\/div><\/div><div data-vc-full-width=\"true\" data-vc-full-width-init=\"false\" data-vc-stretch-content=\"true\" class=\"vc_row wpb_row vc_row-fluid\"><div class=\"wpb_column vc_column_container vc_col-sm-12\"><div class=\"vc_column-inner\"><div class=\"wpb_wrapper\">\n\t<div  class=\"wpb_single_image wpb_content_element vc_align_center wpb_content_element\">\n\t\t\n\t\t<figure class=\"wpb_wrapper vc_figure\">\n\t\t\t<a href=\"https:\/\/heationab.com\/de\/industrial-water-filters-in-stainless-steel\/stainless-steel-inline-basket-filter\/\" target=\"_self\" class=\"vc_single_image-wrapper   vc_box_border_grey\"><img decoding=\"async\" width=\"790\" height=\"449\" data-src=\"https:\/\/i0.wp.com\/heationab.com\/wp-content\/uploads\/water-treatment-system_005-min.png?fit=790%2C449&amp;ssl=1\" class=\"vc_single_image-img attachment-large lazyload\" alt=\"\" title=\"water treatment system_005-min\" data-srcset=\"https:\/\/i0.wp.com\/heationab.com\/wp-content\/uploads\/water-treatment-system_005-min.png?w=2006&amp;ssl=1 2006w, https:\/\/i0.wp.com\/heationab.com\/wp-content\/uploads\/water-treatment-system_005-min.png?resize=300%2C170&amp;ssl=1 300w, https:\/\/i0.wp.com\/heationab.com\/wp-content\/uploads\/water-treatment-system_005-min.png?resize=1024%2C582&amp;ssl=1 1024w, https:\/\/i0.wp.com\/heationab.com\/wp-content\/uploads\/water-treatment-system_005-min.png?resize=150%2C85&amp;ssl=1 150w, https:\/\/i0.wp.com\/heationab.com\/wp-content\/uploads\/water-treatment-system_005-min.png?resize=768%2C436&amp;ssl=1 768w, https:\/\/i0.wp.com\/heationab.com\/wp-content\/uploads\/water-treatment-system_005-min.png?resize=1536%2C873&amp;ssl=1 1536w, https:\/\/i0.wp.com\/heationab.com\/wp-content\/uploads\/water-treatment-system_005-min.png?resize=18%2C10&amp;ssl=1 18w, https:\/\/i0.wp.com\/heationab.com\/wp-content\/uploads\/water-treatment-system_005-min.png?resize=350%2C200&amp;ssl=1 350w\" data-sizes=\"(max-width: 790px) 100vw, 790px\" src=\"data:image\/svg+xml;base64,PHN2ZyB3aWR0aD0iMSIgaGVpZ2h0PSIxIiB4bWxucz0iaHR0cDovL3d3dy53My5vcmcvMjAwMC9zdmciPjwvc3ZnPg==\" style=\"--smush-placeholder-width: 790px; --smush-placeholder-aspect-ratio: 790\/449;\" \/><\/a>\n\t\t<\/figure>\n\t<\/div>\n<\/div><\/div><\/div><\/div><div class=\"vc_row-full-width vc_clearfix\"><\/div>\n<\/div>","protected":false},"excerpt":{"rendered":"Traditional Solutions Traditional water treatment systems for pools and spas typically involve a combination of filtration, chlorination, chemical additives, and ultraviolet (UV) disinfection. Filtration removes large particles and debris, while chlorination kills bacteria and algae. Additional chemicals, such as pH balancers and algaecides, are used to maintain water quality. UV...","protected":false},"author":1,"featured_media":0,"parent":0,"menu_order":0,"comment_status":"closed","ping_status":"closed","template":"templates\/full-width-page.php","meta":{"content-type":"","_monsterinsights_skip_tracking":false,"_monsterinsights_sitenote_active":false,"_monsterinsights_sitenote_note":"","_monsterinsights_sitenote_category":0,"footnotes":""},"categories":[],"tags":[],"class_list":["post-1799","page","type-page","status-publish","hentry"],"yoast_head":"<!-- This site is optimized with the Yoast SEO plugin v27.3 - https:\/\/yoast.com\/product\/yoast-seo-wordpress\/ -->\n<title>Swimming Pools &amp; Spas - Heation<\/title>\n<meta name=\"robots\" content=\"index, follow, max-snippet:-1, max-image-preview:large, max-video-preview:-1\" \/>\n<link rel=\"canonical\" href=\"https:\/\/heationab.com\/de\/water-treatment-pools\/\" \/>\n<meta property=\"og:locale\" content=\"de_DE\" \/>\n<meta property=\"og:type\" content=\"article\" \/>\n<meta property=\"og:title\" content=\"Swimming Pools &amp; Spas - Heation\" \/>\n<meta property=\"og:url\" content=\"https:\/\/heationab.com\/de\/water-treatment-pools\/\" \/>\n<meta property=\"og:site_name\" content=\"Heation\" \/>\n<meta property=\"article:modified_time\" content=\"2026-03-12T15:49:19+00:00\" \/>\n<meta name=\"twitter:card\" content=\"summary_large_image\" \/>\n<meta name=\"twitter:label1\" content=\"Gesch\u00e4tzte Lesezeit\" \/>\n\t<meta name=\"twitter:data1\" content=\"2\u00a0Minuten\" \/>\n<script type=\"application\/ld+json\" class=\"yoast-schema-graph\">{\"@context\":\"https:\\\/\\\/schema.org\",\"@graph\":[{\"@type\":\"WebPage\",\"@id\":\"https:\\\/\\\/heationab.com\\\/water-treatment-pools\\\/\",\"url\":\"https:\\\/\\\/heationab.com\\\/water-treatment-pools\\\/\",\"name\":\"Swimming Pools & Spas - Heation\",\"isPartOf\":{\"@id\":\"https:\\\/\\\/heationab.com\\\/#website\"},\"datePublished\":\"2024-07-25T23:34:41+00:00\",\"dateModified\":\"2026-03-12T15:49:19+00:00\",\"breadcrumb\":{\"@id\":\"https:\\\/\\\/heationab.com\\\/water-treatment-pools\\\/#breadcrumb\"},\"inLanguage\":\"de\",\"potentialAction\":[{\"@type\":\"ReadAction\",\"target\":[\"https:\\\/\\\/heationab.com\\\/water-treatment-pools\\\/\"]}]},{\"@type\":\"BreadcrumbList\",\"@id\":\"https:\\\/\\\/heationab.com\\\/water-treatment-pools\\\/#breadcrumb\",\"itemListElement\":[{\"@type\":\"ListItem\",\"position\":1,\"name\":\"Home\",\"item\":\"https:\\\/\\\/heationab.com\\\/\"},{\"@type\":\"ListItem\",\"position\":2,\"name\":\"Swimming Pools &#038; Spas\"}]},{\"@type\":\"WebSite\",\"@id\":\"https:\\\/\\\/heationab.com\\\/#website\",\"url\":\"https:\\\/\\\/heationab.com\\\/\",\"name\":\"Heation\",\"description\":\"We create your solution\",\"publisher\":{\"@id\":\"https:\\\/\\\/heationab.com\\\/#organization\"},\"potentialAction\":[{\"@type\":\"SearchAction\",\"target\":{\"@type\":\"EntryPoint\",\"urlTemplate\":\"https:\\\/\\\/heationab.com\\\/?s={search_term_string}\"},\"query-input\":{\"@type\":\"PropertyValueSpecification\",\"valueRequired\":true,\"valueName\":\"search_term_string\"}}],\"inLanguage\":\"de\"},{\"@type\":\"Organization\",\"@id\":\"https:\\\/\\\/heationab.com\\\/#organization\",\"name\":\"Heation AB\",\"url\":\"https:\\\/\\\/heationab.com\\\/\",\"logo\":{\"@type\":\"ImageObject\",\"inLanguage\":\"de\",\"@id\":\"https:\\\/\\\/heationab.com\\\/#\\\/schema\\\/logo\\\/image\\\/\",\"url\":\"https:\\\/\\\/i0.wp.com\\\/heationab.com\\\/wp-content\\\/uploads\\\/logo-heation_vector-4A768E-blue-greyish.jpg?fit=842%2C596&ssl=1\",\"contentUrl\":\"https:\\\/\\\/i0.wp.com\\\/heationab.com\\\/wp-content\\\/uploads\\\/logo-heation_vector-4A768E-blue-greyish.jpg?fit=842%2C596&ssl=1\",\"width\":842,\"height\":596,\"caption\":\"Heation AB\"},\"image\":{\"@id\":\"https:\\\/\\\/heationab.com\\\/#\\\/schema\\\/logo\\\/image\\\/\"}}]}<\/script>\n<!-- \/ Yoast SEO plugin. -->","yoast_head_json":{"title":"Swimming Pools & Spas - Heation","robots":{"index":"index","follow":"follow","max-snippet":"max-snippet:-1","max-image-preview":"max-image-preview:large","max-video-preview":"max-video-preview:-1"},"canonical":"https:\/\/heationab.com\/de\/water-treatment-pools\/","og_locale":"de_DE","og_type":"article","og_title":"Swimming Pools & Spas - Heation","og_url":"https:\/\/heationab.com\/de\/water-treatment-pools\/","og_site_name":"Heation","article_modified_time":"2026-03-12T15:49:19+00:00","twitter_card":"summary_large_image","twitter_misc":{"Gesch\u00e4tzte Lesezeit":"2\u00a0Minuten"},"schema":{"@context":"https:\/\/schema.org","@graph":[{"@type":"WebPage","@id":"https:\/\/heationab.com\/water-treatment-pools\/","url":"https:\/\/heationab.com\/water-treatment-pools\/","name":"Swimming Pools & Spas - Heation","isPartOf":{"@id":"https:\/\/heationab.com\/#website"},"datePublished":"2024-07-25T23:34:41+00:00","dateModified":"2026-03-12T15:49:19+00:00","breadcrumb":{"@id":"https:\/\/heationab.com\/water-treatment-pools\/#breadcrumb"},"inLanguage":"de","potentialAction":[{"@type":"ReadAction","target":["https:\/\/heationab.com\/water-treatment-pools\/"]}]},{"@type":"BreadcrumbList","@id":"https:\/\/heationab.com\/water-treatment-pools\/#breadcrumb","itemListElement":[{"@type":"ListItem","position":1,"name":"Home","item":"https:\/\/heationab.com\/"},{"@type":"ListItem","position":2,"name":"Swimming Pools &#038; Spas"}]},{"@type":"WebSite","@id":"https:\/\/heationab.com\/#website","url":"https:\/\/heationab.com\/","name":"Heation","description":"We create your solution","publisher":{"@id":"https:\/\/heationab.com\/#organization"},"potentialAction":[{"@type":"SearchAction","target":{"@type":"EntryPoint","urlTemplate":"https:\/\/heationab.com\/?s={search_term_string}"},"query-input":{"@type":"PropertyValueSpecification","valueRequired":true,"valueName":"search_term_string"}}],"inLanguage":"de"},{"@type":"Organization","@id":"https:\/\/heationab.com\/#organization","name":"Heation AB","url":"https:\/\/heationab.com\/","logo":{"@type":"ImageObject","inLanguage":"de","@id":"https:\/\/heationab.com\/#\/schema\/logo\/image\/","url":"https:\/\/i0.wp.com\/heationab.com\/wp-content\/uploads\/logo-heation_vector-4A768E-blue-greyish.jpg?fit=842%2C596&ssl=1","contentUrl":"https:\/\/i0.wp.com\/heationab.com\/wp-content\/uploads\/logo-heation_vector-4A768E-blue-greyish.jpg?fit=842%2C596&ssl=1","width":842,"height":596,"caption":"Heation AB"},"image":{"@id":"https:\/\/heationab.com\/#\/schema\/logo\/image\/"}}]}},"jetpack_sharing_enabled":true,"_links":{"self":[{"href":"https:\/\/heationab.com\/de\/wp-json\/wp\/v2\/pages\/1799","targetHints":{"allow":["GET"]}}],"collection":[{"href":"https:\/\/heationab.com\/de\/wp-json\/wp\/v2\/pages"}],"about":[{"href":"https:\/\/heationab.com\/de\/wp-json\/wp\/v2\/types\/page"}],"author":[{"embeddable":true,"href":"https:\/\/heationab.com\/de\/wp-json\/wp\/v2\/users\/1"}],"replies":[{"embeddable":true,"href":"https:\/\/heationab.com\/de\/wp-json\/wp\/v2\/comments?post=1799"}],"version-history":[{"count":6,"href":"https:\/\/heationab.com\/de\/wp-json\/wp\/v2\/pages\/1799\/revisions"}],"predecessor-version":[{"id":2327,"href":"https:\/\/heationab.com\/de\/wp-json\/wp\/v2\/pages\/1799\/revisions\/2327"}],"wp:attachment":[{"href":"https:\/\/heationab.com\/de\/wp-json\/wp\/v2\/media?parent=1799"}],"wp:term":[{"taxonomy":"category","embeddable":true,"href":"https:\/\/heationab.com\/de\/wp-json\/wp\/v2\/categories?post=1799"},{"taxonomy":"post_tag","embeddable":true,"href":"https:\/\/heationab.com\/de\/wp-json\/wp\/v2\/tags?post=1799"}],"curies":[{"name":"wp","href":"https:\/\/api.w.org\/{rel}","templated":true}]}}