{"id":1689,"date":"2022-12-30T09:26:20","date_gmt":"2022-12-30T09:26:20","guid":{"rendered":"https:\/\/heationab.com\/?page_id=1689"},"modified":"2025-10-08T09:44:55","modified_gmt":"2025-10-08T09:44:55","slug":"reverse-osmosis-protection-filter","status":"publish","type":"page","link":"https:\/\/heationab.com\/de\/industrial-water-filters-application\/reverse-osmosis-protection-filter\/","title":{"rendered":"Umkehrosmose-Schutzfilter"},"content":{"rendered":"<div class=\"wpb-content-wrapper\"><div class=\"vc_row wpb_row vc_row-fluid vc_row-o-content-middle vc_row-flex\"><div class=\"wpb_column vc_column_container vc_col-sm-12\"><div class=\"vc_column-inner\"><div class=\"wpb_wrapper\">\n\t<div class=\"wpb_text_column wpb_content_element\" >\n\t\t<div class=\"wpb_wrapper\">\n\t\t\t<h1 style=\"text-align: center;\"><span style=\"font-weight: 400;\">Schutz f\u00fcr Umkehrosmoseanlagen<\/span><\/h1>\n\n\t\t<\/div>\n\t<\/div>\n<\/div><\/div><\/div><\/div><div class=\"vc_row wpb_row vc_row-fluid vc_row-o-content-middle vc_row-flex\"><div class=\"wpb_column vc_column_container vc_col-sm-8\"><div class=\"vc_column-inner\"><div class=\"wpb_wrapper\">\n\t<div class=\"wpb_text_column wpb_content_element\" >\n\t\t<div class=\"wpb_wrapper\">\n\t\t\t<p>Umkehrosmose (RO)-Systeme werden in vielen Industrien weit verbreitet verwendet, um die Wasserqualit\u00e4t zu verbessern.<\/p>\n<p>Sie werden f\u00fcr die Entsalzung von Meerwasser sowie f\u00fcr die Reinigung von Wasser verwendet, das in vielen Branchen wie der Lebensmittel-, Pharma- und Abwasserreinigung verwendet wird, um nur einige zu nennen.<\/p>\n<p>Es ist wichtig, dass diese Anlagen so effizient wie m\u00f6glich arbeiten, um den Wasser- und Energieverbrauch zu optimieren. Ein Problem ist die Verschlechterung der Membran und daher ist es wichtig, vor der RO-Anlage ein angemessenes Vorfiltrationssystem zu installieren.<\/p>\n\n\t\t<\/div>\n\t<\/div>\n<\/div><\/div><\/div><div class=\"wpb_column vc_column_container vc_col-sm-4\"><div class=\"vc_column-inner\"><div class=\"wpb_wrapper\">\n\t<div  class=\"wpb_single_image wpb_content_element vc_align_left wpb_content_element\">\n\t\t\n\t\t<figure class=\"wpb_wrapper vc_figure\">\n\t\t\t<a href=\"https:\/\/heationab.com\/de\/industrial-water-filters-in-stainless-steel\/bag-filter-housing\/\" target=\"_self\" class=\"vc_single_image-wrapper   vc_box_border_grey\"><img decoding=\"async\" width=\"1920\" height=\"2560\" data-src=\"https:\/\/i0.wp.com\/heationab.com\/wp-content\/uploads\/IMG_20220502_141459-scaled.jpg?fit=1920%2C2560&amp;ssl=1\" class=\"vc_single_image-img attachment-full lazyload\" alt=\"prime-phin 16 bar\" title=\"prime-phin 16 bar\" data-srcset=\"https:\/\/i0.wp.com\/heationab.com\/wp-content\/uploads\/IMG_20220502_141459-scaled.jpg?w=1920&amp;ssl=1 1920w, https:\/\/i0.wp.com\/heationab.com\/wp-content\/uploads\/IMG_20220502_141459-scaled.jpg?resize=225%2C300&amp;ssl=1 225w, https:\/\/i0.wp.com\/heationab.com\/wp-content\/uploads\/IMG_20220502_141459-scaled.jpg?resize=768%2C1024&amp;ssl=1 768w, https:\/\/i0.wp.com\/heationab.com\/wp-content\/uploads\/IMG_20220502_141459-scaled.jpg?resize=113%2C150&amp;ssl=1 113w, https:\/\/i0.wp.com\/heationab.com\/wp-content\/uploads\/IMG_20220502_141459-scaled.jpg?resize=1152%2C1536&amp;ssl=1 1152w, https:\/\/i0.wp.com\/heationab.com\/wp-content\/uploads\/IMG_20220502_141459-scaled.jpg?w=1580&amp;ssl=1 1580w\" data-sizes=\"(max-width: 790px) 100vw, 790px\" src=\"data:image\/svg+xml;base64,PHN2ZyB3aWR0aD0iMSIgaGVpZ2h0PSIxIiB4bWxucz0iaHR0cDovL3d3dy53My5vcmcvMjAwMC9zdmciPjwvc3ZnPg==\" style=\"--smush-placeholder-width: 1920px; --smush-placeholder-aspect-ratio: 1920\/2560;\" \/><\/a>\n\t\t<\/figure>\n\t<\/div>\n<\/div><\/div><\/div><\/div><div data-vc-full-width=\"true\" data-vc-full-width-init=\"false\" class=\"vc_row wpb_row vc_row-fluid\"><div class=\"wpb_column vc_column_container vc_col-sm-6\"><div class=\"vc_column-inner\"><div class=\"wpb_wrapper\">\n\t<div  class=\"wpb_single_image wpb_content_element vc_align_left wpb_content_element\">\n\t\t\n\t\t<figure class=\"wpb_wrapper vc_figure\">\n\t\t\t<a href=\"https:\/\/heationab.com\/de\/industrial-water-filters-in-stainless-steel\/bag-filter-housing\/\" target=\"_self\" class=\"vc_single_image-wrapper   vc_box_border_grey\"><img decoding=\"async\" width=\"1920\" height=\"2560\" data-src=\"https:\/\/i0.wp.com\/heationab.com\/wp-content\/uploads\/IMG_20220502_144307-scaled.jpg?fit=1920%2C2560&amp;ssl=1\" class=\"vc_single_image-img attachment-full lazyload\" alt=\"prime-phin 16 bar\" title=\"prime-phin 16 bar\" data-srcset=\"https:\/\/i0.wp.com\/heationab.com\/wp-content\/uploads\/IMG_20220502_144307-scaled.jpg?w=1920&amp;ssl=1 1920w, https:\/\/i0.wp.com\/heationab.com\/wp-content\/uploads\/IMG_20220502_144307-scaled.jpg?resize=225%2C300&amp;ssl=1 225w, https:\/\/i0.wp.com\/heationab.com\/wp-content\/uploads\/IMG_20220502_144307-scaled.jpg?resize=768%2C1024&amp;ssl=1 768w, https:\/\/i0.wp.com\/heationab.com\/wp-content\/uploads\/IMG_20220502_144307-scaled.jpg?resize=113%2C150&amp;ssl=1 113w, https:\/\/i0.wp.com\/heationab.com\/wp-content\/uploads\/IMG_20220502_144307-scaled.jpg?resize=1152%2C1536&amp;ssl=1 1152w, https:\/\/i0.wp.com\/heationab.com\/wp-content\/uploads\/IMG_20220502_144307-scaled.jpg?resize=1536%2C2048&amp;ssl=1 1536w, https:\/\/i0.wp.com\/heationab.com\/wp-content\/uploads\/IMG_20220502_144307-scaled.jpg?resize=9%2C12&amp;ssl=1 9w\" data-sizes=\"(max-width: 790px) 100vw, 790px\" src=\"data:image\/svg+xml;base64,PHN2ZyB3aWR0aD0iMSIgaGVpZ2h0PSIxIiB4bWxucz0iaHR0cDovL3d3dy53My5vcmcvMjAwMC9zdmciPjwvc3ZnPg==\" style=\"--smush-placeholder-width: 1920px; --smush-placeholder-aspect-ratio: 1920\/2560;\" \/><\/a>\n\t\t<\/figure>\n\t<\/div>\n<\/div><\/div><\/div><div class=\"wpb_column vc_column_container vc_col-sm-6\"><div class=\"vc_column-inner\"><div class=\"wpb_wrapper\">\n\t<div class=\"wpb_text_column wpb_content_element\" >\n\t\t<div class=\"wpb_wrapper\">\n\t\t\t<p><span style=\"font-weight: 400;\">Unser Kunde ist ein Unternehmen, das auf Entsalzungsanlagen auf Basis von Hochdruck-Umkehrosmose-Systemen spezialisiert ist.<\/span><\/p>\n<p>Aufgrund des h\u00f6heren Drucks des Systems k\u00f6nnen Aufgrund des h\u00f6heren Drucks des Systems k\u00f6nnen gew\u00f6hnliche RO-Vorfilter nicht verwendet werden. RO-Vorfilter nicht verwendet werden.<\/p>\n<p><span style=\"font-weight: 400;\">Deshalb haben wir unsere <\/span><a href=\"https:\/\/heationab.com\/de\/industrial-water-filters-in-stainless-steel\/bag-filter-housing\/\">prime-phin<\/a> als Schutzfilter vorgesehen. Das Beutelfiltergeh\u00e4use kann mit einem Betriebsdruck von bis zu 16 bar arbeiten. Aufgrund der gro\u00dfen Auswahl an verf\u00fcgbaren Filtrationsgraden der Beutel ist der Filter in der Lage, sich an die Filtrationsanforderungen des RO-Systems anzupassen.<\/p>\n<p>Das Beutelfiltergeh\u00e4use bietet:<\/p>\n<ul>\n<li style=\"font-weight: 400;\" aria-level=\"1\"><span style=\"font-weight: 400;\">Schutz f\u00fcr die RO-Membranen\u00a0<\/span><\/li>\n<li style=\"font-weight: 400;\" aria-level=\"1\"><span style=\"font-weight: 400;\">Erh\u00f6hen Sie die Systemeffizienz<\/span><\/li>\n<li style=\"font-weight: 400;\" aria-level=\"1\"><span style=\"font-weight: 400;\">Erh\u00f6hen Sie die Zeit zwischen den \u00dcberholungsterminen des Systems<\/span><\/li>\n<\/ul>\n<p><a href=\"https:\/\/heationab.com\/de\/contact-us\/\">Kontaktieren Sie uns<\/a> f\u00fcr mehr Informationen.<\/p>\n\n\t\t<\/div>\n\t<\/div>\n<\/div><\/div><\/div><\/div><div class=\"vc_row-full-width vc_clearfix\"><\/div>\n<\/div>","protected":false},"excerpt":{"rendered":"Protection of Reverse Osmosis systems Reverse Osmosis (RO) systems are broadly used in many industries to improve water quality. They are used for the desalination of sea water as well as for purification of water used in many industries such as food, pharmaceutical and purification of waste water to name...","protected":false},"author":1,"featured_media":1597,"parent":1555,"menu_order":0,"comment_status":"closed","ping_status":"closed","template":"","meta":{"content-type":"","_monsterinsights_skip_tracking":false,"_monsterinsights_sitenote_active":false,"_monsterinsights_sitenote_note":"","_monsterinsights_sitenote_category":0,"footnotes":""},"categories":[10],"tags":[],"class_list":["post-1689","page","type-page","status-publish","has-post-thumbnail","hentry","category-applications"],"yoast_head":"<!-- This site is optimized with the Yoast SEO plugin v27.3 - https:\/\/yoast.com\/product\/yoast-seo-wordpress\/ -->\n<title>Reverse Osmosis protection filter - Heation<\/title>\n<meta name=\"description\" content=\"High pressure Reverse Osmosis protection filter. 116 Bar bag filter housing for RO systems.\" \/>\n<meta name=\"robots\" content=\"index, follow, max-snippet:-1, max-image-preview:large, max-video-preview:-1\" \/>\n<link rel=\"canonical\" href=\"https:\/\/heationab.com\/de\/industrial-water-filters-application\/reverse-osmosis-protection-filter\/\" \/>\n<meta property=\"og:locale\" content=\"de_DE\" \/>\n<meta property=\"og:type\" content=\"article\" \/>\n<meta property=\"og:title\" content=\"Reverse Osmosis protection filter - Heation\" \/>\n<meta property=\"og:description\" content=\"High pressure Reverse Osmosis protection filter. 116 Bar bag filter housing for RO systems.\" \/>\n<meta property=\"og:url\" content=\"https:\/\/heationab.com\/de\/industrial-water-filters-application\/reverse-osmosis-protection-filter\/\" \/>\n<meta property=\"og:site_name\" content=\"Heation\" \/>\n<meta property=\"article:modified_time\" content=\"2025-10-08T09:44:55+00:00\" \/>\n<meta property=\"og:image\" content=\"https:\/\/heationab.com\/wp-content\/uploads\/IMG_20220502_141459-scaled.jpg\" \/>\n\t<meta property=\"og:image:width\" content=\"1920\" \/>\n\t<meta property=\"og:image:height\" content=\"2560\" \/>\n\t<meta property=\"og:image:type\" content=\"image\/jpeg\" \/>\n<meta name=\"twitter:card\" content=\"summary_large_image\" \/>\n<meta name=\"twitter:label1\" content=\"Gesch\u00e4tzte Lesezeit\" \/>\n\t<meta name=\"twitter:data1\" content=\"2\u00a0Minuten\" \/>\n<script type=\"application\/ld+json\" class=\"yoast-schema-graph\">{\"@context\":\"https:\\\/\\\/schema.org\",\"@graph\":[{\"@type\":\"WebPage\",\"@id\":\"https:\\\/\\\/heationab.com\\\/industrial-water-filters-application\\\/reverse-osmosis-protection-filter\\\/\",\"url\":\"https:\\\/\\\/heationab.com\\\/industrial-water-filters-application\\\/reverse-osmosis-protection-filter\\\/\",\"name\":\"Reverse Osmosis protection filter - Heation\",\"isPartOf\":{\"@id\":\"https:\\\/\\\/heationab.com\\\/#website\"},\"primaryImageOfPage\":{\"@id\":\"https:\\\/\\\/heationab.com\\\/industrial-water-filters-application\\\/reverse-osmosis-protection-filter\\\/#primaryimage\"},\"image\":{\"@id\":\"https:\\\/\\\/heationab.com\\\/industrial-water-filters-application\\\/reverse-osmosis-protection-filter\\\/#primaryimage\"},\"thumbnailUrl\":\"https:\\\/\\\/i0.wp.com\\\/heationab.com\\\/wp-content\\\/uploads\\\/IMG_20220502_141459-scaled.jpg?fit=1920%2C2560&ssl=1\",\"datePublished\":\"2022-12-30T09:26:20+00:00\",\"dateModified\":\"2025-10-08T09:44:55+00:00\",\"description\":\"High pressure Reverse Osmosis protection filter. 116 Bar bag filter housing for RO systems.\",\"breadcrumb\":{\"@id\":\"https:\\\/\\\/heationab.com\\\/industrial-water-filters-application\\\/reverse-osmosis-protection-filter\\\/#breadcrumb\"},\"inLanguage\":\"de\",\"potentialAction\":[{\"@type\":\"ReadAction\",\"target\":[\"https:\\\/\\\/heationab.com\\\/industrial-water-filters-application\\\/reverse-osmosis-protection-filter\\\/\"]}]},{\"@type\":\"ImageObject\",\"inLanguage\":\"de\",\"@id\":\"https:\\\/\\\/heationab.com\\\/industrial-water-filters-application\\\/reverse-osmosis-protection-filter\\\/#primaryimage\",\"url\":\"https:\\\/\\\/i0.wp.com\\\/heationab.com\\\/wp-content\\\/uploads\\\/IMG_20220502_141459-scaled.jpg?fit=1920%2C2560&ssl=1\",\"contentUrl\":\"https:\\\/\\\/i0.wp.com\\\/heationab.com\\\/wp-content\\\/uploads\\\/IMG_20220502_141459-scaled.jpg?fit=1920%2C2560&ssl=1\",\"width\":1920,\"height\":2560,\"caption\":\"prime-phin 16 bar\"},{\"@type\":\"BreadcrumbList\",\"@id\":\"https:\\\/\\\/heationab.com\\\/industrial-water-filters-application\\\/reverse-osmosis-protection-filter\\\/#breadcrumb\",\"itemListElement\":[{\"@type\":\"ListItem\",\"position\":1,\"name\":\"Home\",\"item\":\"https:\\\/\\\/heationab.com\\\/\"},{\"@type\":\"ListItem\",\"position\":2,\"name\":\"Applications\",\"item\":\"https:\\\/\\\/heationab.com\\\/industrial-water-filters-application\\\/\"},{\"@type\":\"ListItem\",\"position\":3,\"name\":\"Reverse Osmosis protection filter\"}]},{\"@type\":\"WebSite\",\"@id\":\"https:\\\/\\\/heationab.com\\\/#website\",\"url\":\"https:\\\/\\\/heationab.com\\\/\",\"name\":\"Heation\",\"description\":\"We create your solution\",\"publisher\":{\"@id\":\"https:\\\/\\\/heationab.com\\\/#organization\"},\"potentialAction\":[{\"@type\":\"SearchAction\",\"target\":{\"@type\":\"EntryPoint\",\"urlTemplate\":\"https:\\\/\\\/heationab.com\\\/?s={search_term_string}\"},\"query-input\":{\"@type\":\"PropertyValueSpecification\",\"valueRequired\":true,\"valueName\":\"search_term_string\"}}],\"inLanguage\":\"de\"},{\"@type\":\"Organization\",\"@id\":\"https:\\\/\\\/heationab.com\\\/#organization\",\"name\":\"Heation AB\",\"url\":\"https:\\\/\\\/heationab.com\\\/\",\"logo\":{\"@type\":\"ImageObject\",\"inLanguage\":\"de\",\"@id\":\"https:\\\/\\\/heationab.com\\\/#\\\/schema\\\/logo\\\/image\\\/\",\"url\":\"https:\\\/\\\/i0.wp.com\\\/heationab.com\\\/wp-content\\\/uploads\\\/logo-heation_vector-4A768E-blue-greyish.jpg?fit=842%2C596&ssl=1\",\"contentUrl\":\"https:\\\/\\\/i0.wp.com\\\/heationab.com\\\/wp-content\\\/uploads\\\/logo-heation_vector-4A768E-blue-greyish.jpg?fit=842%2C596&ssl=1\",\"width\":842,\"height\":596,\"caption\":\"Heation AB\"},\"image\":{\"@id\":\"https:\\\/\\\/heationab.com\\\/#\\\/schema\\\/logo\\\/image\\\/\"}}]}<\/script>\n<!-- \/ Yoast SEO plugin. -->","yoast_head_json":{"title":"Reverse Osmosis protection filter - Heation","description":"High pressure Reverse Osmosis protection filter. 116 Bar bag filter housing for RO systems.","robots":{"index":"index","follow":"follow","max-snippet":"max-snippet:-1","max-image-preview":"max-image-preview:large","max-video-preview":"max-video-preview:-1"},"canonical":"https:\/\/heationab.com\/de\/industrial-water-filters-application\/reverse-osmosis-protection-filter\/","og_locale":"de_DE","og_type":"article","og_title":"Reverse Osmosis protection filter - Heation","og_description":"High pressure Reverse Osmosis protection filter. 116 Bar bag filter housing for RO systems.","og_url":"https:\/\/heationab.com\/de\/industrial-water-filters-application\/reverse-osmosis-protection-filter\/","og_site_name":"Heation","article_modified_time":"2025-10-08T09:44:55+00:00","og_image":[{"width":1920,"height":2560,"url":"https:\/\/heationab.com\/wp-content\/uploads\/IMG_20220502_141459-scaled.jpg","type":"image\/jpeg"}],"twitter_card":"summary_large_image","twitter_misc":{"Gesch\u00e4tzte Lesezeit":"2\u00a0Minuten"},"schema":{"@context":"https:\/\/schema.org","@graph":[{"@type":"WebPage","@id":"https:\/\/heationab.com\/industrial-water-filters-application\/reverse-osmosis-protection-filter\/","url":"https:\/\/heationab.com\/industrial-water-filters-application\/reverse-osmosis-protection-filter\/","name":"Reverse Osmosis protection filter - Heation","isPartOf":{"@id":"https:\/\/heationab.com\/#website"},"primaryImageOfPage":{"@id":"https:\/\/heationab.com\/industrial-water-filters-application\/reverse-osmosis-protection-filter\/#primaryimage"},"image":{"@id":"https:\/\/heationab.com\/industrial-water-filters-application\/reverse-osmosis-protection-filter\/#primaryimage"},"thumbnailUrl":"https:\/\/i0.wp.com\/heationab.com\/wp-content\/uploads\/IMG_20220502_141459-scaled.jpg?fit=1920%2C2560&ssl=1","datePublished":"2022-12-30T09:26:20+00:00","dateModified":"2025-10-08T09:44:55+00:00","description":"High pressure Reverse Osmosis protection filter. 116 Bar bag filter housing for RO systems.","breadcrumb":{"@id":"https:\/\/heationab.com\/industrial-water-filters-application\/reverse-osmosis-protection-filter\/#breadcrumb"},"inLanguage":"de","potentialAction":[{"@type":"ReadAction","target":["https:\/\/heationab.com\/industrial-water-filters-application\/reverse-osmosis-protection-filter\/"]}]},{"@type":"ImageObject","inLanguage":"de","@id":"https:\/\/heationab.com\/industrial-water-filters-application\/reverse-osmosis-protection-filter\/#primaryimage","url":"https:\/\/i0.wp.com\/heationab.com\/wp-content\/uploads\/IMG_20220502_141459-scaled.jpg?fit=1920%2C2560&ssl=1","contentUrl":"https:\/\/i0.wp.com\/heationab.com\/wp-content\/uploads\/IMG_20220502_141459-scaled.jpg?fit=1920%2C2560&ssl=1","width":1920,"height":2560,"caption":"prime-phin 16 bar"},{"@type":"BreadcrumbList","@id":"https:\/\/heationab.com\/industrial-water-filters-application\/reverse-osmosis-protection-filter\/#breadcrumb","itemListElement":[{"@type":"ListItem","position":1,"name":"Home","item":"https:\/\/heationab.com\/"},{"@type":"ListItem","position":2,"name":"Applications","item":"https:\/\/heationab.com\/industrial-water-filters-application\/"},{"@type":"ListItem","position":3,"name":"Reverse Osmosis protection filter"}]},{"@type":"WebSite","@id":"https:\/\/heationab.com\/#website","url":"https:\/\/heationab.com\/","name":"Heation","description":"We create your solution","publisher":{"@id":"https:\/\/heationab.com\/#organization"},"potentialAction":[{"@type":"SearchAction","target":{"@type":"EntryPoint","urlTemplate":"https:\/\/heationab.com\/?s={search_term_string}"},"query-input":{"@type":"PropertyValueSpecification","valueRequired":true,"valueName":"search_term_string"}}],"inLanguage":"de"},{"@type":"Organization","@id":"https:\/\/heationab.com\/#organization","name":"Heation AB","url":"https:\/\/heationab.com\/","logo":{"@type":"ImageObject","inLanguage":"de","@id":"https:\/\/heationab.com\/#\/schema\/logo\/image\/","url":"https:\/\/i0.wp.com\/heationab.com\/wp-content\/uploads\/logo-heation_vector-4A768E-blue-greyish.jpg?fit=842%2C596&ssl=1","contentUrl":"https:\/\/i0.wp.com\/heationab.com\/wp-content\/uploads\/logo-heation_vector-4A768E-blue-greyish.jpg?fit=842%2C596&ssl=1","width":842,"height":596,"caption":"Heation AB"},"image":{"@id":"https:\/\/heationab.com\/#\/schema\/logo\/image\/"}}]}},"jetpack_sharing_enabled":true,"_links":{"self":[{"href":"https:\/\/heationab.com\/de\/wp-json\/wp\/v2\/pages\/1689","targetHints":{"allow":["GET"]}}],"collection":[{"href":"https:\/\/heationab.com\/de\/wp-json\/wp\/v2\/pages"}],"about":[{"href":"https:\/\/heationab.com\/de\/wp-json\/wp\/v2\/types\/page"}],"author":[{"embeddable":true,"href":"https:\/\/heationab.com\/de\/wp-json\/wp\/v2\/users\/1"}],"replies":[{"embeddable":true,"href":"https:\/\/heationab.com\/de\/wp-json\/wp\/v2\/comments?post=1689"}],"version-history":[{"count":5,"href":"https:\/\/heationab.com\/de\/wp-json\/wp\/v2\/pages\/1689\/revisions"}],"predecessor-version":[{"id":2064,"href":"https:\/\/heationab.com\/de\/wp-json\/wp\/v2\/pages\/1689\/revisions\/2064"}],"up":[{"embeddable":true,"href":"https:\/\/heationab.com\/de\/wp-json\/wp\/v2\/pages\/1555"}],"wp:featuredmedia":[{"embeddable":true,"href":"https:\/\/heationab.com\/de\/wp-json\/wp\/v2\/media\/1597"}],"wp:attachment":[{"href":"https:\/\/heationab.com\/de\/wp-json\/wp\/v2\/media?parent=1689"}],"wp:term":[{"taxonomy":"category","embeddable":true,"href":"https:\/\/heationab.com\/de\/wp-json\/wp\/v2\/categories?post=1689"},{"taxonomy":"post_tag","embeddable":true,"href":"https:\/\/heationab.com\/de\/wp-json\/wp\/v2\/tags?post=1689"}],"curies":[{"name":"wp","href":"https:\/\/api.w.org\/{rel}","templated":true}]}}