{"id":1238,"date":"2021-10-30T14:41:50","date_gmt":"2021-10-30T14:41:50","guid":{"rendered":"https:\/\/heationab.com\/?page_id=1238"},"modified":"2025-10-07T10:15:26","modified_gmt":"2025-10-07T10:15:26","slug":"protection-filters","status":"publish","type":"page","link":"https:\/\/heationab.com\/de\/industrial-water-filters-application\/protection-filters\/","title":{"rendered":"Schmutzf\u00e4nger"},"content":{"rendered":"<div class=\"wpb-content-wrapper\"><div class=\"vc_row wpb_row vc_row-fluid vc_row-o-content-middle vc_row-flex\"><div class=\"wpb_column vc_column_container vc_col-sm-12\"><div class=\"vc_column-inner\"><div class=\"wpb_wrapper\">\n\t<div class=\"wpb_text_column wpb_content_element\" >\n\t\t<div class=\"wpb_wrapper\">\n\t\t\t<h1 style=\"text-align: center;\"><span style=\"font-weight: 400;\">Schmutzf\u00e4nger in Wasserleitungen<\/span><\/h1>\n<h2 style=\"text-align: center;\">Schutzfilter<\/h2>\n\n\t\t<\/div>\n\t<\/div>\n<\/div><\/div><\/div><\/div><div class=\"vc_row wpb_row vc_row-fluid vc_row-o-content-middle vc_row-flex\"><div class=\"wpb_column vc_column_container vc_col-sm-8\"><div class=\"vc_column-inner\"><div class=\"wpb_wrapper\">\n\t<div class=\"wpb_text_column wpb_content_element\" >\n\t\t<div class=\"wpb_wrapper\">\n\t\t\t<h2><span style=\"font-weight: 400;\">Korbfilter<\/span><\/h2>\n<p><span style=\"font-weight: 400;\">T-Siebe sind Korbfilter mit vertikaler Bauform. Sie sind Inline-Filter und ihr Filterelement ist ein Lochblech. Dank ihrer relativ hohen Filterfeinheit (zwischen 1 und 3 mm) sind sie die ideale L\u00f6sung zum Schutz des vorgeschalteten Systemteils vor gr\u00f6\u00dferen und unerw\u00fcnschten Fremdk\u00f6rpern wie kleinen Steinen, Bl\u00e4ttern, \u00c4sten oder sogar kleinen Tieren, die manchmal in die Leitung gelangen k\u00f6nnen, wenn das Wasser beispielsweise aus Seen oder Fl\u00fcssen entnommen wird. Typischerweise werden sie als Pumpenschutz eingesetzt.<\/span><\/p>\n\n\t\t<\/div>\n\t<\/div>\n<\/div><\/div><\/div><div class=\"wpb_column vc_column_container vc_col-sm-4\"><div class=\"vc_column-inner\"><div class=\"wpb_wrapper\">\n\t<div  class=\"wpb_single_image wpb_content_element vc_align_left wpb_content_element\">\n\t\t\n\t\t<figure class=\"wpb_wrapper vc_figure\">\n\t\t\t<a href=\"https:\/\/heationab.com\/de\/industrial-water-filters-in-stainless-steel\/stainless-steel-inline-basket-filter\/\" target=\"_self\" class=\"vc_single_image-wrapper   vc_box_border_grey\"><img decoding=\"async\" width=\"790\" height=\"505\" data-src=\"https:\/\/heationab.com\/wp-content\/uploads\/2021\/10\/Rock-phin-1024x655.png\" class=\"vc_single_image-img attachment-large lazyload\" alt=\"\" title=\"Rock-phin\" data-srcset=\"https:\/\/heationab.com\/wp-content\/uploads\/2021\/10\/Rock-phin-1024x655.png 1024w, https:\/\/heationab.com\/wp-content\/uploads\/2021\/10\/Rock-phin-300x192.png 300w, https:\/\/heationab.com\/wp-content\/uploads\/2021\/10\/Rock-phin-150x96.png 150w, https:\/\/heationab.com\/wp-content\/uploads\/2021\/10\/Rock-phin-768x492.png 768w, https:\/\/heationab.com\/wp-content\/uploads\/2021\/10\/Rock-phin-1536x983.png 1536w, https:\/\/heationab.com\/wp-content\/uploads\/2021\/10\/Rock-phin-2048x1311.png 2048w, https:\/\/heationab.com\/wp-content\/uploads\/2021\/10\/Rock-phin-18x12.png 18w\" data-sizes=\"(max-width: 790px) 100vw, 790px\" src=\"data:image\/svg+xml;base64,PHN2ZyB3aWR0aD0iMSIgaGVpZ2h0PSIxIiB4bWxucz0iaHR0cDovL3d3dy53My5vcmcvMjAwMC9zdmciPjwvc3ZnPg==\" style=\"--smush-placeholder-width: 790px; --smush-placeholder-aspect-ratio: 790\/505;\" \/><\/a>\n\t\t<\/figure>\n\t<\/div>\n<\/div><\/div><\/div><\/div><div class=\"vc_row wpb_row vc_row-fluid\"><div class=\"wpb_column vc_column_container vc_col-sm-12\"><div class=\"vc_column-inner\"><div class=\"wpb_wrapper\">\n\t<div class=\"wpb_text_column wpb_content_element\" >\n\t\t<div class=\"wpb_wrapper\">\n\t\t\t<h2><span style=\"font-weight: 400;\">Mesh Filter<\/span><\/h2>\n<p><span style=\"font-weight: 400;\">Mesh Filter k\u00f6nnen mehrere Bauformen haben, so dass sie je nach Anlagenlayout ausgew\u00e4hlt werden k\u00f6nnen. Das Filterelement besteht aus einer Schicht feinen Drahtes. Diese Schicht wird auf ein perforiertes Blech aufgebracht, das als St\u00fctze dient, da das Drahtgewebe selbst den typischen Str\u00f6mungen und Dr\u00fccken nicht standhalten w\u00fcrde. Mit diesem Filterelement ist es m\u00f6glich, wesentlich feinere Filtrationsgrade bis auf wenige \u00b5m zu erreichen. Aus diesem Grund haben Siebfilter in der Regel eine geringere Schmutzaufnahmekapazit\u00e4t als Korbfilter mit Lochblech als Filterelement.<\/span><\/p>\n<p><span style=\"font-weight: 400;\">Sie werden daher in Anwendungen eingesetzt, bei denen der Partikelgehalt tendenziell geringer ist, wie beispielsweise in geschlossenen Kreisl\u00e4ufen. Eine typische Anwendung kann der Schutz eines W\u00e4rmetauschers sein.<\/span><\/p>\n\n\t\t<\/div>\n\t<\/div>\n<\/div><\/div><\/div><\/div><div data-vc-full-width=\"true\" data-vc-full-width-init=\"false\" class=\"vc_row wpb_row vc_row-fluid\"><div class=\"wpb_column vc_column_container vc_col-sm-12\"><div class=\"vc_column-inner\"><div class=\"wpb_wrapper\">\n\t<div  class=\"wpb_single_image wpb_content_element vc_align_left wpb_content_element\">\n\t\t\n\t\t<figure class=\"wpb_wrapper vc_figure\">\n\t\t\t<a href=\"https:\/\/heationab.com\/de\/industrial-water-filters-in-stainless-steel\/strainer-filter\/\" target=\"_self\" class=\"vc_single_image-wrapper   vc_box_border_grey\"><img decoding=\"async\" width=\"2500\" height=\"1406\" data-src=\"https:\/\/heationab.com\/wp-content\/uploads\/2021\/10\/Optimum_web.jpg\" class=\"vc_single_image-img attachment-full lazyload\" alt=\"Optimum Y strainer in stainless steel\" title=\"Optimum Y strainer\" data-srcset=\"https:\/\/heationab.com\/wp-content\/uploads\/2021\/10\/Optimum_web.jpg 2500w, https:\/\/heationab.com\/wp-content\/uploads\/2021\/10\/Optimum_web-300x169.jpg 300w, https:\/\/heationab.com\/wp-content\/uploads\/2021\/10\/Optimum_web-1024x576.jpg 1024w, https:\/\/heationab.com\/wp-content\/uploads\/2021\/10\/Optimum_web-150x84.jpg 150w, https:\/\/heationab.com\/wp-content\/uploads\/2021\/10\/Optimum_web-768x432.jpg 768w, https:\/\/heationab.com\/wp-content\/uploads\/2021\/10\/Optimum_web-1536x864.jpg 1536w, https:\/\/heationab.com\/wp-content\/uploads\/2021\/10\/Optimum_web-2048x1152.jpg 2048w, https:\/\/heationab.com\/wp-content\/uploads\/2021\/10\/Optimum_web-18x10.jpg 18w\" data-sizes=\"(max-width: 2500px) 100vw, 2500px\" src=\"data:image\/svg+xml;base64,PHN2ZyB3aWR0aD0iMSIgaGVpZ2h0PSIxIiB4bWxucz0iaHR0cDovL3d3dy53My5vcmcvMjAwMC9zdmciPjwvc3ZnPg==\" style=\"--smush-placeholder-width: 2500px; --smush-placeholder-aspect-ratio: 2500\/1406;\" \/><\/a>\n\t\t<\/figure>\n\t<\/div>\n<\/div><\/div><\/div><\/div><div class=\"vc_row-full-width vc_clearfix\"><\/div>\n<\/div>","protected":false},"excerpt":{"rendered":"Strainers in water pipe lines Protection filters T strainers T strainers are basket filters with a vertical construction form. They are inline filters and their filtering element is a perforated sheet. Its rather large filtration degree (between 1mm and 3mm) makes it the ideal solution to protect the upstream part...","protected":false},"author":1,"featured_media":1184,"parent":1555,"menu_order":0,"comment_status":"closed","ping_status":"closed","template":"","meta":{"content-type":"","_monsterinsights_skip_tracking":false,"_monsterinsights_sitenote_active":false,"_monsterinsights_sitenote_note":"","_monsterinsights_sitenote_category":0,"footnotes":""},"categories":[10],"tags":[],"class_list":["post-1238","page","type-page","status-publish","has-post-thumbnail","hentry","category-applications"],"yoast_head":"<!-- This site is optimized with the Yoast SEO plugin v27.5 - https:\/\/yoast.com\/product\/yoast-seo-wordpress\/ -->\n<title>Strainers - Heation %<\/title>\n<meta name=\"robots\" content=\"index, follow, max-snippet:-1, max-image-preview:large, max-video-preview:-1\" \/>\n<link rel=\"canonical\" href=\"https:\/\/heationab.com\/de\/industrial-water-filters-application\/protection-filters\/\" \/>\n<meta property=\"og:locale\" content=\"de_DE\" \/>\n<meta property=\"og:type\" content=\"article\" \/>\n<meta property=\"og:title\" content=\"Strainers - Heation %\" \/>\n<meta property=\"og:url\" content=\"https:\/\/heationab.com\/de\/industrial-water-filters-application\/protection-filters\/\" \/>\n<meta property=\"og:site_name\" content=\"Heation\" \/>\n<meta property=\"article:modified_time\" content=\"2025-10-07T10:15:26+00:00\" \/>\n<meta property=\"og:image\" content=\"https:\/\/heationab.com\/wp-content\/uploads\/2021\/10\/Optimum_web.jpg\" \/>\n\t<meta property=\"og:image:width\" content=\"2500\" \/>\n\t<meta property=\"og:image:height\" content=\"1406\" \/>\n\t<meta property=\"og:image:type\" content=\"image\/jpeg\" \/>\n<meta name=\"twitter:card\" content=\"summary_large_image\" \/>\n<meta name=\"twitter:label1\" content=\"Gesch\u00e4tzte Lesezeit\" \/>\n\t<meta name=\"twitter:data1\" content=\"2\u00a0Minuten\" \/>\n<script type=\"application\/ld+json\" class=\"yoast-schema-graph\">{\"@context\":\"https:\\\/\\\/schema.org\",\"@graph\":[{\"@type\":\"WebPage\",\"@id\":\"https:\\\/\\\/heationab.com\\\/industrial-water-filters-application\\\/protection-filters\\\/\",\"url\":\"https:\\\/\\\/heationab.com\\\/industrial-water-filters-application\\\/protection-filters\\\/\",\"name\":\"Strainers - Heation %\",\"isPartOf\":{\"@id\":\"https:\\\/\\\/heationab.com\\\/#website\"},\"primaryImageOfPage\":{\"@id\":\"https:\\\/\\\/heationab.com\\\/industrial-water-filters-application\\\/protection-filters\\\/#primaryimage\"},\"image\":{\"@id\":\"https:\\\/\\\/heationab.com\\\/industrial-water-filters-application\\\/protection-filters\\\/#primaryimage\"},\"thumbnailUrl\":\"https:\\\/\\\/heationab.com\\\/wp-content\\\/uploads\\\/2021\\\/10\\\/Optimum_web.jpg\",\"datePublished\":\"2021-10-30T14:41:50+00:00\",\"dateModified\":\"2025-10-07T10:15:26+00:00\",\"breadcrumb\":{\"@id\":\"https:\\\/\\\/heationab.com\\\/industrial-water-filters-application\\\/protection-filters\\\/#breadcrumb\"},\"inLanguage\":\"de\",\"potentialAction\":[{\"@type\":\"ReadAction\",\"target\":[\"https:\\\/\\\/heationab.com\\\/industrial-water-filters-application\\\/protection-filters\\\/\"]}]},{\"@type\":\"ImageObject\",\"inLanguage\":\"de\",\"@id\":\"https:\\\/\\\/heationab.com\\\/industrial-water-filters-application\\\/protection-filters\\\/#primaryimage\",\"url\":\"https:\\\/\\\/heationab.com\\\/wp-content\\\/uploads\\\/2021\\\/10\\\/Optimum_web.jpg\",\"contentUrl\":\"https:\\\/\\\/heationab.com\\\/wp-content\\\/uploads\\\/2021\\\/10\\\/Optimum_web.jpg\",\"width\":2500,\"height\":1406,\"caption\":\"Optimum Y strainer in stainless steel\"},{\"@type\":\"BreadcrumbList\",\"@id\":\"https:\\\/\\\/heationab.com\\\/industrial-water-filters-application\\\/protection-filters\\\/#breadcrumb\",\"itemListElement\":[{\"@type\":\"ListItem\",\"position\":1,\"name\":\"Home\",\"item\":\"https:\\\/\\\/heationab.com\\\/\"},{\"@type\":\"ListItem\",\"position\":2,\"name\":\"Applications\",\"item\":\"https:\\\/\\\/heationab.com\\\/industrial-water-filters-application\\\/\"},{\"@type\":\"ListItem\",\"position\":3,\"name\":\"Strainers\"}]},{\"@type\":\"WebSite\",\"@id\":\"https:\\\/\\\/heationab.com\\\/#website\",\"url\":\"https:\\\/\\\/heationab.com\\\/\",\"name\":\"Heation\",\"description\":\"We create your solution\",\"publisher\":{\"@id\":\"https:\\\/\\\/heationab.com\\\/#organization\"},\"potentialAction\":[{\"@type\":\"SearchAction\",\"target\":{\"@type\":\"EntryPoint\",\"urlTemplate\":\"https:\\\/\\\/heationab.com\\\/?s={search_term_string}\"},\"query-input\":{\"@type\":\"PropertyValueSpecification\",\"valueRequired\":true,\"valueName\":\"search_term_string\"}}],\"inLanguage\":\"de\"},{\"@type\":\"Organization\",\"@id\":\"https:\\\/\\\/heationab.com\\\/#organization\",\"name\":\"Heation AB\",\"url\":\"https:\\\/\\\/heationab.com\\\/\",\"logo\":{\"@type\":\"ImageObject\",\"inLanguage\":\"de\",\"@id\":\"https:\\\/\\\/heationab.com\\\/#\\\/schema\\\/logo\\\/image\\\/\",\"url\":\"https:\\\/\\\/i0.wp.com\\\/heationab.com\\\/wp-content\\\/uploads\\\/logo-heation_vector-4A768E-blue-greyish.jpg?fit=842%2C596&ssl=1\",\"contentUrl\":\"https:\\\/\\\/i0.wp.com\\\/heationab.com\\\/wp-content\\\/uploads\\\/logo-heation_vector-4A768E-blue-greyish.jpg?fit=842%2C596&ssl=1\",\"width\":842,\"height\":596,\"caption\":\"Heation AB\"},\"image\":{\"@id\":\"https:\\\/\\\/heationab.com\\\/#\\\/schema\\\/logo\\\/image\\\/\"}}]}<\/script>\n<!-- \/ Yoast SEO plugin. -->","yoast_head_json":{"title":"Strainers - Heation %","robots":{"index":"index","follow":"follow","max-snippet":"max-snippet:-1","max-image-preview":"max-image-preview:large","max-video-preview":"max-video-preview:-1"},"canonical":"https:\/\/heationab.com\/de\/industrial-water-filters-application\/protection-filters\/","og_locale":"de_DE","og_type":"article","og_title":"Strainers - Heation %","og_url":"https:\/\/heationab.com\/de\/industrial-water-filters-application\/protection-filters\/","og_site_name":"Heation","article_modified_time":"2025-10-07T10:15:26+00:00","og_image":[{"width":2500,"height":1406,"url":"https:\/\/heationab.com\/wp-content\/uploads\/2021\/10\/Optimum_web.jpg","type":"image\/jpeg"}],"twitter_card":"summary_large_image","twitter_misc":{"Gesch\u00e4tzte Lesezeit":"2\u00a0Minuten"},"schema":{"@context":"https:\/\/schema.org","@graph":[{"@type":"WebPage","@id":"https:\/\/heationab.com\/industrial-water-filters-application\/protection-filters\/","url":"https:\/\/heationab.com\/industrial-water-filters-application\/protection-filters\/","name":"Strainers - Heation %","isPartOf":{"@id":"https:\/\/heationab.com\/#website"},"primaryImageOfPage":{"@id":"https:\/\/heationab.com\/industrial-water-filters-application\/protection-filters\/#primaryimage"},"image":{"@id":"https:\/\/heationab.com\/industrial-water-filters-application\/protection-filters\/#primaryimage"},"thumbnailUrl":"https:\/\/heationab.com\/wp-content\/uploads\/2021\/10\/Optimum_web.jpg","datePublished":"2021-10-30T14:41:50+00:00","dateModified":"2025-10-07T10:15:26+00:00","breadcrumb":{"@id":"https:\/\/heationab.com\/industrial-water-filters-application\/protection-filters\/#breadcrumb"},"inLanguage":"de","potentialAction":[{"@type":"ReadAction","target":["https:\/\/heationab.com\/industrial-water-filters-application\/protection-filters\/"]}]},{"@type":"ImageObject","inLanguage":"de","@id":"https:\/\/heationab.com\/industrial-water-filters-application\/protection-filters\/#primaryimage","url":"https:\/\/heationab.com\/wp-content\/uploads\/2021\/10\/Optimum_web.jpg","contentUrl":"https:\/\/heationab.com\/wp-content\/uploads\/2021\/10\/Optimum_web.jpg","width":2500,"height":1406,"caption":"Optimum Y strainer in stainless steel"},{"@type":"BreadcrumbList","@id":"https:\/\/heationab.com\/industrial-water-filters-application\/protection-filters\/#breadcrumb","itemListElement":[{"@type":"ListItem","position":1,"name":"Home","item":"https:\/\/heationab.com\/"},{"@type":"ListItem","position":2,"name":"Applications","item":"https:\/\/heationab.com\/industrial-water-filters-application\/"},{"@type":"ListItem","position":3,"name":"Strainers"}]},{"@type":"WebSite","@id":"https:\/\/heationab.com\/#website","url":"https:\/\/heationab.com\/","name":"Heation","description":"We create your solution","publisher":{"@id":"https:\/\/heationab.com\/#organization"},"potentialAction":[{"@type":"SearchAction","target":{"@type":"EntryPoint","urlTemplate":"https:\/\/heationab.com\/?s={search_term_string}"},"query-input":{"@type":"PropertyValueSpecification","valueRequired":true,"valueName":"search_term_string"}}],"inLanguage":"de"},{"@type":"Organization","@id":"https:\/\/heationab.com\/#organization","name":"Heation AB","url":"https:\/\/heationab.com\/","logo":{"@type":"ImageObject","inLanguage":"de","@id":"https:\/\/heationab.com\/#\/schema\/logo\/image\/","url":"https:\/\/i0.wp.com\/heationab.com\/wp-content\/uploads\/logo-heation_vector-4A768E-blue-greyish.jpg?fit=842%2C596&ssl=1","contentUrl":"https:\/\/i0.wp.com\/heationab.com\/wp-content\/uploads\/logo-heation_vector-4A768E-blue-greyish.jpg?fit=842%2C596&ssl=1","width":842,"height":596,"caption":"Heation AB"},"image":{"@id":"https:\/\/heationab.com\/#\/schema\/logo\/image\/"}}]}},"_links":{"self":[{"href":"https:\/\/heationab.com\/de\/wp-json\/wp\/v2\/pages\/1238","targetHints":{"allow":["GET"]}}],"collection":[{"href":"https:\/\/heationab.com\/de\/wp-json\/wp\/v2\/pages"}],"about":[{"href":"https:\/\/heationab.com\/de\/wp-json\/wp\/v2\/types\/page"}],"author":[{"embeddable":true,"href":"https:\/\/heationab.com\/de\/wp-json\/wp\/v2\/users\/1"}],"replies":[{"embeddable":true,"href":"https:\/\/heationab.com\/de\/wp-json\/wp\/v2\/comments?post=1238"}],"version-history":[{"count":5,"href":"https:\/\/heationab.com\/de\/wp-json\/wp\/v2\/pages\/1238\/revisions"}],"predecessor-version":[{"id":2056,"href":"https:\/\/heationab.com\/de\/wp-json\/wp\/v2\/pages\/1238\/revisions\/2056"}],"up":[{"embeddable":true,"href":"https:\/\/heationab.com\/de\/wp-json\/wp\/v2\/pages\/1555"}],"wp:featuredmedia":[{"embeddable":true,"href":"https:\/\/heationab.com\/de\/wp-json\/wp\/v2\/media\/1184"}],"wp:attachment":[{"href":"https:\/\/heationab.com\/de\/wp-json\/wp\/v2\/media?parent=1238"}],"wp:term":[{"taxonomy":"category","embeddable":true,"href":"https:\/\/heationab.com\/de\/wp-json\/wp\/v2\/categories?post=1238"},{"taxonomy":"post_tag","embeddable":true,"href":"https:\/\/heationab.com\/de\/wp-json\/wp\/v2\/tags?post=1238"}],"curies":[{"name":"wp","href":"https:\/\/api.w.org\/{rel}","templated":true}]}}