{"id":1231,"date":"2021-10-30T12:28:48","date_gmt":"2021-10-30T12:28:48","guid":{"rendered":"https:\/\/heationab.com\/?page_id=1231"},"modified":"2021-10-30T14:37:25","modified_gmt":"2021-10-30T14:37:25","slug":"privacy-policy","status":"publish","type":"page","link":"https:\/\/heationab.com\/de\/dolphin-filters\/privacy-policy\/","title":{"rendered":"Datenschutz-Bestimmungen"},"content":{"rendered":"<div class=\"wpb-content-wrapper\"><div data-vc-full-width=\"true\" data-vc-full-width-init=\"false\" data-vc-stretch-content=\"true\" class=\"vc_row wpb_row vc_row-fluid\"><div class=\"wpb_column vc_column_container vc_col-sm-12\"><div class=\"vc_column-inner\"><div class=\"wpb_wrapper\">\n\t<div class=\"wpb_text_column wpb_content_element\" >\n\t\t<div class=\"wpb_wrapper\">\n\t\t\t<h1>Datenschutzrichtlinie f\u00fcr Heation AB<\/h1>\n<p>Bei Heation AB hat die Privatsph\u00e4re unserer Besucher oberste Priorit\u00e4t. Dieses Datenschutzdokument enth\u00e4lt Informationen dar\u00fcber, welche Informationen von Heation AB gesammelt und aufgezeichnet werden und wie wir diese verwenden.<\/p>\n<p>Wenn Sie weitere Fragen haben oder weitere Informationen zu unserer Datenschutzrichtlinie ben\u00f6tigen, z\u00f6gern Sie nicht, uns zu kontaktieren.<\/p>\n<h2>Zustimmung<\/h2>\n<p>Durch die Nutzung unserer Website stimmen Sie hiermit unserer Datenschutzrichtlinie zu und stimmen deren Bedingungen zu.<\/p>\n<h2>Von uns erfasste Informationen<\/h2>\n<p>Die pers\u00f6nlichen Daten, die Sie angeben m\u00fcssen, und die Gr\u00fcnde daf\u00fcr werden Ihnen zum Zeitpunkt der Aufforderung zur Angabe Ihrer pers\u00f6nlichen Daten klar mitgeteilt.<\/p>\n<p>Wenn Sie uns direkt kontaktieren, erhalten wir m\u00f6glicherweise zus\u00e4tzliche Informationen \u00fcber Sie, wie beispielsweise Ihren Namen, Ihre E-Mail-Adresse, Ihre Telefonnummer, den Inhalt der Nachricht und\/oder Anh\u00e4nge, die Sie uns senden, sowie alle anderen Informationen, die Sie uns freiwillig zur Verf\u00fcgung stellen.<\/p>\n<h2>Wie wir Ihre Daten verwenden<\/h2>\n<p>Wir verwenden die von uns gesammelten Informationen auf verschiedene Weise, unter anderem um:<\/p>\n<ul>\n<li>Mit Ihnen zu kommunizieren, um Ihnen Updates und andere Informationen bereitzustellen sowie f\u00fcr Marketing- und Werbezwecke<\/li>\n<li>Betrug erkennen und verhindern<\/li>\n<\/ul>\n<h2>Protokolldateien<\/h2>\n<p>Heation AB verwendet standardm\u00e4\u00dfig Protokolldateien. Diese Dateien protokollieren Besucher, wenn sie Websites besuchen. Alle Hosting-Unternehmen tun dies und sind Teil der Analyse ihrer Hosting-Dienste. Zu den in den Protokolldateien gesammelten Informationen geh\u00f6ren Internetprotokolladressen (IP-Adressen), Browsertyp, Internetdienstanbieter (ISP), Datums- und Zeitstempel, Verweis-\/Ausstiegsseiten und m\u00f6glicherweise die Anzahl der Klicks. Diese sind nicht mit personenbezogenen Daten verkn\u00fcpft. Zweck der Informationen ist die Analyse von Trends, die Verwaltung der Website, die Verfolgung der Benutzerbewegungen auf der Website und die Erfassung demografischer Informationen.<\/p>\n<h2>Cookie Einstellungen<\/h2>\n<p>Wie jede andere Website verwendet auch Heation AB Cookies. Diese Cookies speichern Informationen wie die Pr\u00e4ferenzen der Besucher und die Seiten, die der Besucher aufgerufen oder besucht hat. Diese Informationen dienen dazu, das Benutzererlebnis zu optimieren, indem der Inhalt unserer Webseite an den Browsertyp des Besuchers und\/oder andere Informationen angepasst wird.<\/p>\n<h2>Datenschutzrichtlinien von Drittanbietern<\/h2>\n<p>Die Datenschutzrichtlinie von Heation AB gilt nicht f\u00fcr andere Werbetreibende oder Websites. Wir empfehlen Ihnen daher, die jeweiligen Datenschutzrichtlinien dieser Drittanbieter-Adserver f\u00fcr detailliertere Informationen zu konsultieren. Diese enthalten m\u00f6glicherweise deren Vorgehensweisen und Anweisungen zum Deaktivieren bestimmter Optionen.<\/p>\n<p>Sie k\u00f6nnen Cookies in Ihren Browsereinstellungen deaktivieren. Ausf\u00fchrlichere Informationen zur Cookie-Verwaltung in bestimmten Webbrowsern finden Sie auf den jeweiligen Browser-Websites.<\/p>\n<h2>DSGVO-Datenschutzrechte<\/h2>\n<p>Wir m\u00f6chten sicherstellen, dass Sie \u00fcber alle Ihre Datenschutzrechte informiert sind. Jeder Benutzer hat Anspruch auf Folgendes:<\/p>\n<p>Das Recht auf Zugriff \u2013 Sie haben das Recht, Kopien Ihrer personenbezogenen Daten anzufordern. F\u00fcr diesen Service berechnen wir Ihnen m\u00f6glicherweise eine geringe Geb\u00fchr.<\/p>\n<p>Das Recht auf Berichtigung \u2013 Sie haben das Recht, von uns die Berichtigung von Informationen zu verlangen, die Sie f\u00fcr unrichtig halten. Sie haben auch das Recht, von uns die Vervollst\u00e4ndigung der Informationen zu verlangen, die Sie f\u00fcr unvollst\u00e4ndig halten.<\/p>\n<p>Das Recht auf L\u00f6schung \u2013 Sie haben das Recht, unter bestimmten Bedingungen die L\u00f6schung Ihrer personenbezogenen Daten zu verlangen.<\/p>\n<p>Das Recht auf Einschr\u00e4nkung der Verarbeitung \u2013 Sie haben das Recht, unter bestimmten Bedingungen zu verlangen, dass wir die Verarbeitung Ihrer personenbezogenen Daten einschr\u00e4nken.<\/p>\n<p>Das Widerspruchsrecht gegen die Verarbeitung \u2013 Sie haben unter bestimmten Bedingungen das Recht, der Verarbeitung Ihrer personenbezogenen Daten durch uns zu widersprechen.<\/p>\n<p>Das Recht auf Daten\u00fcbertragbarkeit \u2013 Sie haben das Recht, unter bestimmten Bedingungen zu verlangen, dass wir die von uns erhobenen Daten an eine andere Organisation oder direkt an Sie \u00fcbertragen.<\/p>\n<p>Wenn Sie eine Anfrage stellen, haben wir einen Monat Zeit, Ihnen zu antworten. Wenn Sie eines dieser Rechte aus\u00fcben m\u00f6chten, kontaktieren Sie uns bitte.<\/p>\n\n\t\t<\/div>\n\t<\/div>\n<\/div><\/div><\/div><\/div><div class=\"vc_row-full-width vc_clearfix\"><\/div>\n<\/div>","protected":false},"excerpt":{"rendered":"Privacy Policy for Heation AB At Heation AB one of our main priorities is the privacy of our visitors. This Privacy Policy document contains types of information that is collected and recorded by Heation AB and how we use it. If you have additional questions or require more information about...","protected":false},"author":1,"featured_media":0,"parent":548,"menu_order":0,"comment_status":"closed","ping_status":"closed","template":"","meta":{"content-type":"","_monsterinsights_skip_tracking":false,"_monsterinsights_sitenote_active":false,"_monsterinsights_sitenote_note":"","_monsterinsights_sitenote_category":0,"footnotes":""},"categories":[],"tags":[],"class_list":["post-1231","page","type-page","status-publish","hentry"],"yoast_head":"<!-- This site is optimized with the Yoast SEO plugin v27.3 - https:\/\/yoast.com\/product\/yoast-seo-wordpress\/ -->\n<title>Privacy Policy - Heation<\/title>\n<meta name=\"robots\" content=\"index, follow, max-snippet:-1, max-image-preview:large, max-video-preview:-1\" \/>\n<link rel=\"canonical\" href=\"https:\/\/heationab.com\/de\/dolphin-filters\/privacy-policy\/\" \/>\n<meta property=\"og:locale\" content=\"de_DE\" \/>\n<meta property=\"og:type\" content=\"article\" \/>\n<meta property=\"og:title\" content=\"Privacy Policy - Heation\" \/>\n<meta property=\"og:url\" content=\"https:\/\/heationab.com\/de\/dolphin-filters\/privacy-policy\/\" \/>\n<meta property=\"og:site_name\" content=\"Heation\" \/>\n<meta property=\"article:modified_time\" content=\"2021-10-30T14:37:25+00:00\" \/>\n<meta name=\"twitter:card\" content=\"summary_large_image\" \/>\n<meta name=\"twitter:label1\" content=\"Gesch\u00e4tzte Lesezeit\" \/>\n\t<meta name=\"twitter:data1\" content=\"3\u00a0Minuten\" \/>\n<script type=\"application\/ld+json\" class=\"yoast-schema-graph\">{\"@context\":\"https:\\\/\\\/schema.org\",\"@graph\":[{\"@type\":\"WebPage\",\"@id\":\"https:\\\/\\\/heationab.com\\\/dolphin-filters\\\/privacy-policy\\\/\",\"url\":\"https:\\\/\\\/heationab.com\\\/dolphin-filters\\\/privacy-policy\\\/\",\"name\":\"Privacy Policy - Heation\",\"isPartOf\":{\"@id\":\"https:\\\/\\\/heationab.com\\\/#website\"},\"datePublished\":\"2021-10-30T12:28:48+00:00\",\"dateModified\":\"2021-10-30T14:37:25+00:00\",\"breadcrumb\":{\"@id\":\"https:\\\/\\\/heationab.com\\\/dolphin-filters\\\/privacy-policy\\\/#breadcrumb\"},\"inLanguage\":\"de\",\"potentialAction\":[{\"@type\":\"ReadAction\",\"target\":[\"https:\\\/\\\/heationab.com\\\/dolphin-filters\\\/privacy-policy\\\/\"]}]},{\"@type\":\"BreadcrumbList\",\"@id\":\"https:\\\/\\\/heationab.com\\\/dolphin-filters\\\/privacy-policy\\\/#breadcrumb\",\"itemListElement\":[{\"@type\":\"ListItem\",\"position\":1,\"name\":\"Home\",\"item\":\"https:\\\/\\\/heationab.com\\\/\"},{\"@type\":\"ListItem\",\"position\":2,\"name\":\"About us\",\"item\":\"https:\\\/\\\/heationab.com\\\/dolphin-filters\\\/\"},{\"@type\":\"ListItem\",\"position\":3,\"name\":\"Privacy Policy\"}]},{\"@type\":\"WebSite\",\"@id\":\"https:\\\/\\\/heationab.com\\\/#website\",\"url\":\"https:\\\/\\\/heationab.com\\\/\",\"name\":\"Heation\",\"description\":\"We create your solution\",\"publisher\":{\"@id\":\"https:\\\/\\\/heationab.com\\\/#organization\"},\"potentialAction\":[{\"@type\":\"SearchAction\",\"target\":{\"@type\":\"EntryPoint\",\"urlTemplate\":\"https:\\\/\\\/heationab.com\\\/?s={search_term_string}\"},\"query-input\":{\"@type\":\"PropertyValueSpecification\",\"valueRequired\":true,\"valueName\":\"search_term_string\"}}],\"inLanguage\":\"de\"},{\"@type\":\"Organization\",\"@id\":\"https:\\\/\\\/heationab.com\\\/#organization\",\"name\":\"Heation AB\",\"url\":\"https:\\\/\\\/heationab.com\\\/\",\"logo\":{\"@type\":\"ImageObject\",\"inLanguage\":\"de\",\"@id\":\"https:\\\/\\\/heationab.com\\\/#\\\/schema\\\/logo\\\/image\\\/\",\"url\":\"https:\\\/\\\/i0.wp.com\\\/heationab.com\\\/wp-content\\\/uploads\\\/logo-heation_vector-4A768E-blue-greyish.jpg?fit=842%2C596&ssl=1\",\"contentUrl\":\"https:\\\/\\\/i0.wp.com\\\/heationab.com\\\/wp-content\\\/uploads\\\/logo-heation_vector-4A768E-blue-greyish.jpg?fit=842%2C596&ssl=1\",\"width\":842,\"height\":596,\"caption\":\"Heation AB\"},\"image\":{\"@id\":\"https:\\\/\\\/heationab.com\\\/#\\\/schema\\\/logo\\\/image\\\/\"}}]}<\/script>\n<!-- \/ Yoast SEO plugin. -->","yoast_head_json":{"title":"Privacy Policy - Heation","robots":{"index":"index","follow":"follow","max-snippet":"max-snippet:-1","max-image-preview":"max-image-preview:large","max-video-preview":"max-video-preview:-1"},"canonical":"https:\/\/heationab.com\/de\/dolphin-filters\/privacy-policy\/","og_locale":"de_DE","og_type":"article","og_title":"Privacy Policy - Heation","og_url":"https:\/\/heationab.com\/de\/dolphin-filters\/privacy-policy\/","og_site_name":"Heation","article_modified_time":"2021-10-30T14:37:25+00:00","twitter_card":"summary_large_image","twitter_misc":{"Gesch\u00e4tzte Lesezeit":"3\u00a0Minuten"},"schema":{"@context":"https:\/\/schema.org","@graph":[{"@type":"WebPage","@id":"https:\/\/heationab.com\/dolphin-filters\/privacy-policy\/","url":"https:\/\/heationab.com\/dolphin-filters\/privacy-policy\/","name":"Privacy Policy - Heation","isPartOf":{"@id":"https:\/\/heationab.com\/#website"},"datePublished":"2021-10-30T12:28:48+00:00","dateModified":"2021-10-30T14:37:25+00:00","breadcrumb":{"@id":"https:\/\/heationab.com\/dolphin-filters\/privacy-policy\/#breadcrumb"},"inLanguage":"de","potentialAction":[{"@type":"ReadAction","target":["https:\/\/heationab.com\/dolphin-filters\/privacy-policy\/"]}]},{"@type":"BreadcrumbList","@id":"https:\/\/heationab.com\/dolphin-filters\/privacy-policy\/#breadcrumb","itemListElement":[{"@type":"ListItem","position":1,"name":"Home","item":"https:\/\/heationab.com\/"},{"@type":"ListItem","position":2,"name":"About us","item":"https:\/\/heationab.com\/dolphin-filters\/"},{"@type":"ListItem","position":3,"name":"Privacy Policy"}]},{"@type":"WebSite","@id":"https:\/\/heationab.com\/#website","url":"https:\/\/heationab.com\/","name":"Heation","description":"We create your solution","publisher":{"@id":"https:\/\/heationab.com\/#organization"},"potentialAction":[{"@type":"SearchAction","target":{"@type":"EntryPoint","urlTemplate":"https:\/\/heationab.com\/?s={search_term_string}"},"query-input":{"@type":"PropertyValueSpecification","valueRequired":true,"valueName":"search_term_string"}}],"inLanguage":"de"},{"@type":"Organization","@id":"https:\/\/heationab.com\/#organization","name":"Heation AB","url":"https:\/\/heationab.com\/","logo":{"@type":"ImageObject","inLanguage":"de","@id":"https:\/\/heationab.com\/#\/schema\/logo\/image\/","url":"https:\/\/i0.wp.com\/heationab.com\/wp-content\/uploads\/logo-heation_vector-4A768E-blue-greyish.jpg?fit=842%2C596&ssl=1","contentUrl":"https:\/\/i0.wp.com\/heationab.com\/wp-content\/uploads\/logo-heation_vector-4A768E-blue-greyish.jpg?fit=842%2C596&ssl=1","width":842,"height":596,"caption":"Heation AB"},"image":{"@id":"https:\/\/heationab.com\/#\/schema\/logo\/image\/"}}]}},"jetpack_sharing_enabled":true,"_links":{"self":[{"href":"https:\/\/heationab.com\/de\/wp-json\/wp\/v2\/pages\/1231","targetHints":{"allow":["GET"]}}],"collection":[{"href":"https:\/\/heationab.com\/de\/wp-json\/wp\/v2\/pages"}],"about":[{"href":"https:\/\/heationab.com\/de\/wp-json\/wp\/v2\/types\/page"}],"author":[{"embeddable":true,"href":"https:\/\/heationab.com\/de\/wp-json\/wp\/v2\/users\/1"}],"replies":[{"embeddable":true,"href":"https:\/\/heationab.com\/de\/wp-json\/wp\/v2\/comments?post=1231"}],"version-history":[{"count":4,"href":"https:\/\/heationab.com\/de\/wp-json\/wp\/v2\/pages\/1231\/revisions"}],"predecessor-version":[{"id":1237,"href":"https:\/\/heationab.com\/de\/wp-json\/wp\/v2\/pages\/1231\/revisions\/1237"}],"up":[{"embeddable":true,"href":"https:\/\/heationab.com\/de\/wp-json\/wp\/v2\/pages\/548"}],"wp:attachment":[{"href":"https:\/\/heationab.com\/de\/wp-json\/wp\/v2\/media?parent=1231"}],"wp:term":[{"taxonomy":"category","embeddable":true,"href":"https:\/\/heationab.com\/de\/wp-json\/wp\/v2\/categories?post=1231"},{"taxonomy":"post_tag","embeddable":true,"href":"https:\/\/heationab.com\/de\/wp-json\/wp\/v2\/tags?post=1231"}],"curies":[{"name":"wp","href":"https:\/\/api.w.org\/{rel}","templated":true}]}}